{"id":4214,"date":"2025-08-04T06:22:54","date_gmt":"2025-08-04T06:22:54","guid":{"rendered":"https:\/\/betainvest.ee\/almacenamiento-seguro\/"},"modified":"2025-08-28T14:46:14","modified_gmt":"2025-08-28T14:46:14","slug":"almacenamiento-seguro","status":"publish","type":"page","link":"https:\/\/betainvest.ee\/es\/almacenamiento-seguro\/","title":{"rendered":"Almacenamiento seguro"},"content":{"rendered":"\t\t<div data-elementor-type=\"wp-page\" data-elementor-id=\"4214\" class=\"elementor elementor-4214\" data-elementor-post-type=\"page\">\n\t\t\t\t<div class=\"elementor-element elementor-element-725acde e-flex e-con-boxed e-con e-parent\" data-id=\"725acde\" data-element_type=\"container\" data-e-type=\"container\">\n\t\t\t\t\t<div class=\"e-con-inner\">\n\t\t\t\t<div class=\"elementor-element elementor-element-54c8d5c elementor-widget elementor-widget-text-editor\" data-id=\"54c8d5c\" data-element_type=\"widget\" data-e-type=\"widget\" data-widget_type=\"text-editor.default\">\n\t\t\t\t\t\t\t\t\t<h2><b>\u00bfPor qu\u00e9 necesitas la custodia de los bienes?<\/b><\/h2><p class=\"p3\"><span class=\"s2\"><b>Almacenamiento seguro<\/b><\/span> &#8211; es un servicio de almacenes donde la carga se guarda bajo vigilancia y control total. En este caso, la empresa depositaria (en este caso, una empresa de log\u00edstica) asume la responsabilidad de la seguridad. <\/p><p class=\"p3\">Lo que aporta al cliente:<\/p><ul><li><p class=\"p1\">\ud83d\udd12 Garant\u00eda de seguridad: la carga no se perder\u00e1 ni se estropear\u00e1;<\/p><\/li><li><p class=\"p1\">\ud83d\udce6 Comodidad: se puede almacenar desde un d\u00eda hasta varios meses;<\/p><\/li><li><p class=\"p1\">\ud83d\udcb0 Ahorro: no necesitas mantener tus propios almacenes;<\/p><\/li><li><p class=\"p1\">\ud83d\udcd1 Transparencia: el cliente recibe documentos e informes sobre el almacenamiento.<\/p><\/li><\/ul>\t\t\t\t\t\t\t\t<\/div>\n\t\t\t\t\t<\/div>\n\t\t\t\t<\/div>\n\t\t<div class=\"elementor-element elementor-element-136ab83 e-flex e-con-boxed e-con e-parent\" data-id=\"136ab83\" data-element_type=\"container\" data-e-type=\"container\">\n\t\t\t\t\t<div class=\"e-con-inner\">\n\t\t\t\t<div class=\"elementor-element elementor-element-e25595e elementor-widget elementor-widget-image\" data-id=\"e25595e\" data-element_type=\"widget\" data-e-type=\"widget\" data-widget_type=\"image.default\">\n\t\t\t\t\t\t\t\t\t\t\t\t\t\t\t<img fetchpriority=\"high\" decoding=\"async\" width=\"300\" height=\"206\" src=\"https:\/\/betainvest.ee\/wp-content\/uploads\/2025\/08\/istockphoto-1325350394-612x612-1-300x206.jpg\" class=\"attachment-medium size-medium wp-image-4215\" alt=\"\" srcset=\"https:\/\/betainvest.ee\/wp-content\/uploads\/2025\/08\/istockphoto-1325350394-612x612-1-300x206.jpg 300w, https:\/\/betainvest.ee\/wp-content\/uploads\/2025\/08\/istockphoto-1325350394-612x612-1.jpg 612w\" sizes=\"(max-width: 300px) 100vw, 300px\" \/>\t\t\t\t\t\t\t\t\t\t\t\t\t\t\t<\/div>\n\t\t\t\t\t<\/div>\n\t\t\t\t<\/div>\n\t\t<div class=\"elementor-element elementor-element-0844ff6 e-flex e-con-boxed e-con e-parent\" data-id=\"0844ff6\" data-element_type=\"container\" data-e-type=\"container\">\n\t\t\t\t\t<div class=\"e-con-inner\">\n\t\t\t\t<div class=\"elementor-element elementor-element-52fa803 elementor-widget elementor-widget-text-editor\" data-id=\"52fa803\" data-element_type=\"widget\" data-e-type=\"widget\" data-widget_type=\"text-editor.default\">\n\t\t\t\t\t\t\t\t\t<h1><b>\ud83d\udce6 Almacenamiento responsable de mercanc\u00edas con Betainvest<\/b><\/h1><p class=\"p3\">El transporte de mercanc\u00edas moderno no puede imaginarse sin un almacenamiento fiable. A veces hay que almacenar la carga durante unos d\u00edas antes del despacho de aduanas, y otras veces durante semanas o meses antes de enviarla al destinatario final. Por eso existe el servicio <span class=\"s2\"><b>custodia<\/b><\/span>.  <\/p><p class=\"p3\">Empresa <span class=\"s2\"><b>Betainvest<\/b><\/span> ayuda a los clientes no s\u00f3lo a transportar, sino tambi\u00e9n a almacenar sus mercanc\u00edas en almacenes profesionales. Seleccionamos los almacenes adecuados, organizamos el almacenamiento y nos ocupamos de todas las cuestiones de seguridad y gesti\u00f3n de documentos. <\/p><hr><h2><b>\u00bfPor qu\u00e9 necesitas la custodia?<\/b><\/h2><ul><li><p class=\"p1\"><span class=\"s1\">\ud83d\udd12 <\/span><b>Conservaci\u00f3n y protecci\u00f3n<\/b><\/p><p class=\"p2\">La carga est\u00e1 asegurada. La empresa de almacenamiento es responsable de su seguridad.<\/p><\/li><li><p class=\"p1\"><span class=\"s1\">\ud83d\udce6 <\/span><b>Flexibilidad de horarios<\/b><\/p><p class=\"p2\">La carga puede almacenarse desde un d\u00eda hasta varios meses. Esto es conveniente cuando se esperan documentos, se coordinan rutas o se planifica el transporte posterior. <\/p><\/li><li><p class=\"p1\"><span class=\"s1\">\ud83d\udcb0 <\/span><b>Ahorro<\/b><\/p><p class=\"p2\">El cliente no necesita mantener su propio almac\u00e9n: nosotros le proporcionamos una infraestructura ya preparada.<\/p><\/li><li><p class=\"p1\"><span class=\"s1\">\ud83d\udcd1 <\/span><b>Transparencia<\/b><\/p><p class=\"p2\">Todas las operaciones quedan documentadas, el cliente recibe certificados e informes, lo que simplifica la contabilidad y la fiscalidad.<\/p><\/li><\/ul><hr><h2><b>C\u00f3mo funciona Betainvest<\/b><\/h2><ol start=\"1\"><li><p class=\"p1\">\ud83d\udd0d <span class=\"s1\"><b>Selecci\u00f3n de almacenes<\/b><\/span> &#8211; Encuentra el adecuado para tu regi\u00f3n, tu carga y tu tiempo de almacenamiento.<\/p><\/li><li><p class=\"p1\">\ud83d\udcd1 <span class=\"s1\"><b>Redactamos documentos<\/b><\/span> &#8211; Celebramos contratos, proporcionamos un paquete completo de documentos de cierre.<\/p><\/li><li><p class=\"p1\">\ud83d\ude9b <span class=\"s1\"><b>Organizamos el transporte y la colocaci\u00f3n<\/b><\/span> &#8211; Entregamos la mercanc\u00eda en el almac\u00e9n y garantizamos un almacenamiento adecuado.<\/p><\/li><li><p class=\"p1\">\u2705 <span class=\"s1\"><b>Somos responsables<\/b><\/span> &#8211; El cliente puede estar seguro de la seguridad de la mercanc\u00eda.<\/p><\/li><\/ol>\t\t\t\t\t\t\t\t<\/div>\n\t\t\t\t<div class=\"elementor-element elementor-element-4039dd9 elementor-widget elementor-widget-spacer\" data-id=\"4039dd9\" data-element_type=\"widget\" data-e-type=\"widget\" data-widget_type=\"spacer.default\">\n\t\t\t\t\t\t\t<div class=\"elementor-spacer\">\n\t\t\t<div class=\"elementor-spacer-inner\"><\/div>\n\t\t<\/div>\n\t\t\t\t\t\t<\/div>\n\t\t\t\t\t<\/div>\n\t\t\t\t<\/div>\n\t\t<div class=\"elementor-element elementor-element-d0f5acd e-flex e-con-boxed e-con e-parent\" data-id=\"d0f5acd\" data-element_type=\"container\" data-e-type=\"container\">\n\t\t\t\t\t<div class=\"e-con-inner\">\n\t\t\t\t<div class=\"elementor-element elementor-element-890f58e elementor-widget-divider--view-line elementor-widget elementor-widget-divider\" data-id=\"890f58e\" data-element_type=\"widget\" data-e-type=\"widget\" data-widget_type=\"divider.default\">\n\t\t\t\t\t\t\t<div class=\"elementor-divider\">\n\t\t\t<span class=\"elementor-divider-separator\">\n\t\t\t\t\t\t<\/span>\n\t\t<\/div>\n\t\t\t\t\t\t<\/div>\n\t\t\t\t\t<\/div>\n\t\t\t\t<\/div>\n\t\t\t\t<\/div>\n\t\t","protected":false},"excerpt":{"rendered":"<p>\u00bfPor qu\u00e9 necesitas la custodia de los bienes? Almacenamiento seguro &#8211; es un servicio de almacenes donde la carga se guarda bajo vigilancia y control total. En este caso, la empresa depositaria (en este caso, una empresa de log\u00edstica) asume la responsabilidad de la seguridad. Lo que aporta al cliente: \ud83d\udd12 Garant\u00eda de seguridad: la [&hellip;]<\/p>\n","protected":false},"author":1,"featured_media":0,"parent":0,"menu_order":0,"comment_status":"closed","ping_status":"closed","template":"","meta":{"footnotes":""},"class_list":["post-4214","page","type-page","status-publish","hentry"],"_links":{"self":[{"href":"https:\/\/betainvest.ee\/es\/wp-json\/wp\/v2\/pages\/4214","targetHints":{"allow":["GET"]}}],"collection":[{"href":"https:\/\/betainvest.ee\/es\/wp-json\/wp\/v2\/pages"}],"about":[{"href":"https:\/\/betainvest.ee\/es\/wp-json\/wp\/v2\/types\/page"}],"author":[{"embeddable":true,"href":"https:\/\/betainvest.ee\/es\/wp-json\/wp\/v2\/users\/1"}],"replies":[{"embeddable":true,"href":"https:\/\/betainvest.ee\/es\/wp-json\/wp\/v2\/comments?post=4214"}],"version-history":[{"count":1,"href":"https:\/\/betainvest.ee\/es\/wp-json\/wp\/v2\/pages\/4214\/revisions"}],"predecessor-version":[{"id":4216,"href":"https:\/\/betainvest.ee\/es\/wp-json\/wp\/v2\/pages\/4214\/revisions\/4216"}],"wp:attachment":[{"href":"https:\/\/betainvest.ee\/es\/wp-json\/wp\/v2\/media?parent=4214"}],"curies":[{"name":"wp","href":"https:\/\/api.w.org\/{rel}","templated":true}]}}