{"id":3596,"date":"2025-08-04T06:22:53","date_gmt":"2025-08-04T06:22:53","guid":{"rendered":"https:\/\/betainvest.ee\/%d8%a7%d8%ae%d8%a8%d8%a7%d8%b1-%d9%88%d8%a8%d9%84%d8%a7%da%af\/"},"modified":"2025-08-26T13:11:16","modified_gmt":"2025-08-26T13:11:16","slug":"%d8%a7%d8%ae%d8%a8%d8%a7%d8%b1-%d9%88%d8%a8%d9%84%d8%a7%da%af","status":"publish","type":"page","link":"https:\/\/betainvest.ee\/fa\/%d8%a7%d8%ae%d8%a8%d8%a7%d8%b1-%d9%88%d8%a8%d9%84%d8%a7%da%af\/","title":{"rendered":"\u0627\u062e\u0628\u0627\u0631\/\u0648\u0628\u0644\u0627\u06af"},"content":{"rendered":"\n<p><br\/><br\/>\u0627\u062e\u0628\u0627\u0631 \u0634\u0631\u06a9\u062a<br\/><\/p>\n\n<div class=\"wp-block-group alignfull is-layout-constrained wp-container-core-group-is-layout-23b1a4dc wp-block-group-is-layout-constrained\" style=\"padding-top:var(--wp--preset--spacing--30);padding-right:var(--wp--preset--spacing--30);padding-bottom:var(--wp--preset--spacing--30);padding-left:var(--wp--preset--spacing--30)\">\n<div class=\"wp-block-group alignwide is-content-justification-space-between is-layout-flex wp-container-core-group-is-layout-b2891da8 wp-block-group-is-layout-flex\">\n<div class=\"wp-block-group is-layout-flex wp-block-group-is-layout-flex\"><h1 class=\"has-link-color wp-elements-d6202aa7d337f2ce08aedc8ed261a84e wp-block-site-title\"><a href=\"https:\/\/betainvest.ee\/fa\/\" target=\"_self\" rel=\"home\">BETAINVEST<\/a><\/h1>\n\n<p class=\"wp-block-site-tagline\">Zaman\u0131n\u0131z\u0131 ve paran\u0131z\u0131 tasarruf ettiren profesyonel hizmetler<\/p><\/div>\n<\/div>\n<\/div>\n\n<div class=\"wp-block-group alignfull is-layout-constrained wp-block-group-is-layout-constrained\">\n<div class=\"wp-block-group alignfull is-content-justification-space-between is-layout-flex wp-container-core-group-is-layout-a4f0df5d wp-block-group-is-layout-flex\" style=\"padding-top:var(--wp--preset--spacing--30);padding-right:var(--wp--preset--spacing--30);padding-bottom:var(--wp--preset--spacing--30);padding-left:var(--wp--preset--spacing--30)\">\n<div class=\"wp-block-group is-layout-flex wp-container-core-group-is-layout-7a92790e wp-block-group-is-layout-flex\"><div class=\"is-default-size wp-block-site-logo\"><a href=\"https:\/\/betainvest.ee\/fa\/\" class=\"custom-logo-link\" rel=\"home\"><img fetchpriority=\"high\" decoding=\"async\" width=\"1024\" height=\"1024\" src=\"https:\/\/betainvest.ee\/wp-content\/uploads\/2025\/08\/b91462a7-6b1a-4d64-bb63-1a45c03cdfdf-1.png\" class=\"custom-logo\" alt=\"BETAINVEST\" srcset=\"https:\/\/betainvest.ee\/wp-content\/uploads\/2025\/08\/b91462a7-6b1a-4d64-bb63-1a45c03cdfdf-1.png 1024w, https:\/\/betainvest.ee\/wp-content\/uploads\/2025\/08\/b91462a7-6b1a-4d64-bb63-1a45c03cdfdf-1-300x300.png 300w, https:\/\/betainvest.ee\/wp-content\/uploads\/2025\/08\/b91462a7-6b1a-4d64-bb63-1a45c03cdfdf-1-150x150.png 150w\" sizes=\"(max-width: 1024px) 100vw, 1024px\" \/><\/a><\/div>\n\n\n<div class=\"wp-block-group is-vertical is-layout-flex wp-container-core-group-is-layout-30a70405 wp-block-group-is-layout-flex\"><h1 class=\"has-link-color wp-elements-234e57400cf5587740bb7caa261d6fc4 wp-block-site-title has-medium-font-size\"><a href=\"https:\/\/betainvest.ee\/fa\/\" target=\"_self\" rel=\"home\">BETAINVEST<\/a><\/h1><\/div>\n<\/div>\n\n\n<nav class=\"is-responsive items-justified-left wp-block-navigation is-content-justification-left is-layout-flex wp-container-core-navigation-is-layout-8eed085e wp-block-navigation-is-layout-flex\" aria-label=\"\u041d\u0430\u0432\u0438\u0433\u0430\u0446\u0438\u044f\" \n\t\t data-wp-interactive=\"core\/navigation\" data-wp-context='{\"overlayOpenedBy\":{\"click\":false,\"hover\":false,\"focus\":false},\"type\":\"overlay\",\"roleAttribute\":\"\",\"ariaLabel\":\"\\u0641\\u0647\\u0631\\u0633\\u062a\"}'><button aria-haspopup=\"dialog\" aria-label=\"\u0628\u0627\u0632 \u06a9\u0631\u062f\u0646 \u0641\u0647\u0631\u0633\u062a\" class=\"wp-block-navigation__responsive-container-open\" \n\t\t\t\tdata-wp-on--click=\"actions.openMenuOnClick\"\n\t\t\t\tdata-wp-on--keydown=\"actions.handleMenuKeydown\"\n\t\t\t><svg width=\"24\" height=\"24\" xmlns=\"http:\/\/www.w3.org\/2000\/svg\" viewBox=\"0 0 24 24\" aria-hidden=\"true\" focusable=\"false\"><path d=\"M4 7.5h16v1.5H4z\"><\/path><path d=\"M4 15h16v1.5H4z\"><\/path><\/svg><\/button>\n\t\t\t\t<div class=\"wp-block-navigation__responsive-container\"  id=\"modal-1\" \n\t\t\t\tdata-wp-class--has-modal-open=\"state.isMenuOpen\"\n\t\t\t\tdata-wp-class--is-menu-open=\"state.isMenuOpen\"\n\t\t\t\tdata-wp-watch=\"callbacks.initMenu\"\n\t\t\t\tdata-wp-on--keydown=\"actions.handleMenuKeydown\"\n\t\t\t\tdata-wp-on--focusout=\"actions.handleMenuFocusout\"\n\t\t\t\ttabindex=\"-1\"\n\t\t\t>\n\t\t\t\t\t<div class=\"wp-block-navigation__responsive-close\" tabindex=\"-1\">\n\t\t\t\t\t\t<div class=\"wp-block-navigation__responsive-dialog\" \n\t\t\t\tdata-wp-bind--aria-modal=\"state.ariaModal\"\n\t\t\t\tdata-wp-bind--aria-label=\"state.ariaLabel\"\n\t\t\t\tdata-wp-bind--role=\"state.roleAttribute\"\n\t\t\t>\n\t\t\t\t\t\t\t<button aria-label=\"\u0628\u0633\u062a\u0646 \u0641\u0647\u0631\u0633\u062a\" class=\"wp-block-navigation__responsive-container-close\" \n\t\t\t\tdata-wp-on--click=\"actions.closeMenuOnClick\"\n\t\t\t><svg xmlns=\"http:\/\/www.w3.org\/2000\/svg\" viewBox=\"0 0 24 24\" width=\"24\" height=\"24\" aria-hidden=\"true\" focusable=\"false\"><path d=\"m13.06 12 6.47-6.47-1.06-1.06L12 10.94 5.53 4.47 4.47 5.53 10.94 12l-6.47 6.47 1.06 1.06L12 13.06l6.47 6.47 1.06-1.06L13.06 12Z\"><\/path><\/svg><\/button>\n\t\t\t\t\t\t\t<div class=\"wp-block-navigation__responsive-container-content\" \n\t\t\t\tdata-wp-watch=\"callbacks.focusFirstElement\"\n\t\t\t id=\"modal-1-content\">\n\t\t\t\t\t\t\t\t<ul class=\"wp-block-navigation__container is-responsive items-justified-left wp-block-navigation\"><ul class=\"wp-block-page-list\"><li class=\"wp-block-pages-list__item wp-block-navigation-item open-on-hover-click\"><a class=\"wp-block-pages-list__item__link wp-block-navigation-item__content\" href=\"https:\/\/betainvest.ee\/fa\/%d9%84%d8%ac%d8%b3%d8%aa%db%8c%da%a9-%d9%88-%d8%ad%d9%85%d9%84-%d9%88-%d9%86%d9%82%d9%84\/\">\u2022 \u0644\u062c\u0633\u062a\u06cc\u06a9 \u0648 \u062d\u0645\u0644 \u0648 \u0646\u0642\u0644<\/a><\/li><li class=\"wp-block-pages-list__item wp-block-navigation-item open-on-hover-click\"><a class=\"wp-block-pages-list__item__link wp-block-navigation-item__content\" href=\"https:\/\/betainvest.ee\/fa\/%d8%a7%d8%ae%d8%a8%d8%a7%d8%b1-%d9%85%d8%b7%d8%a8%d9%88%d8%b9%d8%a7%d8%aa\/\">\u0627\u062e\u0628\u0627\u0631 \/ \u0645\u0637\u0628\u0648\u0639\u0627\u062a<\/a><\/li><li class=\"wp-block-pages-list__item wp-block-navigation-item open-on-hover-click\"><a class=\"wp-block-pages-list__item__link wp-block-navigation-item__content\" href=\"https:\/\/betainvest.ee\/fa\/%d8%a7%d8%ae%d8%a8%d8%a7%d8%b1-%d9%82%d8%a7%d9%86%d9%88%d9%86%da%af%d8%b0%d8%a7%d8%b1%db%8c-eaeu-eu\/\">\u0627\u062e\u0628\u0627\u0631 \u0642\u0627\u0646\u0648\u0646\u06af\u0630\u0627\u0631\u06cc (EAEU\/EU)<\/a><\/li><li class=\"wp-block-pages-list__item wp-block-navigation-item open-on-hover-click\"><a class=\"wp-block-pages-list__item__link wp-block-navigation-item__content\" href=\"https:\/\/betainvest.ee\/fa\/%d8%a7%d8%ae%d8%a8%d8%a7%d8%b1-%d9%88%d8%a8%d9%84%d8%a7%da%af\/\">\u0627\u062e\u0628\u0627\u0631\/\u0648\u0628\u0644\u0627\u06af<\/a><\/li><li class=\"wp-block-pages-list__item wp-block-navigation-item open-on-hover-click\"><a class=\"wp-block-pages-list__item__link wp-block-navigation-item__content\" href=\"https:\/\/betainvest.ee\/fa\/%d8%a7%d8%b3%d9%86%d8%a7%d8%af\/\">\u0627\u0633\u0646\u0627\u062f<\/a><\/li><li class=\"wp-block-pages-list__item wp-block-navigation-item open-on-hover-click\"><a class=\"wp-block-pages-list__item__link wp-block-navigation-item__content\" href=\"https:\/\/betainvest.ee\/fa\/%d8%a7%d8%b7%d9%84%d8%a7%d8%b9%d8%a7%d8%aa-%d8%a7%d9%88%d9%84%db%8c%d9%87-%d8%a7%d9%84%da%a9%d8%aa%d8%b1%d9%88%d9%86%db%8c%da%a9%db%8c-%d8%a8%d9%84%d8%a7%d8%b1%d9%88%d8%b3\/\">\u0627\u0637\u0644\u0627\u0639\u0627\u062a \u0627\u0648\u0644\u06cc\u0647 \u0627\u0644\u06a9\u062a\u0631\u0648\u0646\u06cc\u06a9\u06cc &#8211; \u0628\u0644\u0627\u0631\u0648\u0633<\/a><\/li><li class=\"wp-block-pages-list__item wp-block-navigation-item open-on-hover-click\"><a class=\"wp-block-pages-list__item__link wp-block-navigation-item__content\" href=\"https:\/\/betainvest.ee\/fa\/%d8%a7%d8%b7%d9%84%d8%a7%d8%b9%d8%a7%d8%aa-%d8%a7%d9%88%d9%84%db%8c%d9%87-%d8%a7%d9%84%da%a9%d8%aa%d8%b1%d9%88%d9%86%db%8c%da%a9%db%8c-%d8%b1%d9%88%d8%b3%db%8c%d9%87\/\">\u0627\u0637\u0644\u0627\u0639\u0627\u062a \u0627\u0648\u0644\u06cc\u0647 \u0627\u0644\u06a9\u062a\u0631\u0648\u0646\u06cc\u06a9\u06cc &#8211; \u0631\u0648\u0633\u06cc\u0647<\/a><\/li><li class=\"wp-block-pages-list__item wp-block-navigation-item open-on-hover-click\"><a class=\"wp-block-pages-list__item__link wp-block-navigation-item__content\" href=\"https:\/\/betainvest.ee\/fa\/%d8%a7%d8%b8%d9%87%d8%a7%d8%b1%d9%86%d8%a7%d9%85%d9%87-%d8%a7%d9%84%da%a9%d8%aa%d8%b1%d9%88%d9%86%db%8c%da%a9%db%8c-%d8%aa%d8%b1%d8%a7%d9%86%d8%b2%db%8c%d8%aa-%d8%a8%d9%84%d8%a7%d8%b1%d9%88%d8%b3\/\">\u0627\u0638\u0647\u0627\u0631\u0646\u0627\u0645\u0647 \u0627\u0644\u06a9\u062a\u0631\u0648\u0646\u06cc\u06a9\u06cc \u062a\u0631\u0627\u0646\u0632\u06cc\u062a &#8211; \u0628\u0644\u0627\u0631\u0648\u0633<\/a><\/li><li class=\"wp-block-pages-list__item wp-block-navigation-item open-on-hover-click\"><a class=\"wp-block-pages-list__item__link wp-block-navigation-item__content\" href=\"https:\/\/betainvest.ee\/fa\/%d8%a7%d8%b8%d9%87%d8%a7%d8%b1%d9%86%d8%a7%d9%85%d9%87-%d8%a7%d9%84%da%a9%d8%aa%d8%b1%d9%88%d9%86%db%8c%da%a9%db%8c-%d8%aa%d8%b1%d8%a7%d9%86%d8%b2%db%8c%d8%aa-%d8%b1%d9%88%d8%b3%db%8c%d9%87\/\">\u0627\u0638\u0647\u0627\u0631\u0646\u0627\u0645\u0647 \u0627\u0644\u06a9\u062a\u0631\u0648\u0646\u06cc\u06a9\u06cc \u062a\u0631\u0627\u0646\u0632\u06cc\u062a &#8211; \u0631\u0648\u0633\u06cc\u0647<\/a><\/li><li class=\"wp-block-pages-list__item wp-block-navigation-item open-on-hover-click\"><a class=\"wp-block-pages-list__item__link wp-block-navigation-item__content\" href=\"https:\/\/betainvest.ee\/fa\/%d8%a7%d8%b8%d9%87%d8%a7%d8%b1%d9%86%d8%a7%d9%85%d9%87-%d8%aa%d8%b1%d8%a7%d9%86%d8%b2%db%8c%d8%aa-%d8%a7%d8%b1%d9%88%d9%be%d8%a7%db%8c%db%8c-t1\/\">\u0627\u0638\u0647\u0627\u0631\u0646\u0627\u0645\u0647 \u062a\u0631\u0627\u0646\u0632\u06cc\u062a \u0627\u0631\u0648\u067e\u0627\u06cc\u06cc (T1)<\/a><\/li><li class=\"wp-block-pages-list__item wp-block-navigation-item open-on-hover-click\"><a class=\"wp-block-pages-list__item__link wp-block-navigation-item__content\" href=\"https:\/\/betainvest.ee\/fa\/%d8%a7%d9%85%d9%86%db%8c%d8%aa-%d8%a8%d8%a7%d8%b1-%d9%85%d8%ac%d8%a7%d8%b2\/\">\u0627\u0645\u0646\u06cc\u062a \u0628\u0627\u0631 \u0645\u062c\u0627\u0632<\/a><\/li><li class=\"wp-block-pages-list__item wp-block-navigation-item open-on-hover-click\"><a class=\"wp-block-pages-list__item__link wp-block-navigation-item__content\" href=\"https:\/\/betainvest.ee\/fa\/%d8%a7%d9%86%d8%a8%d8%a7%d8%b1%d9%87%d8%a7%db%8c-%d8%b0%d8%ae%db%8c%d8%b1%d9%87-%d9%85%d9%88%d9%82%d8%aa\/\">\u0627\u0646\u0628\u0627\u0631\u0647\u0627\u06cc \u0630\u062e\u06cc\u0631\u0647 \u0645\u0648\u0642\u062a<\/a><\/li><li class=\"wp-block-pages-list__item wp-block-navigation-item open-on-hover-click\"><a class=\"wp-block-pages-list__item__link wp-block-navigation-item__content\" href=\"https:\/\/betainvest.ee\/fa\/%d9%be%d8%b1%d8%af%d8%a7%d8%ae%d8%aa-%d8%b9%d9%88%d8%a7%d8%b1%d8%b6-%d8%ac%d8%a7%d8%af%d9%87%d8%a7%db%8c-%d9%be%d9%84%d8%a7%d8%aa%d9%88%d9%86%d8%8c-%d8%b1%d9%88%d8%b3%db%8c%d9%87\/\">\u067e\u0631\u062f\u0627\u062e\u062a \u0639\u0648\u0627\u0631\u0636 \u062c\u0627\u062f\u0647\u200c\u0627\u06cc &#8211; \u067e\u0644\u0627\u062a\u0648\u0646\u060c \u0631\u0648\u0633\u06cc\u0647<\/a><\/li><li class=\"wp-block-pages-list__item wp-block-navigation-item open-on-hover-click\"><a class=\"wp-block-pages-list__item__link wp-block-navigation-item__content\" href=\"https:\/\/betainvest.ee\/fa\/%d9%be%d8%b1%d9%88%da%98%d9%87%d9%87%d8%a7%db%8c-%d9%85%d9%87%d9%86%d8%af%d8%b3%db%8c-%d8%b3%d8%b1%d9%85%d8%a7%db%8c%d9%87%da%af%d8%b0%d8%a7%d8%b1%db%8c%d9%87%d8%a7\/\">\u067e\u0631\u0648\u0698\u0647\u200c\u0647\u0627\u06cc \u0645\u0647\u0646\u062f\u0633\u06cc\/ \u0633\u0631\u0645\u0627\u06cc\u0647\u200c\u06af\u0630\u0627\u0631\u06cc\u200c\u0647\u0627<\/a><\/li><li class=\"wp-block-pages-list__item wp-block-navigation-item open-on-hover-click\"><a class=\"wp-block-pages-list__item__link wp-block-navigation-item__content\" href=\"https:\/\/betainvest.ee\/fa\/%d8%aa%d8%ac%d8%a7%d8%b1%d8%aa-%d8%ae%d8%a7%d8%b1%d8%ac%db%8c-%d9%be%d8%b1%d9%88%da%98%d9%87%d9%87%d8%a7\/\">\u062a\u062c\u0627\u0631\u062a \u062e\u0627\u0631\u062c\u06cc\/ \u067e\u0631\u0648\u0698\u0647\u200c\u0647\u0627<\/a><\/li><li class=\"wp-block-pages-list__item wp-block-navigation-item open-on-hover-click\"><a class=\"wp-block-pages-list__item__link wp-block-navigation-item__content\" href=\"https:\/\/betainvest.ee\/fa\/%d8%aa%d9%81%da%a9%db%8c%da%a9-%d8%a8%d8%b1-%d8%a7%d8%b3%d8%a7%d8%b3-%da%a9%d8%af%d9%87%d8%a7\/\">\u062a\u0641\u06a9\u06cc\u06a9 \u0628\u0631 \u0627\u0633\u0627\u0633 \u06a9\u062f\u0647\u0627<\/a><\/li><li class=\"wp-block-pages-list__item wp-block-navigation-item open-on-hover-click\"><a class=\"wp-block-pages-list__item__link wp-block-navigation-item__content\" href=\"https:\/\/betainvest.ee\/fa\/%d8%aa%d9%88%d8%a7%d9%81%d9%82%d9%86%d8%a7%d9%85%d9%87%d9%87%d8%a7-%d9%88-%d8%b4%d8%b1%d8%a7%db%8c%d8%b7\/\">\u062a\u0648\u0627\u0641\u0642\u200c\u0646\u0627\u0645\u0647\u200c\u0647\u0627 \u0648 \u0634\u0631\u0627\u06cc\u0637<\/a><\/li><li class=\"wp-block-pages-list__item wp-block-navigation-item open-on-hover-click\"><a class=\"wp-block-pages-list__item__link wp-block-navigation-item__content\" href=\"https:\/\/betainvest.ee\/fa\/%d8%ae%d8%af%d9%85%d8%a7%d8%aa\/\">\u062e\u062f\u0645\u0627\u062a<\/a><\/li><li class=\"wp-block-pages-list__item wp-block-navigation-item open-on-hover-click\"><a class=\"wp-block-pages-list__item__link wp-block-navigation-item__content\" href=\"https:\/\/betainvest.ee\/fa\/%d8%ae%d8%af%d9%85%d8%a7%d8%aa-%d8%ad%d9%85%d9%84-%d9%88-%d9%86%d9%82%d9%84-%d8%a7%d8%b2-%d8%b1%d9%88%d8%b3%db%8c%d9%87-%d8%a8%d9%87-%d8%aa%d8%b1%da%a9%db%8c%d9%87\/\">\u062e\u062f\u0645\u0627\u062a \u062d\u0645\u0644 \u0648 \u0646\u0642\u0644 \u0627\u0632 \u0631\u0648\u0633\u06cc\u0647 \u0628\u0647 \u062a\u0631\u06a9\u06cc\u0647<\/a><\/li><li class=\"wp-block-pages-list__item wp-block-navigation-item open-on-hover-click\"><a class=\"wp-block-pages-list__item__link wp-block-navigation-item__content\" href=\"https:\/\/betainvest.ee\/fa\/%d8%ae%d8%af%d9%85%d8%a7%d8%aa-%d8%b1%d8%b3%d8%a7%d9%86%db%8c-%d8%a8%d9%87-%d8%b1%d8%a7%d9%86%d9%86%d8%af%da%af%d8%a7%d9%86-%d8%af%d8%b1-%d8%b7%d9%88%d9%84-%d9%85%d8%b3%db%8c%d8%b1\/\">\u062e\u062f\u0645\u0627\u062a \u0631\u0633\u0627\u0646\u06cc \u0628\u0647 \u0631\u0627\u0646\u0646\u062f\u06af\u0627\u0646 \u062f\u0631 \u0637\u0648\u0644 \u0645\u0633\u06cc\u0631<\/a><\/li><li class=\"wp-block-pages-list__item wp-block-navigation-item open-on-hover-click\"><a class=\"wp-block-pages-list__item__link wp-block-navigation-item__content\" href=\"https:\/\/betainvest.ee\/fa\/%d8%b0%d8%ae%db%8c%d8%b1%d9%87%d8%b3%d8%a7%d8%b2%db%8c-%d9%85%d8%b3%d8%a6%d9%88%d9%84%d8%a7%d9%86%d9%87\/\">\u0630\u062e\u06cc\u0631\u0647\u200c\u0633\u0627\u0632\u06cc \u0645\u0633\u0626\u0648\u0644\u0627\u0646\u0647<\/a><\/li><li class=\"wp-block-pages-list__item wp-block-navigation-item open-on-hover-click\"><a class=\"wp-block-pages-list__item__link wp-block-navigation-item__content\" href=\"https:\/\/betainvest.ee\/fa\/%d8%b6%d9%85%d8%a7%d9%86%d8%aa-%d8%a7%d9%85%d9%86%db%8c%d8%aa%db%8c-%da%af%d9%85%d8%b1%da%a9-%d8%a8%d9%84%d8%a7%d8%b1%d9%88%d8%b3\/\">\u0636\u0645\u0627\u0646\u062a \u0627\u0645\u0646\u06cc\u062a\u06cc \u06af\u0645\u0631\u06a9 &#8211; \u0628\u0644\u0627\u0631\u0648\u0633<\/a><\/li><li class=\"wp-block-pages-list__item wp-block-navigation-item open-on-hover-click\"><a class=\"wp-block-pages-list__item__link wp-block-navigation-item__content\" href=\"https:\/\/betainvest.ee\/fa\/%d8%b6%d9%85%d8%a7%d9%86%d8%aa-%d8%a7%d9%85%d9%86%db%8c%d8%aa%db%8c-%da%af%d9%85%d8%b1%da%a9-%d8%b1%d9%88%d8%b3%db%8c%d9%87\/\">\u0636\u0645\u0627\u0646\u062a \u0627\u0645\u0646\u06cc\u062a\u06cc \u06af\u0645\u0631\u06a9 &#8211; \u0631\u0648\u0633\u06cc\u0647<\/a><\/li><li class=\"wp-block-pages-list__item wp-block-navigation-item open-on-hover-click\"><a class=\"wp-block-pages-list__item__link wp-block-navigation-item__content\" href=\"https:\/\/betainvest.ee\/fa\/%d8%b7%d8%b1%d8%ad%d9%87%d8%a7%db%8c-%d8%ad%d9%85%d9%84-%d9%88-%d9%86%d9%82%d9%84-%d8%aa%d8%b1%da%a9%db%8c%d8%a8%db%8c-%d8%a8%d8%a7%d8%b1-%d8%ac%d8%a7%d8%af%d9%87-%d8%b1%d8%a7%d9%87\/\">\u0637\u0631\u062d\u200c\u0647\u0627\u06cc \u062d\u0645\u0644 \u0648 \u0646\u0642\u0644 \u062a\u0631\u06a9\u06cc\u0628\u06cc \u0628\u0627\u0631 (\u062c\u0627\u062f\u0647\/\u0631\u0627\u0647\u200c\u0622\u0647\u0646\/\u0647\u0648\u0627\u06cc\u06cc\/\u062f\u0631\u06cc\u0627\u06cc\u06cc)<\/a><\/li><li class=\"wp-block-pages-list__item wp-block-navigation-item open-on-hover-click\"><a class=\"wp-block-pages-list__item__link wp-block-navigation-item__content\" href=\"https:\/\/betainvest.ee\/fa\/%d9%81%d8%b1%d9%85%d9%87%d8%a7-%d9%88-%d8%a7%d9%84%da%af%d9%88%d9%87%d8%a7\/\">\u0641\u0631\u0645\u200c\u0647\u0627 \u0648 \u0627\u0644\u06af\u0648\u0647\u0627<\/a><\/li><li class=\"wp-block-pages-list__item wp-block-navigation-item open-on-hover-click\"><a class=\"wp-block-pages-list__item__link wp-block-navigation-item__content\" href=\"https:\/\/betainvest.ee\/fa\/%da%a9%d8%a7%d8%b1%d8%aa%d9%87%d8%a7%db%8c-%d8%b3%d9%88%d8%ae%d8%aa-%d8%a8%d8%b1%d8%a7%db%8c-%d8%b3%d9%88%d8%ae%d8%aa%da%af%db%8c%d8%b1%db%8c-%d8%af%d8%b1-%d8%b1%d9%88%d8%b3%db%8c\/\">\u06a9\u0627\u0631\u062a\u200c\u0647\u0627\u06cc \u0633\u0648\u062e\u062a \u0628\u0631\u0627\u06cc \u0633\u0648\u062e\u062a\u200c\u06af\u06cc\u0631\u06cc \u062f\u0631 \u0631\u0648\u0633\u06cc\u0647\u060c \u0628\u0644\u0627\u0631\u0648\u0633 \u0648 \u0622\u0630\u0631\u0628\u0627\u06cc\u062c\u0627\u0646<\/a><\/li><li class=\"wp-block-pages-list__item wp-block-navigation-item open-on-hover-click\"><a class=\"wp-block-pages-list__item__link wp-block-navigation-item__content\" href=\"https:\/\/betainvest.ee\/fa\/%da%a9%d8%a7%d8%b1%d8%aa%d9%87%d8%a7%db%8c-%d8%b3%d9%88%d8%ae%d8%aa-%d8%ae%d8%af%d9%85%d8%a7%d8%aa-%d8%ac%d8%a7%d8%af%d9%87%d8%a7%db%8c\/\">\u06a9\u0627\u0631\u062a\u200c\u0647\u0627\u06cc \u0633\u0648\u062e\u062a\/\u062e\u062f\u0645\u0627\u062a \u062c\u0627\u062f\u0647\u200c\u0627\u06cc<\/a><\/li><li class=\"wp-block-pages-list__item wp-block-navigation-item open-on-hover-click\"><a class=\"wp-block-pages-list__item__link wp-block-navigation-item__content\" href=\"https:\/\/betainvest.ee\/fa\/%da%a9%d8%a7%d9%84%d8%a7%d9%87%d8%a7%db%8c-%d8%ba%db%8c%d8%b1-%d9%85%d8%b3%d8%aa%d9%82%db%8c%d9%85\/\">\u06a9\u0627\u0644\u0627\u0647\u0627\u06cc \u063a\u06cc\u0631 \u0645\u0633\u062a\u0642\u06cc\u0645<\/a><\/li><li class=\"wp-block-pages-list__item wp-block-navigation-item open-on-hover-click\"><a class=\"wp-block-pages-list__item__link wp-block-navigation-item__content\" href=\"https:\/\/betainvest.ee\/fa\/%da%af%d9%85%d8%b1%da%a9-%d8%aa%d8%b1%d8%a7%d9%86%d8%b2%db%8c%d8%aa\/\">\u06af\u0645\u0631\u06a9\/\u062a\u0631\u0627\u0646\u0632\u06cc\u062a<\/a><\/li><li class=\"wp-block-pages-list__item wp-block-navigation-item open-on-hover-click\"><a class=\"wp-block-pages-list__item__link wp-block-navigation-item__content\" href=\"https:\/\/betainvest.ee\/fa\/%d9%85%d8%ad%d8%a7%d8%b3%d8%a8%d9%87-%d8%a7%d9%88%d9%84%db%8c%d9%87-%d8%b9%d9%88%d8%a7%d8%b1%d8%b6-%da%af%d9%85%d8%b1%da%a9%db%8c\/\">\u0645\u062d\u0627\u0633\u0628\u0647 \u0627\u0648\u0644\u06cc\u0647 \u0639\u0648\u0627\u0631\u0636 \u06af\u0645\u0631\u06a9\u06cc<\/a><\/li><li class=\"wp-block-pages-list__item wp-block-navigation-item open-on-hover-click\"><a class=\"wp-block-pages-list__item__link wp-block-navigation-item__content\" href=\"https:\/\/betainvest.ee\/fa\/%d9%85%d8%ae%d8%a7%d8%b7%d8%a8%db%8c%d9%86\/\">\u0645\u062e\u0627\u0637\u0628\u06cc\u0646<\/a><\/li><li class=\"wp-block-pages-list__item wp-block-navigation-item open-on-hover-click\"><a class=\"wp-block-pages-list__item__link wp-block-navigation-item__content\" href=\"https:\/\/betainvest.ee\/fa\/%d9%85%d8%af%d8%a7%d8%b1%da%a9-%d9%85%d9%88%d8%b1%d8%af-%d9%86%db%8c%d8%a7%d8%b2\/\">\u0645\u062f\u0627\u0631\u06a9 \u0645\u0648\u0631\u062f \u0646\u06cc\u0627\u0632<\/a><\/li><li class=\"wp-block-pages-list__item wp-block-navigation-item open-on-hover-click\"><a class=\"wp-block-pages-list__item__link wp-block-navigation-item__content\" href=\"https:\/\/betainvest.ee\/fa\/%d9%85%d9%88%d8%a7%d8%af-%d9%85%d9%81%db%8c%d8%af\/\">\u0645\u0648\u0627\u062f \u0645\u0641\u06cc\u062f<\/a><\/li><li class=\"wp-block-pages-list__item wp-block-navigation-item open-on-hover-click\"><a class=\"wp-block-pages-list__item__link wp-block-navigation-item__content\" href=\"https:\/\/betainvest.ee\/fa\/%d9%86%da%a9%d8%a7%d8%aa-%d9%88-%d8%aa%d8%b1%d9%81%d9%86%d8%af%d9%87%d8%a7\/\">\u0646\u06a9\u0627\u062a \u0648 \u062a\u0631\u0641\u0646\u062f\u0647\u0627<\/a><\/li><li class=\"wp-block-pages-list__item wp-block-navigation-item open-on-hover-click\"><a class=\"wp-block-pages-list__item__link wp-block-navigation-item__content\" href=\"https:\/\/betainvest.ee\/fa\/%d9%86%d9%85%d9%88%d9%86%d9%87%d9%87%d8%a7%db%8c-%d9%be%d8%b1-%da%a9%d8%b1%d8%af%d9%86\/\">\u0646\u0645\u0648\u0646\u0647\u200c\u0647\u0627\u06cc \u067e\u0631 \u06a9\u0631\u062f\u0646<\/a><\/li><li class=\"wp-block-pages-list__item wp-block-navigation-item open-on-hover-click\"><a class=\"wp-block-pages-list__item__link wp-block-navigation-item__content\" href=\"https:\/\/betainvest.ee\/fa\/%d9%88%d8%a8%d9%84%d8%a7%da%af\/\">\u0648\u0628\u0644\u0627\u06af<\/a><\/li><li class=\"wp-block-pages-list__item wp-block-navigation-item open-on-hover-click menu-item-home\"><a class=\"wp-block-pages-list__item__link wp-block-navigation-item__content\" href=\"https:\/\/betainvest.ee\/fa\/\">\u0635\u0641\u062d\u0647 \u0627\u0635\u0644\u06cc<\/a><\/li><\/ul><\/ul>\n\t\t\t\t\t\t\t<\/div>\n\t\t\t\t\t\t<\/div>\n\t\t\t\t\t<\/div>\n\t\t\t\t<\/div><\/nav><\/div>\n\n\n\n<div class=\"wp-block-cover alignfull is-light\" style=\"margin-top:0;min-height:40vw;aspect-ratio:unset;\"><img decoding=\"async\" class=\"wp-block-cover__image-background wp-image-61\" alt=\"\" src=\"https:\/\/img.rawpixel.com\/s3fs-private\/rawpixel_images\/website_content\/a017-eberhard-cco-the-after-rain.jpg?w=1200&amp;h=1200&amp;fit=clip&amp;crop=default&amp;dpr=1&amp;q=75&amp;vib=3&amp;con=3&amp;usm=15&amp;cs=srgb&amp;bg=F4F4F3&amp;ixlib=js-2.2.1&amp;s=e7b4ca0a0edcc84ba48c1f7ebf02dd5a\" style=\"object-position:50% 50%\" data-object-fit=\"cover\" data-object-position=\"50% 50%\"\/><span aria-hidden=\"true\" class=\"wp-block-cover__background has-black-background-color has-background-dim-0 has-background-dim\"><\/span><div class=\"wp-block-cover__inner-container is-layout-flow wp-block-cover-is-layout-flow\">\n<div style=\"height:50px\" aria-hidden=\"true\" class=\"wp-block-spacer\"><\/div>\n\n\n\n<div class=\"wp-block-group alignfull is-content-justification-center is-layout-constrained wp-block-group-is-layout-constrained\" style=\"margin-top:0;margin-bottom:0\">\n<div style=\"height:var(--wp--preset--spacing--20)\" aria-hidden=\"true\" class=\"wp-block-spacer\"><\/div>\n\n\n\n<div class=\"wp-block-group alignwide is-layout-flow wp-block-group-is-layout-flow\">\n<div class=\"wp-block-columns alignwide are-vertically-aligned-top is-layout-flex wp-container-core-columns-is-layout-5c8fb865 wp-block-columns-is-layout-flex\">\n<div class=\"wp-block-column is-vertically-aligned-top is-content-justification-left is-layout-constrained wp-container-core-column-is-layout-95996b15 wp-block-column-is-layout-constrained\">\n<h2 class=\"wp-block-heading\">\u0642\u0644\u0645\u0631\u0648\u06cc\u06cc \u0627\u0632 \u0641\u0631\u0635\u062a\u200c\u0647\u0627 \u0631\u0627 \u06a9\u0634\u0641 \u06a9\u0646\u06cc\u062f.<\/h2>\n<\/div>\n\n\n\n<div class=\"wp-block-column is-vertically-aligned-top is-layout-flow wp-block-column-is-layout-flow\" style=\"flex-basis:40%\">\n<p>\u0628\u0627 \u06a9\u0627\u0648\u0634 \u062f\u0631 \u0628\u0627\u0641\u062a \u067e\u06cc\u0686\u06cc\u062f\u0647\u200c\u06cc \u0632\u0646\u062f\u06af\u06cc\u060c \u06af\u0632\u06cc\u0646\u0647\u200c\u0647\u0627 \u0645\u0633\u06cc\u0631\u0647\u0627\u06cc\u06cc \u0631\u0627 \u0628\u0647 \u0633\u0648\u06cc \u0645\u0648\u0627\u0631\u062f \u0627\u0633\u062a\u062b\u0646\u0627\u06cc\u06cc \u0622\u0634\u06a9\u0627\u0631 \u0645\u06cc\u200c\u06a9\u0646\u0646\u062f \u06a9\u0647 \u0645\u0633\u062a\u0644\u0632\u0645 \u0646\u0648\u0622\u0648\u0631\u06cc\u060c \u06a9\u0646\u062c\u06a9\u0627\u0648\u06cc \u0648 \u0634\u062c\u0627\u0639\u062a \u0628\u0631\u0627\u06cc \u06cc\u06a9 \u0633\u0641\u0631 \u0639\u0645\u06cc\u0642\u0627\u064b \u0631\u0636\u0627\u06cc\u062a\u200c\u0628\u062e\u0634 \u0627\u0633\u062a.<\/p>\n\n\n\n<div class=\"wp-block-buttons is-layout-flex wp-block-buttons-is-layout-flex\">\n<div class=\"wp-block-button\"><a class=\"wp-block-button__link wp-element-button\">\u0634\u0631\u0648\u0639 \u06a9\u0646\u06cc\u062f<\/a><\/div>\n<\/div>\n<\/div>\n<\/div>\n\n\n\n<div style=\"height:var(--wp--preset--spacing--20)\" aria-hidden=\"true\" class=\"wp-block-spacer\"><\/div>\n\n\n\n<div class=\"wp-block-columns is-layout-flex wp-container-core-columns-is-layout-28f84493 wp-block-columns-is-layout-flex\">\n<div class=\"wp-block-column is-layout-flow wp-block-column-is-layout-flow\" style=\"flex-basis:100%\">\n<figure class=\"wp-block-image size-large\"><img decoding=\"async\" src=\"https:\/\/pd.w.org\/2023\/07\/44364b18862589f06.53436652.jpg\" alt=\"\" style=\"aspect-ratio:16\/9;object-fit:cover\"\/><\/figure>\n<\/div>\n<\/div>\n<\/div>\n\n\n\n<div style=\"height:var(--wp--preset--spacing--20)\" aria-hidden=\"true\" class=\"wp-block-spacer\"><\/div>\n<\/div>\n<\/div><\/div>\n<\/div>\n","protected":false},"excerpt":{"rendered":"<p>\u0627\u062e\u0628\u0627\u0631 \u0634\u0631\u06a9\u062a<\/p>\n","protected":false},"author":1,"featured_media":0,"parent":0,"menu_order":0,"comment_status":"closed","ping_status":"closed","template":"","meta":{"footnotes":""},"class_list":["post-3596","page","type-page","status-publish","hentry"],"_links":{"self":[{"href":"https:\/\/betainvest.ee\/fa\/wp-json\/wp\/v2\/pages\/3596","targetHints":{"allow":["GET"]}}],"collection":[{"href":"https:\/\/betainvest.ee\/fa\/wp-json\/wp\/v2\/pages"}],"about":[{"href":"https:\/\/betainvest.ee\/fa\/wp-json\/wp\/v2\/types\/page"}],"author":[{"embeddable":true,"href":"https:\/\/betainvest.ee\/fa\/wp-json\/wp\/v2\/users\/1"}],"replies":[{"embeddable":true,"href":"https:\/\/betainvest.ee\/fa\/wp-json\/wp\/v2\/comments?post=3596"}],"version-history":[{"count":1,"href":"https:\/\/betainvest.ee\/fa\/wp-json\/wp\/v2\/pages\/3596\/revisions"}],"predecessor-version":[{"id":3598,"href":"https:\/\/betainvest.ee\/fa\/wp-json\/wp\/v2\/pages\/3596\/revisions\/3598"}],"wp:attachment":[{"href":"https:\/\/betainvest.ee\/fa\/wp-json\/wp\/v2\/media?parent=3596"}],"curies":[{"name":"wp","href":"https:\/\/api.w.org\/{rel}","templated":true}]}}