{"id":3889,"date":"2025-08-04T06:22:53","date_gmt":"2025-08-04T06:22:53","guid":{"rendered":"https:\/\/betainvest.ee\/%d8%aa%d9%88%d8%a7%d9%81%d9%82%d9%86%d8%a7%d9%85%d9%87%d9%87%d8%a7-%d9%88-%d8%b4%d8%b1%d8%a7%db%8c%d8%b7\/"},"modified":"2025-08-26T13:13:04","modified_gmt":"2025-08-26T13:13:04","slug":"%d8%aa%d9%88%d8%a7%d9%81%d9%82%d9%86%d8%a7%d9%85%d9%87%d9%87%d8%a7-%d9%88-%d8%b4%d8%b1%d8%a7%db%8c%d8%b7","status":"publish","type":"page","link":"https:\/\/betainvest.ee\/fa\/%d8%aa%d9%88%d8%a7%d9%81%d9%82%d9%86%d8%a7%d9%85%d9%87%d9%87%d8%a7-%d9%88-%d8%b4%d8%b1%d8%a7%db%8c%d8%b7\/","title":{"rendered":"\u062a\u0648\u0627\u0641\u0642\u200c\u0646\u0627\u0645\u0647\u200c\u0647\u0627 \u0648 \u0634\u0631\u0627\u06cc\u0637"},"content":{"rendered":"\t\t<div data-elementor-type=\"wp-page\" data-elementor-id=\"3889\" class=\"elementor elementor-3889 elementor-51\" data-elementor-post-type=\"page\">\n\t\t\t\t<div class=\"elementor-element elementor-element-e37c3f1 e-flex e-con-boxed e-con e-parent\" data-id=\"e37c3f1\" data-element_type=\"container\" data-e-type=\"container\">\n\t\t\t\t\t<div class=\"e-con-inner\">\n\t\t\t\t<div class=\"elementor-element elementor-element-8ef7977 elementor-widget elementor-widget-text-editor\" data-id=\"8ef7977\" data-element_type=\"widget\" data-e-type=\"widget\" data-widget_type=\"text-editor.default\">\n\t\t\t\t\t\t\t\t\t<h1><b>\u062a\u0648\u0627\u0641\u0642\u200c\u0646\u0627\u0645\u0647 \u0648 \u0634\u0631\u0627\u06cc\u0637 \u0627\u0633\u062a\u0641\u0627\u062f\u0647<\/b><\/h1><p class=\"p3\"><b>\u0622\u062e\u0631\u06cc\u0646 \u0628\u0647\u200c\u0631\u0648\u0632\u0631\u0633\u0627\u0646\u06cc: [\u06f2\u06f5.\u06f0\u06f8.\u06f2\u06f0\u06f2\u06f5]<\/b><\/p><p class=\"p4\">\u0628\u0647 <span class=\"s2\"><b>Betainvest.ee<\/b><\/span> \u062e\u0648\u0634 \u0622\u0645\u062f\u06cc\u062f. \u0627\u06cc\u0646 \u062a\u0648\u0627\u0641\u0642\u200c\u0646\u0627\u0645\u0647 \u0648 \u0634\u0631\u0627\u06cc\u0637\u060c \u0627\u0633\u062a\u0641\u0627\u062f\u0647 \u0627\u0632 \u0627\u06cc\u0646 \u0648\u0628\u200c\u0633\u0627\u06cc\u062a \u0648 \u062e\u062f\u0645\u0627\u062a \u0627\u0631\u0627\u0626\u0647 \u0634\u062f\u0647 \u0631\u0627 \u062a\u0639\u06cc\u06cc\u0646 \u0645\u06cc\u200c\u06a9\u0646\u062f. \u0628\u0627 \u0627\u0633\u062a\u0641\u0627\u062f\u0647 \u0627\u0632 \u0648\u0628\u200c\u0633\u0627\u06cc\u062a\u060c \u0634\u0645\u0627 \u0645\u0648\u0627\u0641\u0642\u062a \u062e\u0648\u062f \u0631\u0627 \u0628\u0627 \u0627\u06cc\u0646 \u0634\u0631\u0627\u06cc\u0637 \u062a\u0623\u06cc\u06cc\u062f \u0645\u06cc\u200c\u06a9\u0646\u06cc\u062f.  <\/p><hr><h2><b>\u06f1. \u0645\u0642\u0631\u0631\u0627\u062a \u0639\u0645\u0648\u0645\u06cc<\/b><\/h2><p class=\"p4\">1.1. \u0645\u0627\u0644\u06a9 \u0633\u0627\u06cc\u062a <span class=\"s2\"><b>Betainvest<\/b><\/span> \u0627\u0633\u062a \u06a9\u0647 \u062f\u0631 \u0622\u062f\u0631\u0633 \u0632\u06cc\u0631 \u062b\u0628\u062a \u0634\u062f\u0647 \u0627\u0633\u062a:<\/p><p class=\"p4\">34710 \u06a9\u0627\u0641\u0631\u0627\u06af\u0627 \u0645\u0627\u0647. \u0698\u0646\u0631\u0627\u0644 \u0639\u0627\u0635\u0645 \u06af\u0648\u0646\u062f\u0648\u0632 \u06a9\u0627\u062f. Bahariye Plaza Kat No.62, DNo.5, Kad\u0131k\u00f6y, Istanbul.  <\/p><p class=\"p4\">1.2. \u0627\u06cc\u0646 \u062a\u0648\u0627\u0641\u0642\u0646\u0627\u0645\u0647\u060c \u0642\u0648\u0627\u0646\u06cc\u0646 \u0627\u0633\u062a\u0641\u0627\u062f\u0647 \u0627\u0632 \u0633\u0627\u06cc\u062a \u0648 \u062e\u062f\u0645\u0627\u062a \u0627\u0631\u0627\u0626\u0647 \u0634\u062f\u0647 \u062a\u0648\u0633\u0637 \u0634\u0631\u06a9\u062a \u0631\u0627 \u062a\u0639\u0631\u06cc\u0641 \u0645\u06cc\u200c\u06a9\u0646\u062f.<\/p><p class=\"p4\">1.3. \u0634\u0631\u0627\u06cc\u0637 \u0648 \u0636\u0648\u0627\u0628\u0637 \u0645\u0645\u06a9\u0646 \u0627\u0633\u062a \u0628\u0647 \u0635\u0648\u0631\u062a \u06cc\u06a9\u062c\u0627\u0646\u0628\u0647 \u062a\u063a\u06cc\u06cc\u0631 \u06a9\u0646\u062f. \u0646\u0633\u062e\u0647 \u0641\u0639\u0644\u06cc \u0647\u0645\u06cc\u0634\u0647 \u062f\u0631 \u0648\u0628\u200c\u0633\u0627\u06cc\u062a \u0645\u0648\u062c\u0648\u062f \u0627\u0633\u062a. <\/p><hr><h2><b>\u06f2. \u062e\u062f\u0645\u0627\u062a \u0634\u0631\u06a9\u062a<\/b><\/h2><p class=\"p4\">2.1. \u0628\u062a\u0627\u0627\u06cc\u0646\u0648\u0633\u062a \u062e\u062f\u0645\u0627\u062a\u06cc \u062f\u0631 \u0632\u0645\u06cc\u0646\u0647 \u0644\u062c\u0633\u062a\u06cc\u06a9\u060c \u062a\u062c\u0627\u0631\u062a \u0628\u06cc\u0646\u200c\u0627\u0644\u0645\u0644\u0644 \u0648 \u0631\u0627\u0647\u06a9\u0627\u0631\u0647\u0627\u06cc \u062d\u0645\u0644 \u0648 \u0646\u0642\u0644 \u0627\u0631\u0627\u0626\u0647 \u0645\u06cc\u200c\u062f\u0647\u062f.<\/p><p class=\"p4\">2.2. \u0634\u0631\u0627\u06cc\u0637 \u062e\u0627\u0635 \u0627\u0631\u0627\u0626\u0647 \u062e\u062f\u0645\u0627\u062a \u062a\u0648\u0633\u0637 \u0642\u0631\u0627\u0631\u062f\u0627\u062f\u0647\u0627\u06cc \u0641\u0631\u062f\u06cc \u0648 \u067e\u06cc\u0634\u0646\u0647\u0627\u062f\u0627\u062a \u062a\u062c\u0627\u0631\u06cc \u062a\u0639\u06cc\u06cc\u0646 \u0645\u06cc\u200c\u0634\u0648\u062f.<\/p><hr><h2><b>\u06f3. \u062d\u0642\u0648\u0642 \u0648 \u062a\u0639\u0647\u062f\u0627\u062a \u0637\u0631\u0641\u06cc\u0646<\/b><\/h2><p class=\"p4\">3.1. \u0645\u0634\u062a\u0631\u06cc \u0645\u062a\u0639\u0647\u062f \u0645\u06cc\u200c\u0634\u0648\u062f \u0647\u0646\u06af\u0627\u0645 \u062f\u0631\u062e\u0648\u0627\u0633\u062a \u062e\u062f\u0645\u0627\u062a\u060c \u0627\u0637\u0644\u0627\u0639\u0627\u062a \u0635\u062d\u06cc\u062d \u0648 \u062f\u0642\u06cc\u0642 \u0627\u0631\u0627\u0626\u0647 \u062f\u0647\u062f.<\/p><p class=\"p4\">3.2. \u0634\u0631\u06a9\u062a \u0645\u062a\u0639\u0647\u062f \u0645\u06cc\u200c\u0634\u0648\u062f \u06a9\u0647 \u062e\u062f\u0645\u0627\u062a \u0631\u0627 \u0628\u0627 \u06a9\u06cc\u0641\u06cc\u062a \u0628\u0627\u0644\u0627 \u0648 \u062f\u0631 \u0686\u0627\u0631\u0686\u0648\u0628 \u0632\u0645\u0627\u0646\u06cc \u062a\u0648\u0627\u0641\u0642 \u0634\u062f\u0647 \u0627\u0631\u0627\u0626\u0647 \u062f\u0647\u062f\u060c \u0645\u06af\u0631 \u062f\u0631 \u0645\u0648\u0627\u0631\u062f \u0641\u0648\u0631\u0633 \u0645\u0627\u0698\u0648\u0631.<\/p><p class=\"p4\">3.3. \u0627\u0633\u062a\u0641\u0627\u062f\u0647 \u0627\u0632 \u0633\u0627\u06cc\u062a \u0628\u0631\u0627\u06cc \u0641\u0639\u0627\u0644\u06cc\u062a\u200c\u0647\u0627\u06cc\u06cc \u06a9\u0647 \u0642\u0648\u0627\u0646\u06cc\u0646 \u062a\u0631\u06a9\u06cc\u0647\u060c \u0627\u062a\u062d\u0627\u062f\u06cc\u0647 \u0627\u0631\u0648\u067e\u0627 \u06cc\u0627 \u0642\u0648\u0627\u0646\u06cc\u0646 \u0628\u06cc\u0646\u200c\u0627\u0644\u0645\u0644\u0644\u06cc \u0631\u0627 \u0646\u0642\u0636 \u0645\u06cc\u200c\u06a9\u0646\u0646\u062f\u060c \u0645\u0645\u0646\u0648\u0639 \u0627\u0633\u062a.<\/p><hr><h2><b>\u06f4. \u0642\u06cc\u0645\u062a\u200c\u0647\u0627 \u0648 \u067e\u0631\u062f\u0627\u062e\u062a<\/b><\/h2><p class=\"p4\">4.1. \u067e\u0631\u062f\u0627\u062e\u062a \u0647\u0632\u06cc\u0646\u0647 \u062e\u062f\u0645\u0627\u062a \u0628\u0647 \u0627\u0631\u0632 \u062a\u0648\u0627\u0641\u0642 \u0634\u062f\u0647 ( <span class=\"s2\"><b>\u062f\u0644\u0627\u0631 \u0622\u0645\u0631\u06cc\u06a9\u0627\u060c \u06cc\u0648\u0631\u0648\u060c \u0644\u06cc\u0631 \u062a\u0631\u06a9\u06cc\u0647\u060c \u0631\u0648\u0628\u0644 \u0631\u0648\u0633\u06cc\u0647\u060c \u06cc\u0648\u0627\u0646 \u0686\u06cc\u0646<\/b><\/span> ) \u0627\u0646\u062c\u0627\u0645 \u0645\u06cc\u200c\u0634\u0648\u062f.<\/p><p class=\"p4\">4.2. \u0628\u062a\u0627\u0627\u06cc\u0646\u0648\u0633\u062a \u062d\u0642 \u062f\u0627\u0631\u062f \u062a\u0639\u0631\u0641\u0647\u200c\u0647\u0627 \u0631\u0627 \u0628\u0627 \u0627\u0637\u0644\u0627\u0639 \u0642\u0628\u0644\u06cc \u0628\u0647 \u0645\u0634\u062a\u0631\u06cc\u0627\u0646 \u062a\u063a\u06cc\u06cc\u0631 \u062f\u0647\u062f.<\/p><p class=\"p4\">4.3. \u0634\u0631\u0627\u06cc\u0637 \u067e\u06cc\u0634\u200c\u067e\u0631\u062f\u0627\u062e\u062a \u06cc\u0627 \u067e\u0631\u062f\u0627\u062e\u062a \u0645\u0639\u0648\u0642 \u062f\u0631 \u0642\u0631\u0627\u0631\u062f\u0627\u062f\u0647\u0627\u06cc \u0627\u0646\u0641\u0631\u0627\u062f\u06cc \u062a\u0635\u0631\u06cc\u062d \u0634\u062f\u0647 \u0627\u0633\u062a.<\/p><hr><h2><b>\u06f5. \u0645\u062d\u0631\u0645\u0627\u0646\u06af\u06cc \u0648 \u062d\u0641\u0627\u0638\u062a \u0627\u0632 \u062f\u0627\u062f\u0647\u200c\u0647\u0627<\/b><\/h2><p class=\"p4\">5.1. \u0627\u06cc\u0646 \u0634\u0631\u06a9\u062a \u0627\u0644\u0632\u0627\u0645\u0627\u062a \u0642\u0627\u0646\u0648\u0646 \u062d\u0641\u0627\u0638\u062a \u0627\u0632 \u062f\u0627\u062f\u0647\u200c\u0647\u0627\u06cc \u0634\u062e\u0635\u06cc (\u0627\u0632 \u062c\u0645\u0644\u0647 GDPR \u0648 KVKK) \u0631\u0627 \u0631\u0639\u0627\u06cc\u062a \u0645\u06cc\u200c\u06a9\u0646\u062f.<\/p><p class=\"p4\">5.2. \u0627\u0637\u0644\u0627\u0639\u0627\u062a \u0634\u062e\u0635\u06cc \u0645\u0634\u062a\u0631\u06cc\u0627\u0646 \u0645\u0646\u062d\u0635\u0631\u0627\u064b \u0628\u0631\u0627\u06cc \u0627\u0631\u0627\u0626\u0647 \u062e\u062f\u0645\u0627\u062a \u0627\u0633\u062a\u0641\u0627\u062f\u0647 \u0645\u06cc\u200c\u0634\u0648\u062f \u0648 \u0628\u062f\u0648\u0646 \u062f\u0644\u06cc\u0644 \u0642\u0627\u0646\u0648\u0646\u06cc \u0628\u0647 \u0627\u0634\u062e\u0627\u0635 \u062b\u0627\u0644\u062b \u0645\u0646\u062a\u0642\u0644 \u0646\u0645\u06cc\u200c\u0634\u0648\u062f.<\/p><hr><h2><b>\u06f6. \u0645\u062d\u062f\u0648\u062f\u06cc\u062a \u0645\u0633\u0626\u0648\u0644\u06cc\u062a<\/b><\/h2><p class=\"p4\">6.1. \u0628\u062a\u0627\u0627\u06cc\u0646\u0648\u0633\u062a \u0645\u0633\u0626\u0648\u0644\u06cc\u062a\u06cc \u062f\u0631 \u0642\u0628\u0627\u0644 \u062a\u0623\u062e\u06cc\u0631\u0647\u0627 \u06cc\u0627 \u0632\u06cc\u0627\u0646\u200c\u0647\u0627\u06cc \u0646\u0627\u0634\u06cc \u0627\u0632 \u0627\u0642\u062f\u0627\u0645\u0627\u062a \u0627\u0634\u062e\u0627\u0635 \u062b\u0627\u0644\u062b (\u06af\u0645\u0631\u06a9\u060c \u0634\u0631\u06a9\u062a\u200c\u0647\u0627\u06cc \u062d\u0645\u0644 \u0648 \u0646\u0642\u0644\u060c \u0645\u0642\u0627\u0645\u0627\u062a \u0646\u0638\u0627\u0631\u062a\u06cc) \u0646\u062f\u0627\u0631\u062f.<\/p><p class=\"p4\">6.2. \u0627\u06cc\u0646 \u0634\u0631\u06a9\u062a \u0639\u0645\u0644\u06a9\u0631\u062f \u0628\u062f\u0648\u0646 \u0648\u0642\u0641\u0647 \u0633\u0627\u06cc\u062a \u0631\u0627 \u062a\u0636\u0645\u06cc\u0646 \u0646\u0645\u06cc\u200c\u06a9\u0646\u062f \u0648 \u0645\u0633\u0626\u0648\u0644\u06cc\u062a\u06cc \u062f\u0631 \u0642\u0628\u0627\u0644 \u062e\u0631\u0627\u0628\u06cc\u200c\u0647\u0627\u06cc \u0641\u0646\u06cc \u0627\u062d\u062a\u0645\u0627\u0644\u06cc \u0646\u062f\u0627\u0631\u062f.<\/p><p class=\"p4\">6.3. \u062a\u0645\u0627\u0645 \u0645\u0637\u0627\u0644\u0628 \u0645\u0648\u062c\u0648\u062f \u062f\u0631 \u0633\u0627\u06cc\u062a \u0635\u0631\u0641\u0627\u064b \u062c\u0647\u062a \u0627\u0637\u0644\u0627\u0639 \u0631\u0633\u0627\u0646\u06cc \u0628\u0648\u062f\u0647 \u0648 \u0628\u0647 \u0645\u0646\u0632\u0644\u0647 \u067e\u06cc\u0634\u0646\u0647\u0627\u062f \u0639\u0645\u0648\u0645\u06cc \u0646\u06cc\u0633\u062a\u0646\u062f.<\/p><hr><h2><b>\u06f7. \u0641\u0648\u0631\u0633 \u0645\u0627\u0698\u0648\u0631<\/b><\/h2><p class=\"p4\">\u0627\u06cc\u0646 \u0634\u0631\u06a9\u062a \u0627\u0632 \u0645\u0633\u0626\u0648\u0644\u06cc\u062a \u0639\u062f\u0645 \u0627\u0646\u062c\u0627\u0645 \u062a\u0639\u0647\u062f\u0627\u062a \u062f\u0631 \u0635\u0648\u0631\u062a \u0648\u0642\u0648\u0639 \u0641\u0648\u0631\u0633 \u0645\u0627\u0698\u0648\u0631 (\u0628\u0644\u0627\u06cc\u0627\u06cc \u0637\u0628\u06cc\u0639\u06cc\u060c \u0627\u0642\u062f\u0627\u0645\u0627\u062a \u0646\u0638\u0627\u0645\u06cc\u060c \u062a\u062d\u0631\u06cc\u0645\u200c\u0647\u0627\u060c \u0627\u0639\u062a\u0635\u0627\u0628\u0627\u062a\u060c \u0627\u062e\u062a\u0644\u0627\u0644 \u062f\u0631 \u0639\u0645\u0644\u06a9\u0631\u062f \u0632\u06cc\u0631\u0633\u0627\u062e\u062a\u200c\u0647\u0627\u06cc \u062d\u0645\u0644 \u0648 \u0646\u0642\u0644) \u0645\u0639\u0627\u0641 \u0627\u0633\u062a.<\/p><hr><h2><b>\u06f8. \u062d\u0644 \u0627\u062e\u062a\u0644\u0627\u0641<\/b><\/h2><p class=\"p4\">8.1. \u062a\u0645\u0627\u0645 \u0627\u062e\u062a\u0644\u0627\u0641\u0627\u062a \u0648 \u0627\u062e\u062a\u0644\u0627\u0641\u0627\u062a \u0627\u0632 \u0637\u0631\u06cc\u0642 \u0645\u0630\u0627\u06a9\u0631\u0647 \u062d\u0644 \u0648 \u0641\u0635\u0644 \u0645\u06cc\u200c\u0634\u0648\u062f.<\/p><p class=\"p4\">8.2. \u062f\u0631 \u0635\u0648\u0631\u062a \u0639\u062f\u0645 \u062d\u0635\u0648\u0644 \u062a\u0648\u0627\u0641\u0642\u060c \u0627\u062e\u062a\u0644\u0627\u0641 \u0628\u0647 \u062f\u0627\u062f\u06af\u0627\u0647 \u0635\u0627\u0644\u062d \u062f\u0631 \u0645\u062d\u0644 \u062b\u0628\u062a \u0634\u0631\u06a9\u062a \u0627\u0631\u062c\u0627\u0639 \u0645\u06cc\u200c\u0634\u0648\u062f.<\/p><p class=\"p4\">8.3. \u0642\u0627\u0646\u0648\u0646 \u062d\u0627\u06a9\u0645\u060c \u0642\u0627\u0646\u0648\u0646 \u062a\u0631\u06a9\u06cc\u0647 \u0627\u0633\u062a.<\/p><hr><h2><b>\u06f9. \u062a\u063a\u06cc\u06cc\u0631\u0627\u062a \u062f\u0631 \u0627\u0635\u0637\u0644\u0627\u062d\u0627\u062a<\/b><\/h2><p class=\"p4\">\u0628\u062a\u0627\u0627\u06cc\u0646\u0648\u0633\u062a \u062d\u0642 \u0628\u0647\u200c\u0631\u0648\u0632\u0631\u0633\u0627\u0646\u06cc \u062a\u0648\u0627\u0641\u0642\u200c\u0646\u0627\u0645\u0647 \u0631\u0627 \u0628\u0631\u0627\u06cc \u062e\u0648\u062f \u0645\u062d\u0641\u0648\u0638 \u0645\u06cc\u200c\u062f\u0627\u0631\u062f. \u062a\u0627\u0631\u06cc\u062e \u0622\u062e\u0631\u06cc\u0646 \u0628\u0647\u200c\u0631\u0648\u0632\u0631\u0633\u0627\u0646\u06cc \u062f\u0631 \u0627\u0628\u062a\u062f\u0627\u06cc \u0633\u0646\u062f \u0630\u06a9\u0631 \u0634\u062f\u0647 \u0627\u0633\u062a. <\/p><hr><h2><b>\u06f1\u06f0. \u0645\u062e\u0627\u0637\u0628\u06cc\u0646<\/b><\/h2><p class=\"p4\">\u0628\u0631\u0627\u06cc \u0633\u0648\u0627\u0644\u0627\u062a \u0645\u0631\u0628\u0648\u0637 \u0628\u0647 \u0627\u0633\u062a\u0641\u0627\u062f\u0647 \u0627\u0632 \u0633\u0627\u06cc\u062a \u0648 \u062e\u062f\u0645\u0627\u062a \u0634\u0631\u06a9\u062a\u060c \u0644\u0637\u0641\u0627 \u0628\u0627 \u0645\u0627 \u062a\u0645\u0627\u0633 \u0628\u06af\u06cc\u0631\u06cc\u062f:<\/p><p class=\"p4\"><img decoding=\"async\" class=\"emoji\" role=\"img\" draggable=\"false\" src=\"https:\/\/s.w.org\/images\/core\/emoji\/16.0.1\/svg\/1f4e7.svg\" alt=\"\ud83d\udce7\">  \u0627\u06cc\u0645\u06cc\u0644: info@betainvest.ee<\/p><p class=\"p4\"><img decoding=\"async\" class=\"emoji\" role=\"img\" draggable=\"false\" src=\"https:\/\/s.w.org\/images\/core\/emoji\/16.0.1\/svg\/1f4de.svg\" alt=\"\ud83d\udcde\">  \u062a\u0644\u0641\u0646\u200c\u0647\u0627: \u200e+\u06f9\u06f0 \u06f5\u06f4\u06f3\u06f1\u06f6\u06f9\u06f2\u06f4\u06f5\u06f2\u060c \u200e+\u06f9\u06f0 \u06f2\u06f1\u06f6\u06f6\u06f2\u06f9\u06f7\u06f5\u06f5\u06f7<\/p><p class=\"p4\"><img decoding=\"async\" class=\"emoji\" role=\"img\" draggable=\"false\" src=\"https:\/\/s.w.org\/images\/core\/emoji\/16.0.1\/svg\/1f4cd.svg\" alt=\"\ud83d\udccd\">  \u0622\u062f\u0631\u0633: 34710 \u06a9\u0627\u0641\u0631\u0627\u06af\u0627 \u0645\u0627\u0647. \u0698\u0646\u0631\u0627\u0644 \u0639\u0627\u0635\u0645 \u06af\u0648\u0646\u062f\u0648\u0632 \u06a9\u0627\u062f. Bahariye Plaza Kat No.62, DNo.5, Kad\u0131k\u00f6y, \u0130stanb  <\/p>\t\t\t\t\t\t\t\t<\/div>\n\t\t\t\t\t<\/div>\n\t\t\t\t<\/div>\n\t\t\t\t<\/div>\n\t\t","protected":false},"excerpt":{"rendered":"<p>\u062a\u0648\u0627\u0641\u0642\u200c\u0646\u0627\u0645\u0647 \u0648 \u0634\u0631\u0627\u06cc\u0637 \u0627\u0633\u062a\u0641\u0627\u062f\u0647 \u0622\u062e\u0631\u06cc\u0646 \u0628\u0647\u200c\u0631\u0648\u0632\u0631\u0633\u0627\u0646\u06cc: [\u06f2\u06f5.\u06f0\u06f8.\u06f2\u06f0\u06f2\u06f5] \u0628\u0647 Betainvest.ee \u062e\u0648\u0634 \u0622\u0645\u062f\u06cc\u062f. \u0627\u06cc\u0646 \u062a\u0648\u0627\u0641\u0642\u200c\u0646\u0627\u0645\u0647 \u0648 \u0634\u0631\u0627\u06cc\u0637\u060c \u0627\u0633\u062a\u0641\u0627\u062f\u0647 \u0627\u0632 \u0627\u06cc\u0646 \u0648\u0628\u200c\u0633\u0627\u06cc\u062a \u0648 \u062e\u062f\u0645\u0627\u062a \u0627\u0631\u0627\u0626\u0647 \u0634\u062f\u0647 \u0631\u0627 \u062a\u0639\u06cc\u06cc\u0646 \u0645\u06cc\u200c\u06a9\u0646\u062f. \u0628\u0627 \u0627\u0633\u062a\u0641\u0627\u062f\u0647 \u0627\u0632 \u0648\u0628\u200c\u0633\u0627\u06cc\u062a\u060c \u0634\u0645\u0627 \u0645\u0648\u0627\u0641\u0642\u062a \u062e\u0648\u062f \u0631\u0627 \u0628\u0627 \u0627\u06cc\u0646 \u0634\u0631\u0627\u06cc\u0637 \u062a\u0623\u06cc\u06cc\u062f \u0645\u06cc\u200c\u06a9\u0646\u06cc\u062f. \u06f1. \u0645\u0642\u0631\u0631\u0627\u062a \u0639\u0645\u0648\u0645\u06cc 1.1. \u0645\u0627\u0644\u06a9 \u0633\u0627\u06cc\u062a Betainvest \u0627\u0633\u062a \u06a9\u0647 \u062f\u0631 \u0622\u062f\u0631\u0633 \u0632\u06cc\u0631 \u062b\u0628\u062a \u0634\u062f\u0647 \u0627\u0633\u062a: 34710 [&hellip;]<\/p>\n","protected":false},"author":1,"featured_media":0,"parent":0,"menu_order":0,"comment_status":"closed","ping_status":"closed","template":"","meta":{"footnotes":""},"class_list":["post-3889","page","type-page","status-publish","hentry"],"_links":{"self":[{"href":"https:\/\/betainvest.ee\/fa\/wp-json\/wp\/v2\/pages\/3889","targetHints":{"allow":["GET"]}}],"collection":[{"href":"https:\/\/betainvest.ee\/fa\/wp-json\/wp\/v2\/pages"}],"about":[{"href":"https:\/\/betainvest.ee\/fa\/wp-json\/wp\/v2\/types\/page"}],"author":[{"embeddable":true,"href":"https:\/\/betainvest.ee\/fa\/wp-json\/wp\/v2\/users\/1"}],"replies":[{"embeddable":true,"href":"https:\/\/betainvest.ee\/fa\/wp-json\/wp\/v2\/comments?post=3889"}],"version-history":[{"count":1,"href":"https:\/\/betainvest.ee\/fa\/wp-json\/wp\/v2\/pages\/3889\/revisions"}],"predecessor-version":[{"id":3890,"href":"https:\/\/betainvest.ee\/fa\/wp-json\/wp\/v2\/pages\/3889\/revisions\/3890"}],"wp:attachment":[{"href":"https:\/\/betainvest.ee\/fa\/wp-json\/wp\/v2\/media?parent=3889"}],"curies":[{"name":"wp","href":"https:\/\/api.w.org\/{rel}","templated":true}]}}