{"id":3462,"date":"2025-08-04T06:22:54","date_gmt":"2025-08-04T06:22:54","guid":{"rendered":"https:\/\/betainvest.ee\/paiement-des-peages-routiers-platon-russie\/"},"modified":"2025-08-26T13:10:39","modified_gmt":"2025-08-26T13:10:39","slug":"paiement-des-peages-routiers-platon-russie","status":"publish","type":"page","link":"https:\/\/betainvest.ee\/fr\/paiement-des-peages-routiers-platon-russie\/","title":{"rendered":"Paiement des p\u00e9ages routiers &#8211; Platon, Russie"},"content":{"rendered":"\t\t<div data-elementor-type=\"wp-page\" data-elementor-id=\"3462\" class=\"elementor elementor-3462 elementor-73\" data-elementor-post-type=\"page\">\n\t\t\t\t<div class=\"elementor-element elementor-element-84d5c49 e-flex e-con-boxed e-con e-parent\" data-id=\"84d5c49\" data-element_type=\"container\" data-e-type=\"container\">\n\t\t\t\t\t<div class=\"e-con-inner\">\n\t\t\t\t<div class=\"elementor-element elementor-element-5956819 elementor-widget elementor-widget-image\" data-id=\"5956819\" data-element_type=\"widget\" data-e-type=\"widget\" data-widget_type=\"image.default\">\n\t\t\t\t\t\t\t\t\t\t\t\t\t\t\t<img decoding=\"async\" width=\"319\" height=\"72\" src=\"https:\/\/betainvest.ee\/wp-content\/uploads\/2025\/08\/p-logo.png\" class=\"attachment-large size-large wp-image-1022\" alt=\"\" srcset=\"https:\/\/betainvest.ee\/wp-content\/uploads\/2025\/08\/p-logo.png 319w, https:\/\/betainvest.ee\/wp-content\/uploads\/2025\/08\/p-logo-300x68.png 300w\" sizes=\"(max-width: 319px) 100vw, 319px\" \/>\t\t\t\t\t\t\t\t\t\t\t\t\t\t\t<\/div>\n\t\t\t\t<div class=\"elementor-element elementor-element-00c1420 elementor-widget elementor-widget-text-editor\" data-id=\"00c1420\" data-element_type=\"widget\" data-e-type=\"widget\" data-widget_type=\"text-editor.default\">\n\t\t\t\t\t\t\t\t\t<h2 data-start=\"286\" data-end=\"382\">Syst\u00e8me Platon et MTPL pour les transporteurs \u00e9trangers &#8211; une gamme compl\u00e8te de services de Betainvest<\/h2><p data-start=\"384\" data-end=\"649\">Vous transportez des marchandises vers ou \u00e0 travers la Russie ? Pour circuler librement sur les routes f\u00e9d\u00e9rales et respecter toutes les exigences l\u00e9gales, vous avez besoin de deux documents essentiels : l&rsquo;<strong data-start=\"594\" data-end=\"628\">enregistrement dans le syst\u00e8me Platon<\/strong> et une <strong data-start=\"631\" data-end=\"646\">police d&rsquo;assurance<\/strong> CMTPL. <\/p><h3 data-start=\"656\" data-end=\"680\">Qu&rsquo;est-ce que \u00ab\u00a0Platon\u00a0\u00bb ?<\/h3><p data-start=\"681\" data-end=\"1019\">\u00ab\u00a0<strong data-start=\"681\" data-end=\"693\">Platon<\/strong> \u00a0\u00bb est un syst\u00e8me public qui fait payer les camions de plus de 12 tonnes pour circuler sur les autoroutes f\u00e9d\u00e9rales de Russie.<br data-start=\"829\" data-end=\"832\">Le paiement est factur\u00e9 <strong data-start=\"851\" data-end=\"878\">pour chaque kilom\u00e8tre<\/strong> parcouru en roubles russes et est d\u00e9bit\u00e9 du compte de r\u00e8glement du transporteur sans num\u00e9raire. Les fonds sont utilis\u00e9s pour l&rsquo;entretien et la r\u00e9paration des routes. <\/p><h3 data-start=\"1026\" data-end=\"1048\">Pourquoi c&rsquo;est important<\/h3><ul data-start=\"1049\" data-end=\"1325\"><li data-start=\"1049\" data-end=\"1139\"><p data-start=\"1051\" data-end=\"1139\">Le non-respect des d\u00e9lais de paiement ou de l&rsquo;enregistrement dans Platon entra\u00eenera de <strong data-start=\"1119\" data-end=\"1137\">lourdes amendes<\/strong>.<\/p><\/li><li data-start=\"1140\" data-end=\"1239\"><p data-start=\"1142\" data-end=\"1239\">Le syst\u00e8me fonctionne dans toute la F\u00e9d\u00e9ration de Russie et est surveill\u00e9 par un r\u00e9seau de cadres, de cam\u00e9ras et de dispositifs embarqu\u00e9s.<\/p><\/li><li data-start=\"1240\" data-end=\"1325\"><p data-start=\"1242\" data-end=\"1325\">En l&rsquo;absence de cartes de route correctement d\u00e9livr\u00e9es, un vol peut \u00eatre retard\u00e9 ou interrompu<\/p><\/li><\/ul><h3 data-start=\"1332\" data-end=\"1372\">Assurance responsabilit\u00e9 civile automobile pour les transporteurs \u00e9trangers<\/h3><p data-start=\"1373\" data-end=\"1662\">Lorsque vous entrez sur le territoire de la Russie, vous <strong data-start=\"1495\" data-end=\"1522\">devez obligatoirement<\/strong> souscrire une police <strong data-start=\"1423\" data-end=\"1432\">OSAGO<\/strong> (assurance obligatoire de responsabilit\u00e9 civile automobile).<br data-start=\"1523\" data-end=\"1526\">Cette police prot\u00e8ge le transporteur contre le co\u00fbt de l&rsquo;indemnisation des dommages caus\u00e9s \u00e0 la vie, \u00e0 la sant\u00e9 ou aux biens de tiers en cas d&rsquo;accident de la route.<\/p><h3 data-start=\"1669\" data-end=\"1706\">Betainvest &#8211; un ensemble complet de services<\/h3><p data-start=\"1707\" data-end=\"1804\">Nous proposons un service d&rsquo;escorte complet pour garantir que vos transports se d\u00e9roulent sans retard ni p\u00e9nalit\u00e9 :<\/p><ul data-start=\"1805\" data-end=\"2159\"><li data-start=\"1805\" data-end=\"1850\"><p data-start=\"1807\" data-end=\"1850\">Immatriculation des v\u00e9hicules dans le syst\u00e8me Platon<\/p><\/li><li data-start=\"1851\" data-end=\"1907\"><p data-start=\"1853\" data-end=\"1907\">Obtention de cartes routi\u00e8res (\u00e0 usage unique ou multiple)<\/p><\/li><li data-start=\"1908\" data-end=\"1962\"><p data-start=\"1910\" data-end=\"1962\">Conseils sur les r\u00e8gles Platon et les zones d&rsquo;op\u00e9ration<\/p><\/li><li data-start=\"1963\" data-end=\"1995\"><p data-start=\"1965\" data-end=\"1995\">Paiement et contr\u00f4le des charges \u00e0 payer<\/p><\/li><li data-start=\"1996\" data-end=\"2059\"><p data-start=\"1998\" data-end=\"2059\">Police d&rsquo;assurance MTPL valable dans toute la F\u00e9d\u00e9ration de Russie<\/p><\/li><li data-start=\"2060\" data-end=\"2114\"><p data-start=\"2062\" data-end=\"2114\">Support en russe, turc et anglais<\/p><\/li><li data-start=\"2115\" data-end=\"2159\"><p data-start=\"2117\" data-end=\"2159\">Traitement rapide sans bureaucratie inutile<\/p><\/li><\/ul><h3 data-start=\"2166\" data-end=\"2187\">Comment nous travaillons<\/h3><ol data-start=\"2188\" data-end=\"2423\"><li data-start=\"2188\" data-end=\"2247\"><p data-start=\"2191\" data-end=\"2247\">Vous nous contactez par t\u00e9l\u00e9phone, par WhatsApp ou par courriel<\/p><\/li><li data-start=\"2248\" data-end=\"2293\"><p data-start=\"2251\" data-end=\"2293\">Transf\u00e9rer les donn\u00e9es et les documents n\u00e9cessaires<\/p><\/li><li data-start=\"2294\" data-end=\"2353\"><p data-start=\"2297\" data-end=\"2353\">Nous enregistrons les v\u00e9hicules aupr\u00e8s de Platon et \u00e9mettons des polices d&rsquo;assurance MTPL.<\/p><\/li><li data-start=\"2354\" data-end=\"2423\"><p data-start=\"2357\" data-end=\"2423\">Nous vous envoyons les documents finalis\u00e9s &#8211; vous pouvez partir en voyage<\/p><\/li><\/ol><p data-start=\"2430\" data-end=\"2595\">\ud83d\udcde <strong data-start=\"2433\" data-end=\"2472\">Contactez Betainvest d\u00e8s maintenant<\/strong> &#8211; nous nous occuperons de l&rsquo;enregistrement Platon et MTPL afin que vous puissiez vous concentrer sur le transport, et non sur la paperasserie.<\/p>\t\t\t\t\t\t\t\t<\/div>\n\t\t\t\t<div class=\"elementor-element elementor-element-69250ee elementor-widget elementor-widget-image\" data-id=\"69250ee\" data-element_type=\"widget\" data-e-type=\"widget\" data-widget_type=\"image.default\">\n\t\t\t\t\t\t\t\t\t\t\t\t\t\t\t<img fetchpriority=\"high\" decoding=\"async\" width=\"612\" height=\"408\" src=\"https:\/\/betainvest.ee\/wp-content\/uploads\/2025\/08\/istockphoto-1371212488-612x612-1.jpg\" class=\"attachment-medium_large size-medium_large wp-image-1031\" alt=\"\" srcset=\"https:\/\/betainvest.ee\/wp-content\/uploads\/2025\/08\/istockphoto-1371212488-612x612-1.jpg 612w, https:\/\/betainvest.ee\/wp-content\/uploads\/2025\/08\/istockphoto-1371212488-612x612-1-300x200.jpg 300w\" sizes=\"(max-width: 612px) 100vw, 612px\" \/>\t\t\t\t\t\t\t\t\t\t\t\t\t\t\t<\/div>\n\t\t\t\t\t<\/div>\n\t\t\t\t<\/div>\n\t\t\t\t<\/div>\n\t\t","protected":false},"excerpt":{"rendered":"<p>Syst\u00e8me Platon et MTPL pour les transporteurs \u00e9trangers &#8211; une gamme compl\u00e8te de services de Betainvest Vous transportez des marchandises vers ou \u00e0 travers la Russie ? Pour circuler librement sur les routes f\u00e9d\u00e9rales et respecter toutes les exigences l\u00e9gales, vous avez besoin de deux documents essentiels : l&rsquo;enregistrement dans le syst\u00e8me Platon et une [&hellip;]<\/p>\n","protected":false},"author":1,"featured_media":0,"parent":0,"menu_order":0,"comment_status":"closed","ping_status":"closed","template":"","meta":{"footnotes":""},"class_list":["post-3462","page","type-page","status-publish","hentry"],"_links":{"self":[{"href":"https:\/\/betainvest.ee\/fr\/wp-json\/wp\/v2\/pages\/3462","targetHints":{"allow":["GET"]}}],"collection":[{"href":"https:\/\/betainvest.ee\/fr\/wp-json\/wp\/v2\/pages"}],"about":[{"href":"https:\/\/betainvest.ee\/fr\/wp-json\/wp\/v2\/types\/page"}],"author":[{"embeddable":true,"href":"https:\/\/betainvest.ee\/fr\/wp-json\/wp\/v2\/users\/1"}],"replies":[{"embeddable":true,"href":"https:\/\/betainvest.ee\/fr\/wp-json\/wp\/v2\/comments?post=3462"}],"version-history":[{"count":1,"href":"https:\/\/betainvest.ee\/fr\/wp-json\/wp\/v2\/pages\/3462\/revisions"}],"predecessor-version":[{"id":3463,"href":"https:\/\/betainvest.ee\/fr\/wp-json\/wp\/v2\/pages\/3462\/revisions\/3463"}],"wp:attachment":[{"href":"https:\/\/betainvest.ee\/fr\/wp-json\/wp\/v2\/media?parent=3462"}],"curies":[{"name":"wp","href":"https:\/\/api.w.org\/{rel}","templated":true}]}}