{"id":3482,"date":"2025-08-04T06:22:54","date_gmt":"2025-08-04T06:22:54","guid":{"rendered":"https:\/\/betainvest.ee\/calcul-preliminaire-des-droits-de-douane\/"},"modified":"2025-08-26T13:10:42","modified_gmt":"2025-08-26T13:10:42","slug":"calcul-preliminaire-des-droits-de-douane","status":"publish","type":"page","link":"https:\/\/betainvest.ee\/fr\/calcul-preliminaire-des-droits-de-douane\/","title":{"rendered":"Calcul pr\u00e9liminaire des droits de douane"},"content":{"rendered":"\t\t<div data-elementor-type=\"wp-page\" data-elementor-id=\"3482\" class=\"elementor elementor-3482\" data-elementor-post-type=\"page\">\n\t\t\t\t<div class=\"elementor-element elementor-element-12916dc e-flex e-con-boxed e-con e-parent\" data-id=\"12916dc\" data-element_type=\"container\" data-e-type=\"container\">\n\t\t\t\t\t<div class=\"e-con-inner\">\n\t\t\t\t<div class=\"elementor-element elementor-element-e25036a elementor-widget elementor-widget-text-editor\" data-id=\"e25036a\" data-element_type=\"widget\" data-e-type=\"widget\" data-widget_type=\"text-editor.default\">\n\t\t\t\t\t\t\t\t\t<h2 data-start=\"140\" data-end=\"214\">Calcul pr\u00e9liminaire des droits de douane &#8211; rapide, pr\u00e9cis et sans risque<\/h2><p data-start=\"216\" data-end=\"481\">Vous d\u00e9placez des marchandises \u00e0 travers les fronti\u00e8res douani\u00e8res de l&rsquo;<strong data-start=\"260\" data-end=\"304\">Union \u00e9conomique eurasienne (EAEU)<\/strong> &#8211; par exemple, de la Russie ou du Belarus vers la Turquie ou dans la direction oppos\u00e9e ?<br data-start=\"376\" data-end=\"379\">Pour \u00e9viter les retards \u00e0 la fronti\u00e8re et les co\u00fbts inutiles, il est important de calculer tous les frais de douane \u00e0 l&rsquo;avance.<\/p><h3 data-start=\"483\" data-end=\"507\">Ce sur quoi nous comptons :<\/h3><ul data-start=\"508\" data-end=\"602\"><li data-start=\"508\" data-end=\"534\"><p data-start=\"510\" data-end=\"534\"><strong data-start=\"510\" data-end=\"532\">Droits de douane<\/strong><\/p><\/li><li data-start=\"535\" data-end=\"557\"><p data-start=\"537\" data-end=\"557\"><strong data-start=\"537\" data-end=\"555\">Droits d&rsquo;accises<\/strong><\/p><\/li><li data-start=\"558\" data-end=\"602\"><p data-start=\"560\" data-end=\"602\"><strong data-start=\"560\" data-end=\"600\">Taxe sur la valeur ajout\u00e9e (TVA)<\/strong><\/p><\/li><\/ul><p data-start=\"604\" data-end=\"802\">Sur la base de ces donn\u00e9es, vous serez en mesure de fournir une garantie de paiement en temps utile de tous les montants de garantie pour les droits de douane et les taxes, ce qui vous permettra de passer les contr\u00f4les douaniers <strong data-start=\"768\" data-end=\"799\">rapidement et sans probl\u00e8mes inutiles<\/strong>.<\/p><h3 data-start=\"809\" data-end=\"829\">Pourquoi c&rsquo;est important<\/h3><p data-start=\"830\" data-end=\"877\">Toute erreur ou impr\u00e9cision dans les calculs peut :<\/p><ul data-start=\"878\" data-end=\"1008\"><li data-start=\"878\" data-end=\"916\"><p data-start=\"880\" data-end=\"916\">Retard de livraison de plusieurs jours ou semaines<\/p><\/li><li data-start=\"917\" data-end=\"955\"><p data-start=\"919\" data-end=\"955\">Entra\u00eenent des co\u00fbts suppl\u00e9mentaires<\/p><\/li><li data-start=\"956\" data-end=\"1008\"><p data-start=\"958\" data-end=\"1008\">Dans certains cas, l&rsquo;accouchement est compl\u00e8tement interrompu<\/p><\/li><\/ul><h3 data-start=\"1015\" data-end=\"1052\">De quoi d\u00e9pend la pr\u00e9cision du calcul :<\/h3><ul data-start=\"1053\" data-end=\"1192\"><li data-start=\"1053\" data-end=\"1084\"><p data-start=\"1055\" data-end=\"1084\">Pays d&rsquo;origine des marchandises<\/p><\/li><li data-start=\"1085\" data-end=\"1142\"><p data-start=\"1087\" data-end=\"1142\">Composition d\u00e9taill\u00e9e de l&rsquo;envoi (jusqu&rsquo;au moindre d\u00e9tail)<\/p><\/li><li data-start=\"1143\" data-end=\"1192\"><p data-start=\"1145\" data-end=\"1192\">S\u00e9lection correcte des codes SH et autres nuances<\/p><\/li><\/ul><h3 data-start=\"1199\" data-end=\"1233\">Pourquoi choisir <strong data-start=\"1219\" data-end=\"1233\">Betainvest<\/strong><\/h3><p data-start=\"1234\" data-end=\"1379\">Nos sp\u00e9cialistes ont une longue <strong data-start=\"1257\" data-end=\"1277\">exp\u00e9rience<\/strong> des syst\u00e8mes de d\u00e9claration \u00e9lectronique et du calcul des droits de douane dans diff\u00e9rents pays. Nous : <\/p><ul data-start=\"1380\" data-end=\"1549\"><li data-start=\"1380\" data-end=\"1425\"><p data-start=\"1382\" data-end=\"1425\">Nous effectuons les calculs <strong data-start=\"1400\" data-end=\"1423\">rapidement et sans erreur<\/strong><\/p><\/li><li data-start=\"1426\" data-end=\"1484\"><p data-start=\"1428\" data-end=\"1484\">Nous soumettons toutes les donn\u00e9es aux autorit\u00e9s r\u00e9glementaires <strong data-start=\"1472\" data-end=\"1482\">dans les d\u00e9lais impartis<\/strong><\/p><\/li><li data-start=\"1485\" data-end=\"1549\"><p data-start=\"1487\" data-end=\"1549\">Nous garantissons que votre envoi passera la fronti\u00e8re <strong data-start=\"1529\" data-end=\"1547\">sans complications.<\/strong><\/p><\/li><\/ul><p data-start=\"1551\" data-end=\"1658\">\ud83d\udcde <strong data-start=\"1554\" data-end=\"1587\">Contactez-nous d\u00e8s maintenant<\/strong> &#8211; et nous \u00e9tablirons un devis pr\u00e9cis pour votre envoi dans les plus brefs d\u00e9lais.<\/p>\t\t\t\t\t\t\t\t<\/div>\n\t\t\t\t\t<\/div>\n\t\t\t\t<\/div>\n\t\t<div class=\"elementor-element elementor-element-3940eb7 e-flex e-con-boxed e-con e-parent\" data-id=\"3940eb7\" data-element_type=\"container\" data-e-type=\"container\">\n\t\t\t\t\t<div class=\"e-con-inner\">\n\t\t\t\t<div class=\"elementor-element elementor-element-e88b9e5 elementor-align-center elementor-widget elementor-widget-button\" data-id=\"e88b9e5\" data-element_type=\"widget\" data-e-type=\"widget\" data-widget_type=\"button.default\">\n\t\t\t\t\t\t\t\t\t\t<a class=\"elementor-button elementor-button-link elementor-size-sm\" href=\"https:\/\/betainvest.ee\/fr\/contacts\/\">\n\t\t\t\t\t\t<span class=\"elementor-button-content-wrapper\">\n\t\t\t\t\t\t\t\t\t<span class=\"elementor-button-text\">Cliquez ici<\/span>\n\t\t\t\t\t<\/span>\n\t\t\t\t\t<\/a>\n\t\t\t\t\t\t\t\t<\/div>\n\t\t\t\t<div class=\"elementor-element elementor-element-9d8892d elementor-widget elementor-widget-image\" data-id=\"9d8892d\" data-element_type=\"widget\" data-e-type=\"widget\" data-widget_type=\"image.default\">\n\t\t\t\t\t\t\t\t\t\t\t\t\t\t\t<img fetchpriority=\"high\" decoding=\"async\" width=\"768\" height=\"547\" src=\"https:\/\/betainvest.ee\/wp-content\/uploads\/2025\/08\/photo-1460925895917-afdab827c52f-768x547.jpeg\" class=\"attachment-medium_large size-medium_large wp-image-989\" alt=\"\" srcset=\"https:\/\/betainvest.ee\/wp-content\/uploads\/2025\/08\/photo-1460925895917-afdab827c52f-768x547.jpeg 768w, https:\/\/betainvest.ee\/wp-content\/uploads\/2025\/08\/photo-1460925895917-afdab827c52f-300x214.jpeg 300w, https:\/\/betainvest.ee\/wp-content\/uploads\/2025\/08\/photo-1460925895917-afdab827c52f-1024x729.jpeg 1024w, https:\/\/betainvest.ee\/wp-content\/uploads\/2025\/08\/photo-1460925895917-afdab827c52f-1536x1094.jpeg 1536w, https:\/\/betainvest.ee\/wp-content\/uploads\/2025\/08\/photo-1460925895917-afdab827c52f-2048x1458.jpeg 2048w\" sizes=\"(max-width: 768px) 100vw, 768px\" \/>\t\t\t\t\t\t\t\t\t\t\t\t\t\t\t<\/div>\n\t\t\t\t\t<\/div>\n\t\t\t\t<\/div>\n\t\t\t\t<\/div>\n\t\t","protected":false},"excerpt":{"rendered":"<p>Calcul pr\u00e9liminaire des droits de douane &#8211; rapide, pr\u00e9cis et sans risque Vous d\u00e9placez des marchandises \u00e0 travers les fronti\u00e8res douani\u00e8res de l&rsquo;Union \u00e9conomique eurasienne (EAEU) &#8211; par exemple, de la Russie ou du Belarus vers la Turquie ou dans la direction oppos\u00e9e ?Pour \u00e9viter les retards \u00e0 la fronti\u00e8re et les co\u00fbts inutiles, il [&hellip;]<\/p>\n","protected":false},"author":1,"featured_media":0,"parent":0,"menu_order":0,"comment_status":"closed","ping_status":"closed","template":"","meta":{"footnotes":""},"class_list":["post-3482","page","type-page","status-publish","hentry"],"_links":{"self":[{"href":"https:\/\/betainvest.ee\/fr\/wp-json\/wp\/v2\/pages\/3482","targetHints":{"allow":["GET"]}}],"collection":[{"href":"https:\/\/betainvest.ee\/fr\/wp-json\/wp\/v2\/pages"}],"about":[{"href":"https:\/\/betainvest.ee\/fr\/wp-json\/wp\/v2\/types\/page"}],"author":[{"embeddable":true,"href":"https:\/\/betainvest.ee\/fr\/wp-json\/wp\/v2\/users\/1"}],"replies":[{"embeddable":true,"href":"https:\/\/betainvest.ee\/fr\/wp-json\/wp\/v2\/comments?post=3482"}],"version-history":[{"count":1,"href":"https:\/\/betainvest.ee\/fr\/wp-json\/wp\/v2\/pages\/3482\/revisions"}],"predecessor-version":[{"id":3483,"href":"https:\/\/betainvest.ee\/fr\/wp-json\/wp\/v2\/pages\/3482\/revisions\/3483"}],"wp:attachment":[{"href":"https:\/\/betainvest.ee\/fr\/wp-json\/wp\/v2\/media?parent=3482"}],"curies":[{"name":"wp","href":"https:\/\/api.w.org\/{rel}","templated":true}]}}