{"id":3496,"date":"2025-08-04T06:22:54","date_gmt":"2025-08-04T06:22:54","guid":{"rendered":"https:\/\/betainvest.ee\/services-aux-conducteurs-en-cours-de-route\/"},"modified":"2026-03-05T00:19:00","modified_gmt":"2026-03-05T00:19:00","slug":"services-aux-conducteurs-en-cours-de-route","status":"publish","type":"page","link":"https:\/\/betainvest.ee\/fr\/services-aux-conducteurs-en-cours-de-route\/","title":{"rendered":"Services aux conducteurs en cours de route"},"content":{"rendered":"\t\t<div data-elementor-type=\"wp-page\" data-elementor-id=\"3496\" class=\"elementor elementor-3496\" data-elementor-post-type=\"page\">\n\t\t\t\t<div class=\"elementor-element elementor-element-40a462d e-flex e-con-boxed e-con e-parent\" data-id=\"40a462d\" data-element_type=\"container\" data-e-type=\"container\">\n\t\t\t\t\t<div class=\"e-con-inner\">\n\t\t<div class=\"elementor-element elementor-element-85d42cf e-con-full e-flex e-con e-child\" data-id=\"85d42cf\" data-element_type=\"container\" data-e-type=\"container\">\n\t\t\t\t<div class=\"elementor-element elementor-element-e1fce4a elementor-widget elementor-widget-text-editor\" data-id=\"e1fce4a\" data-element_type=\"widget\" data-e-type=\"widget\" data-widget_type=\"text-editor.default\">\n\t\t\t\t\t\t\t\t\t<h2 data-start=\"316\" data-end=\"376\"><strong>Services routiers et poids lourds et tout ce dont vous avez besoin sur la route &#8211; sur une seule carte.<\/strong><strong data-start=\"377\" data-end=\"419\">tout ce dont vous avez besoin sur la route &#8211; sur une seule carte<\/strong><\/h2>\n\t\t\t\t\t\t\t\t<\/div>\n\t\t\t\t<\/div>\n\t\t<div class=\"elementor-element elementor-element-ab26dcb e-con-full e-flex e-con e-child\" data-id=\"ab26dcb\" data-element_type=\"container\" data-e-type=\"container\">\n\t\t\t\t<div class=\"elementor-element elementor-element-7908494 elementor-widget elementor-widget-image\" data-id=\"7908494\" data-element_type=\"widget\" data-e-type=\"widget\" data-widget_type=\"image.default\">\n\t\t\t\t\t\t\t\t\t\t\t\t\t\t\t<img fetchpriority=\"high\" decoding=\"async\" width=\"300\" height=\"202\" src=\"https:\/\/betainvest.ee\/wp-content\/uploads\/2025\/08\/69abf7c930811a7f2f04cf58616265be-300x202.png\" class=\"attachment-medium size-medium wp-image-774\" alt=\"\" srcset=\"https:\/\/betainvest.ee\/wp-content\/uploads\/2025\/08\/69abf7c930811a7f2f04cf58616265be-300x202.png 300w, https:\/\/betainvest.ee\/wp-content\/uploads\/2025\/08\/69abf7c930811a7f2f04cf58616265be.png 350w\" sizes=\"(max-width: 300px) 100vw, 300px\" \/>\t\t\t\t\t\t\t\t\t\t\t\t\t\t\t<\/div>\n\t\t\t\t<\/div>\n\t\t\t\t\t<\/div>\n\t\t\t\t<\/div>\n\t\t<div class=\"elementor-element elementor-element-362cae0 e-flex e-con-boxed e-con e-parent\" data-id=\"362cae0\" data-element_type=\"container\" data-e-type=\"container\">\n\t\t\t\t\t<div class=\"e-con-inner\">\n\t\t\t\t<div class=\"elementor-element elementor-element-0730ff4 elementor-widget elementor-widget-text-editor\" data-id=\"0730ff4\" data-element_type=\"widget\" data-e-type=\"widget\" data-widget_type=\"text-editor.default\">\n\t\t\t\t\t\t\t\t\t<p data-start=\"421\" data-end=\"694\">Nous offrons aux entreprises de transport un acc\u00e8s pratique \u00e0 un vaste r\u00e9seau de services bas\u00e9s sur les stations-service LUKOIL et Teboil. Gr\u00e2ce \u00e0 nos cartes carburant, votre flotte b\u00e9n\u00e9ficie non seulement d&rsquo;un carburant de haute qualit\u00e9, mais aussi d&rsquo;un service complet sur la route &#8211; dans le cadre d&rsquo;un syst\u00e8me unifi\u00e9 de paiement sans num\u00e9raire. <\/p>\n<h4 data-start=\"696\" data-end=\"750\">  Services disponibles sur nos cartes :<\/h4>\n<ul data-start=\"751\" data-end=\"1541\">\n<li data-start=\"751\" data-end=\"882\">\n<p data-start=\"753\" data-end=\"882\">\u2705 <strong data-start=\"755\" data-end=\"794\">Montage de pneus de camions<\/strong><br data-start=\"794\" data-end=\"797\">Equilibrage, r\u00e9paration et rec\u00e2blage saisonnier dans les services routiers sp\u00e9cialis\u00e9s.<\/p>\n<\/li>\n<li data-start=\"886\" data-end=\"1002\">\n<p data-start=\"888\" data-end=\"1002\">\u2705 <strong data-start=\"890\" data-end=\"930\">Vidange des huiles et des fluides techniques<\/strong><br data-start=\"930\" data-end=\"933\">Un entretien rapide et de qualit\u00e9 dans des points de service certifi\u00e9s.<\/p>\n<\/li>\n<li data-start=\"1004\" data-end=\"1159\">\n<p data-start=\"1006\" data-end=\"1159\">\u2705 <strong data-start=\"1008\" data-end=\"1037\">Entretien mineur<\/strong><br data-start=\"1037\" data-end=\"1040\">V\u00e9rifiez et remplacez les plaquettes de frein, inspectez la suspension, changez les ampoules et les filtres &#8211; tout ce dont vous avez besoin pour un voyage en toute s\u00e9curit\u00e9.<\/p>\n<\/li>\n<li data-start=\"1161\" data-end=\"1266\">\n<p data-start=\"1163\" data-end=\"1266\">\u2705 <strong data-start=\"1165\" data-end=\"1195\">Lavage de camions<\/strong><br data-start=\"1195\" data-end=\"1198\">Installations sp\u00e9cialis\u00e9es pour les tracteurs, les camionnettes, les camions-citernes et les remorques.<\/p>\n<\/li>\n<li data-start=\"1268\" data-end=\"1398\">\n<p data-start=\"1270\" data-end=\"1398\">\u2705 <strong data-start=\"1272\" data-end=\"1312\">Aires de repos confortables pour les conducteurs<\/strong><br data-start=\"1312\" data-end=\"1315\">Aires de stationnement s\u00e9par\u00e9es pour les camionnettes, douches, salles de repos, caf\u00e9s et sup\u00e9rettes.<\/p>\n<\/li>\n<li data-start=\"1400\" data-end=\"1541\">\n<p data-start=\"1402\" data-end=\"1541\"><strong data-start=\"1404\" data-end=\"1422\">\u2705 Assistance 24\/7<\/strong><br data-start=\"1422\" data-end=\"1425\">Les conducteurs peuvent toujours demander de l&rsquo;aide, trouver le point de service le plus proche ou obtenir des conseils sur l&rsquo;itin\u00e9raire.<\/p>\n<\/li>\n<\/ul>\n<h4 data-start=\"1548\" data-end=\"1576\">  Fiabilit\u00e9 et commodit\u00e9<\/h4>\n<ul data-start=\"1577\" data-end=\"1882\">\n<li data-start=\"1577\" data-end=\"1683\">\n<p data-start=\"1579\" data-end=\"1683\">Tous les paiements sont effectu\u00e9s avec <strong data-start=\"1606\" data-end=\"1638\">votre carte d&rsquo;entreprise<\/strong> &#8211; pas d&rsquo;argent liquide, ce qui permet un contr\u00f4le clair des d\u00e9penses.<\/p>\n<\/li>\n<li data-start=\"1684\" data-end=\"1757\">\n<p data-start=\"1686\" data-end=\"1757\">Soutien du <strong data-start=\"1696\" data-end=\"1727\">programme de fid\u00e9lisation unifi\u00e9<\/strong> dans l&rsquo;ensemble du r\u00e9seau de stations-service partenaires.<\/p>\n<\/li>\n<li data-start=\"1758\" data-end=\"1882\">\n<p data-start=\"1760\" data-end=\"1882\">L&rsquo;acc\u00e8s \u00e0 tous les services est <strong data-start=\"1800\" data-end=\"1835\">r\u00e9serv\u00e9 aux poids lourds<\/strong>, en tenant compte des sp\u00e9cificit\u00e9s et des besoins des flottes.<\/p>\n<\/li>\n<\/ul>\n<h2 data-start=\"1889\" data-end=\"1913\"> <\/h2>\n\t\t\t\t\t\t\t\t<\/div>\n\t\t\t\t\t<\/div>\n\t\t\t\t<\/div>\n\t\t<div class=\"elementor-element elementor-element-125384a e-flex e-con-boxed e-con e-parent\" data-id=\"125384a\" data-element_type=\"container\" data-e-type=\"container\">\n\t\t\t\t\t<div class=\"e-con-inner\">\n\t\t\t\t<div class=\"elementor-element elementor-element-8d4daba elementor-widget elementor-widget-spacer\" data-id=\"8d4daba\" data-element_type=\"widget\" data-e-type=\"widget\" data-widget_type=\"spacer.default\">\n\t\t\t\t\t\t\t<div class=\"elementor-spacer\">\n\t\t\t<div class=\"elementor-spacer-inner\"><\/div>\n\t\t<\/div>\n\t\t\t\t\t\t<\/div>\n\t\t\t\t\t<\/div>\n\t\t\t\t<\/div>\n\t\t\t\t<\/div>\n\t\t","protected":false},"excerpt":{"rendered":"<p>Services routiers et poids lourds et tout ce dont vous avez besoin sur la route &#8211; sur une seule carte.tout ce dont vous avez besoin sur la route &#8211; sur une seule carte Nous offrons aux entreprises de transport un acc\u00e8s pratique \u00e0 un vaste r\u00e9seau de services bas\u00e9s sur les stations-service LUKOIL et Teboil. [&hellip;]<\/p>\n","protected":false},"author":1,"featured_media":0,"parent":0,"menu_order":0,"comment_status":"closed","ping_status":"closed","template":"","meta":{"footnotes":""},"class_list":["post-3496","page","type-page","status-publish","hentry"],"_links":{"self":[{"href":"https:\/\/betainvest.ee\/fr\/wp-json\/wp\/v2\/pages\/3496","targetHints":{"allow":["GET"]}}],"collection":[{"href":"https:\/\/betainvest.ee\/fr\/wp-json\/wp\/v2\/pages"}],"about":[{"href":"https:\/\/betainvest.ee\/fr\/wp-json\/wp\/v2\/types\/page"}],"author":[{"embeddable":true,"href":"https:\/\/betainvest.ee\/fr\/wp-json\/wp\/v2\/users\/1"}],"replies":[{"embeddable":true,"href":"https:\/\/betainvest.ee\/fr\/wp-json\/wp\/v2\/comments?post=3496"}],"version-history":[{"count":2,"href":"https:\/\/betainvest.ee\/fr\/wp-json\/wp\/v2\/pages\/3496\/revisions"}],"predecessor-version":[{"id":6424,"href":"https:\/\/betainvest.ee\/fr\/wp-json\/wp\/v2\/pages\/3496\/revisions\/6424"}],"wp:attachment":[{"href":"https:\/\/betainvest.ee\/fr\/wp-json\/wp\/v2\/media?parent=3496"}],"curies":[{"name":"wp","href":"https:\/\/api.w.org\/{rel}","templated":true}]}}