{"id":3509,"date":"2025-08-04T06:22:54","date_gmt":"2025-08-04T06:22:54","guid":{"rendered":"https:\/\/betainvest.ee\/cartes-de-carburant-pour-le-ravitaillement-en-russie-au-belarus-et-en-azerbaidjan\/"},"modified":"2025-08-26T13:10:57","modified_gmt":"2025-08-26T13:10:57","slug":"cartes-de-carburant-pour-le-ravitaillement-en-russie-au-belarus-et-en-azerbaidjan","status":"publish","type":"page","link":"https:\/\/betainvest.ee\/fr\/cartes-de-carburant-pour-le-ravitaillement-en-russie-au-belarus-et-en-azerbaidjan\/","title":{"rendered":"Cartes de carburant pour le ravitaillement en Russie, au Belarus et en Azerba\u00efdjan"},"content":{"rendered":"\t\t<div data-elementor-type=\"wp-page\" data-elementor-id=\"3509\" class=\"elementor elementor-3509 elementor-76\" data-elementor-post-type=\"page\">\n\t\t\t\t<div class=\"elementor-element elementor-element-1f4b5ad e-flex e-con-boxed e-con e-parent\" data-id=\"1f4b5ad\" data-element_type=\"container\" data-e-type=\"container\">\n\t\t\t\t\t<div class=\"e-con-inner\">\n\t\t\t\t<div class=\"elementor-element elementor-element-a9237c1 elementor-widget elementor-widget-spacer\" data-id=\"a9237c1\" data-element_type=\"widget\" data-e-type=\"widget\" data-widget_type=\"spacer.default\">\n\t\t\t\t\t\t\t<div class=\"elementor-spacer\">\n\t\t\t<div class=\"elementor-spacer-inner\"><\/div>\n\t\t<\/div>\n\t\t\t\t\t\t<\/div>\n\t\t\t\t<div class=\"elementor-element elementor-element-ec84fb6 elementor-widget elementor-widget-heading\" data-id=\"ec84fb6\" data-element_type=\"widget\" data-e-type=\"widget\" data-widget_type=\"heading.default\">\n\t\t\t\t\t<h2 class=\"elementor-heading-title elementor-size-default\">Les cartes carburant LUKOIL\/TEBOIL - plus qu'un moyen de paiement dans les stations-service<\/h2>\t\t\t\t<\/div>\n\t\t\t\t<div class=\"elementor-element elementor-element-915a0d2 elementor-widget elementor-widget-image\" data-id=\"915a0d2\" data-element_type=\"widget\" data-e-type=\"widget\" data-widget_type=\"image.default\">\n\t\t\t\t\t\t\t\t\t\t\t\t\t\t\t<img fetchpriority=\"high\" decoding=\"async\" width=\"700\" height=\"307\" src=\"https:\/\/betainvest.ee\/wp-content\/uploads\/2025\/08\/18297.jpg\" class=\"attachment-medium_large size-medium_large wp-image-721\" alt=\"\" srcset=\"https:\/\/betainvest.ee\/wp-content\/uploads\/2025\/08\/18297.jpg 700w, https:\/\/betainvest.ee\/wp-content\/uploads\/2025\/08\/18297-300x132.jpg 300w\" sizes=\"(max-width: 700px) 100vw, 700px\" \/>\t\t\t\t\t\t\t\t\t\t\t\t\t\t\t<\/div>\n\t\t\t\t<div class=\"elementor-element elementor-element-fbd54c8 elementor-widget elementor-widget-text-editor\" data-id=\"fbd54c8\" data-element_type=\"widget\" data-e-type=\"widget\" data-widget_type=\"text-editor.default\">\n\t\t\t\t\t\t\t\t\t<p>Nos cartes de carburant ne sont pas seulement un moyen de payer le carburant sans num\u00e9raire.<br data-start=\"471\" data-end=\"474\">C&rsquo;est un <strong data-start=\"478\" data-end=\"512\">outil multifonctionnel<\/strong> pour contr\u00f4ler, optimiser et d\u00e9velopper votre activit\u00e9 de transport. Elle permet de <strong data-start=\"592\" data-end=\"611\">r\u00e9duire les co\u00fbts<\/strong>, de <strong data-start=\"613\" data-end=\"636\">simplifier la logistique<\/strong> et d&rsquo;<strong data-start=\"639\" data-end=\"673\">accro\u00eetre la transparence des d\u00e9penses<\/strong> \u00e0 chaque \u00e9tape. <\/p><p data-start=\"322\" data-end=\"396\"><strong data-start=\"322\" data-end=\"396\">Une gestion efficace de la flotte commence par le bon outil<\/strong><br>Vous b\u00e9n\u00e9ficiez des avantages suivants :<br>Contr\u00f4le centralis\u00e9 des co\u00fbts<br>Toutes les transactions et tous les services sont affich\u00e9s sur une seule facture, ce qui est pratique pour l&rsquo;analyse et l&rsquo;\u00e9tablissement de rapports.<br>Fixation flexible des limites<br>Vous pouvez fixer des limites individuelles par montant, par type de transaction et par carte.<br>Des itin\u00e9raires adapt\u00e9s \u00e0 votre entreprise<br>Nous connectons les stations-service et les services appropri\u00e9s le long de votre itin\u00e9raire g\u00e9ographique, quelle que soit la taille de votre entreprise.<br>Gestion \u00e9lectronique des documents<br>Automatiser les processus &#8211; \u00e9viter les re\u00e7us et les rapports papier, \u00e9conomiser du temps et des ressources.<br>Syst\u00e8me de fid\u00e9lisation pour tous les<br>R\u00e9ductions et conditions personnalis\u00e9es &#8211; aussi bien pour les entreprises individuelles avec une seule voiture que pour les grandes entreprises avec une flotte \u00e9tendue.<br>Wide geography<br>Les cartes sont accept\u00e9es dans plus de 3 000 stations-service LUKOIL et Teboil en Russie, au Belarus et en Azerba\u00efdjan.<\/p><p data-start=\"322\" data-end=\"396\">Fixez des limites personnalis\u00e9es :<\/p><ul data-start=\"1011\" data-end=\"1128\"><li data-start=\"1011\" data-end=\"1023\"><p data-start=\"1013\" data-end=\"1023\">en montant<\/p><\/li><li data-start=\"1024\" data-end=\"1068\"><p data-start=\"1026\" data-end=\"1068\">par type d&rsquo;op\u00e9ration (carburant, service, alimentation)<\/p><\/li><li data-start=\"1069\" data-end=\"1097\"><p data-start=\"1071\" data-end=\"1097\">par jour de la semaine et par heure<\/p><\/li><li data-start=\"1098\" data-end=\"1128\"><p data-start=\"1100\" data-end=\"1128\">par carte ou conducteur<\/p><\/li><li data-start=\"1098\" data-end=\"1128\"><p data-start=\"1100\" data-end=\"1128\">Gestion \u00e9lectronique des documents<\/p><\/li><\/ul><p data-start=\"1356\" data-end=\"1476\">Ch\u00e8ques, rapports, actes, tout est num\u00e9rique.<br data-start=\"1397\" data-end=\"1400\">Plus rapide, plus transparent, plus fiable.<br data-start=\"1430\" data-end=\"1433\"><strong data-start=\"1433\" data-end=\"1476\">Int\u00e9gration compl\u00e8te dans votre syst\u00e8me comptable.<\/strong><\/p>\t\t\t\t\t\t\t\t<\/div>\n\t\t\t\t\t<\/div>\n\t\t\t\t<\/div>\n\t\t<div class=\"elementor-element elementor-element-1fa890a e-flex e-con-boxed e-con e-parent\" data-id=\"1fa890a\" data-element_type=\"container\" data-e-type=\"container\">\n\t\t\t\t\t<div class=\"e-con-inner\">\n\t\t\t\t<div class=\"elementor-element elementor-element-74b9f65 elementor-widget elementor-widget-image\" data-id=\"74b9f65\" data-element_type=\"widget\" data-e-type=\"widget\" data-widget_type=\"image.default\">\n\t\t\t\t\t\t\t\t\t\t\t\t\t\t\t<img decoding=\"async\" width=\"300\" height=\"196\" src=\"https:\/\/betainvest.ee\/wp-content\/uploads\/2025\/08\/\u0421\u043d\u0438\u043c\u043e\u043a-\u044d\u043a\u0440\u0430\u043d\u0430-2024-08-28-\u0432-17.51-300x196.jpg\" class=\"attachment-medium size-medium wp-image-761\" alt=\"\" srcset=\"https:\/\/betainvest.ee\/wp-content\/uploads\/2025\/08\/\u0421\u043d\u0438\u043c\u043e\u043a-\u044d\u043a\u0440\u0430\u043d\u0430-2024-08-28-\u0432-17.51-300x196.jpg 300w, https:\/\/betainvest.ee\/wp-content\/uploads\/2025\/08\/\u0421\u043d\u0438\u043c\u043e\u043a-\u044d\u043a\u0440\u0430\u043d\u0430-2024-08-28-\u0432-17.51-1024x668.jpg 1024w, https:\/\/betainvest.ee\/wp-content\/uploads\/2025\/08\/\u0421\u043d\u0438\u043c\u043e\u043a-\u044d\u043a\u0440\u0430\u043d\u0430-2024-08-28-\u0432-17.51-768x501.jpg 768w, https:\/\/betainvest.ee\/wp-content\/uploads\/2025\/08\/\u0421\u043d\u0438\u043c\u043e\u043a-\u044d\u043a\u0440\u0430\u043d\u0430-2024-08-28-\u0432-17.51-1536x1002.jpg 1536w, https:\/\/betainvest.ee\/wp-content\/uploads\/2025\/08\/\u0421\u043d\u0438\u043c\u043e\u043a-\u044d\u043a\u0440\u0430\u043d\u0430-2024-08-28-\u0432-17.51-2048x1336.jpg 2048w\" sizes=\"(max-width: 300px) 100vw, 300px\" \/>\t\t\t\t\t\t\t\t\t\t\t\t\t\t\t<\/div>\n\t\t\t\t<div class=\"elementor-element elementor-element-548f3ff elementor-widget elementor-widget-spacer\" data-id=\"548f3ff\" data-element_type=\"widget\" data-e-type=\"widget\" data-widget_type=\"spacer.default\">\n\t\t\t\t\t\t\t<div class=\"elementor-spacer\">\n\t\t\t<div class=\"elementor-spacer-inner\"><\/div>\n\t\t<\/div>\n\t\t\t\t\t\t<\/div>\n\t\t\t\t\t<\/div>\n\t\t\t\t<\/div>\n\t\t<div class=\"elementor-element elementor-element-628311d e-flex e-con-boxed e-con e-parent\" data-id=\"628311d\" data-element_type=\"container\" data-e-type=\"container\">\n\t\t\t\t\t<div class=\"e-con-inner\">\n\t\t\t\t<div class=\"elementor-element elementor-element-ed293c6 elementor-widget elementor-widget-heading\" data-id=\"ed293c6\" data-element_type=\"widget\" data-e-type=\"widget\" data-widget_type=\"heading.default\">\n\t\t\t\t\t<h2 class=\"elementor-heading-title elementor-size-default\">DANS VOTRE COMPTE PERSONNEL, VOUS POUVEZ<\/h2>\t\t\t\t<\/div>\n\t\t\t\t\t<\/div>\n\t\t\t\t<\/div>\n\t\t<div class=\"elementor-element elementor-element-2a24316 e-flex e-con-boxed e-con e-parent\" data-id=\"2a24316\" data-element_type=\"container\" data-e-type=\"container\">\n\t\t\t\t\t<div class=\"e-con-inner\">\n\t\t<div class=\"elementor-element elementor-element-722208e e-con-full e-flex e-con e-child\" data-id=\"722208e\" data-element_type=\"container\" data-e-type=\"container\">\n\t\t\t\t<div class=\"elementor-element elementor-element-0e2640f elementor-widget elementor-widget-image\" data-id=\"0e2640f\" data-element_type=\"widget\" data-e-type=\"widget\" data-widget_type=\"image.default\">\n\t\t\t\t\t\t\t\t\t\t\t\t\t\t\t<img decoding=\"async\" width=\"700\" height=\"307\" src=\"https:\/\/betainvest.ee\/wp-content\/uploads\/2025\/08\/14933.jpg\" class=\"attachment-medium_large size-medium_large wp-image-730\" alt=\"\" srcset=\"https:\/\/betainvest.ee\/wp-content\/uploads\/2025\/08\/14933.jpg 700w, https:\/\/betainvest.ee\/wp-content\/uploads\/2025\/08\/14933-300x132.jpg 300w\" sizes=\"(max-width: 700px) 100vw, 700px\" \/>\t\t\t\t\t\t\t\t\t\t\t\t\t\t\t<\/div>\n\t\t\t\t<\/div>\n\t\t\t\t<div class=\"elementor-element elementor-element-93de962 elementor-widget elementor-widget-text-editor\" data-id=\"93de962\" data-element_type=\"widget\" data-e-type=\"widget\" data-widget_type=\"text-editor.default\">\n\t\t\t\t\t\t\t\t\t<h4 data-start=\"926\" data-end=\"967\">Fixation souple des limites et des droits.  <strong>Connectez-vous et contr\u00f4lez les options que vous souhaitez pour vous-m\u00eame.<\/strong><\/h4><ul><li>g\u00e9rer le contrat et les cartes ;  <\/li><li>pour conna\u00eetre le solde contractuel actuel et cr\u00e9er des calendriers de paiement optimaux ;  <\/li><li>consulter les transactions en ligne ;<\/li><li>surveiller le ravitaillement en carburant v\u00e9hicule par v\u00e9hicule ;<\/li><li>g\u00e9rer les limites et les itin\u00e9raires ;<\/li><li>Recevoir la documentation comptable primaire ;<\/li><li>produire des rapports analytiques.  <\/li><\/ul>\t\t\t\t\t\t\t\t<\/div>\n\t\t\t\t\t<\/div>\n\t\t\t\t<\/div>\n\t\t<div class=\"elementor-element elementor-element-1dba592 e-flex e-con-boxed e-con e-parent\" data-id=\"1dba592\" data-element_type=\"container\" data-e-type=\"container\">\n\t\t\t\t\t<div class=\"e-con-inner\">\n\t\t\t\t<div class=\"elementor-element elementor-element-90fc2d2 elementor-widget elementor-widget-spacer\" data-id=\"90fc2d2\" data-element_type=\"widget\" data-e-type=\"widget\" data-widget_type=\"spacer.default\">\n\t\t\t\t\t\t\t<div class=\"elementor-spacer\">\n\t\t\t<div class=\"elementor-spacer-inner\"><\/div>\n\t\t<\/div>\n\t\t\t\t\t\t<\/div>\n\t\t\t\t\t<\/div>\n\t\t\t\t<\/div>\n\t\t<div class=\"elementor-element elementor-element-01807d9 e-flex e-con-boxed e-con e-parent\" data-id=\"01807d9\" data-element_type=\"container\" data-e-type=\"container\">\n\t\t\t\t\t<div class=\"e-con-inner\">\n\t\t<div class=\"elementor-element elementor-element-0e3bab8 e-con-full e-flex e-con e-child\" data-id=\"0e3bab8\" data-element_type=\"container\" data-e-type=\"container\">\n\t\t\t\t<div class=\"elementor-element elementor-element-7b4264d elementor-widget elementor-widget-text-editor\" data-id=\"7b4264d\" data-element_type=\"widget\" data-e-type=\"widget\" data-widget_type=\"text-editor.default\">\n\t\t\t\t\t\t\t\t\t<p>Toutes les transactions &#8211; carburant, services, parkings, h\u00f4tels &#8211; <strong data-start=\"843\" data-end=\"860\">sur un seul compte<\/strong>.  <\/p><p>R\u00e9ductions et conditions personnalis\u00e9es &#8211; pour les petites entreprises poss\u00e9dant un seul v\u00e9hicule comme pour les grandes flottes.<\/p>\t\t\t\t\t\t\t\t<\/div>\n\t\t\t\t<\/div>\n\t\t<div class=\"elementor-element elementor-element-e86e7b2 e-con-full e-flex e-con e-child\" data-id=\"e86e7b2\" data-element_type=\"container\" data-e-type=\"container\">\n\t\t\t\t<div class=\"elementor-element elementor-element-007623f elementor-widget elementor-widget-text-editor\" data-id=\"007623f\" data-element_type=\"widget\" data-e-type=\"widget\" data-widget_type=\"text-editor.default\">\n\t\t\t\t\t\t\t\t\t<p><strong data-start=\"2199\" data-end=\"2255\">Contr\u00f4le fiable. Service pratique. Conditions favorables.  <\/strong><\/p><p>Contactez-nous et nous mettrons votre entreprise en contact avec un syst\u00e8me qui fonctionne pour obtenir des r\u00e9sultats.<\/p>\t\t\t\t\t\t\t\t<\/div>\n\t\t\t\t<\/div>\n\t\t\t\t<div class=\"elementor-element elementor-element-04125b4 elementor-widget elementor-widget-image\" data-id=\"04125b4\" data-element_type=\"widget\" data-e-type=\"widget\" data-widget_type=\"image.default\">\n\t\t\t\t\t\t\t\t\t\t\t\t\t\t\t<img loading=\"lazy\" decoding=\"async\" width=\"300\" height=\"132\" src=\"https:\/\/betainvest.ee\/wp-content\/uploads\/2025\/08\/28988-300x132.png\" class=\"attachment-medium size-medium wp-image-712\" alt=\"\" srcset=\"https:\/\/betainvest.ee\/wp-content\/uploads\/2025\/08\/28988-300x132.png 300w, https:\/\/betainvest.ee\/wp-content\/uploads\/2025\/08\/28988-768x337.png 768w, https:\/\/betainvest.ee\/wp-content\/uploads\/2025\/08\/28988.png 980w\" sizes=\"(max-width: 300px) 100vw, 300px\" \/>\t\t\t\t\t\t\t\t\t\t\t\t\t\t\t<\/div>\n\t\t\t\t\t<\/div>\n\t\t\t\t<\/div>\n\t\t<div class=\"elementor-element elementor-element-8730930 e-flex e-con-boxed e-con e-parent\" data-id=\"8730930\" data-element_type=\"container\" data-e-type=\"container\">\n\t\t\t\t\t<div class=\"e-con-inner\">\n\t\t\t\t<div class=\"elementor-element elementor-element-4d61d3e elementor-widget elementor-widget-spacer\" data-id=\"4d61d3e\" data-element_type=\"widget\" data-e-type=\"widget\" data-widget_type=\"spacer.default\">\n\t\t\t\t\t\t\t<div class=\"elementor-spacer\">\n\t\t\t<div class=\"elementor-spacer-inner\"><\/div>\n\t\t<\/div>\n\t\t\t\t\t\t<\/div>\n\t\t\t\t\t<\/div>\n\t\t\t\t<\/div>\n\t\t\t\t<\/div>\n\t\t","protected":false},"excerpt":{"rendered":"<p>Les cartes carburant LUKOIL\/TEBOIL &#8211; plus qu&rsquo;un moyen de paiement dans les stations-service Nos cartes de carburant ne sont pas seulement un moyen de payer le carburant sans num\u00e9raire.C&rsquo;est un outil multifonctionnel pour contr\u00f4ler, optimiser et d\u00e9velopper votre activit\u00e9 de transport. Elle permet de r\u00e9duire les co\u00fbts, de simplifier la logistique et d&rsquo;accro\u00eetre la transparence [&hellip;]<\/p>\n","protected":false},"author":1,"featured_media":0,"parent":0,"menu_order":0,"comment_status":"closed","ping_status":"closed","template":"","meta":{"footnotes":""},"class_list":["post-3509","page","type-page","status-publish","hentry"],"_links":{"self":[{"href":"https:\/\/betainvest.ee\/fr\/wp-json\/wp\/v2\/pages\/3509","targetHints":{"allow":["GET"]}}],"collection":[{"href":"https:\/\/betainvest.ee\/fr\/wp-json\/wp\/v2\/pages"}],"about":[{"href":"https:\/\/betainvest.ee\/fr\/wp-json\/wp\/v2\/types\/page"}],"author":[{"embeddable":true,"href":"https:\/\/betainvest.ee\/fr\/wp-json\/wp\/v2\/users\/1"}],"replies":[{"embeddable":true,"href":"https:\/\/betainvest.ee\/fr\/wp-json\/wp\/v2\/comments?post=3509"}],"version-history":[{"count":1,"href":"https:\/\/betainvest.ee\/fr\/wp-json\/wp\/v2\/pages\/3509\/revisions"}],"predecessor-version":[{"id":3511,"href":"https:\/\/betainvest.ee\/fr\/wp-json\/wp\/v2\/pages\/3509\/revisions\/3511"}],"wp:attachment":[{"href":"https:\/\/betainvest.ee\/fr\/wp-json\/wp\/v2\/media?parent=3509"}],"curies":[{"name":"wp","href":"https:\/\/api.w.org\/{rel}","templated":true}]}}