{"id":3520,"date":"2025-08-04T06:22:54","date_gmt":"2025-08-04T06:22:54","guid":{"rendered":"https:\/\/betainvest.ee\/ventilation-des-codes\/"},"modified":"2025-08-26T13:10:57","modified_gmt":"2025-08-26T13:10:57","slug":"ventilation-des-codes","status":"publish","type":"page","link":"https:\/\/betainvest.ee\/fr\/ventilation-des-codes\/","title":{"rendered":"Ventilation des codes"},"content":{"rendered":"\t\t<div data-elementor-type=\"wp-page\" data-elementor-id=\"3520\" class=\"elementor elementor-3520\" data-elementor-post-type=\"page\">\n\t\t\t\t<div class=\"elementor-element elementor-element-24ab544 e-flex e-con-boxed e-con e-parent\" data-id=\"24ab544\" data-element_type=\"container\" data-e-type=\"container\">\n\t\t\t\t\t<div class=\"e-con-inner\">\n\t\t\t\t<div class=\"elementor-element elementor-element-fe33106 elementor-widget elementor-widget-image\" data-id=\"fe33106\" data-element_type=\"widget\" data-e-type=\"widget\" data-widget_type=\"image.default\">\n\t\t\t\t\t\t\t\t\t\t\t\t\t\t\t<img fetchpriority=\"high\" decoding=\"async\" width=\"768\" height=\"512\" src=\"https:\/\/betainvest.ee\/wp-content\/uploads\/2025\/08\/transportation-4506971_1280-768x512.webp\" class=\"attachment-medium_large size-medium_large wp-image-1005\" alt=\"\" srcset=\"https:\/\/betainvest.ee\/wp-content\/uploads\/2025\/08\/transportation-4506971_1280-768x512.webp 768w, https:\/\/betainvest.ee\/wp-content\/uploads\/2025\/08\/transportation-4506971_1280-300x200.webp 300w, https:\/\/betainvest.ee\/wp-content\/uploads\/2025\/08\/transportation-4506971_1280-1024x682.webp 1024w, https:\/\/betainvest.ee\/wp-content\/uploads\/2025\/08\/transportation-4506971_1280.webp 1280w\" sizes=\"(max-width: 768px) 100vw, 768px\" \/>\t\t\t\t\t\t\t\t\t\t\t\t\t\t\t<\/div>\n\t\t\t\t<div class=\"elementor-element elementor-element-3d2e7bf elementor-widget elementor-widget-text-editor\" data-id=\"3d2e7bf\" data-element_type=\"widget\" data-e-type=\"widget\" data-widget_type=\"text-editor.default\">\n\t\t\t\t\t\t\t\t\t<h2 data-start=\"317\" data-end=\"376\">Ventilation du code (sp\u00e9cification sommaire)<\/h2><p data-start=\"378\" data-end=\"621\">Lors de l&rsquo;importation de marchandises sur le territoire de l&rsquo;<strong data-start=\"412\" data-end=\"456\">Union \u00e9conomique eurasienne (EAEU<\/strong> ) &#8211; Russie, Bi\u00e9lorussie, Kazakhstan et autres pays &#8211; la <strong data-start=\"529\" data-end=\"581\">notification \u00e9lectronique pr\u00e9alable (EAP)<\/strong> des autorit\u00e9s douani\u00e8res est obligatoire pour chaque envoi.<\/p><p data-start=\"623\" data-end=\"741\">L&rsquo;un des \u00e9l\u00e9ments cl\u00e9s de l&rsquo;IMA est la <strong data-start=\"664\" data-end=\"699\">sp\u00e9cification r\u00e9sum\u00e9e par code<\/strong> &#8211; ce que l&rsquo;on appelle la \u00a0\u00bb <em data-start=\"717\" data-end=\"738\">ventilation par code\u00a0\u00bb.<\/em><\/p><h3 data-start=\"748\" data-end=\"782\">Ce que comprend la ventilation du code<\/h3><p data-start=\"783\" data-end=\"828\">Pour chaque type d&rsquo;\u00e9l\u00e9ment, vous devez sp\u00e9cifier :<\/p><ul data-start=\"829\" data-end=\"970\"><li data-start=\"829\" data-end=\"852\"><p data-start=\"831\" data-end=\"852\">Nom du produit<\/p><\/li><li data-start=\"853\" data-end=\"880\"><p data-start=\"855\" data-end=\"880\">Code douanier (HS)<\/p><\/li><li data-start=\"881\" data-end=\"933\"><p data-start=\"883\" data-end=\"933\">Nombre de places (palettes) dans le v\u00e9hicule<\/p><\/li><li data-start=\"934\" data-end=\"956\"><p data-start=\"936\" data-end=\"956\">Poids net et brut<\/p><\/li><li data-start=\"957\" data-end=\"970\"><p data-start=\"959\" data-end=\"970\">Co\u00fbt<\/p><\/li><\/ul><h3 data-start=\"977\" data-end=\"1009\">Pourquoi cela peut \u00eatre difficile<\/h3><p data-start=\"1010\" data-end=\"1075\">La compilation de la ventilation par code est souvent difficile en raison des \u00e9l\u00e9ments suivants :<\/p><ul data-start=\"1076\" data-end=\"1261\"><li data-start=\"1076\" data-end=\"1132\"><p data-start=\"1078\" data-end=\"1132\">Documentation incorrecte ou incompl\u00e8te de la part du fournisseur<\/p><\/li><li data-start=\"1133\" data-end=\"1179\"><p data-start=\"1135\" data-end=\"1179\">Emballage complexe ou non standard des marchandises<\/p><\/li><li data-start=\"1180\" data-end=\"1261\"><p data-start=\"1182\" data-end=\"1261\">Sp\u00e9cificit\u00e9s du syst\u00e8me d&rsquo;information particulier par lequel l&rsquo;IMA est d\u00e9livr\u00e9<\/p><\/li><\/ul><h3 data-start=\"1268\" data-end=\"1298\">Pourquoi choisir Betainvest<\/h3><p data-start=\"1299\" data-end=\"1453\">Nous avons une <strong data-start=\"1308\" data-end=\"1324\">grande exp\u00e9rience<\/strong> des documents douaniers et savons comment pr\u00e9parer la sp\u00e9cification correcte par code pour \u00e9viter les retards \u00e0 la fronti\u00e8re.<\/p><p data-start=\"1455\" data-end=\"1490\">En coop\u00e9rant avec nous, vous obtenez :<\/p><ul data-start=\"1491\" data-end=\"1660\"><li data-start=\"1491\" data-end=\"1522\"><p data-start=\"1493\" data-end=\"1522\"><strong data-start=\"1493\" data-end=\"1520\">Calculs pr\u00e9cis et complets<\/strong><\/p><\/li><li data-start=\"1523\" data-end=\"1571\"><p data-start=\"1525\" data-end=\"1571\">D\u00e9douanement correct conform\u00e9ment aux exigences douani\u00e8res<\/p><\/li><li data-start=\"1572\" data-end=\"1609\"><p data-start=\"1574\" data-end=\"1609\">Minimiser les risques de retard des cargaisons<\/p><\/li><li data-start=\"1610\" data-end=\"1660\"><p data-start=\"1612\" data-end=\"1660\">Soutien \u00e0 tous les stades de la pr\u00e9paration des documents<\/p><\/li><\/ul><p data-start=\"1667\" data-end=\"1813\">\ud83d\udcde <strong data-start=\"1670\" data-end=\"1696\">Contactez Betainvest<\/strong> et nous ferons la r\u00e9partition des codes pour votre envoi rapidement, avec comp\u00e9tence et en totale conformit\u00e9 avec les exigences douani\u00e8res.<\/p>\t\t\t\t\t\t\t\t<\/div>\n\t\t\t\t<div class=\"elementor-element elementor-element-f7a8888 elementor-align-center elementor-widget elementor-widget-button\" data-id=\"f7a8888\" data-element_type=\"widget\" data-e-type=\"widget\" data-widget_type=\"button.default\">\n\t\t\t\t\t\t\t\t\t\t<a class=\"elementor-button elementor-button-link elementor-size-sm\" href=\"#\">\n\t\t\t\t\t\t<span class=\"elementor-button-content-wrapper\">\n\t\t\t\t\t\t\t\t\t<span class=\"elementor-button-text\">Cliquez ici<\/span>\n\t\t\t\t\t<\/span>\n\t\t\t\t\t<\/a>\n\t\t\t\t\t\t\t\t<\/div>\n\t\t\t\t\t<\/div>\n\t\t\t\t<\/div>\n\t\t\t\t<\/div>\n\t\t","protected":false},"excerpt":{"rendered":"<p>Ventilation du code (sp\u00e9cification sommaire) Lors de l&rsquo;importation de marchandises sur le territoire de l&rsquo;Union \u00e9conomique eurasienne (EAEU ) &#8211; Russie, Bi\u00e9lorussie, Kazakhstan et autres pays &#8211; la notification \u00e9lectronique pr\u00e9alable (EAP) des autorit\u00e9s douani\u00e8res est obligatoire pour chaque envoi. L&rsquo;un des \u00e9l\u00e9ments cl\u00e9s de l&rsquo;IMA est la sp\u00e9cification r\u00e9sum\u00e9e par code &#8211; ce que [&hellip;]<\/p>\n","protected":false},"author":1,"featured_media":0,"parent":0,"menu_order":0,"comment_status":"closed","ping_status":"closed","template":"","meta":{"footnotes":""},"class_list":["post-3520","page","type-page","status-publish","hentry"],"_links":{"self":[{"href":"https:\/\/betainvest.ee\/fr\/wp-json\/wp\/v2\/pages\/3520","targetHints":{"allow":["GET"]}}],"collection":[{"href":"https:\/\/betainvest.ee\/fr\/wp-json\/wp\/v2\/pages"}],"about":[{"href":"https:\/\/betainvest.ee\/fr\/wp-json\/wp\/v2\/types\/page"}],"author":[{"embeddable":true,"href":"https:\/\/betainvest.ee\/fr\/wp-json\/wp\/v2\/users\/1"}],"replies":[{"embeddable":true,"href":"https:\/\/betainvest.ee\/fr\/wp-json\/wp\/v2\/comments?post=3520"}],"version-history":[{"count":1,"href":"https:\/\/betainvest.ee\/fr\/wp-json\/wp\/v2\/pages\/3520\/revisions"}],"predecessor-version":[{"id":3521,"href":"https:\/\/betainvest.ee\/fr\/wp-json\/wp\/v2\/pages\/3520\/revisions\/3521"}],"wp:attachment":[{"href":"https:\/\/betainvest.ee\/fr\/wp-json\/wp\/v2\/media?parent=3520"}],"curies":[{"name":"wp","href":"https:\/\/api.w.org\/{rel}","templated":true}]}}