{"id":3546,"date":"2025-08-04T06:22:53","date_gmt":"2025-08-04T06:22:53","guid":{"rendered":"https:\/\/betainvest.ee\/declaration-electronique-de-transit-russie\/"},"modified":"2025-08-26T13:11:09","modified_gmt":"2025-08-26T13:11:09","slug":"declaration-electronique-de-transit-russie","status":"publish","type":"page","link":"https:\/\/betainvest.ee\/fr\/declaration-electronique-de-transit-russie\/","title":{"rendered":"D\u00e9claration \u00e9lectronique de transit &#8211; Russie"},"content":{"rendered":"\t\t<div data-elementor-type=\"wp-page\" data-elementor-id=\"3546\" class=\"elementor elementor-3546 elementor-30\" data-elementor-post-type=\"page\">\n\t\t\t\t<div class=\"elementor-element elementor-element-31ab442 e-flex e-con-boxed e-con e-parent\" data-id=\"31ab442\" data-element_type=\"container\" data-e-type=\"container\">\n\t\t\t\t\t<div class=\"e-con-inner\">\n\t\t\t\t<div class=\"elementor-element elementor-element-6c3b075 elementor-widget elementor-widget-text-editor\" data-id=\"6c3b075\" data-element_type=\"widget\" data-e-type=\"widget\" data-widget_type=\"text-editor.default\">\n\t\t\t\t\t\t\t\t\t<p><u>D\u00e9claration \u00e9lectronique de transit (ETD) sur le territoire de la F\u00e9d\u00e9ration de Russie<\/u><\/p><p>Depuis mars 2017, les transporteurs routiers internationaux de marchandises livrant des marchandises \u00e9trang\u00e8res sur le territoire de la F\u00e9d\u00e9ration de Russie sont tenus de pr\u00e9senter les d\u00e9clarations de transit uniquement sous forme \u00e9lectronique. \u00c0 partir de ce moment, l&rsquo;ordonnance n\u00b0 144n du minist\u00e8re des Finances de la F\u00e9d\u00e9ration de Russie \u00a0\u00bb Sur l&rsquo;approbation de la proc\u00e9dure d&rsquo;utilisation du syst\u00e8me d&rsquo;information automatis\u00e9 unifi\u00e9 des autorit\u00e9s douani\u00e8res dans le contr\u00f4le douanier, la d\u00e9claration en douane et la mainlev\u00e9e (refus de mainlev\u00e9e) des marchandises plac\u00e9es sous le r\u00e9gime douanier du transit douanier sous forme \u00e9lectronique \u00a0\u00bb est entr\u00e9e en vigueur. <\/p><p>La d\u00e9claration de transit \u00e9lectronique est soumise en utilisant la signature \u00e9lectronique du repr\u00e9sentant en douane.<\/p><p>Betainvest offre un service de d\u00e9claration \u00e9lectronique de transit (DET) 24 heures sur 24 et 7 jours sur 7 pour votre cargaison. Nous disposons de tout ce dont vous avez besoin, y compris d&rsquo;un logiciel sp\u00e9cial et, surtout, d&rsquo;une exp\u00e9rience accumul\u00e9e dans le traitement des ETD. <\/p><p>Documents requis pour l&rsquo;ex\u00e9cution des ETD :<\/p><table width=\"100%\"><tbody><tr><td><p><strong>Titre<\/strong><\/p><\/td><td><p><strong>Description<\/strong><\/p><\/td><\/tr><tr><td><p>CMR<\/p><\/td><td><p>  Lettre de voiture internationale<\/p><\/td><\/tr><tr><td><p>FACTURE<\/p><\/td><td><p>Facture<\/p><\/td><\/tr><tr><td><p>Liste de colisage<\/p><\/td><td><p>Liste de colisage<\/p><\/td><\/tr><tr><td><p>Fiches techniques <\/p><\/td><td><p>Passeports techniques du v\u00e9hicule et de la remorque<\/p><\/td><\/tr><tr><td><p>Passeport de conducteur<\/p><\/td><td><p> <\/p><\/td><\/tr><tr><td><p>Sp\u00e9cification (si n\u00e9cessaire)<\/p><\/td><td><p>Indication des codes VED TN et ventilation par valeur et par poids<\/p><\/td><\/tr><tr><td><p>Certificat du transporteur en douane<\/p><\/td><td><p>En pr\u00e9sence de<\/p><\/td><\/tr><\/tbody><\/table><p><strong>Informations compl\u00e9mentaires n\u00e9cessaires :<\/strong><\/p><ul><li>nom du point de passage frontalier<\/li><li>le num\u00e9ro de t\u00e9l\u00e9phone portable du conducteur<\/li><li>l&rsquo;heure approximative \u00e0 laquelle le chauffeur sera \u00e0 la fronti\u00e8re<\/li><\/ul>\t\t\t\t\t\t\t\t<\/div>\n\t\t\t\t\t<\/div>\n\t\t\t\t<\/div>\n\t\t\t\t<\/div>\n\t\t","protected":false},"excerpt":{"rendered":"<p>D\u00e9claration \u00e9lectronique de transit (ETD) sur le territoire de la F\u00e9d\u00e9ration de Russie Depuis mars 2017, les transporteurs routiers internationaux de marchandises livrant des marchandises \u00e9trang\u00e8res sur le territoire de la F\u00e9d\u00e9ration de Russie sont tenus de pr\u00e9senter les d\u00e9clarations de transit uniquement sous forme \u00e9lectronique. \u00c0 partir de ce moment, l&rsquo;ordonnance n\u00b0 144n du [&hellip;]<\/p>\n","protected":false},"author":1,"featured_media":0,"parent":0,"menu_order":0,"comment_status":"closed","ping_status":"closed","template":"","meta":{"footnotes":""},"class_list":["post-3546","page","type-page","status-publish","hentry"],"_links":{"self":[{"href":"https:\/\/betainvest.ee\/fr\/wp-json\/wp\/v2\/pages\/3546","targetHints":{"allow":["GET"]}}],"collection":[{"href":"https:\/\/betainvest.ee\/fr\/wp-json\/wp\/v2\/pages"}],"about":[{"href":"https:\/\/betainvest.ee\/fr\/wp-json\/wp\/v2\/types\/page"}],"author":[{"embeddable":true,"href":"https:\/\/betainvest.ee\/fr\/wp-json\/wp\/v2\/users\/1"}],"replies":[{"embeddable":true,"href":"https:\/\/betainvest.ee\/fr\/wp-json\/wp\/v2\/comments?post=3546"}],"version-history":[{"count":1,"href":"https:\/\/betainvest.ee\/fr\/wp-json\/wp\/v2\/pages\/3546\/revisions"}],"predecessor-version":[{"id":3549,"href":"https:\/\/betainvest.ee\/fr\/wp-json\/wp\/v2\/pages\/3546\/revisions\/3549"}],"wp:attachment":[{"href":"https:\/\/betainvest.ee\/fr\/wp-json\/wp\/v2\/media?parent=3546"}],"curies":[{"name":"wp","href":"https:\/\/api.w.org\/{rel}","templated":true}]}}