{"id":3564,"date":"2025-08-04T06:22:53","date_gmt":"2025-08-04T06:22:53","guid":{"rendered":"https:\/\/betainvest.ee\/les-douanes-garantissent-la-securite-russie\/"},"modified":"2025-08-26T13:11:13","modified_gmt":"2025-08-26T13:11:13","slug":"les-douanes-garantissent-la-securite-russie","status":"publish","type":"page","link":"https:\/\/betainvest.ee\/fr\/les-douanes-garantissent-la-securite-russie\/","title":{"rendered":"Les douanes garantissent la s\u00e9curit\u00e9 &#8211; Russie"},"content":{"rendered":"\t\t<div data-elementor-type=\"wp-page\" data-elementor-id=\"3564\" class=\"elementor elementor-3564 elementor-29\" data-elementor-post-type=\"page\">\n\t\t\t\t<div class=\"elementor-element elementor-element-f6c17ee e-flex e-con-boxed e-con e-parent\" data-id=\"f6c17ee\" data-element_type=\"container\" data-e-type=\"container\">\n\t\t\t\t\t<div class=\"e-con-inner\">\n\t\t\t\t<div class=\"elementor-element elementor-element-5962973 elementor-widget elementor-widget-image\" data-id=\"5962973\" data-element_type=\"widget\" data-e-type=\"widget\" data-widget_type=\"image.default\">\n\t\t\t\t\t\t\t\t\t\t\t\t\t\t\t<img decoding=\"async\" width=\"300\" height=\"158\" src=\"https:\/\/betainvest.ee\/wp-content\/uploads\/2025\/08\/\u043c\u0435\u0436\u0434\u0443\u043d\u0430\u0440\u043e\u0434\u043d\u044b\u0435-\u0433\u0440\u0443\u0437\u044b-1-300x158.jpg\" class=\"attachment-medium size-medium wp-image-3565\" alt=\"\" srcset=\"https:\/\/betainvest.ee\/wp-content\/uploads\/2025\/08\/\u043c\u0435\u0436\u0434\u0443\u043d\u0430\u0440\u043e\u0434\u043d\u044b\u0435-\u0433\u0440\u0443\u0437\u044b-1-300x158.jpg 300w, https:\/\/betainvest.ee\/wp-content\/uploads\/2025\/08\/\u043c\u0435\u0436\u0434\u0443\u043d\u0430\u0440\u043e\u0434\u043d\u044b\u0435-\u0433\u0440\u0443\u0437\u044b-1.jpg 612w\" sizes=\"(max-width: 300px) 100vw, 300px\" \/>\t\t\t\t\t\t\t\t\t\t\t\t\t\t\t<\/div>\n\t\t\t\t<div class=\"elementor-element elementor-element-21091ab elementor-widget elementor-widget-text-editor\" data-id=\"21091ab\" data-element_type=\"widget\" data-e-type=\"widget\" data-widget_type=\"text-editor.default\">\n\t\t\t\t\t\t\t\t\t<p><strong>Enregistrement et constitution d&rsquo;une garantie pour le paiement des droits de douane et des taxes lorsque les marchandises transitent par le territoire de la F\u00e9d\u00e9ration de Russie<\/strong><\/p><ul><li>Sur le territoire de la F\u00e9d\u00e9ration de Russie, qui est membre de l&rsquo;Union \u00e9conomique eurasienne (EAEU), la proc\u00e9dure de transit douanier s&rsquo;applique au transport de marchandises \u00e9trang\u00e8res.<br>Le transporteur ou le propri\u00e9taire de la cargaison est tenu de fournir une garantie pour le paiement des droits de douane et des taxes.<br>L&rsquo;un des moyens de fournir une telle garantie est une <strong>caution<\/strong>, qui est fournie par <strong>Declarant Online.<\/strong><\/li><li>Le service de cautionnement est une solution pratique pour toute la p\u00e9riode de transit des marchandises, permettant de se passer du gel du fonds de roulement de l&rsquo;entreprise, de l&rsquo;obtention d&rsquo;une garantie bancaire ou de la mise en gage de biens.<br>Aujourd&rsquo;hui, la garantie de paiement des droits de douane peut \u00eatre d\u00e9livr\u00e9e sous la forme d&rsquo;un <strong>certificat \u00e9lectronique.<\/strong><\/li><li>Il s&rsquo;agit de la m\u00e9thode la plus moderne, la plus pratique et la plus fiable que vous pouvez facilement appliquer avec notre aide.<\/li><\/ul><p> <\/p><p><strong>Documents requis pour l&rsquo;enregistrement de la garantie dans la F\u00e9d\u00e9ration de Russie<\/strong><\/p><table><thead><tr><td><p><strong>Titre du document<\/strong><\/p><\/td><td><p><strong>Description<\/strong><\/p><\/td><\/tr><\/thead><tbody><tr><td><p>CMR<\/p><\/td><td><p>Lettre de voiture internationale<\/p><\/td><\/tr><tr><td><p>Facture (Invoice)<\/p><\/td><td><p>Facture commerciale<\/p><\/td><\/tr><tr><td><p>Liste de colisage<\/p><\/td><td><p>Liste des paquets<\/p><\/td><\/tr><tr><td><p>Fiches techniques<\/p><\/td><td><p>Documents techniques pour le v\u00e9hicule et la remorque<\/p><\/td><\/tr><tr><td><p>Passeport de conducteur<\/p><\/td><td><p>Passeport de conducteur<\/p><\/td><\/tr><tr><td><p>Carnet TIR (le cas \u00e9ch\u00e9ant)<\/p><\/td><td><p>Pour le transport routier international<\/p><\/td><\/tr><tr><td><p>Sp\u00e9cification (si n\u00e9cessaire)<\/p><\/td><td><p>Sp\u00e9cifier les codes TN VED, la valeur et le poids<\/p><\/td><\/tr><tr><td><p>Certificat douanier de transporteur<\/p><p> <\/p><\/td><td><p>En pr\u00e9sence de<\/p><\/td><\/tr><\/tbody><\/table><p> <\/p><p><strong>En outre, vous devez sp\u00e9cifier :<\/strong><\/p><ul><li data-start=\"4243\" data-end=\"4280\">Nom du point de passage frontalier<\/li><li data-start=\"4283\" data-end=\"4309\">Num\u00e9ro de portable du conducteur<\/li><li data-start=\"4312\" data-end=\"4354\">Heure d&rsquo;arriv\u00e9e pr\u00e9vue \u00e0 la fronti\u00e8re<\/li><\/ul>\t\t\t\t\t\t\t\t<\/div>\n\t\t\t\t\t<\/div>\n\t\t\t\t<\/div>\n\t\t\t\t<\/div>\n\t\t","protected":false},"excerpt":{"rendered":"<p>Enregistrement et constitution d&rsquo;une garantie pour le paiement des droits de douane et des taxes lorsque les marchandises transitent par le territoire de la F\u00e9d\u00e9ration de Russie Sur le territoire de la F\u00e9d\u00e9ration de Russie, qui est membre de l&rsquo;Union \u00e9conomique eurasienne (EAEU), la proc\u00e9dure de transit douanier s&rsquo;applique au transport de marchandises \u00e9trang\u00e8res.Le transporteur [&hellip;]<\/p>\n","protected":false},"author":1,"featured_media":0,"parent":0,"menu_order":0,"comment_status":"closed","ping_status":"closed","template":"","meta":{"footnotes":""},"class_list":["post-3564","page","type-page","status-publish","hentry"],"_links":{"self":[{"href":"https:\/\/betainvest.ee\/fr\/wp-json\/wp\/v2\/pages\/3564","targetHints":{"allow":["GET"]}}],"collection":[{"href":"https:\/\/betainvest.ee\/fr\/wp-json\/wp\/v2\/pages"}],"about":[{"href":"https:\/\/betainvest.ee\/fr\/wp-json\/wp\/v2\/types\/page"}],"author":[{"embeddable":true,"href":"https:\/\/betainvest.ee\/fr\/wp-json\/wp\/v2\/users\/1"}],"replies":[{"embeddable":true,"href":"https:\/\/betainvest.ee\/fr\/wp-json\/wp\/v2\/comments?post=3564"}],"version-history":[{"count":1,"href":"https:\/\/betainvest.ee\/fr\/wp-json\/wp\/v2\/pages\/3564\/revisions"}],"predecessor-version":[{"id":3567,"href":"https:\/\/betainvest.ee\/fr\/wp-json\/wp\/v2\/pages\/3564\/revisions\/3567"}],"wp:attachment":[{"href":"https:\/\/betainvest.ee\/fr\/wp-json\/wp\/v2\/media?parent=3564"}],"curies":[{"name":"wp","href":"https:\/\/api.w.org\/{rel}","templated":true}]}}