{"id":3627,"date":"2025-08-04T06:22:53","date_gmt":"2025-08-04T06:22:53","guid":{"rendered":"https:\/\/betainvest.ee\/declaration-electronique-de-transit-belarus\/"},"modified":"2025-08-26T13:11:31","modified_gmt":"2025-08-26T13:11:31","slug":"declaration-electronique-de-transit-belarus","status":"publish","type":"page","link":"https:\/\/betainvest.ee\/fr\/declaration-electronique-de-transit-belarus\/","title":{"rendered":"D\u00e9claration \u00e9lectronique de transit &#8211; Belarus"},"content":{"rendered":"\t\t<div data-elementor-type=\"wp-page\" data-elementor-id=\"3627\" class=\"elementor elementor-3627 elementor-33\" data-elementor-post-type=\"page\">\n\t\t\t\t<div class=\"elementor-element elementor-element-6615869 e-flex e-con-boxed e-con e-parent\" data-id=\"6615869\" data-element_type=\"container\" data-e-type=\"container\">\n\t\t\t\t\t<div class=\"e-con-inner\">\n\t\t\t\t<div class=\"elementor-element elementor-element-dfc871e elementor-widget elementor-widget-text-editor\" data-id=\"dfc871e\" data-element_type=\"widget\" data-e-type=\"widget\" data-widget_type=\"text-editor.default\">\n\t\t\t\t\t\t\t\t\t<p><strong>Enregistrement et constitution d&rsquo;une garantie pour le paiement des droits de douane et des taxes lors du transport de marchandises sur le territoire de la R\u00e9publique du Belarus<\/strong><\/p><p>Sur le territoire de la <strong>R\u00e9publique du Belarus<\/strong>, qui est membre de l&rsquo;<strong>Union \u00e9conomique eurasienne (EAEU)<\/strong>, la <strong>proc\u00e9dure de transit douanier<\/strong> s&rsquo;applique au transport de marchandises \u00e9trang\u00e8res. Dans le cadre de cette proc\u00e9dure, le transporteur ou le propri\u00e9taire de la cargaison est tenu de <strong>fournir une garantie de paiement des droits de douane et des taxes<\/strong>. <\/p><p>L&rsquo;utilisation d&rsquo;<strong>un<\/strong> <strong>certificat de garantie<\/strong> confirmant le paiement des droits et taxes par le biais d&rsquo;un <strong>m\u00e9canisme de cautionnement<\/strong>.<\/p><p>Le service de cautionnement \u00e9vite de geler le fonds de roulement, d&rsquo;obtenir une garantie bancaire ou de mettre des biens en gage &#8211; une <strong>solution pratique<\/strong> pour la dur\u00e9e du transit.<\/p><p>Aujourd&rsquo;hui, le <strong>certificat de garantie douani\u00e8re peut \u00eatre d\u00e9livr\u00e9 par voie \u00e9lectronique<\/strong>. Le conducteur re\u00e7oit le certificat imprim\u00e9 \u00e0 l&rsquo;un des points de d\u00e9livrance dans l&rsquo;UE. <\/p><ul><li><strong>Point d&rsquo;ouverture du transit<\/strong>: tout bureau de douane de la R\u00e9publique du Belarus<\/li><li><strong>Point de fermeture du transit<\/strong>: tout bureau de douane dans les pays de l&rsquo;EEE (Russie, Belarus, Kazakhstan, Kirghizstan).<\/li><\/ul><p><strong>  Documents requis pour l&rsquo;obtention d&rsquo;une habilitation de s\u00e9curit\u00e9 au Belarus<\/strong><\/p><table><thead><tr><td><p><strong>Titre du document<\/strong><\/p><\/td><td><p><strong>Description<\/strong><\/p><\/td><\/tr><\/thead><tbody><tr><td><p>CMR<\/p><\/td><td><p>Lettre de voiture internationale<\/p><\/td><\/tr><tr><td><p>Facture (Invoice)<\/p><\/td><td><p>Facture commerciale \/ document de vente \/ description des marchandises (en russe)<\/p><\/td><\/tr><tr><td><p>Liste de colisage<\/p><\/td><td><p>Liste des paquets<\/p><\/td><\/tr><tr><td><p>Documents techniques<\/p><\/td><td><p>Documents techniques du v\u00e9hicule et de la remorque \/ CTS ou donn\u00e9es du VIN et de la plaque d&rsquo;immatriculation <\/p><\/td><\/tr><tr><td><p>Passeport de conducteur<\/p><\/td><td><p>Passeport du conducteur<\/p><\/td><\/tr><tr><td><p>Carte TIR (si n\u00e9cessaire)<\/p><\/td><td><p>Carte TIR pour le transport international<\/p><\/td><\/tr><tr><td><p>Sp\u00e9cification (si n\u00e9cessaire)<\/p><\/td><td><p>Sp\u00e9cification des codes TN VED, du poids et de la valeur<\/p><\/td><\/tr><tr><td><p>Certificat douanier de transporteur<\/p><\/td><td><p>En pr\u00e9sence de<\/p><\/td><\/tr><\/tbody><\/table><p><strong>Co\u00fbt du service<\/strong><\/p><ul><li>D\u00e9pend du montant de la garantie et de la distance de transit<\/li><\/ul><p><strong>  En outre, vous devez sp\u00e9cifier :<\/strong><\/p><ul><li>Nom du point de passage frontalier<\/li><li>Num\u00e9ro de portable du conducteur<\/li><li>Heure d&rsquo;arriv\u00e9e pr\u00e9vue \u00e0 la fronti\u00e8re<\/li><\/ul><p> <\/p>\t\t\t\t\t\t\t\t<\/div>\n\t\t\t\t\t<\/div>\n\t\t\t\t<\/div>\n\t\t<div class=\"elementor-element elementor-element-e86906b e-flex e-con-boxed e-con e-parent\" data-id=\"e86906b\" data-element_type=\"container\" data-e-type=\"container\">\n\t\t\t\t\t<div class=\"e-con-inner\">\n\t\t\t\t<div class=\"elementor-element elementor-element-fdeaa0b elementor-widget elementor-widget-spacer\" data-id=\"fdeaa0b\" data-element_type=\"widget\" data-e-type=\"widget\" data-widget_type=\"spacer.default\">\n\t\t\t\t\t\t\t<div class=\"elementor-spacer\">\n\t\t\t<div class=\"elementor-spacer-inner\"><\/div>\n\t\t<\/div>\n\t\t\t\t\t\t<\/div>\n\t\t\t\t\t<\/div>\n\t\t\t\t<\/div>\n\t\t\t\t<\/div>\n\t\t","protected":false},"excerpt":{"rendered":"<p>Enregistrement et constitution d&rsquo;une garantie pour le paiement des droits de douane et des taxes lors du transport de marchandises sur le territoire de la R\u00e9publique du Belarus Sur le territoire de la R\u00e9publique du Belarus, qui est membre de l&rsquo;Union \u00e9conomique eurasienne (EAEU), la proc\u00e9dure de transit douanier s&rsquo;applique au transport de marchandises \u00e9trang\u00e8res. [&hellip;]<\/p>\n","protected":false},"author":1,"featured_media":0,"parent":0,"menu_order":0,"comment_status":"closed","ping_status":"closed","template":"","meta":{"footnotes":""},"class_list":["post-3627","page","type-page","status-publish","hentry"],"_links":{"self":[{"href":"https:\/\/betainvest.ee\/fr\/wp-json\/wp\/v2\/pages\/3627","targetHints":{"allow":["GET"]}}],"collection":[{"href":"https:\/\/betainvest.ee\/fr\/wp-json\/wp\/v2\/pages"}],"about":[{"href":"https:\/\/betainvest.ee\/fr\/wp-json\/wp\/v2\/types\/page"}],"author":[{"embeddable":true,"href":"https:\/\/betainvest.ee\/fr\/wp-json\/wp\/v2\/users\/1"}],"replies":[{"embeddable":true,"href":"https:\/\/betainvest.ee\/fr\/wp-json\/wp\/v2\/comments?post=3627"}],"version-history":[{"count":1,"href":"https:\/\/betainvest.ee\/fr\/wp-json\/wp\/v2\/pages\/3627\/revisions"}],"predecessor-version":[{"id":3628,"href":"https:\/\/betainvest.ee\/fr\/wp-json\/wp\/v2\/pages\/3627\/revisions\/3628"}],"wp:attachment":[{"href":"https:\/\/betainvest.ee\/fr\/wp-json\/wp\/v2\/media?parent=3627"}],"curies":[{"name":"wp","href":"https:\/\/api.w.org\/{rel}","templated":true}]}}