{"id":3670,"date":"2025-08-04T06:22:53","date_gmt":"2025-08-04T06:22:53","guid":{"rendered":"https:\/\/betainvest.ee\/notification-prealable-electronique-russie\/"},"modified":"2025-08-26T13:11:36","modified_gmt":"2025-08-26T13:11:36","slug":"notification-prealable-electronique-russie","status":"publish","type":"page","link":"https:\/\/betainvest.ee\/fr\/notification-prealable-electronique-russie\/","title":{"rendered":"Notification pr\u00e9alable \u00e9lectronique &#8211; Russie"},"content":{"rendered":"\t\t<div data-elementor-type=\"wp-page\" data-elementor-id=\"3670\" class=\"elementor elementor-3670 elementor-31\" data-elementor-post-type=\"page\">\n\t\t\t\t<div class=\"elementor-element elementor-element-04fbe4e e-flex e-con-boxed e-con e-parent\" data-id=\"04fbe4e\" data-element_type=\"container\" data-e-type=\"container\">\n\t\t\t\t\t<div class=\"e-con-inner\">\n\t\t\t\t<div class=\"elementor-element elementor-element-9de79b3 elementor-widget elementor-widget-text-editor\" data-id=\"9de79b3\" data-element_type=\"widget\" data-e-type=\"widget\" data-widget_type=\"text-editor.default\">\n\t\t\t\t\t\t\t\t\t<p><u>Formalisation \u00e9lectronique de l&rsquo;information pr\u00e9alable (EPI) sur le territoire de la F\u00e9d\u00e9ration de Russie<\/u><\/p><p>La notification \u00e9lectronique pr\u00e9alable aux autorit\u00e9s douani\u00e8res (EAPI) est obligatoire depuis juin 2012, conform\u00e9ment \u00e0 la d\u00e9cision n\u00b0 899 de la Commission de l&rsquo;Union douani\u00e8re relative \u00e0 l&rsquo;introduction de la notification pr\u00e9alable obligatoire des marchandises import\u00e9es sur le territoire douanier de l&rsquo;Union douani\u00e8re par transport routier. Les autorit\u00e9s douani\u00e8res sont inform\u00e9es \u00e0 l&rsquo;avance, au moins deux heures \u00e0 l&rsquo;avance, avec des informations d\u00e9taill\u00e9es sur le transport et les marchandises import\u00e9es sur le territoire de l&rsquo;Union \u00e9conomique eurasienne (EAEU). Les douanes attribuent un num\u00e9ro d&rsquo;identification du transport \u00e0 la demande en guise de confirmation.  <\/p><p>Cette r\u00e8gle a \u00e9t\u00e9 introduite pour faciliter le processus de d\u00e9douanement et de contr\u00f4le douanier et pour augmenter la capacit\u00e9 des points de contr\u00f4le \u00e0 la fronti\u00e8re de l&rsquo;\u00c9tat de la F\u00e9d\u00e9ration de Russie.<\/p><p>Mais vous n&rsquo;avez pas besoin de vous plonger dans les nuances de l&rsquo;enregistrement, Betainvest s&rsquo;en charge. Nous \u00e9tablissons pour vous l&rsquo;EPI par voie \u00e9lectronique et envoyons imm\u00e9diatement le num\u00e9ro sur le t\u00e9l\u00e9phone du chauffeur. Ensuite, le chauffeur se pr\u00e9sentera au point de contr\u00f4le douanier, pr\u00e9sentera le num\u00e9ro d&rsquo;identification et commencera imm\u00e9diatement le traitement de la cargaison.  <\/p><p>Documents n\u00e9cessaires \u00e0 l&rsquo;enregistrement de l&rsquo;IMA &#8211; RF :<\/p><table width=\"100%\"><tbody><tr><td><p><strong>Titre<\/strong><\/p><\/td><td><p><strong>Description<\/strong><\/p><\/td><\/tr><tr><td><p>TIR<\/p><\/td><td><p>Carnet TIR (transport routier international)<\/p><\/td><\/tr><tr><td><p>CMR<\/p><\/td><td><p>Lettre de voiture internationale<\/p><\/td><\/tr><tr><td><p>FACTURE<\/p><\/td><td><p>Facture<\/p><\/td><\/tr><tr><td><p>Liste de colisage<\/p><\/td><td><p>Liste de colisage<\/p><\/td><\/tr><tr><td><p>Fiches techniques <\/p><\/td><td><p>Passeports techniques du v\u00e9hicule et de la remorque<\/p><\/td><\/tr><tr><td><p>Passeport de conducteur<\/p><\/td><td><p> <\/p><\/td><\/tr><\/tbody><\/table><p>Informations compl\u00e9mentaires n\u00e9cessaires :<\/p><ul><li>nom du point de passage frontalier<\/li><li>le num\u00e9ro de t\u00e9l\u00e9phone portable du conducteur<\/li><li>l&rsquo;heure approximative \u00e0 laquelle le chauffeur sera \u00e0 la fronti\u00e8re<\/li><\/ul>\t\t\t\t\t\t\t\t<\/div>\n\t\t\t\t\t<\/div>\n\t\t\t\t<\/div>\n\t\t<div class=\"elementor-element elementor-element-7a3c914 e-flex e-con-boxed e-con e-parent\" data-id=\"7a3c914\" data-element_type=\"container\" data-e-type=\"container\">\n\t\t\t\t\t<div class=\"e-con-inner\">\n\t\t\t\t<div class=\"elementor-element elementor-element-74eef4f elementor-widget elementor-widget-spacer\" data-id=\"74eef4f\" data-element_type=\"widget\" data-e-type=\"widget\" data-widget_type=\"spacer.default\">\n\t\t\t\t\t\t\t<div class=\"elementor-spacer\">\n\t\t\t<div class=\"elementor-spacer-inner\"><\/div>\n\t\t<\/div>\n\t\t\t\t\t\t<\/div>\n\t\t\t\t\t<\/div>\n\t\t\t\t<\/div>\n\t\t\t\t<\/div>\n\t\t","protected":false},"excerpt":{"rendered":"<p>Formalisation \u00e9lectronique de l&rsquo;information pr\u00e9alable (EPI) sur le territoire de la F\u00e9d\u00e9ration de Russie La notification \u00e9lectronique pr\u00e9alable aux autorit\u00e9s douani\u00e8res (EAPI) est obligatoire depuis juin 2012, conform\u00e9ment \u00e0 la d\u00e9cision n\u00b0 899 de la Commission de l&rsquo;Union douani\u00e8re relative \u00e0 l&rsquo;introduction de la notification pr\u00e9alable obligatoire des marchandises import\u00e9es sur le territoire douanier de [&hellip;]<\/p>\n","protected":false},"author":1,"featured_media":0,"parent":0,"menu_order":0,"comment_status":"closed","ping_status":"closed","template":"","meta":{"footnotes":""},"class_list":["post-3670","page","type-page","status-publish","hentry"],"_links":{"self":[{"href":"https:\/\/betainvest.ee\/fr\/wp-json\/wp\/v2\/pages\/3670","targetHints":{"allow":["GET"]}}],"collection":[{"href":"https:\/\/betainvest.ee\/fr\/wp-json\/wp\/v2\/pages"}],"about":[{"href":"https:\/\/betainvest.ee\/fr\/wp-json\/wp\/v2\/types\/page"}],"author":[{"embeddable":true,"href":"https:\/\/betainvest.ee\/fr\/wp-json\/wp\/v2\/users\/1"}],"replies":[{"embeddable":true,"href":"https:\/\/betainvest.ee\/fr\/wp-json\/wp\/v2\/comments?post=3670"}],"version-history":[{"count":1,"href":"https:\/\/betainvest.ee\/fr\/wp-json\/wp\/v2\/pages\/3670\/revisions"}],"predecessor-version":[{"id":3671,"href":"https:\/\/betainvest.ee\/fr\/wp-json\/wp\/v2\/pages\/3670\/revisions\/3671"}],"wp:attachment":[{"href":"https:\/\/betainvest.ee\/fr\/wp-json\/wp\/v2\/media?parent=3670"}],"curies":[{"name":"wp","href":"https:\/\/api.w.org\/{rel}","templated":true}]}}