{"id":3682,"date":"2025-08-04T06:22:53","date_gmt":"2025-08-04T06:22:53","guid":{"rendered":"https:\/\/betainvest.ee\/douanes-transit\/"},"modified":"2025-08-26T13:11:46","modified_gmt":"2025-08-26T13:11:46","slug":"douanes-transit","status":"publish","type":"page","link":"https:\/\/betainvest.ee\/fr\/douanes-transit\/","title":{"rendered":"Douanes\/Transit"},"content":{"rendered":"\t\t<div data-elementor-type=\"wp-page\" data-elementor-id=\"3682\" class=\"elementor elementor-3682 elementor-36\" data-elementor-post-type=\"page\">\n\t\t\t\t<div class=\"elementor-element elementor-element-f0fdc7d e-flex e-con-boxed e-con e-parent\" data-id=\"f0fdc7d\" data-element_type=\"container\" data-e-type=\"container\">\n\t\t\t\t\t<div class=\"e-con-inner\">\n\t\t\t\t<div class=\"elementor-element elementor-element-32df0b6 elementor-widget elementor-widget-spacer\" data-id=\"32df0b6\" data-element_type=\"widget\" data-e-type=\"widget\" data-widget_type=\"spacer.default\">\n\t\t\t\t\t\t\t<div class=\"elementor-spacer\">\n\t\t\t<div class=\"elementor-spacer-inner\"><\/div>\n\t\t<\/div>\n\t\t\t\t\t\t<\/div>\n\t\t\t\t<div class=\"elementor-element elementor-element-2876786 elementor-widget elementor-widget-text-editor\" data-id=\"2876786\" data-element_type=\"widget\" data-e-type=\"widget\" data-widget_type=\"text-editor.default\">\n\t\t\t\t\t\t\t\t\t<p class=\"p1\"><span class=\"s1\"><b>Notre soci\u00e9t\u00e9<\/b><\/span> fournit aux transporteurs turcs une assistance compl\u00e8te en mati\u00e8re de fret pendant le transit \u00e0 travers la Russie et le Belarus.<\/p><p class=\"p1\">Nous nous occupons de toutes les formalit\u00e9s, nous vous faisons gagner du temps et de l&rsquo;argent, nous garantissons la s\u00e9curit\u00e9 et la transparence \u00e0 chaque \u00e9tape.<\/p><hr><h2><b>\u23f1 Gain de temps<\/b><\/h2><ul><li><p class=\"p1\">Tous les documents de transit sont pr\u00e9par\u00e9s \u00e0 l&rsquo;avance, avant m\u00eame l&rsquo;arriv\u00e9e \u00e0 la fronti\u00e8re.<\/p><\/li><li><p class=\"p1\">Les conducteurs n&rsquo;ont pas besoin de chercher et d&rsquo;attendre quoi que ce soit lorsqu&rsquo;ils s&rsquo;inscrivent.<\/p><\/li><li><p class=\"p1\">Le passage de la fronti\u00e8re ne prend que tr\u00e8s peu de temps.<\/p><\/li><li><p class=\"p1\">Les \u00e9conomies maximales sont r\u00e9alis\u00e9es \u00e0 la fois dans le paiement des frais et dans l&rsquo;\u00e9limination des pertes sur les diff\u00e9rences de taux de change.<\/p><\/li><\/ul><hr><h2><b>\u2705 Garanties et transparence<\/b><\/h2><ul><li><p class=\"p1\">Tous les v\u00e9hicules sont assur\u00e9s et enregistr\u00e9s dans le syst\u00e8me <span class=\"s1\"><b>\u00ab\u00a0Platon<\/b><\/span>.<\/p><\/li><li><p class=\"p1\">Tous les droits et frais sont payables avant l&rsquo;arriv\u00e9e \u00e0 la fronti\u00e8re.<\/p><\/li><li><p class=\"p1\">Les conducteurs re\u00e7oivent un ensemble complet de documents et de lettres de garantie.<\/p><\/li><li><p class=\"p1\">Nous veillons \u00e0 ce que toutes les proc\u00e9dures douani\u00e8res soient accomplies de mani\u00e8re fiable.<\/p><\/li><\/ul><hr><h2><b>\ud83d\udcb3 Calculs pratiques et familiers<\/b><\/h2><ul><li><p class=\"p1\">Les entreprises turques paient leurs services en lires turques &#8211; de compte \u00e0 compte.<\/p><\/li><li><p class=\"p1\">Nous convertissons les fonds et payons toutes les d\u00e9penses en roubles et en roubles b\u00e9larussiens au taux de change officiel de la Banque centrale de Turquie.<\/p><\/li><li><p class=\"p1\">Vous recevez des factures et des documents de cl\u00f4ture &#8211; les d\u00e9penses officielles enregistr\u00e9es dans le service comptable.<\/p><\/li><\/ul><hr><h2><b>\ud83d\ude9b Optimiser votre vol de retour<\/b><\/h2><ul><li><p class=\"p1\">Nous prenons en charge les envois de retour en Russie pour les voitures turques afin qu&rsquo;elles ne reviennent pas \u00e0 vide.<\/p><\/li><li><p class=\"p1\">Cela permet de r\u00e9duire les frais de carburant et de g\u00e9n\u00e9rer des revenus suppl\u00e9mentaires.<\/p><\/li><li><p class=\"p1\">Les paiements des exp\u00e9diteurs russes nous parviennent en roubles et sont utilis\u00e9s pour les r\u00e8glements avec les transporteurs sans pertes de conversion.<\/p><\/li><\/ul><hr><h2><b>\ud83d\udd12 S\u00e9curit\u00e9 et contr\u00f4le<\/b><\/h2><ul><li><p class=\"p1\">Pour les biens de valeur, nous organisons une escorte par des gardes arm\u00e9s.<\/p><\/li><li><p class=\"p1\">Nous garantissons la livraison \u00e0 votre destination sans inspection ni retard.<\/p><\/li><\/ul><hr><h2><b>\ud83d\udccd Logistique et itin\u00e9raires<\/b><\/h2><ul><li><p class=\"p1\">Principaux domaines d&rsquo;intervention : points de contr\u00f4le <span class=\"s1\"><b>Lars<\/b><\/span> (G\u00e9orgie-Russie) et la travers\u00e9e du territoire de l&rsquo;Azerba\u00efdjan (<span class=\"s1\"><b>Samour<\/b><\/span>).<\/p><\/li><li><p class=\"p1\">Lorsque les chauffeurs arrivent, toutes les formalit\u00e9s administratives sont en place.<\/p><\/li><li><p class=\"p1\">En cours de route, les v\u00e9hicules peuvent faire le plein et utiliser les services routiers avec nos cartes de carburant, en payant en lires turques.<\/p><\/li><\/ul><hr><h2><b>\ud83c\udfaf Ce que les partenaires turcs re\u00e7oivent<\/b><\/h2><ul><li><p class=\"p1\">Transit rapide et garanti.<\/p><\/li><li><p class=\"p1\">Minimiser la bureaucratie et les risques de change.<\/p><\/li><li><p class=\"p1\">R\u00e9ductions significatives des co\u00fbts.<\/p><\/li><li><p class=\"p1\">Revenus suppl\u00e9mentaires gr\u00e2ce aux vols de retour.<\/p><\/li><li><p class=\"p1\">Formalisation de toutes les d\u00e9penses.<\/p><\/li><li><p class=\"p1\">S\u00e9curit\u00e9 maximale pendant le transport.<\/p><\/li><\/ul><hr><h2><b>\ud83e\udd1d Conclusion<\/b><\/h2><p class=\"p1\">En coop\u00e9rant avec notre soci\u00e9t\u00e9, les transporteurs turcs obtiennent <span class=\"s1\"><b>un partenaire fiable<\/b><\/span> pour les transports de transit. Nous organisons tous les documents, contr\u00f4lons les paiements, accompagnons les cargaisons et s\u00e9lectionnons les chargements de retour. <\/p><p class=\"p1\">\ud83d\udc49 Nous nous occupons de tout &#8211; vous \u00e9conomisez du temps, de l&rsquo;argent et des ressources.<\/p><p class=\"p1\">Contactez-nous d\u00e8s aujourd&rsquo;hui pour discuter des d\u00e9tails et commencer \u00e0 collaborer !<\/p>\t\t\t\t\t\t\t\t<\/div>\n\t\t\t\t\t<\/div>\n\t\t\t\t<\/div>\n\t\t<div class=\"elementor-element elementor-element-f3e9a33 e-flex e-con-boxed e-con e-parent\" data-id=\"f3e9a33\" data-element_type=\"container\" data-e-type=\"container\">\n\t\t\t\t\t<div class=\"e-con-inner\">\n\t\t\t\t<div class=\"elementor-element elementor-element-3ec3f99 elementor-widget elementor-widget-spacer\" data-id=\"3ec3f99\" data-element_type=\"widget\" data-e-type=\"widget\" data-widget_type=\"spacer.default\">\n\t\t\t\t\t\t\t<div class=\"elementor-spacer\">\n\t\t\t<div class=\"elementor-spacer-inner\"><\/div>\n\t\t<\/div>\n\t\t\t\t\t\t<\/div>\n\t\t\t\t<div class=\"elementor-element elementor-element-5478356 elementor-button-info elementor-align-center elementor-widget elementor-widget-button\" data-id=\"5478356\" data-element_type=\"widget\" data-e-type=\"widget\" data-widget_type=\"button.default\">\n\t\t\t\t\t\t\t\t\t\t<a class=\"elementor-button elementor-button-link elementor-size-sm elementor-animation-grow\" href=\"https:\/\/betainvest.ee\/fr\/contacts\/\">\n\t\t\t\t\t\t<span class=\"elementor-button-content-wrapper\">\n\t\t\t\t\t\t\t\t\t<span class=\"elementor-button-text\">Cliquez ici<\/span>\n\t\t\t\t\t<\/span>\n\t\t\t\t\t<\/a>\n\t\t\t\t\t\t\t\t<\/div>\n\t\t\t\t<div class=\"elementor-element elementor-element-b25e413 elementor-widget elementor-widget-spacer\" data-id=\"b25e413\" data-element_type=\"widget\" data-e-type=\"widget\" data-widget_type=\"spacer.default\">\n\t\t\t\t\t\t\t<div class=\"elementor-spacer\">\n\t\t\t<div class=\"elementor-spacer-inner\"><\/div>\n\t\t<\/div>\n\t\t\t\t\t\t<\/div>\n\t\t\t\t\t<\/div>\n\t\t\t\t<\/div>\n\t\t<div class=\"elementor-element elementor-element-9184d1a e-flex e-con-boxed e-con e-parent\" data-id=\"9184d1a\" data-element_type=\"container\" data-e-type=\"container\">\n\t\t\t\t\t<div class=\"e-con-inner\">\n\t\t\t\t<div class=\"elementor-element elementor-element-40dd37a elementor-widget-divider--view-line elementor-widget elementor-widget-divider\" data-id=\"40dd37a\" data-element_type=\"widget\" data-e-type=\"widget\" data-widget_type=\"divider.default\">\n\t\t\t\t\t\t\t<div class=\"elementor-divider\">\n\t\t\t<span class=\"elementor-divider-separator\">\n\t\t\t\t\t\t<\/span>\n\t\t<\/div>\n\t\t\t\t\t\t<\/div>\n\t\t\t\t\t<\/div>\n\t\t\t\t<\/div>\n\t\t\t\t<\/div>\n\t\t","protected":false},"excerpt":{"rendered":"<p>Notre soci\u00e9t\u00e9 fournit aux transporteurs turcs une assistance compl\u00e8te en mati\u00e8re de fret pendant le transit \u00e0 travers la Russie et le Belarus. Nous nous occupons de toutes les formalit\u00e9s, nous vous faisons gagner du temps et de l&rsquo;argent, nous garantissons la s\u00e9curit\u00e9 et la transparence \u00e0 chaque \u00e9tape. \u23f1 Gain de temps Tous les [&hellip;]<\/p>\n","protected":false},"author":1,"featured_media":0,"parent":0,"menu_order":0,"comment_status":"closed","ping_status":"closed","template":"","meta":{"footnotes":""},"class_list":["post-3682","page","type-page","status-publish","hentry"],"_links":{"self":[{"href":"https:\/\/betainvest.ee\/fr\/wp-json\/wp\/v2\/pages\/3682","targetHints":{"allow":["GET"]}}],"collection":[{"href":"https:\/\/betainvest.ee\/fr\/wp-json\/wp\/v2\/pages"}],"about":[{"href":"https:\/\/betainvest.ee\/fr\/wp-json\/wp\/v2\/types\/page"}],"author":[{"embeddable":true,"href":"https:\/\/betainvest.ee\/fr\/wp-json\/wp\/v2\/users\/1"}],"replies":[{"embeddable":true,"href":"https:\/\/betainvest.ee\/fr\/wp-json\/wp\/v2\/comments?post=3682"}],"version-history":[{"count":1,"href":"https:\/\/betainvest.ee\/fr\/wp-json\/wp\/v2\/pages\/3682\/revisions"}],"predecessor-version":[{"id":3684,"href":"https:\/\/betainvest.ee\/fr\/wp-json\/wp\/v2\/pages\/3682\/revisions\/3684"}],"wp:attachment":[{"href":"https:\/\/betainvest.ee\/fr\/wp-json\/wp\/v2\/media?parent=3682"}],"curies":[{"name":"wp","href":"https:\/\/api.w.org\/{rel}","templated":true}]}}