{"id":3713,"date":"2025-08-04T06:22:53","date_gmt":"2025-08-04T06:22:53","guid":{"rendered":"https:\/\/betainvest.ee\/declaration-de-transit-europeen-t1\/"},"modified":"2025-08-26T13:11:49","modified_gmt":"2025-08-26T13:11:49","slug":"declaration-de-transit-europeen-t1","status":"publish","type":"page","link":"https:\/\/betainvest.ee\/fr\/declaration-de-transit-europeen-t1\/","title":{"rendered":"D\u00e9claration de transit europ\u00e9en (T1)"},"content":{"rendered":"\t\t<div data-elementor-type=\"wp-page\" data-elementor-id=\"3713\" class=\"elementor elementor-3713 elementor-35\" data-elementor-post-type=\"page\">\n\t\t\t\t<div class=\"elementor-element elementor-element-d01eab4 e-flex e-con-boxed e-con e-parent\" data-id=\"d01eab4\" data-element_type=\"container\" data-e-type=\"container\">\n\t\t\t\t\t<div class=\"e-con-inner\">\n\t\t\t\t<div class=\"elementor-element elementor-element-bd330dd elementor-widget elementor-widget-text-editor\" data-id=\"bd330dd\" data-element_type=\"widget\" data-e-type=\"widget\" data-widget_type=\"text-editor.default\">\n\t\t\t\t\t\t\t\t\t<h2><u>\u00c9laboration d&rsquo;un formulaire de d\u00e9claration de transit europ\u00e9en<\/u><\/h2><p>Une d\u00e9claration de transit (T1) est requise lorsque des marchandises sont import\u00e9es dans l&rsquo;UE ou pour le transit de marchandises au sein de l&rsquo;UE (par exemple, d&rsquo;un entrep\u00f4t sous douane dans un pays de l&rsquo;UE vers le m\u00eame entrep\u00f4t dans un autre pays). La T1 est une garantie douani\u00e8re financi\u00e8re. Si, pour une raison quelconque, les marchandises ne sont pas livr\u00e9es \u00e0 la destination douani\u00e8re, l&rsquo;agent qui a \u00e9mis la garantie sera tenu de payer les droits de douane qui auraient \u00e9t\u00e9 per\u00e7us apr\u00e8s le d\u00e9douanement des marchandises dans l&rsquo;UE.  <\/p><p>T1 est utilis\u00e9 comme alternative au syst\u00e8me de garantie du Carnet TIR (TIR &#8211; Transport routier international).<\/p><p>Declarant Online \u00e9mettra et enregistrera la d\u00e9claration de douane T1 pour vos cargaisons de mani\u00e8re professionnelle et dans les plus brefs d\u00e9lais.  <\/p><h3>Documents requis pour l&rsquo;inscription \u00e0 la T1 :<\/h3><table width=\"100%\"><tbody><tr><td><p><strong>Titre<\/strong><\/p><\/td><td><p><strong>Description<\/strong><\/p><\/td><\/tr><tr><td><p>CMR<\/p><\/td><td><p>Lettre de voiture internationale<\/p><\/td><\/tr><tr><td><p>FACTURE<\/p><\/td><td><p>Facture<\/p><\/td><\/tr><tr><td><p>Liste de colisage<\/p><\/td><td><p>Liste de colisage<\/p><\/td><\/tr><\/tbody><\/table><h3><strong>Informations compl\u00e9mentaires n\u00e9cessaires :<\/strong><\/h3><ul><li>nom du point de passage frontalier<\/li><li>le num\u00e9ro de t\u00e9l\u00e9phone portable du conducteur<\/li><li>l&rsquo;heure approximative \u00e0 laquelle le chauffeur sera \u00e0 la fronti\u00e8re<\/li><\/ul>\t\t\t\t\t\t\t\t<\/div>\n\t\t\t\t\t<\/div>\n\t\t\t\t<\/div>\n\t\t<div class=\"elementor-element elementor-element-d50234e e-flex e-con-boxed e-con e-parent\" data-id=\"d50234e\" data-element_type=\"container\" data-e-type=\"container\">\n\t\t\t\t\t<div class=\"e-con-inner\">\n\t\t\t\t<div class=\"elementor-element elementor-element-cdf12a4 elementor-widget elementor-widget-spacer\" data-id=\"cdf12a4\" data-element_type=\"widget\" data-e-type=\"widget\" data-widget_type=\"spacer.default\">\n\t\t\t\t\t\t\t<div class=\"elementor-spacer\">\n\t\t\t<div class=\"elementor-spacer-inner\"><\/div>\n\t\t<\/div>\n\t\t\t\t\t\t<\/div>\n\t\t\t\t\t<\/div>\n\t\t\t\t<\/div>\n\t\t\t\t<\/div>\n\t\t","protected":false},"excerpt":{"rendered":"<p>\u00c9laboration d&rsquo;un formulaire de d\u00e9claration de transit europ\u00e9en Une d\u00e9claration de transit (T1) est requise lorsque des marchandises sont import\u00e9es dans l&rsquo;UE ou pour le transit de marchandises au sein de l&rsquo;UE (par exemple, d&rsquo;un entrep\u00f4t sous douane dans un pays de l&rsquo;UE vers le m\u00eame entrep\u00f4t dans un autre pays). La T1 est une [&hellip;]<\/p>\n","protected":false},"author":1,"featured_media":0,"parent":0,"menu_order":0,"comment_status":"closed","ping_status":"closed","template":"","meta":{"footnotes":""},"class_list":["post-3713","page","type-page","status-publish","hentry"],"_links":{"self":[{"href":"https:\/\/betainvest.ee\/fr\/wp-json\/wp\/v2\/pages\/3713","targetHints":{"allow":["GET"]}}],"collection":[{"href":"https:\/\/betainvest.ee\/fr\/wp-json\/wp\/v2\/pages"}],"about":[{"href":"https:\/\/betainvest.ee\/fr\/wp-json\/wp\/v2\/types\/page"}],"author":[{"embeddable":true,"href":"https:\/\/betainvest.ee\/fr\/wp-json\/wp\/v2\/users\/1"}],"replies":[{"embeddable":true,"href":"https:\/\/betainvest.ee\/fr\/wp-json\/wp\/v2\/comments?post=3713"}],"version-history":[{"count":1,"href":"https:\/\/betainvest.ee\/fr\/wp-json\/wp\/v2\/pages\/3713\/revisions"}],"predecessor-version":[{"id":3714,"href":"https:\/\/betainvest.ee\/fr\/wp-json\/wp\/v2\/pages\/3713\/revisions\/3714"}],"wp:attachment":[{"href":"https:\/\/betainvest.ee\/fr\/wp-json\/wp\/v2\/media?parent=3713"}],"curies":[{"name":"wp","href":"https:\/\/api.w.org\/{rel}","templated":true}]}}