{"id":3721,"date":"2025-08-04T06:22:53","date_gmt":"2025-08-04T06:22:53","guid":{"rendered":"https:\/\/betainvest.ee\/information-prealable-electronique-belarus\/"},"modified":"2025-08-26T13:11:51","modified_gmt":"2025-08-26T13:11:51","slug":"information-prealable-electronique-belarus","status":"publish","type":"page","link":"https:\/\/betainvest.ee\/fr\/information-prealable-electronique-belarus\/","title":{"rendered":"Information pr\u00e9alable \u00e9lectronique &#8211; Belarus"},"content":{"rendered":"\t\t<div data-elementor-type=\"wp-page\" data-elementor-id=\"3721\" class=\"elementor elementor-3721 elementor-34\" data-elementor-post-type=\"page\">\n\t\t\t\t<div class=\"elementor-element elementor-element-27eda8d e-flex e-con-boxed e-con e-parent\" data-id=\"27eda8d\" data-element_type=\"container\" data-e-type=\"container\">\n\t\t\t\t\t<div class=\"e-con-inner\">\n\t\t\t\t<div class=\"elementor-element elementor-element-cba68b9 elementor-widget elementor-widget-text-editor\" data-id=\"cba68b9\" data-element_type=\"widget\" data-e-type=\"widget\" data-widget_type=\"text-editor.default\">\n\t\t\t\t\t\t\t\t\t<p><u>Formalisation de la notification pr\u00e9alable \u00e9lectronique (PPE) sur le territoire de la R\u00e9publique du Belarus<\/u><\/p><p>La notification \u00e9lectronique pr\u00e9alable des autorit\u00e9s douani\u00e8res (IEP) est obligatoire lorsque des marchandises sont import\u00e9es sur le territoire de l&rsquo;Union \u00e9conomique eurasienne (EAEU) par la route et le rail. La R\u00e9publique du Belarus est membre de l&rsquo;EAEU et soutient donc le syst\u00e8me EPI. <\/p><p>Le transporteur, le transitaire ou toute autre personne autoris\u00e9e envoie une notification pr\u00e9alable \u00e0 l&rsquo;autorit\u00e9 douani\u00e8re avec des informations d\u00e9taill\u00e9es sur le transport et les marchandises import\u00e9es sur le territoire de l&rsquo;EEE. Les douanes confirment cette notification en attribuant un num\u00e9ro EPI individuel \u00e0 la demande. Le syst\u00e8me simplifie et acc\u00e9l\u00e8re la proc\u00e9dure de contr\u00f4le douanier.  <\/p><p>Betainvest d\u00e9livrera rapidement et professionnellement une IPE pour les marchandises import\u00e9es sur le territoire de la R\u00e9publique de Bi\u00e9lorussie. \u00c0 son arriv\u00e9e au poste de contr\u00f4le douanier, votre chauffeur pr\u00e9sentera le num\u00e9ro de l&rsquo;EPI, que nous lui enverrons \u00e0 l&rsquo;avance sur son t\u00e9l\u00e9phone sous la forme d&rsquo;un SMS. \u00c0 l&rsquo;aide du num\u00e9ro de l&rsquo;EPI, l&rsquo;agent des douanes trouvera des informations sur l&rsquo;envoi, les v\u00e9rifiera par rapport aux documents que le chauffeur a en main et, s&rsquo;il n&rsquo;y a pas de divergences ou d&rsquo;ambigu\u00eft\u00e9s, il d\u00e9livrera tous les documents en une seule fois.  <\/p><p><strong>Documents n\u00e9cessaires \u00e0 l&rsquo;enregistrement de l&rsquo;IMA &#8211; Belarus :<\/strong><\/p><table width=\"100%\"><tbody><tr><td><p><strong>Titre<\/strong><\/p><\/td><td><p><strong>Description<\/strong><\/p><\/td><\/tr><tr><td><p>TIR<\/p><\/td><td><p>Carnet TIR (transport routier international)<\/p><\/td><\/tr><tr><td><p>CMR<\/p><\/td><td><p>Lettre de voiture internationale<\/p><\/td><\/tr><tr><td><p>FACTURE<\/p><\/td><td><p>Facture<\/p><\/td><\/tr><tr><td><p>Liste de colisage<\/p><\/td><td><p>Liste de colisage<\/p><\/td><\/tr><tr><td><p>Fiches techniques <\/p><\/td><td><p>Passeports techniques du v\u00e9hicule et de la remorque<\/p><\/td><\/tr><tr><td><p>Passeport de conducteur<\/p><\/td><td><p> <\/p><\/td><\/tr><tr><td><p>Certificat du transporteur en douane<\/p><\/td><td><p>En pr\u00e9sence de<\/p><\/td><\/tr><tr><td><p>Certificat d&rsquo;autorisation sous scell\u00e9<\/p><\/td><td><p> <\/p><\/td><\/tr><\/tbody><\/table><p>Informations compl\u00e9mentaires n\u00e9cessaires :<\/p><ul><li>nom du point de passage frontalier<\/li><li>le num\u00e9ro de t\u00e9l\u00e9phone portable du conducteur<\/li><li>l&rsquo;heure approximative \u00e0 laquelle le chauffeur sera \u00e0 la fronti\u00e8re<\/li><\/ul>\t\t\t\t\t\t\t\t<\/div>\n\t\t\t\t\t<\/div>\n\t\t\t\t<\/div>\n\t\t<div class=\"elementor-element elementor-element-1d48f82 e-flex e-con-boxed e-con e-parent\" data-id=\"1d48f82\" data-element_type=\"container\" data-e-type=\"container\">\n\t\t\t\t\t<div class=\"e-con-inner\">\n\t\t\t\t<div class=\"elementor-element elementor-element-477e01f elementor-widget elementor-widget-spacer\" data-id=\"477e01f\" data-element_type=\"widget\" data-e-type=\"widget\" data-widget_type=\"spacer.default\">\n\t\t\t\t\t\t\t<div class=\"elementor-spacer\">\n\t\t\t<div class=\"elementor-spacer-inner\"><\/div>\n\t\t<\/div>\n\t\t\t\t\t\t<\/div>\n\t\t\t\t\t<\/div>\n\t\t\t\t<\/div>\n\t\t<div class=\"elementor-element elementor-element-82b8f59 e-flex e-con-boxed e-con e-parent\" data-id=\"82b8f59\" data-element_type=\"container\" data-e-type=\"container\">\n\t\t\t\t\t<div class=\"e-con-inner\">\n\t\t\t\t<div class=\"elementor-element elementor-element-797ef60 elementor-widget elementor-widget-spacer\" data-id=\"797ef60\" data-element_type=\"widget\" data-e-type=\"widget\" data-widget_type=\"spacer.default\">\n\t\t\t\t\t\t\t<div class=\"elementor-spacer\">\n\t\t\t<div class=\"elementor-spacer-inner\"><\/div>\n\t\t<\/div>\n\t\t\t\t\t\t<\/div>\n\t\t\t\t\t<\/div>\n\t\t\t\t<\/div>\n\t\t\t\t<\/div>\n\t\t","protected":false},"excerpt":{"rendered":"<p>Formalisation de la notification pr\u00e9alable \u00e9lectronique (PPE) sur le territoire de la R\u00e9publique du Belarus La notification \u00e9lectronique pr\u00e9alable des autorit\u00e9s douani\u00e8res (IEP) est obligatoire lorsque des marchandises sont import\u00e9es sur le territoire de l&rsquo;Union \u00e9conomique eurasienne (EAEU) par la route et le rail. La R\u00e9publique du Belarus est membre de l&rsquo;EAEU et soutient donc [&hellip;]<\/p>\n","protected":false},"author":1,"featured_media":0,"parent":0,"menu_order":0,"comment_status":"closed","ping_status":"closed","template":"","meta":{"footnotes":""},"class_list":["post-3721","page","type-page","status-publish","hentry"],"_links":{"self":[{"href":"https:\/\/betainvest.ee\/fr\/wp-json\/wp\/v2\/pages\/3721","targetHints":{"allow":["GET"]}}],"collection":[{"href":"https:\/\/betainvest.ee\/fr\/wp-json\/wp\/v2\/pages"}],"about":[{"href":"https:\/\/betainvest.ee\/fr\/wp-json\/wp\/v2\/types\/page"}],"author":[{"embeddable":true,"href":"https:\/\/betainvest.ee\/fr\/wp-json\/wp\/v2\/users\/1"}],"replies":[{"embeddable":true,"href":"https:\/\/betainvest.ee\/fr\/wp-json\/wp\/v2\/comments?post=3721"}],"version-history":[{"count":1,"href":"https:\/\/betainvest.ee\/fr\/wp-json\/wp\/v2\/pages\/3721\/revisions"}],"predecessor-version":[{"id":3722,"href":"https:\/\/betainvest.ee\/fr\/wp-json\/wp\/v2\/pages\/3721\/revisions\/3722"}],"wp:attachment":[{"href":"https:\/\/betainvest.ee\/fr\/wp-json\/wp\/v2\/media?parent=3721"}],"curies":[{"name":"wp","href":"https:\/\/api.w.org\/{rel}","templated":true}]}}