{"id":3746,"date":"2025-08-04T06:22:53","date_gmt":"2025-08-04T06:22:53","guid":{"rendered":"https:\/\/betainvest.ee\/materiel-utile\/"},"modified":"2025-08-26T13:12:04","modified_gmt":"2025-08-26T13:12:04","slug":"materiel-utile","status":"publish","type":"page","link":"https:\/\/betainvest.ee\/fr\/materiel-utile\/","title":{"rendered":"Mat\u00e9riel utile"},"content":{"rendered":"\t\t<div data-elementor-type=\"wp-page\" data-elementor-id=\"3746\" class=\"elementor elementor-3746 elementor-53\" data-elementor-post-type=\"page\">\n\t\t\t\t<div class=\"elementor-element elementor-element-cad2010 e-flex e-con-boxed e-con e-parent\" data-id=\"cad2010\" data-element_type=\"container\" data-e-type=\"container\">\n\t\t\t\t\t<div class=\"e-con-inner\">\n\t\t\t\t<div class=\"elementor-element elementor-element-299b138 elementor-widget elementor-widget-text-editor\" data-id=\"299b138\" data-element_type=\"widget\" data-e-type=\"widget\" data-widget_type=\"text-editor.default\">\n\t\t\t\t\t\t\t\t\t<h2><b>Changements r\u00e9cents qu&rsquo;il est important de conna\u00eetre<\/b><\/h2><h3><b>1. R\u00e9ductions sur les transports ferroviaires pour l&rsquo;industrie houill\u00e8re<\/b><\/h3><p class=\"p3\">Le gouvernement offre des r\u00e9ductions allant jusqu&rsquo;\u00e0 <span class=\"s2\"><b>60 % sur les trajets ferroviaires longue distance<\/b><\/span> pour le transport du charbon et subventionne les chemins de fer russes pour soutenir l&rsquo;industrie, comme le propose une lettre du vice-premier ministre Novak au pr\u00e9sident russe. Ces mesures permettront de maintenir la logistique du charbon malgr\u00e9 les pressions ext\u00e9rieures. <span class=\"Apple-converted-space\">  <\/span><\/p><hr><h3><b>2. Nouvelle forme de document de transport pour le transport multimodal<\/b><\/h3><p class=\"p3\">Le minist\u00e8re des transports a approuv\u00e9 une nouvelle forme de document pour le <span class=\"s2\"><b>transport combin\u00e9<\/b><\/span> (par exemple, route + rail + mer), qui sera obligatoire pour les entreprises de logistique.<span class=\"Apple-converted-space\">  <\/span><\/p><hr><h3><b>3 Modifications du code des infractions administratives (CAO RF)<\/b><\/h3><p class=\"p3\">Le 1er septembre 2025, les amendements au CAO contenant des amendes et des exigences mises \u00e0 jour, y compris pour les participants \u00e0 la logistique du transport, entreront en vigueur.<span class=\"Apple-converted-space\">  <\/span><\/p><hr><h3><b>4. Simplification du r\u00e9gime des visas pour les conducteurs et discussion sur la lev\u00e9e de l&rsquo;interdiction du cabotage<\/b><\/h3><p class=\"p3\">Le minist\u00e8re des transports a \u00e9labor\u00e9 un projet de loi visant \u00e0 simplifier l&rsquo;obtention de visas pour les conducteurs, y compris dans les r\u00e9gions frontali\u00e8res avec la Chine. En outre, il discute de la lev\u00e9e de l&rsquo;interdiction du transport maritime \u00e0 courte distance par des transporteurs \u00e9trangers. <span class=\"s2\"><b>sur le transport maritime \u00e0 courte distance par des transporteurs \u00e9trangers<\/b><\/span>. <span class=\"Apple-converted-space\">  <\/span><\/p><hr><h3><b>5. Nouvelles r\u00e9glementations sur le contr\u00f4le du poids et des dimensions<\/b><\/h3><p class=\"p3\">\u00c0 partir du 1er mars 2025 <span class=\"s2\"><b>points de contr\u00f4le automatique du poids et des dimensions<\/b><\/span> (AHTC) sur les routes. Les conducteurs sont tenus de s&rsquo;arr\u00eater et d&rsquo;\u00eatre contr\u00f4l\u00e9s \u00e0 la demande des inspecteurs. <span class=\"Apple-converted-space\">  <\/span><\/p><hr><h3><b>6. Augmentation des amendes pour les infractions routi\u00e8res<\/b><\/h3><p class=\"p3\">Le 1er mai 2025, d&rsquo;importantes modifications du code de la route sont entr\u00e9es en vigueur :<\/p><ul><li><p class=\"p1\">Les amendes pour feux rouges augmentent \u00e0 <span class=\"s1\"><b>2 500 \u20bd<\/b><\/span>.<\/p><\/li><li><p class=\"p1\">La r\u00e9paration des infractions est devenue plus avanc\u00e9e sur le plan technologique.<span class=\"Apple-converted-space\">  <\/span><\/p><p class=\"p1\">Par ailleurs, les contre-indications m\u00e9dicales et les contr\u00f4les pour les v\u00e9hicules lourds et de grande taille ont \u00e9t\u00e9 renforc\u00e9s \u00e0 partir de septembre 2025.<span class=\"Apple-converted-space\">  <\/span><\/p><\/li><\/ul><hr><h3><b>7. Avis obligatoire de r\u00e9siliation de l&rsquo;assurance CMTPL<\/b><\/h3><p class=\"p3\">Au deuxi\u00e8me trimestre 2025, le portail Gosuslugi commencera \u00e0 envoyer des rappels concernant l&rsquo;expiration des polices d&rsquo;assurance CMTPL (un mois, trois jours et le jour de l&rsquo;expiration).<\/p><p class=\"p3\">Des cam\u00e9ras capables de contr\u00f4ler automatiquement l&rsquo;assurance CMTPL sont \u00e9galement test\u00e9es dans cinq r\u00e9gions.<span class=\"Apple-converted-space\">  <\/span><\/p><hr><h3><b>8. Loi sur les restrictions \u00e0 la recherche de mat\u00e9riel extr\u00e9miste<\/b><\/h3><p class=\"p3\">La loi f\u00e9d\u00e9rale n\u00b0 281-FZ (sign\u00e9e le 31 juillet 2025) pr\u00e9voit des amendes pour <span class=\"s2\"><b>la recherche intentionnelle de mat\u00e9riel figurant sur la liste f\u00e9d\u00e9rale de mat\u00e9riel extr\u00e9miste<\/b><\/span>y compris les publicit\u00e9s VPN.<span class=\"Apple-converted-space\">  <\/span><\/p>\t\t\t\t\t\t\t\t<\/div>\n\t\t\t\t<div class=\"elementor-element elementor-element-ef13718 elementor-widget-divider--view-line elementor-widget elementor-widget-divider\" data-id=\"ef13718\" data-element_type=\"widget\" data-e-type=\"widget\" data-widget_type=\"divider.default\">\n\t\t\t\t\t\t\t<div class=\"elementor-divider\">\n\t\t\t<span class=\"elementor-divider-separator\">\n\t\t\t\t\t\t<\/span>\n\t\t<\/div>\n\t\t\t\t\t\t<\/div>\n\t\t\t\t\t<\/div>\n\t\t\t\t<\/div>\n\t\t\t\t<\/div>\n\t\t","protected":false},"excerpt":{"rendered":"<p>Changements r\u00e9cents qu&rsquo;il est important de conna\u00eetre 1. R\u00e9ductions sur les transports ferroviaires pour l&rsquo;industrie houill\u00e8re Le gouvernement offre des r\u00e9ductions allant jusqu&rsquo;\u00e0 60 % sur les trajets ferroviaires longue distance pour le transport du charbon et subventionne les chemins de fer russes pour soutenir l&rsquo;industrie, comme le propose une lettre du vice-premier ministre Novak [&hellip;]<\/p>\n","protected":false},"author":1,"featured_media":0,"parent":0,"menu_order":0,"comment_status":"closed","ping_status":"closed","template":"","meta":{"footnotes":""},"class_list":["post-3746","page","type-page","status-publish","hentry"],"_links":{"self":[{"href":"https:\/\/betainvest.ee\/fr\/wp-json\/wp\/v2\/pages\/3746","targetHints":{"allow":["GET"]}}],"collection":[{"href":"https:\/\/betainvest.ee\/fr\/wp-json\/wp\/v2\/pages"}],"about":[{"href":"https:\/\/betainvest.ee\/fr\/wp-json\/wp\/v2\/types\/page"}],"author":[{"embeddable":true,"href":"https:\/\/betainvest.ee\/fr\/wp-json\/wp\/v2\/users\/1"}],"replies":[{"embeddable":true,"href":"https:\/\/betainvest.ee\/fr\/wp-json\/wp\/v2\/comments?post=3746"}],"version-history":[{"count":1,"href":"https:\/\/betainvest.ee\/fr\/wp-json\/wp\/v2\/pages\/3746\/revisions"}],"predecessor-version":[{"id":3748,"href":"https:\/\/betainvest.ee\/fr\/wp-json\/wp\/v2\/pages\/3746\/revisions\/3748"}],"wp:attachment":[{"href":"https:\/\/betainvest.ee\/fr\/wp-json\/wp\/v2\/media?parent=3746"}],"curies":[{"name":"wp","href":"https:\/\/api.w.org\/{rel}","templated":true}]}}