{"id":3759,"date":"2025-08-04T06:22:53","date_gmt":"2025-08-04T06:22:53","guid":{"rendered":"https:\/\/betainvest.ee\/commerce-exterieur-projets\/"},"modified":"2025-08-26T13:12:04","modified_gmt":"2025-08-26T13:12:04","slug":"commerce-exterieur-projets","status":"publish","type":"page","link":"https:\/\/betainvest.ee\/fr\/commerce-exterieur-projets\/","title":{"rendered":"Commerce ext\u00e9rieur\/projets"},"content":{"rendered":"\t\t<div data-elementor-type=\"wp-page\" data-elementor-id=\"3759\" class=\"elementor elementor-3759 elementor-40\" data-elementor-post-type=\"page\">\n\t\t\t\t<div class=\"elementor-element elementor-element-a5d0d44 e-flex e-con-boxed e-con e-parent\" data-id=\"a5d0d44\" data-element_type=\"container\" data-e-type=\"container\">\n\t\t\t\t\t<div class=\"e-con-inner\">\n\t\t\t\t<div class=\"elementor-element elementor-element-e00b40d elementor-widget elementor-widget-text-editor\" data-id=\"e00b40d\" data-element_type=\"widget\" data-e-type=\"widget\" data-widget_type=\"text-editor.default\">\n\t\t\t\t\t\t\t\t\t<h1><b>\ud83c\udf0d Projets de commerce ext\u00e9rieur avec Betainvest<\/b><\/h1><p class=\"p3\">Dans le monde d&rsquo;aujourd&rsquo;hui, les entreprises sont confront\u00e9es \u00e0 de nouveaux d\u00e9fis :<\/p><ul><li><p class=\"p1\">des fronti\u00e8res ferm\u00e9es,<\/p><\/li><li><p class=\"p1\">les restrictions et les embargos,<\/p><\/li><li><p class=\"p1\">des difficult\u00e9s de paiement et de transfert de fonds,<\/p><\/li><li><p class=\"p1\">l&rsquo;interdiction ou la restriction du transport et de la vente de certaines marchandises.<\/p><\/li><\/ul><p class=\"p3\">De nombreuses entreprises souhaitent acheter des \u00e9quipements, des mati\u00e8res premi\u00e8res, des fournitures ou des produits semi-finis, mais se trouvent dans l&rsquo;impossibilit\u00e9 de le faire directement.<\/p><p class=\"p3\">Soci\u00e9t\u00e9 <span class=\"s2\"><b>Betainvest<\/b><\/span> vous propose une solution &#8211; nous nous chargeons de l&rsquo;organisation <span class=\"s2\"><b>projets de commerce ext\u00e9rieur<\/b><\/span> dans l&rsquo;int\u00e9r\u00eat de nos clients.<\/p><hr><h2><b>Ce que nous faisons<\/b><\/h2><ul><li><p class=\"p1\">\ud83d\udcd1 <span class=\"s1\"><b>Nous d\u00e9veloppons des programmes de commerce ext\u00e9rieur<\/b><\/span> &#8211; Nous coordonnons avec le client le projet de livraison, en tenant compte de toutes les restrictions et possibilit\u00e9s.<\/p><\/li><li><p class=\"p1\">\ud83c\udf10 <span class=\"s1\"><b>Recherche de fournisseurs<\/b><\/span> &#8211; Nous recherchons des \u00e9quipements, des mati\u00e8res premi\u00e8res, des produits semi-finis et finis dans diff\u00e9rents pays.<\/p><\/li><li><p class=\"p1\">\ud83d\ude9b <span class=\"s1\"><b>Nous organisons le transport<\/b><\/span> &#8211; Nous choisissons les itin\u00e9raires optimaux, combinons les transports (routier, ferroviaire, maritime, a\u00e9rien).<\/p><\/li><li><p class=\"p1\">\ud83d\udcb3 <span class=\"s1\"><b>Nous fournissons un r\u00e8glement<\/b><\/span> &#8211; aider au paiement et aux transactions financi\u00e8res lorsque le client a des restrictions.<\/p><\/li><li><p class=\"p1\">\ud83d\udec3 <span class=\"s1\"><b>Nous r\u00e9digeons des documents<\/b><\/span> &#8211; Nous pr\u00e9parons les contrats de commerce ext\u00e9rieur, les factures, les certificats, nous soutenons les proc\u00e9dures douani\u00e8res.<\/p><\/li><li><p class=\"p1\">\u2705 <span class=\"s1\"><b>Nous prenons nos responsabilit\u00e9s<\/b><\/span> &#8211; Nous garantissons la livraison et le r\u00e8glement.<\/p><\/li><\/ul><hr><h2><b>Pour qui cela est pertinent<\/b><\/h2><ul><li><p class=\"p1\">Pour les entreprises qui souhaitent acheter des \u00e9quipements ou du mat\u00e9riel mais qui ne peuvent pas le faire directement.<\/p><\/li><li><p class=\"p1\">Pour les acheteurs de Turquie, de Russie et d&rsquo;autres pays qui recherchent un interm\u00e9diaire fiable pour l&rsquo;AEF.<\/p><\/li><li><p class=\"p1\">Pour les fabricants qui souhaitent p\u00e9n\u00e9trer de nouveaux march\u00e9s mais qui se heurtent \u00e0 des obstacles.<\/p><\/li><\/ul><hr><h2><b>Avantages de travailler avec Betainvest<\/b><\/h2><ul><li><p class=\"p1\"><span class=\"s1\"><b>Des solutions l\u00e9gitimes<\/b><\/span> &#8211; nous d\u00e9veloppons des projets en tenant compte des r\u00e9glementations et des exigences internationales.<\/p><\/li><li><p class=\"p1\"><span class=\"s1\"><b>Transparence<\/b><\/span> &#8211; le client re\u00e7oit tous les documents et rapports.<\/p><\/li><li><p class=\"p1\"><span class=\"s1\"><b>Flexibilit\u00e9<\/b><\/span> &#8211; Trouvez des chemins et des sch\u00e9mas optimaux m\u00eame en cas de contraintes.<\/p><\/li><li><p class=\"p1\"><span class=\"s1\"><b>Fiabilit\u00e9<\/b><\/span> &#8211; nous accompagnons la transaction depuis la recherche des biens jusqu&rsquo;\u00e0 la livraison \u00e0 destination.<\/p><\/li><\/ul><hr><h2><b>\ud83e\udd1d Conclusion<\/b><\/h2><p class=\"p3\"><span class=\"s2\"><b>Betainvest<\/b><\/span> &#8211; est votre partenaire dans les nouvelles r\u00e9alit\u00e9s. Nous savons comment trouver des solutions l\u00e0 o\u00f9 les fronti\u00e8res sont ferm\u00e9es et o\u00f9 les r\u00e8gles changent. <\/p><p class=\"p3\">Nos projets de commerce ext\u00e9rieur aident nos clients \u00e0 acheter des \u00e9quipements, des mati\u00e8res premi\u00e8res, des mat\u00e9riaux et des produits semi-finis, \u00e0 les recevoir \u00e0 temps et avec une garantie.<\/p><p class=\"p3\">\ud83d\udc49 Contactez-nous d\u00e8s aujourd&rsquo;hui et nous concevrons une solution personnalis\u00e9e pour votre entreprise.<\/p><p> <\/p>\t\t\t\t\t\t\t\t<\/div>\n\t\t\t\t\t<\/div>\n\t\t\t\t<\/div>\n\t\t<div class=\"elementor-element elementor-element-9b783c6 e-flex e-con-boxed e-con e-parent\" data-id=\"9b783c6\" data-element_type=\"container\" data-e-type=\"container\">\n\t\t\t\t\t<div class=\"e-con-inner\">\n\t\t\t\t<div class=\"elementor-element elementor-element-192aa06 elementor-align-center elementor-widget elementor-widget-button\" data-id=\"192aa06\" data-element_type=\"widget\" data-e-type=\"widget\" data-widget_type=\"button.default\">\n\t\t\t\t\t\t\t\t\t\t<a class=\"elementor-button elementor-button-link elementor-size-sm\" href=\"#\">\n\t\t\t\t\t\t<span class=\"elementor-button-content-wrapper\">\n\t\t\t\t\t\t\t\t\t<span class=\"elementor-button-text\">Cliquez ici<\/span>\n\t\t\t\t\t<\/span>\n\t\t\t\t\t<\/a>\n\t\t\t\t\t\t\t\t<\/div>\n\t\t\t\t<div class=\"elementor-element elementor-element-136cc65 elementor-widget elementor-widget-spacer\" data-id=\"136cc65\" data-element_type=\"widget\" data-e-type=\"widget\" data-widget_type=\"spacer.default\">\n\t\t\t\t\t\t\t<div class=\"elementor-spacer\">\n\t\t\t<div class=\"elementor-spacer-inner\"><\/div>\n\t\t<\/div>\n\t\t\t\t\t\t<\/div>\n\t\t\t\t<div class=\"elementor-element elementor-element-208b616 elementor-widget-divider--view-line elementor-widget elementor-widget-divider\" data-id=\"208b616\" data-element_type=\"widget\" data-e-type=\"widget\" data-widget_type=\"divider.default\">\n\t\t\t\t\t\t\t<div class=\"elementor-divider\">\n\t\t\t<span class=\"elementor-divider-separator\">\n\t\t\t\t\t\t<\/span>\n\t\t<\/div>\n\t\t\t\t\t\t<\/div>\n\t\t\t\t\t<\/div>\n\t\t\t\t<\/div>\n\t\t\t\t<\/div>\n\t\t","protected":false},"excerpt":{"rendered":"<p>\ud83c\udf0d Projets de commerce ext\u00e9rieur avec Betainvest Dans le monde d&rsquo;aujourd&rsquo;hui, les entreprises sont confront\u00e9es \u00e0 de nouveaux d\u00e9fis : des fronti\u00e8res ferm\u00e9es, les restrictions et les embargos, des difficult\u00e9s de paiement et de transfert de fonds, l&rsquo;interdiction ou la restriction du transport et de la vente de certaines marchandises. De nombreuses entreprises souhaitent acheter [&hellip;]<\/p>\n","protected":false},"author":1,"featured_media":0,"parent":0,"menu_order":0,"comment_status":"closed","ping_status":"closed","template":"","meta":{"footnotes":""},"class_list":["post-3759","page","type-page","status-publish","hentry"],"_links":{"self":[{"href":"https:\/\/betainvest.ee\/fr\/wp-json\/wp\/v2\/pages\/3759","targetHints":{"allow":["GET"]}}],"collection":[{"href":"https:\/\/betainvest.ee\/fr\/wp-json\/wp\/v2\/pages"}],"about":[{"href":"https:\/\/betainvest.ee\/fr\/wp-json\/wp\/v2\/types\/page"}],"author":[{"embeddable":true,"href":"https:\/\/betainvest.ee\/fr\/wp-json\/wp\/v2\/users\/1"}],"replies":[{"embeddable":true,"href":"https:\/\/betainvest.ee\/fr\/wp-json\/wp\/v2\/comments?post=3759"}],"version-history":[{"count":1,"href":"https:\/\/betainvest.ee\/fr\/wp-json\/wp\/v2\/pages\/3759\/revisions"}],"predecessor-version":[{"id":3761,"href":"https:\/\/betainvest.ee\/fr\/wp-json\/wp\/v2\/pages\/3759\/revisions\/3761"}],"wp:attachment":[{"href":"https:\/\/betainvest.ee\/fr\/wp-json\/wp\/v2\/media?parent=3759"}],"curies":[{"name":"wp","href":"https:\/\/api.w.org\/{rel}","templated":true}]}}