{"id":3782,"date":"2025-08-04T06:22:53","date_gmt":"2025-08-04T06:22:53","guid":{"rendered":"https:\/\/betainvest.ee\/astuces-et-conseils\/"},"modified":"2025-08-26T13:12:16","modified_gmt":"2025-08-26T13:12:16","slug":"astuces-et-conseils","status":"publish","type":"page","link":"https:\/\/betainvest.ee\/fr\/astuces-et-conseils\/","title":{"rendered":"Astuces et conseils"},"content":{"rendered":"\t\t<div data-elementor-type=\"wp-page\" data-elementor-id=\"3782\" class=\"elementor elementor-3782 elementor-55\" data-elementor-post-type=\"page\">\n\t\t\t\t<div class=\"elementor-element elementor-element-d4128a7 e-flex e-con-boxed e-con e-parent\" data-id=\"d4128a7\" data-element_type=\"container\" data-e-type=\"container\">\n\t\t\t\t\t<div class=\"e-con-inner\">\n\t\t\t\t<div class=\"elementor-element elementor-element-cee1de4 elementor-widget elementor-widget-text-editor\" data-id=\"cee1de4\" data-element_type=\"widget\" data-e-type=\"widget\" data-widget_type=\"text-editor.default\">\n\t\t\t\t\t\t\t\t\t<h1><b>\ud83d\ude9b Conseils pour les entreprises de transport et les clients du secteur du fret<\/b><\/h1><p class=\"p3\">Soci\u00e9t\u00e9 <span class=\"s2\"><b>Betainvest<\/b><\/span> travaille \u00e0 l&rsquo;intersection des int\u00e9r\u00eats des transporteurs et des clients du fret. Nous savons \u00e0 quel point il est important d&rsquo;\u00e9tablir une bonne interaction entre les parties pour que la livraison soit s\u00fbre, rapide et rentable. <\/p><hr><h2><b>Pour les entreprises de transport<\/b><\/h2><ol start=\"1\"><li><p class=\"p1\"><b>V\u00e9rifiez les documents \u00e0 l&rsquo;avance<\/b><\/p><p class=\"p2\">&#8211; les d\u00e9clarations de transit, les assurances, les permis. Les erreurs \u00e0 la fronti\u00e8re co\u00fbtent cher. <\/p><\/li><li><p class=\"p1\"><b>Optimiser les itin\u00e9raires<\/b><\/p><p class=\"p2\">&#8211; Utiliser des syst\u00e8mes combin\u00e9s (route + rail + mer) pour r\u00e9duire les d\u00e9lais et les co\u00fbts.<\/p><\/li><li><p class=\"p1\"><b>Se tenir au courant des modifications de la l\u00e9gislation<\/b><\/p><p class=\"p2\">&#8211; les nouvelles amendes, le contr\u00f4le du poids et des dimensions et les modifications des droits d&rsquo;accises ont un impact direct sur le transport.<\/p><\/li><li><p class=\"p1\"><b>Investir dans un service pour les conducteurs<\/b><\/p><p class=\"p2\">&#8211; les cartes de carburant, la communication et la navigation permettent d&rsquo;\u00e9conomiser du temps et de l&rsquo;argent.<\/p><\/li><li><p class=\"p1\"><b>Travaillez avec des interm\u00e9diaires fiables<\/b><\/p><p class=\"p2\">&#8211; Un partenaire qui s&rsquo;occupe des formalit\u00e9s administratives et des garanties financi\u00e8res r\u00e9duit vos risques.<\/p><\/li><\/ol><hr><h2><b>Pour les entreprises clientes<\/b><\/h2><ol start=\"1\"><li><p class=\"p1\"><b>Formulez la t\u00e2che de la mani\u00e8re la plus d\u00e9taill\u00e9e possible.<\/b><\/p><p class=\"p2\">&#8211; le type de cargaison, le poids, les dimensions, les modalit\u00e9s, les conditions de livraison. Plus les informations sont pr\u00e9cises, moins il y a de malentendus. <\/p><\/li><li><p class=\"p1\"><b>\u00c9valuez non seulement le prix, mais aussi la fiabilit\u00e9<\/b><\/p><p class=\"p2\">&#8211; un transport bon march\u00e9 sans assurance peut co\u00fbter plus cher.<\/p><\/li><li><p class=\"p1\"><b>Utiliser des entrep\u00f4ts responsables<\/b><\/p><p class=\"p2\">&#8211; Si la cargaison n&rsquo;est pas pr\u00eate \u00e0 \u00eatre livr\u00e9e, le stockage temporaire ou en garde r\u00e9duit les risques.<\/p><\/li><li><p class=\"p1\"><b>Confiez la logistique \u00e0 des experts<\/b><\/p><p class=\"p2\">&#8211; la soci\u00e9t\u00e9 de transport se charge de l&rsquo;itin\u00e9raire, des droits de douane et des accises, ce qui vous permet d&rsquo;\u00e9conomiser vos ressources.<\/p><\/li><li><p class=\"p1\"><b>Demande de documents transparents<\/b><\/p><p class=\"p2\">&#8211; les factures, les actes, les documents de cl\u00f4ture permettent de comptabiliser les d\u00e9penses de mani\u00e8re officielle et s\u00fbre.<\/p><\/li><\/ol><hr><h2><b>Le r\u00f4le de BetaInvest<\/b><\/h2><p class=\"p3\">Nous aidons les transporteurs et les clients \u00e0 trouver un terrain d&rsquo;entente :<\/p><ul><li><p class=\"p1\">accompagner les transactions et les envois,<\/p><\/li><li><p class=\"p1\">Nous nous chargeons des formalit\u00e9s administratives et des r\u00e8glements,<\/p><\/li><li><p class=\"p1\">nous fournissons des garanties financi\u00e8res,<\/p><\/li><li><p class=\"p1\">Nous vous proposons des itin\u00e9raires optimaux et des entrep\u00f4ts de stockage.<\/p><\/li><\/ul><hr><h2><b>\ud83e\udd1d Conclusion<\/b><\/h2><p class=\"p3\">Une bonne organisation des transports est un \u00e9quilibre entre les int\u00e9r\u00eats du transporteur et ceux du client.<\/p><p class=\"p3\"><span class=\"s2\"><b>Betainvest<\/b><\/span> agit en tant que lien et partenaire fiable, garantissant la s\u00e9curit\u00e9, la transparence et l&rsquo;efficacit\u00e9 du transport de marchandises.<\/p>\t\t\t\t\t\t\t\t<\/div>\n\t\t\t\t\t<\/div>\n\t\t\t\t<\/div>\n\t\t<div class=\"elementor-element elementor-element-b660e51 e-flex e-con-boxed e-con e-parent\" data-id=\"b660e51\" data-element_type=\"container\" data-e-type=\"container\">\n\t\t\t\t\t<div class=\"e-con-inner\">\n\t\t\t\t<div class=\"elementor-element elementor-element-72622e5 elementor-widget elementor-widget-spacer\" data-id=\"72622e5\" data-element_type=\"widget\" data-e-type=\"widget\" data-widget_type=\"spacer.default\">\n\t\t\t\t\t\t\t<div class=\"elementor-spacer\">\n\t\t\t<div class=\"elementor-spacer-inner\"><\/div>\n\t\t<\/div>\n\t\t\t\t\t\t<\/div>\n\t\t\t\t<div class=\"elementor-element elementor-element-00e19ea elementor-widget-divider--view-line elementor-widget elementor-widget-divider\" data-id=\"00e19ea\" data-element_type=\"widget\" data-e-type=\"widget\" data-widget_type=\"divider.default\">\n\t\t\t\t\t\t\t<div class=\"elementor-divider\">\n\t\t\t<span class=\"elementor-divider-separator\">\n\t\t\t\t\t\t<\/span>\n\t\t<\/div>\n\t\t\t\t\t\t<\/div>\n\t\t\t\t\t<\/div>\n\t\t\t\t<\/div>\n\t\t\t\t<\/div>\n\t\t","protected":false},"excerpt":{"rendered":"<p>\ud83d\ude9b Conseils pour les entreprises de transport et les clients du secteur du fret Soci\u00e9t\u00e9 Betainvest travaille \u00e0 l&rsquo;intersection des int\u00e9r\u00eats des transporteurs et des clients du fret. Nous savons \u00e0 quel point il est important d&rsquo;\u00e9tablir une bonne interaction entre les parties pour que la livraison soit s\u00fbre, rapide et rentable. Pour les entreprises [&hellip;]<\/p>\n","protected":false},"author":1,"featured_media":0,"parent":0,"menu_order":0,"comment_status":"closed","ping_status":"closed","template":"","meta":{"footnotes":""},"class_list":["post-3782","page","type-page","status-publish","hentry"],"_links":{"self":[{"href":"https:\/\/betainvest.ee\/fr\/wp-json\/wp\/v2\/pages\/3782","targetHints":{"allow":["GET"]}}],"collection":[{"href":"https:\/\/betainvest.ee\/fr\/wp-json\/wp\/v2\/pages"}],"about":[{"href":"https:\/\/betainvest.ee\/fr\/wp-json\/wp\/v2\/types\/page"}],"author":[{"embeddable":true,"href":"https:\/\/betainvest.ee\/fr\/wp-json\/wp\/v2\/users\/1"}],"replies":[{"embeddable":true,"href":"https:\/\/betainvest.ee\/fr\/wp-json\/wp\/v2\/comments?post=3782"}],"version-history":[{"count":1,"href":"https:\/\/betainvest.ee\/fr\/wp-json\/wp\/v2\/pages\/3782\/revisions"}],"predecessor-version":[{"id":3784,"href":"https:\/\/betainvest.ee\/fr\/wp-json\/wp\/v2\/pages\/3782\/revisions\/3784"}],"wp:attachment":[{"href":"https:\/\/betainvest.ee\/fr\/wp-json\/wp\/v2\/media?parent=3782"}],"curies":[{"name":"wp","href":"https:\/\/api.w.org\/{rel}","templated":true}]}}