{"id":3802,"date":"2025-08-04T06:22:53","date_gmt":"2025-08-04T06:22:53","guid":{"rendered":"https:\/\/betainvest.ee\/projets-dingenierie-investissements\/"},"modified":"2025-08-26T13:12:27","modified_gmt":"2025-08-26T13:12:27","slug":"projets-dingenierie-investissements","status":"publish","type":"page","link":"https:\/\/betainvest.ee\/fr\/projets-dingenierie-investissements\/","title":{"rendered":"Projets d&rsquo;ing\u00e9nierie\/investissements"},"content":{"rendered":"\t\t<div data-elementor-type=\"wp-page\" data-elementor-id=\"3802\" class=\"elementor elementor-3802 elementor-41\" data-elementor-post-type=\"page\">\n\t\t\t\t<div class=\"elementor-element elementor-element-8afe1a6 e-flex e-con-boxed e-con e-parent\" data-id=\"8afe1a6\" data-element_type=\"container\" data-e-type=\"container\">\n\t\t\t\t\t<div class=\"e-con-inner\">\n\t\t\t\t<div class=\"elementor-element elementor-element-627c3ed elementor-widget elementor-widget-text-editor\" data-id=\"627c3ed\" data-element_type=\"widget\" data-e-type=\"widget\" data-widget_type=\"text-editor.default\">\n\t\t\t\t\t\t\t\t\t<h1><b>\ud83c\udfd7 Ing\u00e9nierie et investissement avec BetaInvest<\/b><\/h1><p class=\"p3\">Les entreprises modernes ne peuvent se concevoir sans solutions innovantes et sans investissements comp\u00e9tents.<\/p><p class=\"p3\">Soci\u00e9t\u00e9 <span class=\"s2\"><b>Betainvest<\/b><\/span> consid\u00e8re les projets d&rsquo;ing\u00e9nierie et d&rsquo;investissement comme l&rsquo;un de ses principaux domaines d&rsquo;activit\u00e9. Nous combinons l&rsquo;exp\u00e9rience, la technologie et le capital pour cr\u00e9er des projets qui fonctionnent aujourd&rsquo;hui et qui produiront des r\u00e9sultats demain. <\/p><hr><h2><b>\ud83d\udd27 Projets d&rsquo;ing\u00e9nierie<\/b><\/h2><p class=\"p3\"><span class=\"s2\"><b>L&rsquo;ing\u00e9nierie de Betainvest<\/b><\/span> &#8211; est un ensemble de services pour la conception, la mise en \u0153uvre et le soutien de solutions techniques et d&rsquo;infrastructure.<\/p><p class=\"p3\">Nous vous proposons :<\/p><ul><li><p class=\"p1\"><span class=\"s1\">le d\u00e9veloppement <\/span><b>projets de logistique et de production<\/b><span class=\"s1\">;<\/span><\/p><\/li><li><p class=\"p1\">la conception et la modernisation de complexes d&rsquo;entrep\u00f4ts et de terminaux ;<\/p><\/li><li><p class=\"p1\">l&rsquo;introduction de technologies modernes pour optimiser les processus de transport et de stockage ;<\/p><\/li><li><p class=\"p1\">l&rsquo;audit et le conseil techniques.<\/p><\/li><\/ul><p class=\"p3\">Gr\u00e2ce \u00e0 notre partenariat avec des ing\u00e9nieurs et des entrepreneurs professionnels, nous assurons la r\u00e9alisation de projets de toute complexit\u00e9 &#8211; de la planification \u00e0 la mise en service.<\/p><hr><h2><b>\ud83d\udcbc Projets d&rsquo;investissement<\/b><\/h2><p class=\"p3\">Soci\u00e9t\u00e9 <span class=\"s2\"><b>Betainvest<\/b><\/span> d\u00e9veloppe activement l&rsquo;orientation <span class=\"s2\"><b>investissements<\/b><\/span> et offre \u00e0 ses clients :<\/p><ul><li><p class=\"p1\">la s\u00e9lection et l&rsquo;analyse des zones d&rsquo;investissement prometteuses ;<\/p><\/li><li><p class=\"p1\">l&rsquo;\u00e9laboration de plans d&rsquo;affaires et de mod\u00e8les financiers ;<\/p><\/li><li><p class=\"p1\">attirer des partenaires et des co-investisseurs ;<\/p><\/li><li><p class=\"p1\">un soutien au projet \u00e0 tous les stades, y compris un soutien juridique et financier.<\/p><\/li><\/ul><p class=\"p3\">Nous consid\u00e9rons les investissements non seulement comme des d\u00e9penses en capital, mais aussi comme un outil de d\u00e9veloppement commercial, d&rsquo;expansion des march\u00e9s et de cr\u00e9ation de nouvelles opportunit\u00e9s pour nos clients.<\/p><hr><h2><b>\ud83c\udf0d Pour qui c&rsquo;est pertinent<\/b><\/h2><ul><li><p class=\"p1\"><span class=\"s1\"><b>Les entreprises industrielles<\/b><\/span>qui ont besoin de nouvelles solutions d&rsquo;ing\u00e9nierie pour am\u00e9liorer leur efficacit\u00e9.<\/p><\/li><li><p class=\"p1\"><span class=\"s1\"><b>Les entreprises de logistique<\/b><\/span>int\u00e9ress\u00e9es par la construction ou la modernisation d&rsquo;entrep\u00f4ts et de plates-formes de transport.<\/p><\/li><li><p class=\"p1\"><span class=\"s1\"><b>Investisseurs<\/b><\/span>\u00e0 la recherche de projets fiables et rentables.<\/p><\/li><li><p class=\"p1\"><span class=\"s1\"><b>Les partenaires internationaux<\/b><\/span>qui souhaitent acc\u00e9der au march\u00e9 russe et eurasien par l&rsquo;interm\u00e9diaire d&rsquo;un op\u00e9rateur de confiance.<\/p><\/li><\/ul><hr><h2><b>\u2705 Avantages de travailler avec BetaInvest<\/b><\/h2><ul><li><p class=\"p1\"><span class=\"s1\"><b>Approche globale<\/b><\/span> &#8211; de l&rsquo;id\u00e9e et du concept \u00e0 la mise en \u0153uvre et au soutien.<\/p><\/li><li><p class=\"p1\"><span class=\"s1\"><b>Des partenaires fiables<\/b><\/span> &#8211; Nous ne travaillons qu&rsquo;avec des ing\u00e9nieurs, des entrepreneurs et des investisseurs de confiance.<\/p><\/li><li><p class=\"p1\"><span class=\"s1\"><b>Transparence et contr\u00f4le<\/b><\/span> &#8211; Toutes les \u00e9tapes sont document\u00e9es et le client est pleinement responsable.<\/p><\/li><li><p class=\"p1\"><span class=\"s1\"><b>Int\u00e9r\u00eat pour le d\u00e9veloppement<\/b><\/span> &#8211; nous sommes ouverts aux nouvelles id\u00e9es et aux projets communs.<\/p><\/li><\/ul><hr><h2><b>\ud83e\udd1d Conclusion<\/b><\/h2><p class=\"p3\"><span class=\"s2\"><b>Betainvest<\/b><\/span> &#8211; est une entreprise tourn\u00e9e vers l&rsquo;avenir. Nous pensons que la combinaison de l&rsquo;expertise en ing\u00e9nierie et du potentiel d&rsquo;investissement ouvre de nouveaux horizons aux entreprises. <\/p><p class=\"p3\">\ud83d\udc49 Si vous avez un projet qui n\u00e9cessite un soutien en mati\u00e8re d&rsquo;ing\u00e9nierie ou d&rsquo;investissement, contactez <span class=\"s2\"><b>Betainvest<\/b><\/span>. Nous vous aiderons \u00e0 donner vie \u00e0 votre id\u00e9e et \u00e0 assurer sa r\u00e9alisation avec succ\u00e8s. <\/p>\t\t\t\t\t\t\t\t<\/div>\n\t\t\t\t\t<\/div>\n\t\t\t\t<\/div>\n\t\t<div class=\"elementor-element elementor-element-4143937 e-flex e-con-boxed e-con e-parent\" data-id=\"4143937\" data-element_type=\"container\" data-e-type=\"container\">\n\t\t\t\t\t<div class=\"e-con-inner\">\n\t\t\t\t<div class=\"elementor-element elementor-element-c137680 elementor-align-center elementor-widget elementor-widget-button\" data-id=\"c137680\" data-element_type=\"widget\" data-e-type=\"widget\" data-widget_type=\"button.default\">\n\t\t\t\t\t\t\t\t\t\t<a class=\"elementor-button elementor-button-link elementor-size-sm\" href=\"#\">\n\t\t\t\t\t\t<span class=\"elementor-button-content-wrapper\">\n\t\t\t\t\t\t\t\t\t<span class=\"elementor-button-text\">Cliquez ici<\/span>\n\t\t\t\t\t<\/span>\n\t\t\t\t\t<\/a>\n\t\t\t\t\t\t\t\t<\/div>\n\t\t\t\t<div class=\"elementor-element elementor-element-86a4242 elementor-widget elementor-widget-spacer\" data-id=\"86a4242\" data-element_type=\"widget\" data-e-type=\"widget\" data-widget_type=\"spacer.default\">\n\t\t\t\t\t\t\t<div class=\"elementor-spacer\">\n\t\t\t<div class=\"elementor-spacer-inner\"><\/div>\n\t\t<\/div>\n\t\t\t\t\t\t<\/div>\n\t\t\t\t<div class=\"elementor-element elementor-element-66b160c elementor-widget-divider--view-line elementor-widget elementor-widget-divider\" data-id=\"66b160c\" data-element_type=\"widget\" data-e-type=\"widget\" data-widget_type=\"divider.default\">\n\t\t\t\t\t\t\t<div class=\"elementor-divider\">\n\t\t\t<span class=\"elementor-divider-separator\">\n\t\t\t\t\t\t<\/span>\n\t\t<\/div>\n\t\t\t\t\t\t<\/div>\n\t\t\t\t\t<\/div>\n\t\t\t\t<\/div>\n\t\t\t\t<\/div>\n\t\t","protected":false},"excerpt":{"rendered":"<p>\ud83c\udfd7 Ing\u00e9nierie et investissement avec BetaInvest Les entreprises modernes ne peuvent se concevoir sans solutions innovantes et sans investissements comp\u00e9tents. Soci\u00e9t\u00e9 Betainvest consid\u00e8re les projets d&rsquo;ing\u00e9nierie et d&rsquo;investissement comme l&rsquo;un de ses principaux domaines d&rsquo;activit\u00e9. Nous combinons l&rsquo;exp\u00e9rience, la technologie et le capital pour cr\u00e9er des projets qui fonctionnent aujourd&rsquo;hui et qui produiront des r\u00e9sultats [&hellip;]<\/p>\n","protected":false},"author":1,"featured_media":0,"parent":0,"menu_order":0,"comment_status":"closed","ping_status":"closed","template":"","meta":{"footnotes":""},"class_list":["post-3802","page","type-page","status-publish","hentry"],"_links":{"self":[{"href":"https:\/\/betainvest.ee\/fr\/wp-json\/wp\/v2\/pages\/3802","targetHints":{"allow":["GET"]}}],"collection":[{"href":"https:\/\/betainvest.ee\/fr\/wp-json\/wp\/v2\/pages"}],"about":[{"href":"https:\/\/betainvest.ee\/fr\/wp-json\/wp\/v2\/types\/page"}],"author":[{"embeddable":true,"href":"https:\/\/betainvest.ee\/fr\/wp-json\/wp\/v2\/users\/1"}],"replies":[{"embeddable":true,"href":"https:\/\/betainvest.ee\/fr\/wp-json\/wp\/v2\/comments?post=3802"}],"version-history":[{"count":1,"href":"https:\/\/betainvest.ee\/fr\/wp-json\/wp\/v2\/pages\/3802\/revisions"}],"predecessor-version":[{"id":3803,"href":"https:\/\/betainvest.ee\/fr\/wp-json\/wp\/v2\/pages\/3802\/revisions\/3803"}],"wp:attachment":[{"href":"https:\/\/betainvest.ee\/fr\/wp-json\/wp\/v2\/media?parent=3802"}],"curies":[{"name":"wp","href":"https:\/\/api.w.org\/{rel}","templated":true}]}}