{"id":3880,"date":"2025-08-04T06:22:53","date_gmt":"2025-08-04T06:22:53","guid":{"rendered":"https:\/\/betainvest.ee\/systemes-de-transport-combine-de-marchandises-route-rail-air-mer\/"},"modified":"2025-08-26T13:12:54","modified_gmt":"2025-08-26T13:12:54","slug":"systemes-de-transport-combine-de-marchandises-route-rail-air-mer","status":"publish","type":"page","link":"https:\/\/betainvest.ee\/fr\/systemes-de-transport-combine-de-marchandises-route-rail-air-mer\/","title":{"rendered":"Syst\u00e8mes de transport combin\u00e9 de marchandises (route\/rail\/air\/mer)"},"content":{"rendered":"\t\t<div data-elementor-type=\"wp-page\" data-elementor-id=\"3880\" class=\"elementor elementor-3880\" data-elementor-post-type=\"page\">\n\t\t\t\t<div class=\"elementor-element elementor-element-70d75b5 e-flex e-con-boxed e-con e-parent\" data-id=\"70d75b5\" data-element_type=\"container\" data-e-type=\"container\">\n\t\t\t\t\t<div class=\"e-con-inner\">\n\t\t\t\t<div class=\"elementor-element elementor-element-f7dd763 elementor-widget elementor-widget-image\" data-id=\"f7dd763\" data-element_type=\"widget\" data-e-type=\"widget\" data-widget_type=\"image.default\">\n\t\t\t\t\t\t\t\t\t\t\t\t\t\t\t<img decoding=\"async\" width=\"300\" height=\"158\" src=\"https:\/\/betainvest.ee\/wp-content\/uploads\/2025\/08\/istockphoto-1125367903-612x612-1-300x158.jpg\" class=\"attachment-medium size-medium wp-image-3881\" alt=\"\" srcset=\"https:\/\/betainvest.ee\/wp-content\/uploads\/2025\/08\/istockphoto-1125367903-612x612-1-300x158.jpg 300w, https:\/\/betainvest.ee\/wp-content\/uploads\/2025\/08\/istockphoto-1125367903-612x612-1.jpg 612w\" sizes=\"(max-width: 300px) 100vw, 300px\" \/>\t\t\t\t\t\t\t\t\t\t\t\t\t\t\t<\/div>\n\t\t\t\t\t<\/div>\n\t\t\t\t<\/div>\n\t\t<div class=\"elementor-element elementor-element-cac00f1 e-flex e-con-boxed e-con e-parent\" data-id=\"cac00f1\" data-element_type=\"container\" data-e-type=\"container\">\n\t\t\t\t\t<div class=\"e-con-inner\">\n\t\t\t\t<div class=\"elementor-element elementor-element-00f8cbe elementor-widget elementor-widget-text-editor\" data-id=\"00f8cbe\" data-element_type=\"widget\" data-e-type=\"widget\" data-widget_type=\"text-editor.default\">\n\t\t\t\t\t\t\t\t\t<h1><b>\ud83c\udf0d Transport multimodal et combin\u00e9 de marchandises avec BetaInvest<\/b><\/h1><p class=\"p3\">La logistique moderne exige de la flexibilit\u00e9. Il n&rsquo;est pas toujours rentable d&rsquo;envoyer des marchandises uniquement par route ou uniquement par mer. Il est parfois plus rapide et moins co\u00fbteux d&rsquo;utiliser des syst\u00e8mes combin\u00e9s :  <\/p><ul><li><p class=\"p1\">\ud83d\ude86 transport ferroviaire + transport routier,<\/p><\/li><li><p class=\"p1\">\u2708\ufe0f aviation + transport maritime,<\/p><\/li><li><p class=\"p1\">\ud83d\ude9a transport routier + maritime,<\/p><\/li><li><p class=\"p1\">ou une combinaison compl\u00e8te de toutes les m\u00e9thodes de diffusion.<\/p><\/li><\/ul><p class=\"p3\">Soci\u00e9t\u00e9 <span class=\"s2\"><b>BetaInvest<\/b><\/span> est sp\u00e9cialis\u00e9e dans <span class=\"s2\"><b>les transports multimodaux<\/b><\/span>BetaInvest est sp\u00e9cialis\u00e9e dans le transport multimodal, d\u00e9veloppant des itin\u00e9raires optimaux pour chaque client, en tenant compte du temps, du co\u00fbt et des sp\u00e9cificit\u00e9s de la cargaison.<\/p><hr><h2><b>Avantages du transport combin\u00e9 avec BetaInvest<\/b><\/h2><ul><li><p class=\"p1\"><b>Gagner du temps et de l&rsquo;argent<\/b><\/p><p class=\"p2\">Nous s\u00e9lectionnons un mode de livraison afin de r\u00e9duire l&rsquo;itin\u00e9raire et les co\u00fbts. Par exemple, une partie de l&rsquo;itin\u00e9raire est plus favorable par voie maritime et la derni\u00e8re partie par voie a\u00e9rienne. <\/p><\/li><li><p class=\"p1\"><b>Flexibilit\u00e9 des itin\u00e9raires<\/b><\/p><p class=\"p2\">Nous combinons diff\u00e9rents modes de transport en fonction de la destination, des conditions et des besoins du client.<\/p><\/li><li><p class=\"p1\"><b>Un contr\u00f4le et un soutien complets<\/b><\/p><p class=\"p2\">BetaInvest s&rsquo;occupe de toutes les \u00e9tapes &#8211; du calcul du sch\u00e9ma logistique et des formalit\u00e9s administratives au contr\u00f4le du mouvement des marchandises et \u00e0 leur r\u00e9ception.<\/p><\/li><li><p class=\"p1\"><b>Avantages pour les partenaires<\/b><\/p><p class=\"p2\">Nous travaillons non seulement avec des clients, mais aussi avec des entreprises de transport qui ont la possibilit\u00e9 d&rsquo;utiliser nos sch\u00e9mas et notre exp\u00e9rience pour leurs transports.<\/p><\/li><\/ul><hr><h2><b>Pour qui cela est pertinent<\/b><\/h2><ul><li><p class=\"p1\">Pour les entreprises qui privil\u00e9gient la rapidit\u00e9 et qui doivent livrer des marchandises \u00ab\u00a0hier\u00a0\u00bb.<\/p><\/li><li><p class=\"p1\">Pour les entreprises qui cherchent \u00e0 optimiser leurs co\u00fbts logistiques.<\/p><\/li><li><p class=\"p1\">Pour les entreprises de transport qui souhaitent \u00e9largir leur gamme de services et travailler avec BetaInvest en tant que partenaire fiable.<\/p><\/li><\/ul><hr><h2><b>Pourquoi choisir BetaInvest<\/b><\/h2><ul><li><p class=\"p1\">\ud83d\udcca Nous calculons plusieurs itin\u00e9raires possibles et vous proposons le meilleur.<\/p><\/li><li><p class=\"p1\">\ud83d\udee1 Nous garantissons la transparence, la s\u00e9curit\u00e9 et le contr\u00f4le des livraisons.<\/p><\/li><li><p class=\"p1\">\ud83c\udf10 Nous travaillons avec la Russie, la Turquie, le Belarus, les pays de la CEI, l&rsquo;Europe et l&rsquo;Asie.<\/p><\/li><\/ul><hr><h2><b>\ud83e\udd1d Conclusion<\/b><\/h2><p class=\"p3\"><span class=\"s2\"><b>BetaInvest<\/b><\/span> &#8211; est plus qu&rsquo;un simple transport. C&rsquo;est une logistique intelligente qui combine le rail, la route, la mer et l&rsquo;aviation. Nous rendons la livraison pratique, rentable et fiable pour les clients et les entreprises de transport partenaires.  <\/p><p class=\"p3\">\ud83d\udc49 Contactez-nous et nous calculerons le meilleur plan de livraison combin\u00e9e pour vous.<\/p>\t\t\t\t\t\t\t\t<\/div>\n\t\t\t\t\t<\/div>\n\t\t\t\t<\/div>\n\t\t<div class=\"elementor-element elementor-element-29765b1 e-flex e-con-boxed e-con e-parent\" data-id=\"29765b1\" data-element_type=\"container\" data-e-type=\"container\">\n\t\t\t\t\t<div class=\"e-con-inner\">\n\t\t\t\t<div class=\"elementor-element elementor-element-a815118 elementor-widget elementor-widget-spacer\" data-id=\"a815118\" data-element_type=\"widget\" data-e-type=\"widget\" data-widget_type=\"spacer.default\">\n\t\t\t\t\t\t\t<div class=\"elementor-spacer\">\n\t\t\t<div class=\"elementor-spacer-inner\"><\/div>\n\t\t<\/div>\n\t\t\t\t\t\t<\/div>\n\t\t\t\t<div class=\"elementor-element elementor-element-007ecc8 elementor-align-center elementor-widget elementor-widget-button\" data-id=\"007ecc8\" data-element_type=\"widget\" data-e-type=\"widget\" data-widget_type=\"button.default\">\n\t\t\t\t\t\t\t\t\t\t<a class=\"elementor-button elementor-button-link elementor-size-sm\" href=\"#\">\n\t\t\t\t\t\t<span class=\"elementor-button-content-wrapper\">\n\t\t\t\t\t\t\t\t\t<span class=\"elementor-button-text\">Cliquez ici<\/span>\n\t\t\t\t\t<\/span>\n\t\t\t\t\t<\/a>\n\t\t\t\t\t\t\t\t<\/div>\n\t\t\t\t<div class=\"elementor-element elementor-element-2cff434 elementor-widget-divider--view-line elementor-widget elementor-widget-divider\" data-id=\"2cff434\" data-element_type=\"widget\" data-e-type=\"widget\" data-widget_type=\"divider.default\">\n\t\t\t\t\t\t\t<div class=\"elementor-divider\">\n\t\t\t<span class=\"elementor-divider-separator\">\n\t\t\t\t\t\t<\/span>\n\t\t<\/div>\n\t\t\t\t\t\t<\/div>\n\t\t\t\t<div class=\"elementor-element elementor-element-880a4a7 elementor-widget elementor-widget-spacer\" data-id=\"880a4a7\" data-element_type=\"widget\" data-e-type=\"widget\" data-widget_type=\"spacer.default\">\n\t\t\t\t\t\t\t<div class=\"elementor-spacer\">\n\t\t\t<div class=\"elementor-spacer-inner\"><\/div>\n\t\t<\/div>\n\t\t\t\t\t\t<\/div>\n\t\t\t\t\t<\/div>\n\t\t\t\t<\/div>\n\t\t\t\t<\/div>\n\t\t","protected":false},"excerpt":{"rendered":"<p>\ud83c\udf0d Transport multimodal et combin\u00e9 de marchandises avec BetaInvest La logistique moderne exige de la flexibilit\u00e9. Il n&rsquo;est pas toujours rentable d&rsquo;envoyer des marchandises uniquement par route ou uniquement par mer. Il est parfois plus rapide et moins co\u00fbteux d&rsquo;utiliser des syst\u00e8mes combin\u00e9s : \ud83d\ude86 transport ferroviaire + transport routier, \u2708\ufe0f aviation + transport maritime, [&hellip;]<\/p>\n","protected":false},"author":1,"featured_media":0,"parent":0,"menu_order":0,"comment_status":"closed","ping_status":"closed","template":"","meta":{"footnotes":""},"class_list":["post-3880","page","type-page","status-publish","hentry"],"_links":{"self":[{"href":"https:\/\/betainvest.ee\/fr\/wp-json\/wp\/v2\/pages\/3880","targetHints":{"allow":["GET"]}}],"collection":[{"href":"https:\/\/betainvest.ee\/fr\/wp-json\/wp\/v2\/pages"}],"about":[{"href":"https:\/\/betainvest.ee\/fr\/wp-json\/wp\/v2\/types\/page"}],"author":[{"embeddable":true,"href":"https:\/\/betainvest.ee\/fr\/wp-json\/wp\/v2\/users\/1"}],"replies":[{"embeddable":true,"href":"https:\/\/betainvest.ee\/fr\/wp-json\/wp\/v2\/comments?post=3880"}],"version-history":[{"count":1,"href":"https:\/\/betainvest.ee\/fr\/wp-json\/wp\/v2\/pages\/3880\/revisions"}],"predecessor-version":[{"id":3882,"href":"https:\/\/betainvest.ee\/fr\/wp-json\/wp\/v2\/pages\/3880\/revisions\/3882"}],"wp:attachment":[{"href":"https:\/\/betainvest.ee\/fr\/wp-json\/wp\/v2\/media?parent=3880"}],"curies":[{"name":"wp","href":"https:\/\/api.w.org\/{rel}","templated":true}]}}