{"id":3887,"date":"2025-08-04T06:22:53","date_gmt":"2025-08-04T06:22:53","guid":{"rendered":"https:\/\/betainvest.ee\/actualites-legislatives-eaeu-ue\/"},"modified":"2025-08-26T13:13:04","modified_gmt":"2025-08-26T13:13:04","slug":"actualites-legislatives-eaeu-ue","status":"publish","type":"page","link":"https:\/\/betainvest.ee\/fr\/actualites-legislatives-eaeu-ue\/","title":{"rendered":"Actualit\u00e9s l\u00e9gislatives (EAEU \/ UE)"},"content":{"rendered":"\t\t<div data-elementor-type=\"wp-page\" data-elementor-id=\"3887\" class=\"elementor elementor-3887 elementor-52\" data-elementor-post-type=\"page\">\n\t\t\t\t<div class=\"elementor-element elementor-element-5bd2b46 e-flex e-con-boxed e-con e-parent\" data-id=\"5bd2b46\" data-element_type=\"container\" data-e-type=\"container\">\n\t\t\t\t\t<div class=\"e-con-inner\">\n\t\t\t\t<div class=\"elementor-element elementor-element-9f7e02a elementor-widget elementor-widget-text-editor\" data-id=\"9f7e02a\" data-element_type=\"widget\" data-e-type=\"widget\" data-widget_type=\"text-editor.default\">\n\t\t\t\t\t\t\t\t\t<h3><b>Changements l\u00e9gislatifs en cours<\/b><\/h3><h4><b>1.  <\/b><\/h4><h4><b>Nouvelles exigences pour les entrep\u00f4ts de stockage temporaire<\/b><\/h4><h4><b>  &#8211; \u00e0 partir du 26 ao\u00fbt 2025<\/b><\/h4><p class=\"p3\">Des r\u00e8gles actualis\u00e9es concernant l&rsquo;am\u00e9nagement, l&rsquo;\u00e9quipement et l&#8217;emplacement des entrep\u00f4ts de stockage temporaire (TSW) sont entr\u00e9es en vigueur. Les propri\u00e9taires d&rsquo;entrep\u00f4ts sont d\u00e9sormais tenus de se conformer aux r\u00e8gles strictes du Service f\u00e9d\u00e9ral des douanes (SDF), notamment en mati\u00e8re de s\u00e9curit\u00e9, d&rsquo;\u00e9quipement technique et de respect des proc\u00e9dures. <span class=\"Apple-converted-space\">  <\/span><\/p><h4><b>2.  <\/b><\/h4><h4><b>Renforcement des contr\u00f4les sur le transport de marchandises<\/b><\/h4><h4><b>  &#8211; \u00e0 partir de septembre 2025<\/b><\/h4><ul><li><p class=\"p1\">\u00c0 partir du 1er septembre 2025, des modifications entreront en vigueur pour renforcer le contr\u00f4le des activit\u00e9s de transport de marchandises : les amendes seront augment\u00e9es, des registres obligatoires des participants et de nouvelles proc\u00e9dures de traitement des documents seront introduits.<span class=\"Apple-converted-space\">  <\/span><\/p><\/li><li><p class=\"p1\">En outre, \u00e0 partir du 1er mars 2026, la fonctionnalit\u00e9 du registre des transitaires sera introduite et, \u00e0 partir de septembre 2026, une transition compl\u00e8te vers la gestion \u00e9lectronique des documents sera mise en place.<span class=\"Apple-converted-space\">  <\/span><\/p><\/li><\/ul><h4><b>3.  <\/b><\/h4><h4><b>Lettre de voiture multimodale<\/b><\/h4><h4><b>  &#8211; \u00e0 partir de septembre 2025<\/b><\/h4><p class=\"p3\">Il est pr\u00e9vu d&rsquo;introduire un document de transport unique qui pourra \u00eatre utilis\u00e9 pour le transport combin\u00e9 &#8211; route + rail + mer\/avion. Cela facilitera le flux de documents et augmentera la transparence de la logistique. <span class=\"Apple-converted-space\">  <\/span><\/p><h4><b>4.  <\/b><\/h4><h4><b>Modifications du CAO RF sur les infractions administratives<\/b><\/h4><p class=\"p3\">Les innovations apport\u00e9es \u00e0 l&rsquo;article 11.14 du CAO introduisent des sanctions suppl\u00e9mentaires pour les transitaires. Ces changements entreront en vigueur le 1er mars 2026, ce qui laisse du temps pour s&rsquo;y pr\u00e9parer. <span class=\"Apple-converted-space\">  <\/span><\/p><h4><b>5.  <\/b><\/h4><h4><b>La confidentialit\u00e9 des informations logistiques devient critique<\/b><\/h4><p class=\"p3\">Le projet de loi pr\u00e9voit des sanctions (jusqu&rsquo;\u00e0 7 ans d&#8217;emprisonnement) pour la divulgation d&rsquo;informations sur la fourniture de biens sanctionn\u00e9s ou de programmes financiers, ce qui souligne la n\u00e9cessit\u00e9 de faire preuve de prudence dans les activit\u00e9s logistiques.<span class=\"Apple-converted-space\">  <\/span><\/p><hr><h3><b>Recommandations de <\/b><b>Betainvest<\/b><\/h3><ol start=\"1\"><li><p class=\"p1\"><b>Choisissez un entrep\u00f4t sous douane qui respecte les nouvelles exigences<\/b><span class=\"s1\">pour \u00e9viter les amendes et les temps d&rsquo;arr\u00eat.<\/span><\/p><\/li><li><p class=\"p1\"><b>Pr\u00e9parez-vous au lancement d&rsquo;un registre \u00e9lectronique des transitaires et de lettres de voiture \u00e9lectroniques<\/b><span class=\"s1\"> &#8211; Mettez en place vos processus internes d\u00e8s maintenant.<\/span><\/p><\/li><li><p class=\"p1\"><span class=\"s1\"><b>Mettre \u00e0 jour les contrats et les proc\u00e9dures<\/b><\/span>prendre en compte les nouvelles sanctions et les risques administratifs.<\/p><\/li><li><p class=\"p1\"><span class=\"s1\"><b>Limitez la divulgation des sch\u00e9mas logistiques<\/b><\/span>en particulier ceux qui concernent les marchandises soumises \u00e0 des sanctions &#8211; il s&rsquo;agit d&rsquo;une question de s\u00e9curit\u00e9 commerciale.<\/p><\/li><li><p class=\"p1\"><span class=\"s1\"><b>Tenez-vous au courant des changements l\u00e9gislatifs<\/b><\/span>de fonctionner sans heurts, m\u00eame dans un environnement difficile.<\/p><\/li><\/ol><p class=\"p3\"> <\/p>\t\t\t\t\t\t\t\t<\/div>\n\t\t\t\t\t<\/div>\n\t\t\t\t<\/div>\n\t\t<div class=\"elementor-element elementor-element-fec8e28 e-flex e-con-boxed e-con e-parent\" data-id=\"fec8e28\" data-element_type=\"container\" data-e-type=\"container\">\n\t\t\t\t\t<div class=\"e-con-inner\">\n\t\t\t\t<div class=\"elementor-element elementor-element-d86366d elementor-widget elementor-widget-spacer\" data-id=\"d86366d\" data-element_type=\"widget\" data-e-type=\"widget\" data-widget_type=\"spacer.default\">\n\t\t\t\t\t\t\t<div class=\"elementor-spacer\">\n\t\t\t<div class=\"elementor-spacer-inner\"><\/div>\n\t\t<\/div>\n\t\t\t\t\t\t<\/div>\n\t\t\t\t<div class=\"elementor-element elementor-element-824a161 elementor-widget-divider--view-line elementor-widget elementor-widget-divider\" data-id=\"824a161\" data-element_type=\"widget\" data-e-type=\"widget\" data-widget_type=\"divider.default\">\n\t\t\t\t\t\t\t<div class=\"elementor-divider\">\n\t\t\t<span class=\"elementor-divider-separator\">\n\t\t\t\t\t\t<\/span>\n\t\t<\/div>\n\t\t\t\t\t\t<\/div>\n\t\t\t\t\t<\/div>\n\t\t\t\t<\/div>\n\t\t\t\t<\/div>\n\t\t","protected":false},"excerpt":{"rendered":"<p>Changements l\u00e9gislatifs en cours 1. Nouvelles exigences pour les entrep\u00f4ts de stockage temporaire &#8211; \u00e0 partir du 26 ao\u00fbt 2025 Des r\u00e8gles actualis\u00e9es concernant l&rsquo;am\u00e9nagement, l&rsquo;\u00e9quipement et l&#8217;emplacement des entrep\u00f4ts de stockage temporaire (TSW) sont entr\u00e9es en vigueur. Les propri\u00e9taires d&rsquo;entrep\u00f4ts sont d\u00e9sormais tenus de se conformer aux r\u00e8gles strictes du Service f\u00e9d\u00e9ral des douanes [&hellip;]<\/p>\n","protected":false},"author":1,"featured_media":0,"parent":0,"menu_order":0,"comment_status":"closed","ping_status":"closed","template":"","meta":{"footnotes":""},"class_list":["post-3887","page","type-page","status-publish","hentry"],"_links":{"self":[{"href":"https:\/\/betainvest.ee\/fr\/wp-json\/wp\/v2\/pages\/3887","targetHints":{"allow":["GET"]}}],"collection":[{"href":"https:\/\/betainvest.ee\/fr\/wp-json\/wp\/v2\/pages"}],"about":[{"href":"https:\/\/betainvest.ee\/fr\/wp-json\/wp\/v2\/types\/page"}],"author":[{"embeddable":true,"href":"https:\/\/betainvest.ee\/fr\/wp-json\/wp\/v2\/users\/1"}],"replies":[{"embeddable":true,"href":"https:\/\/betainvest.ee\/fr\/wp-json\/wp\/v2\/comments?post=3887"}],"version-history":[{"count":1,"href":"https:\/\/betainvest.ee\/fr\/wp-json\/wp\/v2\/pages\/3887\/revisions"}],"predecessor-version":[{"id":3888,"href":"https:\/\/betainvest.ee\/fr\/wp-json\/wp\/v2\/pages\/3887\/revisions\/3888"}],"wp:attachment":[{"href":"https:\/\/betainvest.ee\/fr\/wp-json\/wp\/v2\/media?parent=3887"}],"curies":[{"name":"wp","href":"https:\/\/api.w.org\/{rel}","templated":true}]}}