{"id":3963,"date":"2025-08-05T19:52:10","date_gmt":"2025-08-05T19:52:10","guid":{"rendered":"https:\/\/betainvest.ee\/?page_id=3963"},"modified":"2026-02-23T19:57:28","modified_gmt":"2026-02-23T19:57:28","slug":"accueil","status":"publish","type":"page","link":"https:\/\/betainvest.ee\/fr\/","title":{"rendered":"Accueil"},"content":{"rendered":"\t\t<div data-elementor-type=\"wp-page\" data-elementor-id=\"3963\" class=\"elementor elementor-3963 elementor-536\" data-elementor-post-type=\"page\">\n\t\t\t\t<div class=\"elementor-element elementor-element-4587567 e-flex e-con-boxed e-con e-parent\" data-id=\"4587567\" data-element_type=\"container\" data-e-type=\"container\">\n\t\t\t\t\t<div class=\"e-con-inner\">\n\t\t\t\t<div class=\"elementor-element elementor-element-491d6cc elementor-widget elementor-widget-spacer\" data-id=\"491d6cc\" data-element_type=\"widget\" data-e-type=\"widget\" data-widget_type=\"spacer.default\">\n\t\t\t\t\t\t\t<div class=\"elementor-spacer\">\n\t\t\t<div class=\"elementor-spacer-inner\"><\/div>\n\t\t<\/div>\n\t\t\t\t\t\t<\/div>\n\t\t\t\t<div class=\"elementor-element elementor-element-5a2d580 elementor-widget elementor-widget-heading\" data-id=\"5a2d580\" data-element_type=\"widget\" data-e-type=\"widget\" data-widget_type=\"heading.default\">\n\t\t\t\t\t<h1 class=\"elementor-heading-title elementor-size-default\">Accueil<\/h1>\t\t\t\t<\/div>\n\t\t\t\t<div class=\"elementor-element elementor-element-5c584d6 elementor-widget elementor-widget-heading\" data-id=\"5c584d6\" data-element_type=\"widget\" data-e-type=\"widget\" data-widget_type=\"heading.default\">\n\t\t\t\t\t<h2 class=\"elementor-heading-title elementor-size-default\">Solutions compl\u00e8tes de transport B2B pour les entreprises.\nPartenariat fiable, conditions transparentes: avec nous, vous \u00e9conomisez du temps et de l\u2019argent.\n\n<\/h2>\t\t\t\t<\/div>\n\t\t\t\t\t<\/div>\n\t\t\t\t<\/div>\n\t\t<div class=\"elementor-element elementor-element-af617b3 e-flex e-con-boxed e-con e-parent\" data-id=\"af617b3\" data-element_type=\"container\" data-e-type=\"container\">\n\t\t\t\t\t<div class=\"e-con-inner\">\n\t\t\t\t<div class=\"elementor-element elementor-element-04fd6d5 elementor-widget elementor-widget-text-editor\" data-id=\"04fd6d5\" data-element_type=\"widget\" data-e-type=\"widget\" data-widget_type=\"text-editor.default\">\n\t\t\t\t\t\t\t\t\t<ul><li>Nous proposons des services de premier niveau aux entreprises de transport.<\/li><li>Gr\u00e2ce \u00e0 une solide exp\u00e9rience et \u00e0 une compr\u00e9hension approfondie du commerce international, nous assurons un passage fluide des marchandises \u00e0 la fronti\u00e8re et garantissons une livraison ponctuelle et efficace de votre cargaison \u00e0 destination.<\/li><li>Nos services aident les clients \u00e0 gagner du temps et \u00e0 r\u00e9duire les co\u00fbts, et donnent acc\u00e8s \u00e0 des informations sur: le statut du d\u00e9douanement en transit, l\u2019assurance transit des v\u00e9hicules et le paiement des taxes\/frais pour les poids lourds en diff\u00e9rentes devises pendant le transport.<\/li><li>En outre, nous proposons un service de ravitaillement des camions via un r\u00e9seau de plus de 3 000 stations-service.<\/li><li>Nous travaillons aussi bien avec de grandes entreprises qu\u2019avec de petites structures.<\/li><li>Nous assurons une assistance y compris les week-ends et les jours f\u00e9ri\u00e9s.<\/li><li>Pour chaque client, nous garantissons une approche personnalis\u00e9e et proposons les solutions les plus efficaces et les plus avantageuses sur le plan \u00e9conomiqu<\/li><\/ul>\t\t\t\t\t\t\t\t<\/div>\n\t\t\t\t<div class=\"elementor-element elementor-element-9b3343a elementor-widget elementor-widget-spacer\" data-id=\"9b3343a\" data-element_type=\"widget\" data-e-type=\"widget\" data-widget_type=\"spacer.default\">\n\t\t\t\t\t\t\t<div class=\"elementor-spacer\">\n\t\t\t<div class=\"elementor-spacer-inner\"><\/div>\n\t\t<\/div>\n\t\t\t\t\t\t<\/div>\n\t\t\t\t<div class=\"elementor-element elementor-element-613dc07 elementor-widget elementor-widget-image\" data-id=\"613dc07\" data-element_type=\"widget\" data-e-type=\"widget\" data-widget_type=\"image.default\">\n\t\t\t\t\t\t\t\t\t\t\t\t\t\t\t<img fetchpriority=\"high\" decoding=\"async\" width=\"768\" height=\"299\" src=\"https:\/\/betainvest.ee\/wp-content\/uploads\/2025\/11\/nakliyat-resim-768x299.jpg\" class=\"attachment-medium_large size-medium_large wp-image-5735\" alt=\"\" srcset=\"https:\/\/betainvest.ee\/wp-content\/uploads\/2025\/11\/nakliyat-resim-768x299.jpg 768w, https:\/\/betainvest.ee\/wp-content\/uploads\/2025\/11\/nakliyat-resim-300x117.jpg 300w, https:\/\/betainvest.ee\/wp-content\/uploads\/2025\/11\/nakliyat-resim-1024x398.jpg 1024w, https:\/\/betainvest.ee\/wp-content\/uploads\/2025\/11\/nakliyat-resim-1536x597.jpg 1536w, https:\/\/betainvest.ee\/wp-content\/uploads\/2025\/11\/nakliyat-resim-2048x796.jpg 2048w\" sizes=\"(max-width: 768px) 100vw, 768px\" \/>\t\t\t\t\t\t\t\t\t\t\t\t\t\t\t<\/div>\n\t\t\t\t\t<\/div>\n\t\t\t\t<\/div>\n\t\t<div class=\"elementor-element elementor-element-a10b4c1 e-flex e-con-boxed e-con e-parent\" data-id=\"a10b4c1\" data-element_type=\"container\" data-e-type=\"container\">\n\t\t\t\t\t<div class=\"e-con-inner\">\n\t\t\t\t<div class=\"elementor-element elementor-element-b30bf01 elementor-widget elementor-widget-spacer\" data-id=\"b30bf01\" data-element_type=\"widget\" data-e-type=\"widget\" data-widget_type=\"spacer.default\">\n\t\t\t\t\t\t\t<div class=\"elementor-spacer\">\n\t\t\t<div class=\"elementor-spacer-inner\"><\/div>\n\t\t<\/div>\n\t\t\t\t\t\t<\/div>\n\t\t\t\t<div class=\"elementor-element elementor-element-a159a31 elementor-widget elementor-widget-heading\" data-id=\"a159a31\" data-element_type=\"widget\" data-e-type=\"widget\" data-widget_type=\"heading.default\">\n\t\t\t\t\t<h2 class=\"elementor-heading-title elementor-size-default\">Nos objectifs<\/h2>\t\t\t\t<\/div>\n\t\t\t\t<div class=\"elementor-element elementor-element-8a26a09 elementor-widget elementor-widget-text-editor\" data-id=\"8a26a09\" data-element_type=\"widget\" data-e-type=\"widget\" data-widget_type=\"text-editor.default\">\n\t\t\t\t\t\t\t\t\t<ul><li><p class=\"p1\">Flexibilit\u00e9 et rapidit\u00e9 dans la r\u00e9solution des demandes des clients<\/p><\/li><li><p class=\"p1\">Fiabilit\u00e9 et qualit\u00e9 des services<\/p><\/li><li><p class=\"p1\">Technologies innovantes<\/p><\/li><li><p class=\"p1\">Large couverture g\u00e9ographique<\/p><\/li><\/ul>\t\t\t\t\t\t\t\t<\/div>\n\t\t\t\t\t<\/div>\n\t\t\t\t<\/div>\n\t\t<div class=\"elementor-element elementor-element-fad6340 e-flex e-con-boxed e-con e-parent\" data-id=\"fad6340\" data-element_type=\"container\" data-e-type=\"container\">\n\t\t\t\t\t<div class=\"e-con-inner\">\n\t\t\t\t<div class=\"elementor-element elementor-element-54ea98a elementor-widget elementor-widget-heading\" data-id=\"54ea98a\" data-element_type=\"widget\" data-e-type=\"widget\" data-widget_type=\"heading.default\">\n\t\t\t\t\t<h2 class=\"elementor-heading-title elementor-size-default\">\u00c0 propos de nous<\/h2>\t\t\t\t<\/div>\n\t\t\t\t<div class=\"elementor-element elementor-element-8a256ac elementor-widget elementor-widget-text-editor\" data-id=\"8a256ac\" data-element_type=\"widget\" data-e-type=\"widget\" data-widget_type=\"text-editor.default\">\n\t\t\t\t\t\t\t\t\t<p class=\"p1\">Chez BetaInvest, nous croyons que les projets sur lesquels nous travaillons cr\u00e9ent des opportunit\u00e9s et fa\u00e7onnent l\u2019avenir. Nous d\u00e9veloppons des solutions qui am\u00e9liorent la vie des gens, renforcent les communaut\u00e9s et ouvrent l\u2019acc\u00e8s \u00e0 de nouvelles perspectives.<\/p><p class=\"p1\">Nous menons nos activit\u00e9s avec un sens aigu des responsabilit\u00e9s, visant toujours l\u2019excellence \u2014 qu\u2019il s\u2019agisse de r\u00e9duire l\u2019impact environnemental, de cr\u00e9er une r\u00e9elle valeur sociale ou de favoriser un environnement de travail inspirant.<\/p><p class=\"p1\">Nous sommes conscients de l\u2019ampleur et de l\u2019urgence des d\u00e9fis auxquels la soci\u00e9t\u00e9 est confront\u00e9e et jouons notre r\u00f4le dans la cr\u00e9ation de changements durables et \u00e0 long terme. Nous unissons nos forces avec ceux qui sont pr\u00eats \u00e0 agir pour rendre le monde meilleur.<\/p><p class=\"p1\">Nous \u00e9coutons attentivement nos clients et les communaut\u00e9s avec lesquelles nous collaborons, afin de trouver des solutions qui apportent des b\u00e9n\u00e9fices aujourd\u2019hui et cr\u00e9ent de la valeur pour les g\u00e9n\u00e9rations futures.<\/p><p class=\"p1\">L\u2019ouverture aux nouvelles id\u00e9es et un \u00e9tat d\u2019esprit sans fronti\u00e8res sont au c\u0153ur de notre culture. Nous mettons \u00e0 profit toute notre expertise, nos connaissances et nos innovations pour trouver les meilleures solutions partout dans le monde.<\/p><p class=\"p1\">Nous sommes une \u00e9quipe de partenaires fiables, unis par un objectif commun : cr\u00e9er un avenir meilleur pour tous nos clients.<\/p>\t\t\t\t\t\t\t\t<\/div>\n\t\t\t\t<div class=\"elementor-element elementor-element-9b1a144 elementor-widget elementor-widget-spacer\" data-id=\"9b1a144\" data-element_type=\"widget\" data-e-type=\"widget\" data-widget_type=\"spacer.default\">\n\t\t\t\t\t\t\t<div class=\"elementor-spacer\">\n\t\t\t<div class=\"elementor-spacer-inner\"><\/div>\n\t\t<\/div>\n\t\t\t\t\t\t<\/div>\n\t\t\t\t\t<\/div>\n\t\t\t\t<\/div>\n\t\t<div class=\"elementor-element elementor-element-0ab0061 e-flex e-con-boxed e-con e-parent\" data-id=\"0ab0061\" data-element_type=\"container\" data-e-type=\"container\">\n\t\t\t\t\t<div class=\"e-con-inner\">\n\t\t\t\t<div class=\"elementor-element elementor-element-9028d62 elementor-widget elementor-widget-heading\" data-id=\"9028d62\" data-element_type=\"widget\" data-e-type=\"widget\" data-widget_type=\"heading.default\">\n\t\t\t\t\t<h2 class=\"elementor-heading-title elementor-size-default\">Pourquoi nous choisir ?<\/h2>\t\t\t\t<\/div>\n\t\t\t\t\t<\/div>\n\t\t\t\t<\/div>\n\t\t<div class=\"elementor-element elementor-element-53b1288 e-flex e-con-boxed e-con e-parent\" data-id=\"53b1288\" data-element_type=\"container\" data-e-type=\"container\">\n\t\t\t\t\t<div class=\"e-con-inner\">\n\t\t\t\t<div class=\"elementor-element elementor-element-9a0ad6c elementor-widget elementor-widget-image\" data-id=\"9a0ad6c\" data-element_type=\"widget\" data-e-type=\"widget\" data-widget_type=\"image.default\">\n\t\t\t\t\t\t\t\t\t\t\t\t\t\t\t<img decoding=\"async\" width=\"612\" height=\"376\" src=\"https:\/\/betainvest.ee\/wp-content\/uploads\/2025\/08\/istockphoto-1166152338-612x612-1.jpg\" class=\"attachment-medium_large size-medium_large wp-image-3965\" alt=\"\" srcset=\"https:\/\/betainvest.ee\/wp-content\/uploads\/2025\/08\/istockphoto-1166152338-612x612-1.jpg 612w, https:\/\/betainvest.ee\/wp-content\/uploads\/2025\/08\/istockphoto-1166152338-612x612-1-300x184.jpg 300w\" sizes=\"(max-width: 612px) 100vw, 612px\" \/>\t\t\t\t\t\t\t\t\t\t\t\t\t\t\t<\/div>\n\t\t\t\t\t<\/div>\n\t\t\t\t<\/div>\n\t\t<div class=\"elementor-element elementor-element-f0d60df e-flex e-con-boxed e-con e-parent\" data-id=\"f0d60df\" data-element_type=\"container\" data-e-type=\"container\">\n\t\t\t\t\t<div class=\"e-con-inner\">\n\t\t\t\t<div class=\"elementor-element elementor-element-77c341f elementor-widget elementor-widget-spacer\" data-id=\"77c341f\" data-element_type=\"widget\" data-e-type=\"widget\" data-widget_type=\"spacer.default\">\n\t\t\t\t\t\t\t<div class=\"elementor-spacer\">\n\t\t\t<div class=\"elementor-spacer-inner\"><\/div>\n\t\t<\/div>\n\t\t\t\t\t\t<\/div>\n\t\t\t\t<div class=\"elementor-element elementor-element-e161f02 elementor-widget elementor-widget-heading\" data-id=\"e161f02\" data-element_type=\"widget\" data-e-type=\"widget\" data-widget_type=\"heading.default\">\n\t\t\t\t\t<h5 class=\"elementor-heading-title elementor-size-default\">La confiance dans le bon choix<\/h5>\t\t\t\t<\/div>\n\t\t\t\t<div class=\"elementor-element elementor-element-7a6234a elementor-widget elementor-widget-text-editor\" data-id=\"7a6234a\" data-element_type=\"widget\" data-e-type=\"widget\" data-widget_type=\"text-editor.default\">\n\t\t\t\t\t\t\t\t\t<p class=\"p1\">Nous offrons nos services sans interm\u00e9diaires ni frais cach\u00e9s, rendant la coop\u00e9ration claire et avantageuse.<\/p>\t\t\t\t\t\t\t\t<\/div>\n\t\t\t\t<div class=\"elementor-element elementor-element-58ac1ef elementor-widget elementor-widget-spacer\" data-id=\"58ac1ef\" data-element_type=\"widget\" data-e-type=\"widget\" data-widget_type=\"spacer.default\">\n\t\t\t\t\t\t\t<div class=\"elementor-spacer\">\n\t\t\t<div class=\"elementor-spacer-inner\"><\/div>\n\t\t<\/div>\n\t\t\t\t\t\t<\/div>\n\t\t\t\t<div class=\"elementor-element elementor-element-705d44a elementor-widget elementor-widget-heading\" data-id=\"705d44a\" data-element_type=\"widget\" data-e-type=\"widget\" data-widget_type=\"heading.default\">\n\t\t\t\t\t<h5 class=\"elementor-heading-title elementor-size-default\">Un partenariat bas\u00e9 sur le respect<\/h5>\t\t\t\t<\/div>\n\t\t\t\t<div class=\"elementor-element elementor-element-786da38 elementor-widget elementor-widget-text-editor\" data-id=\"786da38\" data-element_type=\"widget\" data-e-type=\"widget\" data-widget_type=\"text-editor.default\">\n\t\t\t\t\t\t\t\t\t<p class=\"p1\">Nous nous effor\u00e7ons d\u2019\u00e9tablir des relations chaleureuses, honn\u00eates et dignes de confiance avec nos clients, nos employ\u00e9s et nos partenaires \u00e0 travers le monde. La responsabilit\u00e9 est notre plus grande force.<\/p>\t\t\t\t\t\t\t\t<\/div>\n\t\t\t\t<div class=\"elementor-element elementor-element-8c634c5 elementor-widget elementor-widget-spacer\" data-id=\"8c634c5\" data-element_type=\"widget\" data-e-type=\"widget\" data-widget_type=\"spacer.default\">\n\t\t\t\t\t\t\t<div class=\"elementor-spacer\">\n\t\t\t<div class=\"elementor-spacer-inner\"><\/div>\n\t\t<\/div>\n\t\t\t\t\t\t<\/div>\n\t\t\t\t<div class=\"elementor-element elementor-element-9858ae0 elementor-widget elementor-widget-heading\" data-id=\"9858ae0\" data-element_type=\"widget\" data-e-type=\"widget\" data-widget_type=\"heading.default\">\n\t\t\t\t\t<h5 class=\"elementor-heading-title elementor-size-default\">Une approche ax\u00e9e sur les r\u00e9sultats<\/h5>\t\t\t\t<\/div>\n\t\t\t\t<div class=\"elementor-element elementor-element-8942149 elementor-widget elementor-widget-text-editor\" data-id=\"8942149\" data-element_type=\"widget\" data-e-type=\"widget\" data-widget_type=\"text-editor.default\">\n\t\t\t\t\t\t\t\t\t<p class=\"p1\">Nous suivons les derni\u00e8res \u00e9volutions, r\u00e9glementations l\u00e9gales et technologies, permettant \u00e0 nos clients de gagner du temps et d\u2019obtenir des r\u00e9sultats exceptionnels dans leur coop\u00e9ration.<\/p>\t\t\t\t\t\t\t\t<\/div>\n\t\t\t\t<div class=\"elementor-element elementor-element-3b1cd9a elementor-widget elementor-widget-spacer\" data-id=\"3b1cd9a\" data-element_type=\"widget\" data-e-type=\"widget\" data-widget_type=\"spacer.default\">\n\t\t\t\t\t\t\t<div class=\"elementor-spacer\">\n\t\t\t<div class=\"elementor-spacer-inner\"><\/div>\n\t\t<\/div>\n\t\t\t\t\t\t<\/div>\n\t\t\t\t<div class=\"elementor-element elementor-element-5cb8fbb elementor-widget elementor-widget-spacer\" data-id=\"5cb8fbb\" data-element_type=\"widget\" data-e-type=\"widget\" data-widget_type=\"spacer.default\">\n\t\t\t\t\t\t\t<div class=\"elementor-spacer\">\n\t\t\t<div class=\"elementor-spacer-inner\"><\/div>\n\t\t<\/div>\n\t\t\t\t\t\t<\/div>\n\t\t\t\t\t<\/div>\n\t\t\t\t<\/div>\n\t\t<div class=\"elementor-element elementor-element-c32728e e-flex e-con-boxed e-con e-parent\" data-id=\"c32728e\" data-element_type=\"container\" data-e-type=\"container\">\n\t\t\t\t\t<div class=\"e-con-inner\">\n\t\t\t\t<div class=\"elementor-element elementor-element-d342fc0 elementor-widget elementor-widget-image\" data-id=\"d342fc0\" data-element_type=\"widget\" data-e-type=\"widget\" data-widget_type=\"image.default\">\n\t\t\t\t\t\t\t\t\t\t\t\t\t\t\t<img decoding=\"async\" width=\"768\" height=\"489\" src=\"https:\/\/betainvest.ee\/wp-content\/uploads\/2026\/02\/iStock-486836087-768x489.png\" class=\"attachment-medium_large size-medium_large wp-image-6310\" alt=\"\" srcset=\"https:\/\/betainvest.ee\/wp-content\/uploads\/2026\/02\/iStock-486836087-768x489.png 768w, https:\/\/betainvest.ee\/wp-content\/uploads\/2026\/02\/iStock-486836087-300x191.png 300w, https:\/\/betainvest.ee\/wp-content\/uploads\/2026\/02\/iStock-486836087.png 892w\" sizes=\"(max-width: 768px) 100vw, 768px\" \/>\t\t\t\t\t\t\t\t\t\t\t\t\t\t\t<\/div>\n\t\t\t\t\t<\/div>\n\t\t\t\t<\/div>\n\t\t<div class=\"elementor-element elementor-element-6149ae3 e-flex e-con-boxed e-con e-parent\" data-id=\"6149ae3\" data-element_type=\"container\" data-e-type=\"container\">\n\t\t\t\t\t<div class=\"e-con-inner\">\n\t\t\t\t<div class=\"elementor-element elementor-element-9c09fc7 elementor-widget elementor-widget-spacer\" data-id=\"9c09fc7\" data-element_type=\"widget\" data-e-type=\"widget\" data-widget_type=\"spacer.default\">\n\t\t\t\t\t\t\t<div class=\"elementor-spacer\">\n\t\t\t<div class=\"elementor-spacer-inner\"><\/div>\n\t\t<\/div>\n\t\t\t\t\t\t<\/div>\n\t\t\t\t\t<\/div>\n\t\t\t\t<\/div>\n\t\t\t\t<\/div>\n\t\t","protected":false},"excerpt":{"rendered":"<p>Accueil Solutions compl\u00e8tes de transport B2B pour les entreprises. Partenariat fiable, conditions transparentes: avec nous, vous \u00e9conomisez du temps et de l\u2019argent. Nous proposons des services de premier niveau aux entreprises de transport. Gr\u00e2ce \u00e0 une solide exp\u00e9rience et \u00e0 une compr\u00e9hension approfondie du commerce international, nous assurons un passage fluide des marchandises \u00e0 la [&hellip;]<\/p>\n","protected":false},"author":1,"featured_media":0,"parent":0,"menu_order":1,"comment_status":"closed","ping_status":"closed","template":"elementor_header_footer","meta":{"footnotes":""},"class_list":["post-3963","page","type-page","status-publish","hentry"],"_links":{"self":[{"href":"https:\/\/betainvest.ee\/fr\/wp-json\/wp\/v2\/pages\/3963","targetHints":{"allow":["GET"]}}],"collection":[{"href":"https:\/\/betainvest.ee\/fr\/wp-json\/wp\/v2\/pages"}],"about":[{"href":"https:\/\/betainvest.ee\/fr\/wp-json\/wp\/v2\/types\/page"}],"author":[{"embeddable":true,"href":"https:\/\/betainvest.ee\/fr\/wp-json\/wp\/v2\/users\/1"}],"replies":[{"embeddable":true,"href":"https:\/\/betainvest.ee\/fr\/wp-json\/wp\/v2\/comments?post=3963"}],"version-history":[{"count":28,"href":"https:\/\/betainvest.ee\/fr\/wp-json\/wp\/v2\/pages\/3963\/revisions"}],"predecessor-version":[{"id":6347,"href":"https:\/\/betainvest.ee\/fr\/wp-json\/wp\/v2\/pages\/3963\/revisions\/6347"}],"wp:attachment":[{"href":"https:\/\/betainvest.ee\/fr\/wp-json\/wp\/v2\/media?parent=3963"}],"curies":[{"name":"wp","href":"https:\/\/api.w.org\/{rel}","templated":true}]}}