{"id":3993,"date":"2025-08-04T06:22:54","date_gmt":"2025-08-04T06:22:54","guid":{"rendered":"https:\/\/betainvest.ee\/entrepots-de-stockage-temporaire\/"},"modified":"2025-08-26T20:27:38","modified_gmt":"2025-08-26T20:27:38","slug":"entrepots-de-stockage-temporaire","status":"publish","type":"page","link":"https:\/\/betainvest.ee\/fr\/entrepots-de-stockage-temporaire\/","title":{"rendered":"Entrep\u00f4ts de stockage temporaire"},"content":{"rendered":"\t\t<div data-elementor-type=\"wp-page\" data-elementor-id=\"3993\" class=\"elementor elementor-3993 elementor-3932\" data-elementor-post-type=\"page\">\n\t\t\t\t<div class=\"elementor-element elementor-element-826e4ba e-flex e-con-boxed e-con e-parent\" data-id=\"826e4ba\" data-element_type=\"container\" data-e-type=\"container\">\n\t\t\t\t\t<div class=\"e-con-inner\">\n\t\t\t\t<div class=\"elementor-element elementor-element-76c05f8 elementor-widget elementor-widget-image\" data-id=\"76c05f8\" data-element_type=\"widget\" data-e-type=\"widget\" data-widget_type=\"image.default\">\n\t\t\t\t\t\t\t\t\t\t\t\t\t\t\t<img fetchpriority=\"high\" decoding=\"async\" width=\"300\" height=\"200\" src=\"https:\/\/betainvest.ee\/wp-content\/uploads\/2025\/08\/istockphoto-1440668597-612x612-1-300x200.jpg\" class=\"attachment-medium size-medium wp-image-3994\" alt=\"\" srcset=\"https:\/\/betainvest.ee\/wp-content\/uploads\/2025\/08\/istockphoto-1440668597-612x612-1-300x200.jpg 300w, https:\/\/betainvest.ee\/wp-content\/uploads\/2025\/08\/istockphoto-1440668597-612x612-1.jpg 612w\" sizes=\"(max-width: 300px) 100vw, 300px\" \/>\t\t\t\t\t\t\t\t\t\t\t\t\t\t\t<\/div>\n\t\t\t\t\t<\/div>\n\t\t\t\t<\/div>\n\t\t<div class=\"elementor-element elementor-element-2a131b3 e-flex e-con-boxed e-con e-parent\" data-id=\"2a131b3\" data-element_type=\"container\" data-e-type=\"container\">\n\t\t\t\t\t<div class=\"e-con-inner\">\n\t\t\t\t<div class=\"elementor-element elementor-element-41cabdd elementor-widget elementor-widget-text-editor\" data-id=\"41cabdd\" data-element_type=\"widget\" data-e-type=\"widget\" data-widget_type=\"text-editor.default\">\n\t\t\t\t\t\t\t\t\t<h1><b>\ud83d\udce6 Entrep\u00f4ts de stockage temporaire avec Betainvest<\/b><\/h1><p class=\"p3\">Soci\u00e9t\u00e9 <span class=\"s2\"><b>Betainvest<\/b><\/span> aide ses clients \u00e0 r\u00e9soudre les principaux probl\u00e8mes de logistique et de d\u00e9douanement.<\/p><p class=\"p3\">Nous s\u00e9lectionnons et fournissons des <span class=\"s2\"><b>des entrep\u00f4ts de stockage temporaire (TSW) fiables<\/b><\/span>o\u00f9 vos envois seront sous contr\u00f4le jusqu&rsquo;\u00e0 ce que toutes les proc\u00e9dures n\u00e9cessaires soient termin\u00e9es.<\/p><hr><h2><b>Pourquoi avez-vous besoin d&rsquo;entrep\u00f4ts de stockage temporaire ?<\/b><\/h2><ul><li><p class=\"p1\">Pour assurer la s\u00e9curit\u00e9 des marchandises lors de leur passage en douane.<\/p><\/li><li><p class=\"p1\">Attendre en toute s\u00e9curit\u00e9 les documents et les autorisations.<\/p><\/li><li><p class=\"p1\">Pour faciliter le rechargement et l&rsquo;exp\u00e9dition vers la r\u00e9gion ou le pays souhait\u00e9.<\/p><\/li><\/ul><hr><h2><b>Ce qu&rsquo;un client obtient avec Betainvest<\/b><\/h2><ul><li><p class=\"p1\">\ud83d\udcd1 Solution pr\u00eate \u00e0 l&#8217;emploi : nous trouvons l&rsquo;entrep\u00f4t ad\u00e9quat pour vos t\u00e2ches sp\u00e9cifiques.<\/p><\/li><li><p class=\"p1\">\ud83d\udd12 Garantie de s\u00e9curit\u00e9 : entrep\u00f4ts surveill\u00e9s et \u00e9quip\u00e9s.<\/p><\/li><li><p class=\"p1\">\u23f1 Gain de temps : le fret n&rsquo;est pas immobilis\u00e9 ou perdu en cours de route.<\/p><\/li><li><p class=\"p1\">\ud83c\udf0d Flexibilit\u00e9 : possibilit\u00e9 d&rsquo;utiliser des entrep\u00f4ts dans diff\u00e9rentes r\u00e9gions de Russie et au-del\u00e0.<\/p><\/li><\/ul><hr><p class=\"p3\"><span class=\"s2\"><b>Betainvest<\/b><\/span> &#8211; votre partenaire logistique fiable. Nous nous occupons de l&rsquo;entreposage et du transport afin que vous puissiez vous concentrer sur vos activit\u00e9s.   <\/p>\t\t\t\t\t\t\t\t<\/div>\n\t\t\t\t\t<\/div>\n\t\t\t\t<\/div>\n\t\t<div class=\"elementor-element elementor-element-e6f3eb7 e-flex e-con-boxed e-con e-parent\" data-id=\"e6f3eb7\" data-element_type=\"container\" data-e-type=\"container\">\n\t\t\t\t\t<div class=\"e-con-inner\">\n\t\t\t\t<div class=\"elementor-element elementor-element-ceae73f elementor-align-center elementor-widget elementor-widget-button\" data-id=\"ceae73f\" data-element_type=\"widget\" data-e-type=\"widget\" data-widget_type=\"button.default\">\n\t\t\t\t\t\t\t\t\t\t<a class=\"elementor-button elementor-button-link elementor-size-sm\" href=\"#\">\n\t\t\t\t\t\t<span class=\"elementor-button-content-wrapper\">\n\t\t\t\t\t\t\t\t\t<span class=\"elementor-button-text\">Cliquez ici<\/span>\n\t\t\t\t\t<\/span>\n\t\t\t\t\t<\/a>\n\t\t\t\t\t\t\t\t<\/div>\n\t\t\t\t<div class=\"elementor-element elementor-element-ac714c3 elementor-widget elementor-widget-spacer\" data-id=\"ac714c3\" data-element_type=\"widget\" data-e-type=\"widget\" data-widget_type=\"spacer.default\">\n\t\t\t\t\t\t\t<div class=\"elementor-spacer\">\n\t\t\t<div class=\"elementor-spacer-inner\"><\/div>\n\t\t<\/div>\n\t\t\t\t\t\t<\/div>\n\t\t\t\t<div class=\"elementor-element elementor-element-55287b6 elementor-widget-divider--view-line elementor-widget elementor-widget-divider\" data-id=\"55287b6\" data-element_type=\"widget\" data-e-type=\"widget\" data-widget_type=\"divider.default\">\n\t\t\t\t\t\t\t<div class=\"elementor-divider\">\n\t\t\t<span class=\"elementor-divider-separator\">\n\t\t\t\t\t\t<\/span>\n\t\t<\/div>\n\t\t\t\t\t\t<\/div>\n\t\t\t\t\t<\/div>\n\t\t\t\t<\/div>\n\t\t\t\t<\/div>\n\t\t","protected":false},"excerpt":{"rendered":"<p>\ud83d\udce6 Entrep\u00f4ts de stockage temporaire avec Betainvest Soci\u00e9t\u00e9 Betainvest aide ses clients \u00e0 r\u00e9soudre les principaux probl\u00e8mes de logistique et de d\u00e9douanement. Nous s\u00e9lectionnons et fournissons des des entrep\u00f4ts de stockage temporaire (TSW) fiableso\u00f9 vos envois seront sous contr\u00f4le jusqu&rsquo;\u00e0 ce que toutes les proc\u00e9dures n\u00e9cessaires soient termin\u00e9es. Pourquoi avez-vous besoin d&rsquo;entrep\u00f4ts de stockage temporaire [&hellip;]<\/p>\n","protected":false},"author":1,"featured_media":0,"parent":0,"menu_order":0,"comment_status":"closed","ping_status":"closed","template":"","meta":{"footnotes":""},"class_list":["post-3993","page","type-page","status-publish","hentry"],"_links":{"self":[{"href":"https:\/\/betainvest.ee\/fr\/wp-json\/wp\/v2\/pages\/3993","targetHints":{"allow":["GET"]}}],"collection":[{"href":"https:\/\/betainvest.ee\/fr\/wp-json\/wp\/v2\/pages"}],"about":[{"href":"https:\/\/betainvest.ee\/fr\/wp-json\/wp\/v2\/types\/page"}],"author":[{"embeddable":true,"href":"https:\/\/betainvest.ee\/fr\/wp-json\/wp\/v2\/users\/1"}],"replies":[{"embeddable":true,"href":"https:\/\/betainvest.ee\/fr\/wp-json\/wp\/v2\/comments?post=3993"}],"version-history":[{"count":1,"href":"https:\/\/betainvest.ee\/fr\/wp-json\/wp\/v2\/pages\/3993\/revisions"}],"predecessor-version":[{"id":3995,"href":"https:\/\/betainvest.ee\/fr\/wp-json\/wp\/v2\/pages\/3993\/revisions\/3995"}],"wp:attachment":[{"href":"https:\/\/betainvest.ee\/fr\/wp-json\/wp\/v2\/media?parent=3993"}],"curies":[{"name":"wp","href":"https:\/\/api.w.org\/{rel}","templated":true}]}}