{"id":4105,"date":"2025-08-04T06:22:54","date_gmt":"2025-08-04T06:22:54","guid":{"rendered":"https:\/\/betainvest.ee\/envois-de-produits-soumis-a-accises\/"},"modified":"2025-08-28T02:59:37","modified_gmt":"2025-08-28T02:59:37","slug":"envois-de-produits-soumis-a-accises","status":"publish","type":"page","link":"https:\/\/betainvest.ee\/fr\/envois-de-produits-soumis-a-accises\/","title":{"rendered":"Envois de produits soumis \u00e0 accises"},"content":{"rendered":"\t\t<div data-elementor-type=\"wp-page\" data-elementor-id=\"4105\" class=\"elementor elementor-4105\" data-elementor-post-type=\"page\">\n\t\t\t\t<div class=\"elementor-element elementor-element-bac6fec e-flex e-con-boxed e-con e-parent\" data-id=\"bac6fec\" data-element_type=\"container\" data-e-type=\"container\">\n\t\t\t\t\t<div class=\"e-con-inner\">\n\t\t\t\t<div class=\"elementor-element elementor-element-fd6d803 elementor-widget elementor-widget-text-editor\" data-id=\"fd6d803\" data-element_type=\"widget\" data-e-type=\"widget\" data-widget_type=\"text-editor.default\">\n\t\t\t\t\t\t\t\t\t<h1><b>\ud83d\udee1 Produits soumis \u00e0 accises : transport, stockage et d\u00e9douanement avec BetaInvest<\/b><\/h1><p class=\"p3\">Les produits soumis \u00e0 accises n\u00e9cessitent une approche particuli\u00e8re : ils sont r\u00e9glement\u00e9s par l&rsquo;\u00c9tat et font l&rsquo;objet d&rsquo;une taxation et d&rsquo;un contr\u00f4le suppl\u00e9mentaires. Une erreur dans les documents ou un calcul incorrect des droits d&rsquo;accises peut entra\u00eener des amendes, des retards et des pertes. <\/p><p class=\"p3\">Soci\u00e9t\u00e9 <span class=\"s2\"><b>BetaInvest<\/b><\/span> BetaInvest s&rsquo;occupe de toutes les complexit\u00e9s li\u00e9es au transport et au d\u00e9douanement des marchandises soumises \u00e0 accises afin que les transporteurs et les clients puissent faire des affaires en toute tranquillit\u00e9.<\/p><hr><h2><b>Ce que nous faisons pour nos clients<\/b><\/h2><h3><b>\ud83d\udcd1 \u041f\u043e\u0434\u0433\u043e\u0442\u043e\u0432\u043a\u0430 \u0434\u043e\u043a\u0443\u043c\u0435\u043d\u0442\u043e\u0432 \u0438 \u043a\u043e\u043d\u0441\u0443\u043b\u044c\u0442\u0430\u0446\u0438\u0438<\/b><\/h3><p class=\"p3\">Nous vous expliquons toutes les exigences relatives aux produits soumis \u00e0 accises en Russie, au Belarus, au Kazakhstan et dans d&rsquo;autres pays.<\/p><ul><li><p class=\"p1\">Nous d\u00e9livrons des d\u00e9clarations d&rsquo;accises et des documents d&rsquo;autorisation.<\/p><\/li><li><p class=\"p1\">Nous pr\u00e9parons les certificats de conformit\u00e9, les factures et les contrats.<\/p><\/li><li><p class=\"p1\">Nous v\u00e9rifions l&rsquo;exactitude des documents afin d&rsquo;\u00e9viter les probl\u00e8mes \u00e0 la douane.<\/p><\/li><\/ul><hr><h3><b>\ud83d\ude9a Transport de produits soumis \u00e0 accise<\/b><\/h3><p class=\"p3\">Nous organisons la livraison en tenant compte de toutes les r\u00e9glementations et exigences :<\/p><ul><li><p class=\"p1\">Choisir le bon moyen de transport et le bon itin\u00e9raire.<\/p><\/li><li><p class=\"p1\">Contr\u00f4ler le respect des conditions de transport (par exemple pour l&rsquo;alcool ou le carburant).<\/p><\/li><li><p class=\"p1\">Fournissez des agents de s\u00e9curit\u00e9 ou une escorte si n\u00e9cessaire.<\/p><\/li><\/ul><hr><h3><b>\ud83d\udec3 D\u00e9douanement et d\u00e9douanement<\/b><\/h3><p class=\"p3\"><span class=\"s2\"><b>BetaInvest<\/b><\/span> repr\u00e9sente les int\u00e9r\u00eats du client \u00e0 la douane :<\/p><ul><li><p class=\"p1\">Payer les droits d&rsquo;accise et les taxes au nom du client.<\/p><\/li><li><p class=\"p1\">V\u00e9rifiez que les calculs sont corrects afin de vous assurer qu&rsquo;aucun trop-per\u00e7u n&rsquo;est effectu\u00e9.<\/p><\/li><li><p class=\"p1\">Nous assurons un d\u00e9douanement rapide et sans retard.<\/p><\/li><\/ul><hr><h3><b>\ud83d\udcb3 Garanties et r\u00e8glements financiers<\/b><\/h3><ul><li><p class=\"p1\">Nous acceptons les paiements des entreprises turques en lires.<\/p><\/li><li><p class=\"p1\">Convertissez les fonds et payez toutes les d\u00e9penses en roubles ou en roubles b\u00e9larussiens.<\/p><\/li><li><p class=\"p1\">Nous fournissons des factures et des documents de cl\u00f4ture afin que ces paiements soient trait\u00e9s comme des d\u00e9penses officielles pour le client.<\/p><\/li><\/ul><hr><h3><b>\ud83d\udce6 Stockage de produits soumis \u00e0 accise<\/b><\/h3><p class=\"p3\">Nous localisons et fournissons des entrep\u00f4ts de stockage temporaire (TSW) o\u00f9 les produits soumis \u00e0 accises sont autoris\u00e9s.<\/p><ul><li><p class=\"p1\">La cargaison est s\u00e9curis\u00e9e et assur\u00e9e.<\/p><\/li><li><p class=\"p1\">Les p\u00e9riodes de stockage varient de quelques jours \u00e0 plusieurs mois.<\/p><\/li><li><p class=\"p1\">Contr\u00f4le total et responsabilit\u00e9 pour le client.<\/p><\/li><\/ul><hr><h2><b>\u00c0 qui s&rsquo;adresse ce service ?<\/b><\/h2><ul><li><p class=\"p1\">\ud83d\ude9b <span class=\"s1\"><b>Les transporteurs<\/b><\/span>qui doivent livrer les produits soumis \u00e0 accise de mani\u00e8re s\u00fbre et correcte.<\/p><\/li><li><p class=\"p1\">\ud83d\udce6 <span class=\"s1\"><b>Soci\u00e9t\u00e9s d&rsquo;importation<\/b><\/span>travaillant avec la Russie, le Belarus, le Kazakhstan.<\/p><\/li><li><p class=\"p1\">\ud83c\udf0d <span class=\"s1\"><b>Clients de Turquie et d&rsquo;autres pays<\/b><\/span>qui ont besoin d&rsquo;un partenaire pour le d\u00e9douanement et la livraison.<\/p><\/li><\/ul><hr><h2><b>\ud83e\udd1d Conclusion<\/b><\/h2><p class=\"p3\"><span class=\"s2\"><b>BetaInvest<\/b><\/span> &#8211; votre partenaire fiable pour le transport et le d\u00e9douanement des produits soumis \u00e0 accises.<\/p><p class=\"p3\">Nous assumons l&rsquo;enti\u00e8re responsabilit\u00e9 : des documents et de la logistique au d\u00e9douanement et au paiement des droits d&rsquo;accise.<\/p>\t\t\t\t\t\t\t\t<\/div>\n\t\t\t\t\t<\/div>\n\t\t\t\t<\/div>\n\t\t<div class=\"elementor-element elementor-element-8c34328 e-flex e-con-boxed e-con e-parent\" data-id=\"8c34328\" data-element_type=\"container\" data-e-type=\"container\">\n\t\t\t\t\t<div class=\"e-con-inner\">\n\t\t\t\t<div class=\"elementor-element elementor-element-9e1ecba elementor-align-center elementor-widget elementor-widget-button\" data-id=\"9e1ecba\" data-element_type=\"widget\" data-e-type=\"widget\" data-widget_type=\"button.default\">\n\t\t\t\t\t\t\t\t\t\t<a class=\"elementor-button elementor-button-link elementor-size-sm\" href=\"#\">\n\t\t\t\t\t\t<span class=\"elementor-button-content-wrapper\">\n\t\t\t\t\t\t\t\t\t<span class=\"elementor-button-text\">Cliquez ici<\/span>\n\t\t\t\t\t<\/span>\n\t\t\t\t\t<\/a>\n\t\t\t\t\t\t\t\t<\/div>\n\t\t\t\t<div class=\"elementor-element elementor-element-1b3ba06 elementor-widget-divider--view-line elementor-widget elementor-widget-divider\" data-id=\"1b3ba06\" data-element_type=\"widget\" data-e-type=\"widget\" data-widget_type=\"divider.default\">\n\t\t\t\t\t\t\t<div class=\"elementor-divider\">\n\t\t\t<span class=\"elementor-divider-separator\">\n\t\t\t\t\t\t<\/span>\n\t\t<\/div>\n\t\t\t\t\t\t<\/div>\n\t\t\t\t<div class=\"elementor-element elementor-element-90b9797 elementor-widget elementor-widget-spacer\" data-id=\"90b9797\" data-element_type=\"widget\" data-e-type=\"widget\" data-widget_type=\"spacer.default\">\n\t\t\t\t\t\t\t<div class=\"elementor-spacer\">\n\t\t\t<div class=\"elementor-spacer-inner\"><\/div>\n\t\t<\/div>\n\t\t\t\t\t\t<\/div>\n\t\t\t\t\t<\/div>\n\t\t\t\t<\/div>\n\t\t\t\t<\/div>\n\t\t","protected":false},"excerpt":{"rendered":"<p>\ud83d\udee1 Produits soumis \u00e0 accises : transport, stockage et d\u00e9douanement avec BetaInvest Les produits soumis \u00e0 accises n\u00e9cessitent une approche particuli\u00e8re : ils sont r\u00e9glement\u00e9s par l&rsquo;\u00c9tat et font l&rsquo;objet d&rsquo;une taxation et d&rsquo;un contr\u00f4le suppl\u00e9mentaires. Une erreur dans les documents ou un calcul incorrect des droits d&rsquo;accises peut entra\u00eener des amendes, des retards et [&hellip;]<\/p>\n","protected":false},"author":1,"featured_media":0,"parent":0,"menu_order":0,"comment_status":"closed","ping_status":"closed","template":"","meta":{"footnotes":""},"class_list":["post-4105","page","type-page","status-publish","hentry"],"_links":{"self":[{"href":"https:\/\/betainvest.ee\/fr\/wp-json\/wp\/v2\/pages\/4105","targetHints":{"allow":["GET"]}}],"collection":[{"href":"https:\/\/betainvest.ee\/fr\/wp-json\/wp\/v2\/pages"}],"about":[{"href":"https:\/\/betainvest.ee\/fr\/wp-json\/wp\/v2\/types\/page"}],"author":[{"embeddable":true,"href":"https:\/\/betainvest.ee\/fr\/wp-json\/wp\/v2\/users\/1"}],"replies":[{"embeddable":true,"href":"https:\/\/betainvest.ee\/fr\/wp-json\/wp\/v2\/comments?post=4105"}],"version-history":[{"count":1,"href":"https:\/\/betainvest.ee\/fr\/wp-json\/wp\/v2\/pages\/4105\/revisions"}],"predecessor-version":[{"id":4106,"href":"https:\/\/betainvest.ee\/fr\/wp-json\/wp\/v2\/pages\/4105\/revisions\/4106"}],"wp:attachment":[{"href":"https:\/\/betainvest.ee\/fr\/wp-json\/wp\/v2\/media?parent=4105"}],"curies":[{"name":"wp","href":"https:\/\/api.w.org\/{rel}","templated":true}]}}