{"id":4189,"date":"2025-08-04T06:22:54","date_gmt":"2025-08-04T06:22:54","guid":{"rendered":"https:\/\/betainvest.ee\/stockage-securise\/"},"modified":"2025-08-28T14:46:06","modified_gmt":"2025-08-28T14:46:06","slug":"stockage-securise","status":"publish","type":"page","link":"https:\/\/betainvest.ee\/fr\/stockage-securise\/","title":{"rendered":"Stockage s\u00e9curis\u00e9"},"content":{"rendered":"\t\t<div data-elementor-type=\"wp-page\" data-elementor-id=\"4189\" class=\"elementor elementor-4189\" data-elementor-post-type=\"page\">\n\t\t\t\t<div class=\"elementor-element elementor-element-725acde e-flex e-con-boxed e-con e-parent\" data-id=\"725acde\" data-element_type=\"container\" data-e-type=\"container\">\n\t\t\t\t\t<div class=\"e-con-inner\">\n\t\t\t\t<div class=\"elementor-element elementor-element-54c8d5c elementor-widget elementor-widget-text-editor\" data-id=\"54c8d5c\" data-element_type=\"widget\" data-e-type=\"widget\" data-widget_type=\"text-editor.default\">\n\t\t\t\t\t\t\t\t\t<h2><b>Pourquoi avez-vous besoin de la garde des marchandises ?<\/b><\/h2><p class=\"p3\"><span class=\"s2\"><b>Le stockage s\u00e9curis\u00e9<\/b><\/span> &#8211; est un service d&rsquo;entrep\u00f4ts o\u00f9 les marchandises sont stock\u00e9es sous surveillance et sous contr\u00f4le total. Dans ce cas, la soci\u00e9t\u00e9 d\u00e9positaire (en l&rsquo;occurrence, une soci\u00e9t\u00e9 de logistique) assume la responsabilit\u00e9 de la s\u00e9curit\u00e9. <\/p><p class=\"p3\">Ce qu&rsquo;il apporte au client :<\/p><ul><li><p class=\"p1\">\ud83d\udd12 Garantie de s\u00e9curit\u00e9 &#8211; les marchandises ne se perdent pas et ne se d\u00e9t\u00e9riorent pas ;<\/p><\/li><li><p class=\"p1\">\ud83d\udce6 pratique &#8211; peut \u00eatre stock\u00e9 d&rsquo;un jour \u00e0 plusieurs mois ;<\/p><\/li><li><p class=\"p1\">\ud83d\udcb0 \u00e9conomies &#8211; vous n&rsquo;avez pas besoin de g\u00e9rer vos propres entrep\u00f4ts ;<\/p><\/li><li><p class=\"p1\">\ud83d\udcd1 Transparence &#8211; le client re\u00e7oit des documents et des rapports sur le stockage.<\/p><\/li><\/ul>\t\t\t\t\t\t\t\t<\/div>\n\t\t\t\t\t<\/div>\n\t\t\t\t<\/div>\n\t\t<div class=\"elementor-element elementor-element-136ab83 e-flex e-con-boxed e-con e-parent\" data-id=\"136ab83\" data-element_type=\"container\" data-e-type=\"container\">\n\t\t\t\t\t<div class=\"e-con-inner\">\n\t\t\t\t<div class=\"elementor-element elementor-element-e25595e elementor-widget elementor-widget-image\" data-id=\"e25595e\" data-element_type=\"widget\" data-e-type=\"widget\" data-widget_type=\"image.default\">\n\t\t\t\t\t\t\t\t\t\t\t\t\t\t\t<img fetchpriority=\"high\" decoding=\"async\" width=\"300\" height=\"206\" src=\"https:\/\/betainvest.ee\/wp-content\/uploads\/2025\/08\/istockphoto-1325350394-612x612-1-300x206.jpg\" class=\"attachment-medium size-medium wp-image-4190\" alt=\"\" srcset=\"https:\/\/betainvest.ee\/wp-content\/uploads\/2025\/08\/istockphoto-1325350394-612x612-1-300x206.jpg 300w, https:\/\/betainvest.ee\/wp-content\/uploads\/2025\/08\/istockphoto-1325350394-612x612-1.jpg 612w\" sizes=\"(max-width: 300px) 100vw, 300px\" \/>\t\t\t\t\t\t\t\t\t\t\t\t\t\t\t<\/div>\n\t\t\t\t\t<\/div>\n\t\t\t\t<\/div>\n\t\t<div class=\"elementor-element elementor-element-0844ff6 e-flex e-con-boxed e-con e-parent\" data-id=\"0844ff6\" data-element_type=\"container\" data-e-type=\"container\">\n\t\t\t\t\t<div class=\"e-con-inner\">\n\t\t\t\t<div class=\"elementor-element elementor-element-52fa803 elementor-widget elementor-widget-text-editor\" data-id=\"52fa803\" data-element_type=\"widget\" data-e-type=\"widget\" data-widget_type=\"text-editor.default\">\n\t\t\t\t\t\t\t\t\t<h1><b>\ud83d\udce6 Stockage responsable des marchandises avec Betainvest<\/b><\/h1><p class=\"p3\">Le transport moderne de marchandises ne peut se concevoir sans un stockage fiable. Les marchandises doivent parfois \u00eatre stock\u00e9es pendant quelques jours avant d&rsquo;\u00eatre d\u00e9douan\u00e9es, parfois pendant des semaines ou des mois avant d&rsquo;\u00eatre exp\u00e9di\u00e9es au destinataire final. C&rsquo;est pourquoi il existe un service <span class=\"s2\"><b>garde<\/b><\/span>.  <\/p><p class=\"p3\">Soci\u00e9t\u00e9 <span class=\"s2\"><b>Betainvest<\/b><\/span> aide ses clients non seulement \u00e0 transporter mais aussi \u00e0 stocker leurs marchandises dans des entrep\u00f4ts professionnels. Nous s\u00e9lectionnons les entrep\u00f4ts appropri\u00e9s, organisons le stockage et nous occupons de toutes les questions de s\u00e9curit\u00e9 et de gestion des documents. <\/p><hr><h2><b>Pourquoi avez-vous besoin d&rsquo;un droit de garde ?<\/b><\/h2><ul><li><p class=\"p1\"><span class=\"s1\">\ud83d\udd12 <\/span><b>Pr\u00e9servation et protection<\/b><\/p><p class=\"p2\">La cargaison est s\u00e9curis\u00e9e et assur\u00e9e. L&rsquo;entreprise de stockage est responsable de sa s\u00e9curit\u00e9.<\/p><\/li><li><p class=\"p1\"><span class=\"s1\">\ud83d\udce6 <\/span><b>Flexibilit\u00e9 du calendrier<\/b><\/p><p class=\"p2\">Les cargaisons peuvent \u00eatre stock\u00e9es d&rsquo;un jour \u00e0 plusieurs mois. C&rsquo;est pratique lorsque vous attendez des documents, que vous coordonnez des itin\u00e9raires ou que vous planifiez d&rsquo;autres transports. <\/p><\/li><li><p class=\"p1\"><span class=\"s1\">\ud83d\udcb0 <\/span><b>\u00c9pargne<\/b><\/p><p class=\"p2\">Le client n&rsquo;a pas besoin de g\u00e9rer son propre entrep\u00f4t &#8211; nous fournissons une infrastructure pr\u00eate \u00e0 l&#8217;emploi.<\/p><\/li><li><p class=\"p1\"><span class=\"s1\">\ud83d\udcd1 <\/span><b>Transparence<\/b><\/p><p class=\"p2\">Toutes les op\u00e9rations sont document\u00e9es, le client re\u00e7oit des certificats et des rapports, ce qui simplifie la comptabilit\u00e9 et la fiscalit\u00e9.<\/p><\/li><\/ul><hr><h2><b>Comment fonctionne Betainvest ?<\/b><\/h2><ol start=\"1\"><li><p class=\"p1\">\ud83d\udd0d <span class=\"s1\"><b>S\u00e9lection des entrep\u00f4ts<\/b><\/span> &#8211; Trouvez celui qui convient \u00e0 votre r\u00e9gion, \u00e0 votre cargaison et \u00e0 votre dur\u00e9e de stockage.<\/p><\/li><li><p class=\"p1\">\ud83d\udcd1 <span class=\"s1\"><b>Nous r\u00e9digeons les documents<\/b><\/span> &#8211; Nous concluons des contrats, fournissons un ensemble complet de documents de cl\u00f4ture.<\/p><\/li><li><p class=\"p1\">\ud83d\ude9b <span class=\"s1\"><b>Nous organisons le transport et le placement<\/b><\/span> &#8211; Nous livrons les marchandises \u00e0 l&rsquo;entrep\u00f4t et assurons un stockage ad\u00e9quat.<\/p><\/li><li><p class=\"p1\">\u2705 <span class=\"s1\"><b>Nous sommes responsables<\/b><\/span> &#8211; Le client peut \u00eatre s\u00fbr de la s\u00fbret\u00e9 et de la s\u00e9curit\u00e9 des marchandises.<\/p><\/li><\/ol>\t\t\t\t\t\t\t\t<\/div>\n\t\t\t\t<div class=\"elementor-element elementor-element-4039dd9 elementor-widget elementor-widget-spacer\" data-id=\"4039dd9\" data-element_type=\"widget\" data-e-type=\"widget\" data-widget_type=\"spacer.default\">\n\t\t\t\t\t\t\t<div class=\"elementor-spacer\">\n\t\t\t<div class=\"elementor-spacer-inner\"><\/div>\n\t\t<\/div>\n\t\t\t\t\t\t<\/div>\n\t\t\t\t\t<\/div>\n\t\t\t\t<\/div>\n\t\t<div class=\"elementor-element elementor-element-d0f5acd e-flex e-con-boxed e-con e-parent\" data-id=\"d0f5acd\" data-element_type=\"container\" data-e-type=\"container\">\n\t\t\t\t\t<div class=\"e-con-inner\">\n\t\t\t\t<div class=\"elementor-element elementor-element-890f58e elementor-widget-divider--view-line elementor-widget elementor-widget-divider\" data-id=\"890f58e\" data-element_type=\"widget\" data-e-type=\"widget\" data-widget_type=\"divider.default\">\n\t\t\t\t\t\t\t<div class=\"elementor-divider\">\n\t\t\t<span class=\"elementor-divider-separator\">\n\t\t\t\t\t\t<\/span>\n\t\t<\/div>\n\t\t\t\t\t\t<\/div>\n\t\t\t\t\t<\/div>\n\t\t\t\t<\/div>\n\t\t\t\t<\/div>\n\t\t","protected":false},"excerpt":{"rendered":"<p>Pourquoi avez-vous besoin de la garde des marchandises ? Le stockage s\u00e9curis\u00e9 &#8211; est un service d&rsquo;entrep\u00f4ts o\u00f9 les marchandises sont stock\u00e9es sous surveillance et sous contr\u00f4le total. Dans ce cas, la soci\u00e9t\u00e9 d\u00e9positaire (en l&rsquo;occurrence, une soci\u00e9t\u00e9 de logistique) assume la responsabilit\u00e9 de la s\u00e9curit\u00e9. Ce qu&rsquo;il apporte au client : \ud83d\udd12 Garantie de [&hellip;]<\/p>\n","protected":false},"author":1,"featured_media":0,"parent":0,"menu_order":0,"comment_status":"closed","ping_status":"closed","template":"","meta":{"footnotes":""},"class_list":["post-4189","page","type-page","status-publish","hentry"],"_links":{"self":[{"href":"https:\/\/betainvest.ee\/fr\/wp-json\/wp\/v2\/pages\/4189","targetHints":{"allow":["GET"]}}],"collection":[{"href":"https:\/\/betainvest.ee\/fr\/wp-json\/wp\/v2\/pages"}],"about":[{"href":"https:\/\/betainvest.ee\/fr\/wp-json\/wp\/v2\/types\/page"}],"author":[{"embeddable":true,"href":"https:\/\/betainvest.ee\/fr\/wp-json\/wp\/v2\/users\/1"}],"replies":[{"embeddable":true,"href":"https:\/\/betainvest.ee\/fr\/wp-json\/wp\/v2\/comments?post=4189"}],"version-history":[{"count":1,"href":"https:\/\/betainvest.ee\/fr\/wp-json\/wp\/v2\/pages\/4189\/revisions"}],"predecessor-version":[{"id":4191,"href":"https:\/\/betainvest.ee\/fr\/wp-json\/wp\/v2\/pages\/4189\/revisions\/4191"}],"wp:attachment":[{"href":"https:\/\/betainvest.ee\/fr\/wp-json\/wp\/v2\/media?parent=4189"}],"curies":[{"name":"wp","href":"https:\/\/api.w.org\/{rel}","templated":true}]}}