{"id":4198,"date":"2025-08-04T06:22:54","date_gmt":"2025-08-04T06:22:54","guid":{"rendered":"https:\/\/betainvest.ee\/securite-du-fret-licenciee\/"},"modified":"2025-08-28T14:46:14","modified_gmt":"2025-08-28T14:46:14","slug":"securite-du-fret-licenciee","status":"publish","type":"page","link":"https:\/\/betainvest.ee\/fr\/securite-du-fret-licenciee\/","title":{"rendered":"S\u00e9curit\u00e9 du fret licenci\u00e9e"},"content":{"rendered":"\t\t<div data-elementor-type=\"wp-page\" data-elementor-id=\"4198\" class=\"elementor elementor-4198\" data-elementor-post-type=\"page\">\n\t\t\t\t<div class=\"elementor-element elementor-element-3c9e577 e-flex e-con-boxed e-con e-parent\" data-id=\"3c9e577\" data-element_type=\"container\" data-e-type=\"container\">\n\t\t\t\t\t<div class=\"e-con-inner\">\n\t\t\t\t<div class=\"elementor-element elementor-element-d3ab72c elementor-widget elementor-widget-text-editor\" data-id=\"d3ab72c\" data-element_type=\"widget\" data-e-type=\"widget\" data-widget_type=\"text-editor.default\">\n\t\t\t\t\t\t\t\t\t<h2>Escorte de convoi autoris\u00e9e pour le fret.<\/h2><p>Votre entreprise transporte r\u00e9guli\u00e8rement des marchandises de grande valeur ? Vous savez qu&rsquo;au cours d&rsquo;un long voyage, quel que soit le mode de transport, les marchandises peuvent \u00eatre expos\u00e9es \u00e0 un certain nombre de risques, tels que l&rsquo;attaque, le vol ou le cambriolage.   <\/p>\t\t\t\t\t\t\t\t<\/div>\n\t\t\t\t<div class=\"elementor-element elementor-element-c12248f elementor-widget elementor-widget-image\" data-id=\"c12248f\" data-element_type=\"widget\" data-e-type=\"widget\" data-widget_type=\"image.default\">\n\t\t\t\t\t\t\t\t\t\t\t\t\t\t\t<img fetchpriority=\"high\" decoding=\"async\" width=\"300\" height=\"200\" src=\"https:\/\/betainvest.ee\/wp-content\/uploads\/2025\/08\/ChatGPT-Image-25-\u0438\u044e\u043b.-2025-\u0433.-02_27_04-300x200.png\" class=\"attachment-medium size-medium wp-image-4200\" alt=\"\" srcset=\"https:\/\/betainvest.ee\/wp-content\/uploads\/2025\/08\/ChatGPT-Image-25-\u0438\u044e\u043b.-2025-\u0433.-02_27_04-300x200.png 300w, https:\/\/betainvest.ee\/wp-content\/uploads\/2025\/08\/ChatGPT-Image-25-\u0438\u044e\u043b.-2025-\u0433.-02_27_04-1024x683.png 1024w, https:\/\/betainvest.ee\/wp-content\/uploads\/2025\/08\/ChatGPT-Image-25-\u0438\u044e\u043b.-2025-\u0433.-02_27_04-768x512.png 768w, https:\/\/betainvest.ee\/wp-content\/uploads\/2025\/08\/ChatGPT-Image-25-\u0438\u044e\u043b.-2025-\u0433.-02_27_04.png 1536w\" sizes=\"(max-width: 300px) 100vw, 300px\" \/>\t\t\t\t\t\t\t\t\t\t\t\t\t\t\t<\/div>\n\t\t\t\t<div class=\"elementor-element elementor-element-c93e67f elementor-widget elementor-widget-text-editor\" data-id=\"c93e67f\" data-element_type=\"widget\" data-e-type=\"widget\" data-widget_type=\"text-editor.default\">\n\t\t\t\t\t\t\t\t\t<h1><b>\ud83d\udee1 S\u00e9curit\u00e9 et s\u00fbret\u00e9 avec BetaInvest<\/b><\/h1><p class=\"p3\">Soci\u00e9t\u00e9 <span class=\"s2\"><b>BetaInvest<\/b><\/span> La soci\u00e9t\u00e9 BetaInvest se soucie non seulement du haut niveau de service pour ses clients, mais aussi de la s\u00e9curit\u00e9 des personnes, des cargaisons et des objets avec lesquels nous travaillons. \u00c0 cette fin, nous coop\u00e9rons avec l&rsquo;une des OSP professionnelles les plus solides de Russie, qui agit en tant que partenaire et ex\u00e9cutant fiable. <\/p><hr><h2><b>Pourquoi avons-nous choisi ce partenaire particulier ?<\/b><\/h2><p class=\"p3\">Notre partenaire est <span class=\"s2\"><b>une organisation de s\u00e9curit\u00e9 \u00e9prouv\u00e9e<\/b><\/span> avec de nombreuses ann\u00e9es d&rsquo;exp\u00e9rience, une licence et une r\u00e9putation pour r\u00e9soudre des probl\u00e8mes de toute complexit\u00e9.<\/p><p class=\"p3\">En travaillant ensemble, nous nous assurons que nos clients :<\/p><ul><li><p class=\"p1\">la s\u00e9curit\u00e9 et le contr\u00f4le des installations 24 heures sur 24 ;<\/p><\/li><li><p class=\"p1\">l&rsquo;escorte du fret, y compris le fret en transit et le fret de valeur ;<\/p><\/li><li><p class=\"p1\">des syst\u00e8mes de s\u00e9curit\u00e9 techniques modernes ;<\/p><\/li><li><p class=\"p1\">une r\u00e9ponse rapide dans toutes les situations.<\/p><\/li><\/ul><hr><h2><b>Ce que les clients de BetaInvest re\u00e7oivent<\/b><\/h2><p class=\"p3\">La coop\u00e9ration avec un CSP fort permet \u00e0 nos clients :<\/p><p class=\"p4\"><span class=\"s3\">\ud83d\udd12 <\/span><b>La s\u00e9curit\u00e9 \u00e0 chaque \u00e9tape<\/b><\/p><p class=\"p3\">&#8211; du transport et du transit de marchandises \u00e0 la s\u00e9curit\u00e9 des entrep\u00f4ts et des bureaux.<\/p><p class=\"p4\"><span class=\"s3\">\u23f1 <\/span><b>Fiabilit\u00e9 et rapidit\u00e9<\/b><\/p><p class=\"p3\">&#8211; une ex\u00e9cution claire des t\u00e2ches et une r\u00e9ponse rapide.<\/p><p class=\"p4\"><span class=\"s3\">\u2705 <\/span><b>Transparence et contr\u00f4le<\/b><\/p><p class=\"p3\">&#8211; les documents contractuels, les rapports et les garanties.<\/p><p class=\"p4\"><span class=\"s3\">\ud83e\udd1d <\/span><b>Travailler avec un partenaire de confiance<\/b><\/p><p class=\"p3\">&#8211; seulement un haut niveau de professionnalisme et de responsabilit\u00e9.<\/p><hr><h2><b>S\u00fbret\u00e9 du fret en transit<\/b><\/h2><p class=\"p3\">Une attention particuli\u00e8re est accord\u00e9e \u00e0 l&rsquo;escorte des cargaisons en transit. Notre partenaire fournit : <\/p><ul><li><p class=\"p1\">un passage s\u00fbr \u00e0 travers le territoire de la Russie et du Belarus ;<\/p><\/li><li><p class=\"p1\">en vous accompagnant jusqu&rsquo;\u00e0 votre destination ;<\/p><\/li><li><p class=\"p1\">la possibilit\u00e9 d&rsquo;un convoi arm\u00e9 pour les fournitures particuli\u00e8rement pr\u00e9cieuses ;<\/p><\/li><li><p class=\"p1\">passer l&rsquo;itin\u00e9raire sans retards ni contr\u00f4les inutiles.<\/p><\/li><\/ul><hr><h2><b>Technologie et exp\u00e9rience<\/b><\/h2><p class=\"p3\">Notre partenaire utilise des solutions techniques modernes : syst\u00e8mes de vid\u00e9osurveillance, syst\u00e8mes d&rsquo;alarme, surveillance GPS des transports. Ceci, combin\u00e9 \u00e0 la formation professionnelle de nos employ\u00e9s, garantit la fiabilit\u00e9 des transports et la s\u00e9curit\u00e9 des installations. <\/p><hr><h2><b>Conclusion<\/b><\/h2><p class=\"p3\">La coop\u00e9ration de BetaInvest avec l&rsquo;une des OSP les plus puissantes de Russie est une synergie d&rsquo;exp\u00e9rience, de technologie et de confiance.<\/p><p class=\"p3\">Nous sommes le client et le partenaire fournit un niveau \u00e9lev\u00e9 de s\u00e9curit\u00e9. Cela nous permet de nous concentrer sur nos activit\u00e9s et notre croissance, en sachant que la s\u00e9curit\u00e9 et la protection sont entre de bonnes mains. <\/p><p class=\"p3\">\ud83d\udc49 <span class=\"s2\"><b>Contactez BetaInvest aujourd&rsquo;hui<\/b><\/span>et nous vous proposerons une solution compl\u00e8te pour vos besoins.<\/p>\t\t\t\t\t\t\t\t<\/div>\n\t\t\t\t\t<\/div>\n\t\t\t\t<\/div>\n\t\t<div class=\"elementor-element elementor-element-65b6af9 e-flex e-con-boxed e-con e-parent\" data-id=\"65b6af9\" data-element_type=\"container\" data-e-type=\"container\">\n\t\t\t\t\t<div class=\"e-con-inner\">\n\t\t\t\t<div class=\"elementor-element elementor-element-262527d elementor-widget elementor-widget-spacer\" data-id=\"262527d\" data-element_type=\"widget\" data-e-type=\"widget\" data-widget_type=\"spacer.default\">\n\t\t\t\t\t\t\t<div class=\"elementor-spacer\">\n\t\t\t<div class=\"elementor-spacer-inner\"><\/div>\n\t\t<\/div>\n\t\t\t\t\t\t<\/div>\n\t\t\t\t\t<\/div>\n\t\t\t\t<\/div>\n\t\t<div class=\"elementor-element elementor-element-2a4abf2 e-flex e-con-boxed e-con e-parent\" data-id=\"2a4abf2\" data-element_type=\"container\" data-e-type=\"container\">\n\t\t\t\t\t<div class=\"e-con-inner\">\n\t\t\t\t<div class=\"elementor-element elementor-element-d8d1bd4 elementor-widget elementor-widget-image\" data-id=\"d8d1bd4\" data-element_type=\"widget\" data-e-type=\"widget\" data-widget_type=\"image.default\">\n\t\t\t\t\t\t\t\t\t\t\t\t\t\t\t<img decoding=\"async\" width=\"300\" height=\"200\" src=\"https:\/\/betainvest.ee\/wp-content\/uploads\/2025\/08\/ChatGPT-Image-25-\u0438\u044e\u043b.-2025-\u0433.-02_33_52-300x200.png\" class=\"attachment-medium size-medium wp-image-4199\" alt=\"\" srcset=\"https:\/\/betainvest.ee\/wp-content\/uploads\/2025\/08\/ChatGPT-Image-25-\u0438\u044e\u043b.-2025-\u0433.-02_33_52-300x200.png 300w, https:\/\/betainvest.ee\/wp-content\/uploads\/2025\/08\/ChatGPT-Image-25-\u0438\u044e\u043b.-2025-\u0433.-02_33_52-1024x683.png 1024w, https:\/\/betainvest.ee\/wp-content\/uploads\/2025\/08\/ChatGPT-Image-25-\u0438\u044e\u043b.-2025-\u0433.-02_33_52-768x512.png 768w, https:\/\/betainvest.ee\/wp-content\/uploads\/2025\/08\/ChatGPT-Image-25-\u0438\u044e\u043b.-2025-\u0433.-02_33_52.png 1536w\" sizes=\"(max-width: 300px) 100vw, 300px\" \/>\t\t\t\t\t\t\t\t\t\t\t\t\t\t\t<\/div>\n\t\t\t\t\t<\/div>\n\t\t\t\t<\/div>\n\t\t\t\t<\/div>\n\t\t","protected":false},"excerpt":{"rendered":"<p>Escorte de convoi autoris\u00e9e pour le fret. Votre entreprise transporte r\u00e9guli\u00e8rement des marchandises de grande valeur ? Vous savez qu&rsquo;au cours d&rsquo;un long voyage, quel que soit le mode de transport, les marchandises peuvent \u00eatre expos\u00e9es \u00e0 un certain nombre de risques, tels que l&rsquo;attaque, le vol ou le cambriolage. \ud83d\udee1 S\u00e9curit\u00e9 et s\u00fbret\u00e9 avec [&hellip;]<\/p>\n","protected":false},"author":1,"featured_media":0,"parent":0,"menu_order":0,"comment_status":"closed","ping_status":"closed","template":"","meta":{"footnotes":""},"class_list":["post-4198","page","type-page","status-publish","hentry"],"_links":{"self":[{"href":"https:\/\/betainvest.ee\/fr\/wp-json\/wp\/v2\/pages\/4198","targetHints":{"allow":["GET"]}}],"collection":[{"href":"https:\/\/betainvest.ee\/fr\/wp-json\/wp\/v2\/pages"}],"about":[{"href":"https:\/\/betainvest.ee\/fr\/wp-json\/wp\/v2\/types\/page"}],"author":[{"embeddable":true,"href":"https:\/\/betainvest.ee\/fr\/wp-json\/wp\/v2\/users\/1"}],"replies":[{"embeddable":true,"href":"https:\/\/betainvest.ee\/fr\/wp-json\/wp\/v2\/comments?post=4198"}],"version-history":[{"count":1,"href":"https:\/\/betainvest.ee\/fr\/wp-json\/wp\/v2\/pages\/4198\/revisions"}],"predecessor-version":[{"id":4202,"href":"https:\/\/betainvest.ee\/fr\/wp-json\/wp\/v2\/pages\/4198\/revisions\/4202"}],"wp:attachment":[{"href":"https:\/\/betainvest.ee\/fr\/wp-json\/wp\/v2\/media?parent=4198"}],"curies":[{"name":"wp","href":"https:\/\/api.w.org\/{rel}","templated":true}]}}