{"id":3381,"date":"2025-08-24T20:40:03","date_gmt":"2025-08-24T20:40:03","guid":{"rendered":"https:\/\/betainvest.ee\/notizie-stampa\/"},"modified":"2025-08-26T13:10:22","modified_gmt":"2025-08-26T13:10:22","slug":"notizie-stampa","status":"publish","type":"page","link":"https:\/\/betainvest.ee\/it\/notizie-stampa\/","title":{"rendered":"Notizie \/ Stampa"},"content":{"rendered":"\t\t<div data-elementor-type=\"wp-page\" data-elementor-id=\"3381\" class=\"elementor elementor-3381 elementor-2929\" data-elementor-post-type=\"page\">\n\t\t\t\t<div class=\"elementor-element elementor-element-661b6a8 e-flex e-con-boxed e-con e-parent\" data-id=\"661b6a8\" data-element_type=\"container\" data-e-type=\"container\">\n\t\t\t\t\t<div class=\"e-con-inner\">\n\t\t\t\t<div class=\"elementor-element elementor-element-fbbb019 elementor-widget elementor-widget-text-editor\" data-id=\"fbbb019\" data-element_type=\"widget\" data-e-type=\"widget\" data-widget_type=\"text-editor.default\">\n\t\t\t\t\t\t\t\t\t<p class=\"p1\">Sezione <span class=\"s1\"><b>&#8220;Notizie e stampa<\/b><\/span> &#8211; \u00e8 un&#8217;unica piattaforma in cui condividiamo gli eventi attuali di Betainvest e le pubblicazioni pi\u00f9 importanti del settore.<\/p><p class=\"p1\">Qui troverai:<\/p><ul><li><p class=\"p1\">notizie ufficiali sulle attivit\u00e0 della nostra azienda,<\/p><\/li><li><p class=\"p1\">comunicati stampa e pubblicazioni sui media,<\/p><\/li><li><p class=\"p1\">nonch\u00e9 i principali sviluppi e tendenze della logistica e del commercio internazionale.<\/p><\/li><\/ul><p class=\"p1\">Ci impegniamo a fornire a clienti e partner solo informazioni verificate e tempestive.<\/p>\t\t\t\t\t\t\t\t<\/div>\n\t\t\t\t\t<\/div>\n\t\t\t\t<\/div>\n\t\t\t\t<\/div>\n\t\t","protected":false},"excerpt":{"rendered":"<p>Sezione &#8220;Notizie e stampa &#8211; \u00e8 un&#8217;unica piattaforma in cui condividiamo gli eventi attuali di Betainvest e le pubblicazioni pi\u00f9 importanti del settore. Qui troverai: notizie ufficiali sulle attivit\u00e0 della nostra azienda, comunicati stampa e pubblicazioni sui media, nonch\u00e9 i principali sviluppi e tendenze della logistica e del commercio internazionale. Ci impegniamo a fornire a [&hellip;]<\/p>\n","protected":false},"author":1,"featured_media":0,"parent":0,"menu_order":0,"comment_status":"closed","ping_status":"closed","template":"","meta":{"footnotes":""},"class_list":["post-3381","page","type-page","status-publish","hentry"],"_links":{"self":[{"href":"https:\/\/betainvest.ee\/it\/wp-json\/wp\/v2\/pages\/3381","targetHints":{"allow":["GET"]}}],"collection":[{"href":"https:\/\/betainvest.ee\/it\/wp-json\/wp\/v2\/pages"}],"about":[{"href":"https:\/\/betainvest.ee\/it\/wp-json\/wp\/v2\/types\/page"}],"author":[{"embeddable":true,"href":"https:\/\/betainvest.ee\/it\/wp-json\/wp\/v2\/users\/1"}],"replies":[{"embeddable":true,"href":"https:\/\/betainvest.ee\/it\/wp-json\/wp\/v2\/comments?post=3381"}],"version-history":[{"count":1,"href":"https:\/\/betainvest.ee\/it\/wp-json\/wp\/v2\/pages\/3381\/revisions"}],"predecessor-version":[{"id":3382,"href":"https:\/\/betainvest.ee\/it\/wp-json\/wp\/v2\/pages\/3381\/revisions\/3382"}],"wp:attachment":[{"href":"https:\/\/betainvest.ee\/it\/wp-json\/wp\/v2\/media?parent=3381"}],"curies":[{"name":"wp","href":"https:\/\/api.w.org\/{rel}","templated":true}]}}