{"id":3502,"date":"2025-08-04T06:22:54","date_gmt":"2025-08-04T06:22:54","guid":{"rendered":"https:\/\/betainvest.ee\/carte-carburante-per-il-rifornimento-in-russia-bielorussia-e-azerbaigian\/"},"modified":"2025-08-26T13:10:53","modified_gmt":"2025-08-26T13:10:53","slug":"carte-carburante-per-il-rifornimento-in-russia-bielorussia-e-azerbaigian","status":"publish","type":"page","link":"https:\/\/betainvest.ee\/it\/carte-carburante-per-il-rifornimento-in-russia-bielorussia-e-azerbaigian\/","title":{"rendered":"Carte carburante per il rifornimento in Russia, Bielorussia e Azerbaigian"},"content":{"rendered":"\t\t<div data-elementor-type=\"wp-page\" data-elementor-id=\"3502\" class=\"elementor elementor-3502 elementor-76\" data-elementor-post-type=\"page\">\n\t\t\t\t<div class=\"elementor-element elementor-element-1f4b5ad e-flex e-con-boxed e-con e-parent\" data-id=\"1f4b5ad\" data-element_type=\"container\" data-e-type=\"container\">\n\t\t\t\t\t<div class=\"e-con-inner\">\n\t\t\t\t<div class=\"elementor-element elementor-element-a9237c1 elementor-widget elementor-widget-spacer\" data-id=\"a9237c1\" data-element_type=\"widget\" data-e-type=\"widget\" data-widget_type=\"spacer.default\">\n\t\t\t\t\t\t\t<div class=\"elementor-spacer\">\n\t\t\t<div class=\"elementor-spacer-inner\"><\/div>\n\t\t<\/div>\n\t\t\t\t\t\t<\/div>\n\t\t\t\t<div class=\"elementor-element elementor-element-ec84fb6 elementor-widget elementor-widget-heading\" data-id=\"ec84fb6\" data-element_type=\"widget\" data-e-type=\"widget\" data-widget_type=\"heading.default\">\n\t\t\t\t\t<h2 class=\"elementor-heading-title elementor-size-default\">Le carte carburante LUKOIL\/TEBOIL: pi\u00f9 di un pagamento alle stazioni di servizio<\/h2>\t\t\t\t<\/div>\n\t\t\t\t<div class=\"elementor-element elementor-element-915a0d2 elementor-widget elementor-widget-image\" data-id=\"915a0d2\" data-element_type=\"widget\" data-e-type=\"widget\" data-widget_type=\"image.default\">\n\t\t\t\t\t\t\t\t\t\t\t\t\t\t\t<img fetchpriority=\"high\" decoding=\"async\" width=\"700\" height=\"307\" src=\"https:\/\/betainvest.ee\/wp-content\/uploads\/2025\/08\/18297.jpg\" class=\"attachment-medium_large size-medium_large wp-image-723\" alt=\"\" srcset=\"https:\/\/betainvest.ee\/wp-content\/uploads\/2025\/08\/18297.jpg 700w, https:\/\/betainvest.ee\/wp-content\/uploads\/2025\/08\/18297-300x132.jpg 300w\" sizes=\"(max-width: 700px) 100vw, 700px\" \/>\t\t\t\t\t\t\t\t\t\t\t\t\t\t\t<\/div>\n\t\t\t\t<div class=\"elementor-element elementor-element-fbd54c8 elementor-widget elementor-widget-text-editor\" data-id=\"fbd54c8\" data-element_type=\"widget\" data-e-type=\"widget\" data-widget_type=\"text-editor.default\">\n\t\t\t\t\t\t\t\t\t<p>Le nostre carte carburante non sono solo un mezzo per pagare il carburante senza contanti.<br data-start=\"471\" data-end=\"474\">\u00c8 uno <strong data-start=\"478\" data-end=\"512\">strumento multifunzionale<\/strong> per controllare, ottimizzare e sviluppare la tua attivit\u00e0 di trasporto. Aiuta a <strong data-start=\"592\" data-end=\"611\">ridurre i costi<\/strong>, a <strong data-start=\"613\" data-end=\"636\">semplificare la logistica<\/strong> e ad <strong data-start=\"639\" data-end=\"673\">aumentare la trasparenza<\/strong> in ogni fase. <\/p><p data-start=\"322\" data-end=\"396\"><strong data-start=\"322\" data-end=\"396\">Una gestione efficiente della flotta inizia con lo strumento giusto<\/strong><br>I vantaggi principali sono a tua disposizione:<br>Controllo centralizzato dei costi<br>Tutte le transazioni e i servizi vengono visualizzati in un&#8217;unica fattura, comoda per l&#8217;analisi e la reportistica.<br>Impostazione flessibile dei limiti<br>Puoi impostare limiti individuali per importo, tipo di transazioni e per carta.<br>Percorsi adatti alla tua attivit\u00e0<br>Colleghiamo le stazioni di servizio e i servizi giusti lungo il tuo percorso geografico, indipendentemente dalle dimensioni della tua attivit\u00e0.<br>Gestione elettronica dei documenti<br>Automatizzare i processi &#8211; evitando ricevute e rapporti cartacei, risparmiando tempo e risorse.<br>Sistema di fidelizzazione per tutti<br>Sconti e condizioni personalizzate &#8211; sia per le ditte individuali con una sola auto che per le grandi aziende con un ampio parco macchine.<br>Le carte ad ampia geografia<br>sono accettate in oltre 3000 stazioni di servizio LUKOIL e Teboil in Russia, Bielorussia e Azerbaigian.<\/p><p data-start=\"322\" data-end=\"396\">Stabilisci dei limiti personalizzati:<\/p><ul data-start=\"1011\" data-end=\"1128\"><li data-start=\"1011\" data-end=\"1023\"><p data-start=\"1013\" data-end=\"1023\">in quantit\u00e0<\/p><\/li><li data-start=\"1024\" data-end=\"1068\"><p data-start=\"1026\" data-end=\"1068\">per tipo di operazione (carburante, servizi, cibo)<\/p><\/li><li data-start=\"1069\" data-end=\"1097\"><p data-start=\"1071\" data-end=\"1097\">per giorno della settimana e orario<\/p><\/li><li data-start=\"1098\" data-end=\"1128\"><p data-start=\"1100\" data-end=\"1128\">per carta o driver<\/p><\/li><li data-start=\"1098\" data-end=\"1128\"><p data-start=\"1100\" data-end=\"1128\">Gestione elettronica dei documenti<\/p><\/li><\/ul><p data-start=\"1356\" data-end=\"1476\">Assegni, rapporti, atti: tutto \u00e8 digitale.<br data-start=\"1397\" data-end=\"1400\">Pi\u00f9 veloce, pi\u00f9 trasparente, pi\u00f9 affidabile.<br data-start=\"1430\" data-end=\"1433\"><strong data-start=\"1433\" data-end=\"1476\">Integrazione completa con il tuo sistema contabile.<\/strong><\/p>\t\t\t\t\t\t\t\t<\/div>\n\t\t\t\t\t<\/div>\n\t\t\t\t<\/div>\n\t\t<div class=\"elementor-element elementor-element-1fa890a e-flex e-con-boxed e-con e-parent\" data-id=\"1fa890a\" data-element_type=\"container\" data-e-type=\"container\">\n\t\t\t\t\t<div class=\"e-con-inner\">\n\t\t\t\t<div class=\"elementor-element elementor-element-74b9f65 elementor-widget elementor-widget-image\" data-id=\"74b9f65\" data-element_type=\"widget\" data-e-type=\"widget\" data-widget_type=\"image.default\">\n\t\t\t\t\t\t\t\t\t\t\t\t\t\t\t<img decoding=\"async\" width=\"300\" height=\"196\" src=\"https:\/\/betainvest.ee\/wp-content\/uploads\/2025\/08\/\u0421\u043d\u0438\u043c\u043e\u043a-\u044d\u043a\u0440\u0430\u043d\u0430-2024-08-28-\u0432-17.51-300x196.jpg\" class=\"attachment-medium size-medium wp-image-763\" alt=\"\" srcset=\"https:\/\/betainvest.ee\/wp-content\/uploads\/2025\/08\/\u0421\u043d\u0438\u043c\u043e\u043a-\u044d\u043a\u0440\u0430\u043d\u0430-2024-08-28-\u0432-17.51-300x196.jpg 300w, https:\/\/betainvest.ee\/wp-content\/uploads\/2025\/08\/\u0421\u043d\u0438\u043c\u043e\u043a-\u044d\u043a\u0440\u0430\u043d\u0430-2024-08-28-\u0432-17.51-1024x668.jpg 1024w, https:\/\/betainvest.ee\/wp-content\/uploads\/2025\/08\/\u0421\u043d\u0438\u043c\u043e\u043a-\u044d\u043a\u0440\u0430\u043d\u0430-2024-08-28-\u0432-17.51-768x501.jpg 768w, https:\/\/betainvest.ee\/wp-content\/uploads\/2025\/08\/\u0421\u043d\u0438\u043c\u043e\u043a-\u044d\u043a\u0440\u0430\u043d\u0430-2024-08-28-\u0432-17.51-1536x1002.jpg 1536w, https:\/\/betainvest.ee\/wp-content\/uploads\/2025\/08\/\u0421\u043d\u0438\u043c\u043e\u043a-\u044d\u043a\u0440\u0430\u043d\u0430-2024-08-28-\u0432-17.51-2048x1336.jpg 2048w\" sizes=\"(max-width: 300px) 100vw, 300px\" \/>\t\t\t\t\t\t\t\t\t\t\t\t\t\t\t<\/div>\n\t\t\t\t<div class=\"elementor-element elementor-element-548f3ff elementor-widget elementor-widget-spacer\" data-id=\"548f3ff\" data-element_type=\"widget\" data-e-type=\"widget\" data-widget_type=\"spacer.default\">\n\t\t\t\t\t\t\t<div class=\"elementor-spacer\">\n\t\t\t<div class=\"elementor-spacer-inner\"><\/div>\n\t\t<\/div>\n\t\t\t\t\t\t<\/div>\n\t\t\t\t\t<\/div>\n\t\t\t\t<\/div>\n\t\t<div class=\"elementor-element elementor-element-628311d e-flex e-con-boxed e-con e-parent\" data-id=\"628311d\" data-element_type=\"container\" data-e-type=\"container\">\n\t\t\t\t\t<div class=\"e-con-inner\">\n\t\t\t\t<div class=\"elementor-element elementor-element-ed293c6 elementor-widget elementor-widget-heading\" data-id=\"ed293c6\" data-element_type=\"widget\" data-e-type=\"widget\" data-widget_type=\"heading.default\">\n\t\t\t\t\t<h2 class=\"elementor-heading-title elementor-size-default\">IN MYALPARI PUOI<\/h2>\t\t\t\t<\/div>\n\t\t\t\t\t<\/div>\n\t\t\t\t<\/div>\n\t\t<div class=\"elementor-element elementor-element-2a24316 e-flex e-con-boxed e-con e-parent\" data-id=\"2a24316\" data-element_type=\"container\" data-e-type=\"container\">\n\t\t\t\t\t<div class=\"e-con-inner\">\n\t\t<div class=\"elementor-element elementor-element-722208e e-con-full e-flex e-con e-child\" data-id=\"722208e\" data-element_type=\"container\" data-e-type=\"container\">\n\t\t\t\t<div class=\"elementor-element elementor-element-0e2640f elementor-widget elementor-widget-image\" data-id=\"0e2640f\" data-element_type=\"widget\" data-e-type=\"widget\" data-widget_type=\"image.default\">\n\t\t\t\t\t\t\t\t\t\t\t\t\t\t\t<img decoding=\"async\" width=\"700\" height=\"307\" src=\"https:\/\/betainvest.ee\/wp-content\/uploads\/2025\/08\/14933.jpg\" class=\"attachment-medium_large size-medium_large wp-image-732\" alt=\"\" srcset=\"https:\/\/betainvest.ee\/wp-content\/uploads\/2025\/08\/14933.jpg 700w, https:\/\/betainvest.ee\/wp-content\/uploads\/2025\/08\/14933-300x132.jpg 300w\" sizes=\"(max-width: 700px) 100vw, 700px\" \/>\t\t\t\t\t\t\t\t\t\t\t\t\t\t\t<\/div>\n\t\t\t\t<\/div>\n\t\t\t\t<div class=\"elementor-element elementor-element-93de962 elementor-widget elementor-widget-text-editor\" data-id=\"93de962\" data-element_type=\"widget\" data-e-type=\"widget\" data-widget_type=\"text-editor.default\">\n\t\t\t\t\t\t\t\t\t<h4 data-start=\"926\" data-end=\"967\">Impostazione flessibile di limiti e diritti.  <strong>Connettiti e controlla le opzioni che vuoi per te.<\/strong><\/h4><ul><li>gestire il contratto e le carte;  <\/li><li>per vedere il saldo contrattuale attuale e creare piani di pagamento ottimali;  <\/li><li>visualizzare le transazioni online;<\/li><li>monitorare il rifornimento di carburante veicolo per veicolo;<\/li><li>gestire limiti e percorsi;<\/li><li>Ricevi la documentazione contabile primaria;<\/li><li>generare rapporti analitici.  <\/li><\/ul>\t\t\t\t\t\t\t\t<\/div>\n\t\t\t\t\t<\/div>\n\t\t\t\t<\/div>\n\t\t<div class=\"elementor-element elementor-element-1dba592 e-flex e-con-boxed e-con e-parent\" data-id=\"1dba592\" data-element_type=\"container\" data-e-type=\"container\">\n\t\t\t\t\t<div class=\"e-con-inner\">\n\t\t\t\t<div class=\"elementor-element elementor-element-90fc2d2 elementor-widget elementor-widget-spacer\" data-id=\"90fc2d2\" data-element_type=\"widget\" data-e-type=\"widget\" data-widget_type=\"spacer.default\">\n\t\t\t\t\t\t\t<div class=\"elementor-spacer\">\n\t\t\t<div class=\"elementor-spacer-inner\"><\/div>\n\t\t<\/div>\n\t\t\t\t\t\t<\/div>\n\t\t\t\t\t<\/div>\n\t\t\t\t<\/div>\n\t\t<div class=\"elementor-element elementor-element-01807d9 e-flex e-con-boxed e-con e-parent\" data-id=\"01807d9\" data-element_type=\"container\" data-e-type=\"container\">\n\t\t\t\t\t<div class=\"e-con-inner\">\n\t\t<div class=\"elementor-element elementor-element-0e3bab8 e-con-full e-flex e-con e-child\" data-id=\"0e3bab8\" data-element_type=\"container\" data-e-type=\"container\">\n\t\t\t\t<div class=\"elementor-element elementor-element-7b4264d elementor-widget elementor-widget-text-editor\" data-id=\"7b4264d\" data-element_type=\"widget\" data-e-type=\"widget\" data-widget_type=\"text-editor.default\">\n\t\t\t\t\t\t\t\t\t<p>Tutte le transazioni &#8211; carburante, servizi, parcheggi, hotel &#8211; <strong data-start=\"843\" data-end=\"860\">in un unico conto<\/strong>.  <\/p><p>Sconti e condizioni personalizzate, sia per le piccole imprese con un solo veicolo che per le grandi flotte.<\/p>\t\t\t\t\t\t\t\t<\/div>\n\t\t\t\t<\/div>\n\t\t<div class=\"elementor-element elementor-element-e86e7b2 e-con-full e-flex e-con e-child\" data-id=\"e86e7b2\" data-element_type=\"container\" data-e-type=\"container\">\n\t\t\t\t<div class=\"elementor-element elementor-element-007623f elementor-widget elementor-widget-text-editor\" data-id=\"007623f\" data-element_type=\"widget\" data-e-type=\"widget\" data-widget_type=\"text-editor.default\">\n\t\t\t\t\t\t\t\t\t<p><strong data-start=\"2199\" data-end=\"2255\">Controllo affidabile. Assistenza conveniente. Condizioni favorevoli.  <\/strong><\/p><p>Contattaci e metteremo la tua azienda in contatto con un sistema che funziona per ottenere risultati.<\/p>\t\t\t\t\t\t\t\t<\/div>\n\t\t\t\t<\/div>\n\t\t\t\t<div class=\"elementor-element elementor-element-04125b4 elementor-widget elementor-widget-image\" data-id=\"04125b4\" data-element_type=\"widget\" data-e-type=\"widget\" data-widget_type=\"image.default\">\n\t\t\t\t\t\t\t\t\t\t\t\t\t\t\t<img loading=\"lazy\" decoding=\"async\" width=\"300\" height=\"132\" src=\"https:\/\/betainvest.ee\/wp-content\/uploads\/2025\/08\/28988-300x132.png\" class=\"attachment-medium size-medium wp-image-714\" alt=\"\" srcset=\"https:\/\/betainvest.ee\/wp-content\/uploads\/2025\/08\/28988-300x132.png 300w, https:\/\/betainvest.ee\/wp-content\/uploads\/2025\/08\/28988-768x337.png 768w, https:\/\/betainvest.ee\/wp-content\/uploads\/2025\/08\/28988.png 980w\" sizes=\"(max-width: 300px) 100vw, 300px\" \/>\t\t\t\t\t\t\t\t\t\t\t\t\t\t\t<\/div>\n\t\t\t\t\t<\/div>\n\t\t\t\t<\/div>\n\t\t<div class=\"elementor-element elementor-element-8730930 e-flex e-con-boxed e-con e-parent\" data-id=\"8730930\" data-element_type=\"container\" data-e-type=\"container\">\n\t\t\t\t\t<div class=\"e-con-inner\">\n\t\t\t\t<div class=\"elementor-element elementor-element-4d61d3e elementor-widget elementor-widget-spacer\" data-id=\"4d61d3e\" data-element_type=\"widget\" data-e-type=\"widget\" data-widget_type=\"spacer.default\">\n\t\t\t\t\t\t\t<div class=\"elementor-spacer\">\n\t\t\t<div class=\"elementor-spacer-inner\"><\/div>\n\t\t<\/div>\n\t\t\t\t\t\t<\/div>\n\t\t\t\t\t<\/div>\n\t\t\t\t<\/div>\n\t\t\t\t<\/div>\n\t\t","protected":false},"excerpt":{"rendered":"<p>Le carte carburante LUKOIL\/TEBOIL: pi\u00f9 di un pagamento alle stazioni di servizio Le nostre carte carburante non sono solo un mezzo per pagare il carburante senza contanti.\u00c8 uno strumento multifunzionale per controllare, ottimizzare e sviluppare la tua attivit\u00e0 di trasporto. Aiuta a ridurre i costi, a semplificare la logistica e ad aumentare la trasparenza in [&hellip;]<\/p>\n","protected":false},"author":1,"featured_media":0,"parent":0,"menu_order":0,"comment_status":"closed","ping_status":"closed","template":"","meta":{"footnotes":""},"class_list":["post-3502","page","type-page","status-publish","hentry"],"_links":{"self":[{"href":"https:\/\/betainvest.ee\/it\/wp-json\/wp\/v2\/pages\/3502","targetHints":{"allow":["GET"]}}],"collection":[{"href":"https:\/\/betainvest.ee\/it\/wp-json\/wp\/v2\/pages"}],"about":[{"href":"https:\/\/betainvest.ee\/it\/wp-json\/wp\/v2\/types\/page"}],"author":[{"embeddable":true,"href":"https:\/\/betainvest.ee\/it\/wp-json\/wp\/v2\/users\/1"}],"replies":[{"embeddable":true,"href":"https:\/\/betainvest.ee\/it\/wp-json\/wp\/v2\/comments?post=3502"}],"version-history":[{"count":1,"href":"https:\/\/betainvest.ee\/it\/wp-json\/wp\/v2\/pages\/3502\/revisions"}],"predecessor-version":[{"id":3503,"href":"https:\/\/betainvest.ee\/it\/wp-json\/wp\/v2\/pages\/3502\/revisions\/3503"}],"wp:attachment":[{"href":"https:\/\/betainvest.ee\/it\/wp-json\/wp\/v2\/media?parent=3502"}],"curies":[{"name":"wp","href":"https:\/\/api.w.org\/{rel}","templated":true}]}}