{"id":3512,"date":"2025-08-04T06:22:54","date_gmt":"2025-08-04T06:22:54","guid":{"rendered":"https:\/\/betainvest.ee\/ripartizione-del-codice\/"},"modified":"2025-08-26T13:10:57","modified_gmt":"2025-08-26T13:10:57","slug":"ripartizione-del-codice","status":"publish","type":"page","link":"https:\/\/betainvest.ee\/it\/ripartizione-del-codice\/","title":{"rendered":"Ripartizione del codice"},"content":{"rendered":"\t\t<div data-elementor-type=\"wp-page\" data-elementor-id=\"3512\" class=\"elementor elementor-3512\" data-elementor-post-type=\"page\">\n\t\t\t\t<div class=\"elementor-element elementor-element-24ab544 e-flex e-con-boxed e-con e-parent\" data-id=\"24ab544\" data-element_type=\"container\" data-e-type=\"container\">\n\t\t\t\t\t<div class=\"e-con-inner\">\n\t\t\t\t<div class=\"elementor-element elementor-element-fe33106 elementor-widget elementor-widget-image\" data-id=\"fe33106\" data-element_type=\"widget\" data-e-type=\"widget\" data-widget_type=\"image.default\">\n\t\t\t\t\t\t\t\t\t\t\t\t\t\t\t<img fetchpriority=\"high\" decoding=\"async\" width=\"768\" height=\"512\" src=\"https:\/\/betainvest.ee\/wp-content\/uploads\/2025\/08\/transportation-4506971_1280-768x512.webp\" class=\"attachment-medium_large size-medium_large wp-image-1007\" alt=\"\" srcset=\"https:\/\/betainvest.ee\/wp-content\/uploads\/2025\/08\/transportation-4506971_1280-768x512.webp 768w, https:\/\/betainvest.ee\/wp-content\/uploads\/2025\/08\/transportation-4506971_1280-300x200.webp 300w, https:\/\/betainvest.ee\/wp-content\/uploads\/2025\/08\/transportation-4506971_1280-1024x682.webp 1024w, https:\/\/betainvest.ee\/wp-content\/uploads\/2025\/08\/transportation-4506971_1280.webp 1280w\" sizes=\"(max-width: 768px) 100vw, 768px\" \/>\t\t\t\t\t\t\t\t\t\t\t\t\t\t\t<\/div>\n\t\t\t\t<div class=\"elementor-element elementor-element-3d2e7bf elementor-widget elementor-widget-text-editor\" data-id=\"3d2e7bf\" data-element_type=\"widget\" data-e-type=\"widget\" data-widget_type=\"text-editor.default\">\n\t\t\t\t\t\t\t\t\t<h2 data-start=\"317\" data-end=\"376\">Ripartizione del codice (specifica sintetica)<\/h2><p data-start=\"378\" data-end=\"621\">Quando si importano merci nel territorio dell&#8217;<strong data-start=\"412\" data-end=\"456\">Unione Economica Eurasiatica (EAEU)<\/strong> &#8211; Russia, Bielorussia, Kazakistan e altri paesi &#8211; \u00e8 obbligatoria la <strong data-start=\"529\" data-end=\"581\">notifica elettronica preventiva (EAP)<\/strong> alle autorit\u00e0 doganali per ogni spedizione.<\/p><p data-start=\"623\" data-end=\"741\">Uno degli elementi chiave dell&#8217;EPI \u00e8 il <strong data-start=\"664\" data-end=\"699\">riassunto delle specifiche per codice<\/strong>, la cosiddetta <em data-start=\"717\" data-end=\"738\">&#8220;ripartizione per codice&#8221;<\/em>.<\/p><h3 data-start=\"748\" data-end=\"782\">Cosa comprende la ripartizione del codice<\/h3><p data-start=\"783\" data-end=\"828\">Per ogni tipo di articolo, devi specificare:<\/p><ul data-start=\"829\" data-end=\"970\"><li data-start=\"829\" data-end=\"852\"><p data-start=\"831\" data-end=\"852\">Nome del prodotto<\/p><\/li><li data-start=\"853\" data-end=\"880\"><p data-start=\"855\" data-end=\"880\">Codice doganale (HS)<\/p><\/li><li data-start=\"881\" data-end=\"933\"><p data-start=\"883\" data-end=\"933\">Numero di posti (pallet) nel veicolo<\/p><\/li><li data-start=\"934\" data-end=\"956\"><p data-start=\"936\" data-end=\"956\">Peso netto e lordo<\/p><\/li><li data-start=\"957\" data-end=\"970\"><p data-start=\"959\" data-end=\"970\">Costo<\/p><\/li><\/ul><h3 data-start=\"977\" data-end=\"1009\">Perch\u00e9 pu\u00f2 essere difficile<\/h3><p data-start=\"1010\" data-end=\"1075\">La compilazione della ripartizione per codice \u00e8 spesso difficile a causa di:<\/p><ul data-start=\"1076\" data-end=\"1261\"><li data-start=\"1076\" data-end=\"1132\"><p data-start=\"1078\" data-end=\"1132\">Documentazione errata o incompleta da parte del fornitore<\/p><\/li><li data-start=\"1133\" data-end=\"1179\"><p data-start=\"1135\" data-end=\"1179\">Imballaggio complesso o non standard delle merci<\/p><\/li><li data-start=\"1180\" data-end=\"1261\"><p data-start=\"1182\" data-end=\"1261\">Specifiche del particolare sistema informativo attraverso il quale viene rilasciata l&#8217;EPI<\/p><\/li><\/ul><h3 data-start=\"1268\" data-end=\"1298\">Perch\u00e9 scegliere Betainvest<\/h3><p data-start=\"1299\" data-end=\"1453\">Abbiamo <strong data-start=\"1308\" data-end=\"1324\">una vasta esperienza<\/strong> con i documenti doganali e sappiamo come preparare le specifiche corrette in base al codice per evitare ritardi alla frontiera.<\/p><p data-start=\"1455\" data-end=\"1490\">Collaborando con noi, otterrai:<\/p><ul data-start=\"1491\" data-end=\"1660\"><li data-start=\"1491\" data-end=\"1522\"><p data-start=\"1493\" data-end=\"1522\"><strong data-start=\"1493\" data-end=\"1520\">Calcoli accurati e completi<\/strong><\/p><\/li><li data-start=\"1523\" data-end=\"1571\"><p data-start=\"1525\" data-end=\"1571\">Sdoganamento corretto secondo i requisiti doganali<\/p><\/li><li data-start=\"1572\" data-end=\"1609\"><p data-start=\"1574\" data-end=\"1609\">Ridurre al minimo i rischi di ritardo del carico<\/p><\/li><li data-start=\"1610\" data-end=\"1660\"><p data-start=\"1612\" data-end=\"1660\">Supporto in tutte le fasi di preparazione dei documenti<\/p><\/li><\/ul><p data-start=\"1667\" data-end=\"1813\">\ud83d\udcde <strong data-start=\"1670\" data-end=\"1696\">Contatta Betainvest<\/strong> e ci occuperemo della ripartizione dei codici per la tua spedizione in modo rapido, competente e nel pieno rispetto dei requisiti doganali.<\/p>\t\t\t\t\t\t\t\t<\/div>\n\t\t\t\t<div class=\"elementor-element elementor-element-f7a8888 elementor-align-center elementor-widget elementor-widget-button\" data-id=\"f7a8888\" data-element_type=\"widget\" data-e-type=\"widget\" data-widget_type=\"button.default\">\n\t\t\t\t\t\t\t\t\t\t<a class=\"elementor-button elementor-button-link elementor-size-sm\" href=\"#\">\n\t\t\t\t\t\t<span class=\"elementor-button-content-wrapper\">\n\t\t\t\t\t\t\t\t\t<span class=\"elementor-button-text\">Clicca qui<\/span>\n\t\t\t\t\t<\/span>\n\t\t\t\t\t<\/a>\n\t\t\t\t\t\t\t\t<\/div>\n\t\t\t\t\t<\/div>\n\t\t\t\t<\/div>\n\t\t\t\t<\/div>\n\t\t","protected":false},"excerpt":{"rendered":"<p>Ripartizione del codice (specifica sintetica) Quando si importano merci nel territorio dell&#8217;Unione Economica Eurasiatica (EAEU) &#8211; Russia, Bielorussia, Kazakistan e altri paesi &#8211; \u00e8 obbligatoria la notifica elettronica preventiva (EAP) alle autorit\u00e0 doganali per ogni spedizione. Uno degli elementi chiave dell&#8217;EPI \u00e8 il riassunto delle specifiche per codice, la cosiddetta &#8220;ripartizione per codice&#8221;. Cosa comprende [&hellip;]<\/p>\n","protected":false},"author":1,"featured_media":0,"parent":0,"menu_order":0,"comment_status":"closed","ping_status":"closed","template":"","meta":{"footnotes":""},"class_list":["post-3512","page","type-page","status-publish","hentry"],"_links":{"self":[{"href":"https:\/\/betainvest.ee\/it\/wp-json\/wp\/v2\/pages\/3512","targetHints":{"allow":["GET"]}}],"collection":[{"href":"https:\/\/betainvest.ee\/it\/wp-json\/wp\/v2\/pages"}],"about":[{"href":"https:\/\/betainvest.ee\/it\/wp-json\/wp\/v2\/types\/page"}],"author":[{"embeddable":true,"href":"https:\/\/betainvest.ee\/it\/wp-json\/wp\/v2\/users\/1"}],"replies":[{"embeddable":true,"href":"https:\/\/betainvest.ee\/it\/wp-json\/wp\/v2\/comments?post=3512"}],"version-history":[{"count":1,"href":"https:\/\/betainvest.ee\/it\/wp-json\/wp\/v2\/pages\/3512\/revisions"}],"predecessor-version":[{"id":3513,"href":"https:\/\/betainvest.ee\/it\/wp-json\/wp\/v2\/pages\/3512\/revisions\/3513"}],"wp:attachment":[{"href":"https:\/\/betainvest.ee\/it\/wp-json\/wp\/v2\/media?parent=3512"}],"curies":[{"name":"wp","href":"https:\/\/api.w.org\/{rel}","templated":true}]}}