{"id":3662,"date":"2025-08-04T06:22:53","date_gmt":"2025-08-04T06:22:53","guid":{"rendered":"https:\/\/betainvest.ee\/notifica-preventiva-elettronica-russia\/"},"modified":"2025-08-26T13:11:36","modified_gmt":"2025-08-26T13:11:36","slug":"notifica-preventiva-elettronica-russia","status":"publish","type":"page","link":"https:\/\/betainvest.ee\/it\/notifica-preventiva-elettronica-russia\/","title":{"rendered":"Notifica preventiva elettronica &#8211; Russia"},"content":{"rendered":"\t\t<div data-elementor-type=\"wp-page\" data-elementor-id=\"3662\" class=\"elementor elementor-3662 elementor-31\" data-elementor-post-type=\"page\">\n\t\t\t\t<div class=\"elementor-element elementor-element-04fbe4e e-flex e-con-boxed e-con e-parent\" data-id=\"04fbe4e\" data-element_type=\"container\" data-e-type=\"container\">\n\t\t\t\t\t<div class=\"e-con-inner\">\n\t\t\t\t<div class=\"elementor-element elementor-element-9de79b3 elementor-widget elementor-widget-text-editor\" data-id=\"9de79b3\" data-element_type=\"widget\" data-e-type=\"widget\" data-widget_type=\"text-editor.default\">\n\t\t\t\t\t\t\t\t\t<p><u>Formalizzazione elettronica delle informazioni preliminari (EPI) sul territorio della Federazione Russa<\/u><\/p><p>La notifica elettronica preventiva alle autorit\u00e0 doganali (EAPI) \u00e8 obbligatoria da giugno 2012, in base alla Decisione della Commissione dell&#8217;Unione Doganale n. 899 &#8220;Sull&#8217;introduzione dell&#8217;obbligo di notifica preventiva delle merci importate nel territorio doganale dell&#8217;Unione Doganale mediante trasporto su strada&#8221;. Le autorit\u00e0 doganali vengono informate in anticipo, almeno 2 ore prima, con informazioni dettagliate sul trasporto e sulle merci importate nel territorio dell&#8217;Unione Economica Eurasiatica (EAEU). La dogana assegna un numero di identificazione del trasporto alla richiesta come conferma.  <\/p><p>La norma \u00e8 stata introdotta per facilitare il processo di sdoganamento e di controllo doganale e per aumentare la capacit\u00e0 dei posti di controllo al confine di Stato della Federazione Russa.<\/p><p>Ma non c&#8217;\u00e8 bisogno di addentrarsi nelle sfumature della registrazione, se ne occuper\u00e0 Betainvest. Stileremo per te l&#8217;EPI tramite applicazione elettronica e invieremo immediatamente il numero al telefono dell&#8217;autista. Dopodich\u00e9, l&#8217;autista arriver\u00e0 al punto di controllo doganale, presenter\u00e0 il numero di identificazione e inizier\u00e0 immediatamente il trattamento del carico.  <\/p><p>Documenti necessari per la registrazione dell&#8217;EPI &#8211; RF:<\/p><table width=\"100%\"><tbody><tr><td><p><strong>Titolo<\/strong><\/p><\/td><td><p><strong>Descrizione<\/strong><\/p><\/td><\/tr><tr><td><p>TIR<\/p><\/td><td><p>Carnet TIR (Trasporto Internazionale su Strada)<\/p><\/td><\/tr><tr><td><p>CMR<\/p><\/td><td><p>Nota di spedizione internazionale<\/p><\/td><\/tr><tr><td><p>FATTURA<\/p><\/td><td><p>Fattura<\/p><\/td><\/tr><tr><td><p>Lista di imballaggio<\/p><\/td><td><p>Lista di imballaggio<\/p><\/td><\/tr><tr><td><p>Schede tecniche <\/p><\/td><td><p>Passaporti tecnici del veicolo e del rimorchio<\/p><\/td><\/tr><tr><td><p>Passaporto del conducente<\/p><\/td><td><p> <\/p><\/td><\/tr><\/tbody><\/table><p>Sono necessarie ulteriori informazioni:<\/p><ul><li>nome del valico di frontiera<\/li><li>numero di telefono cellulare del conducente<\/li><li>l&#8217;orario approssimativo in cui l&#8217;autista sar\u00e0 al confine<\/li><\/ul>\t\t\t\t\t\t\t\t<\/div>\n\t\t\t\t\t<\/div>\n\t\t\t\t<\/div>\n\t\t<div class=\"elementor-element elementor-element-7a3c914 e-flex e-con-boxed e-con e-parent\" data-id=\"7a3c914\" data-element_type=\"container\" data-e-type=\"container\">\n\t\t\t\t\t<div class=\"e-con-inner\">\n\t\t\t\t<div class=\"elementor-element elementor-element-74eef4f elementor-widget elementor-widget-spacer\" data-id=\"74eef4f\" data-element_type=\"widget\" data-e-type=\"widget\" data-widget_type=\"spacer.default\">\n\t\t\t\t\t\t\t<div class=\"elementor-spacer\">\n\t\t\t<div class=\"elementor-spacer-inner\"><\/div>\n\t\t<\/div>\n\t\t\t\t\t\t<\/div>\n\t\t\t\t\t<\/div>\n\t\t\t\t<\/div>\n\t\t\t\t<\/div>\n\t\t","protected":false},"excerpt":{"rendered":"<p>Formalizzazione elettronica delle informazioni preliminari (EPI) sul territorio della Federazione Russa La notifica elettronica preventiva alle autorit\u00e0 doganali (EAPI) \u00e8 obbligatoria da giugno 2012, in base alla Decisione della Commissione dell&#8217;Unione Doganale n. 899 &#8220;Sull&#8217;introduzione dell&#8217;obbligo di notifica preventiva delle merci importate nel territorio doganale dell&#8217;Unione Doganale mediante trasporto su strada&#8221;. Le autorit\u00e0 doganali vengono [&hellip;]<\/p>\n","protected":false},"author":1,"featured_media":0,"parent":0,"menu_order":0,"comment_status":"closed","ping_status":"closed","template":"","meta":{"footnotes":""},"class_list":["post-3662","page","type-page","status-publish","hentry"],"_links":{"self":[{"href":"https:\/\/betainvest.ee\/it\/wp-json\/wp\/v2\/pages\/3662","targetHints":{"allow":["GET"]}}],"collection":[{"href":"https:\/\/betainvest.ee\/it\/wp-json\/wp\/v2\/pages"}],"about":[{"href":"https:\/\/betainvest.ee\/it\/wp-json\/wp\/v2\/types\/page"}],"author":[{"embeddable":true,"href":"https:\/\/betainvest.ee\/it\/wp-json\/wp\/v2\/users\/1"}],"replies":[{"embeddable":true,"href":"https:\/\/betainvest.ee\/it\/wp-json\/wp\/v2\/comments?post=3662"}],"version-history":[{"count":1,"href":"https:\/\/betainvest.ee\/it\/wp-json\/wp\/v2\/pages\/3662\/revisions"}],"predecessor-version":[{"id":3663,"href":"https:\/\/betainvest.ee\/it\/wp-json\/wp\/v2\/pages\/3662\/revisions\/3663"}],"wp:attachment":[{"href":"https:\/\/betainvest.ee\/it\/wp-json\/wp\/v2\/media?parent=3662"}],"curies":[{"name":"wp","href":"https:\/\/api.w.org\/{rel}","templated":true}]}}