{"id":3717,"date":"2025-08-04T06:22:53","date_gmt":"2025-08-04T06:22:53","guid":{"rendered":"https:\/\/betainvest.ee\/informazioni-elettroniche-anticipate-bielorussia\/"},"modified":"2025-08-26T13:11:51","modified_gmt":"2025-08-26T13:11:51","slug":"informazioni-elettroniche-anticipate-bielorussia","status":"publish","type":"page","link":"https:\/\/betainvest.ee\/it\/informazioni-elettroniche-anticipate-bielorussia\/","title":{"rendered":"Informazioni elettroniche anticipate &#8211; Bielorussia"},"content":{"rendered":"\t\t<div data-elementor-type=\"wp-page\" data-elementor-id=\"3717\" class=\"elementor elementor-3717 elementor-34\" data-elementor-post-type=\"page\">\n\t\t\t\t<div class=\"elementor-element elementor-element-27eda8d e-flex e-con-boxed e-con e-parent\" data-id=\"27eda8d\" data-element_type=\"container\" data-e-type=\"container\">\n\t\t\t\t\t<div class=\"e-con-inner\">\n\t\t\t\t<div class=\"elementor-element elementor-element-cba68b9 elementor-widget elementor-widget-text-editor\" data-id=\"cba68b9\" data-element_type=\"widget\" data-e-type=\"widget\" data-widget_type=\"text-editor.default\">\n\t\t\t\t\t\t\t\t\t<p><u>Formalizzazione della notifica anticipata elettronica (EPI) sul territorio della Repubblica di Bielorussia<\/u><\/p><p>La notifica preventiva elettronica alle autorit\u00e0 doganali (EPI) \u00e8 obbligatoria quando le merci vengono importate nel territorio dell&#8217;Unione Economica Eurasiatica (EAEU) su strada e per ferrovia. La Repubblica di Bielorussia \u00e8 un membro dell&#8217;EAEU e pertanto supporta il sistema EPI. <\/p><p>Il vettore, lo spedizioniere o un&#8217;altra persona autorizzata invia in anticipo una notifica all&#8217;autorit\u00e0 doganale con informazioni dettagliate sul trasporto e sulle merci importate nel territorio dell&#8217;UEEA. La dogana ne d\u00e0 conferma assegnando un numero EPI individuale alla richiesta. Il sistema semplifica e velocizza la procedura di controllo doganale.  <\/p><p>Betainvest emette in modo rapido e professionale un&#8217;EPI per le merci importate nel territorio della Repubblica di Bielorussia. All&#8217;arrivo al punto di controllo doganale, il tuo autista presenter\u00e0 il numero dell&#8217;EPI, che invieremo in anticipo al suo telefono sotto forma di SMS. Utilizzando il numero EPI, il funzionario doganale trover\u00e0 le informazioni sulla spedizione, le confronter\u00e0 con i documenti in possesso dell&#8217;autista e, se non ci saranno discrepanze o ambiguit\u00e0, rilascer\u00e0 tutti i documenti in una volta sola.  <\/p><p><strong>Documenti necessari per la registrazione dell&#8217;EPI &#8211; Bielorussia:<\/strong><\/p><table width=\"100%\"><tbody><tr><td><p><strong>Titolo<\/strong><\/p><\/td><td><p><strong>Descrizione<\/strong><\/p><\/td><\/tr><tr><td><p>TIR<\/p><\/td><td><p>Carnet TIR (Trasporto Internazionale su Strada)<\/p><\/td><\/tr><tr><td><p>CMR<\/p><\/td><td><p>Nota di spedizione internazionale<\/p><\/td><\/tr><tr><td><p>FATTURA<\/p><\/td><td><p>Fattura<\/p><\/td><\/tr><tr><td><p>Lista di imballaggio<\/p><\/td><td><p>Lista di imballaggio<\/p><\/td><\/tr><tr><td><p>Schede tecniche <\/p><\/td><td><p>Passaporti tecnici del veicolo e del rimorchio<\/p><\/td><\/tr><tr><td><p>Passaporto del conducente<\/p><\/td><td><p> <\/p><\/td><\/tr><tr><td><p>Certificato doganale del vettore<\/p><\/td><td><p>In presenza di<\/p><\/td><\/tr><tr><td><p>Certificato di autorizzazione con sigillo<\/p><\/td><td><p> <\/p><\/td><\/tr><\/tbody><\/table><p>Sono necessarie ulteriori informazioni:<\/p><ul><li>nome del valico di frontiera<\/li><li>numero di telefono cellulare del conducente<\/li><li>l&#8217;orario approssimativo in cui l&#8217;autista sar\u00e0 al confine<\/li><\/ul>\t\t\t\t\t\t\t\t<\/div>\n\t\t\t\t\t<\/div>\n\t\t\t\t<\/div>\n\t\t<div class=\"elementor-element elementor-element-1d48f82 e-flex e-con-boxed e-con e-parent\" data-id=\"1d48f82\" data-element_type=\"container\" data-e-type=\"container\">\n\t\t\t\t\t<div class=\"e-con-inner\">\n\t\t\t\t<div class=\"elementor-element elementor-element-477e01f elementor-widget elementor-widget-spacer\" data-id=\"477e01f\" data-element_type=\"widget\" data-e-type=\"widget\" data-widget_type=\"spacer.default\">\n\t\t\t\t\t\t\t<div class=\"elementor-spacer\">\n\t\t\t<div class=\"elementor-spacer-inner\"><\/div>\n\t\t<\/div>\n\t\t\t\t\t\t<\/div>\n\t\t\t\t\t<\/div>\n\t\t\t\t<\/div>\n\t\t<div class=\"elementor-element elementor-element-82b8f59 e-flex e-con-boxed e-con e-parent\" data-id=\"82b8f59\" data-element_type=\"container\" data-e-type=\"container\">\n\t\t\t\t\t<div class=\"e-con-inner\">\n\t\t\t\t<div class=\"elementor-element elementor-element-797ef60 elementor-widget elementor-widget-spacer\" data-id=\"797ef60\" data-element_type=\"widget\" data-e-type=\"widget\" data-widget_type=\"spacer.default\">\n\t\t\t\t\t\t\t<div class=\"elementor-spacer\">\n\t\t\t<div class=\"elementor-spacer-inner\"><\/div>\n\t\t<\/div>\n\t\t\t\t\t\t<\/div>\n\t\t\t\t\t<\/div>\n\t\t\t\t<\/div>\n\t\t\t\t<\/div>\n\t\t","protected":false},"excerpt":{"rendered":"<p>Formalizzazione della notifica anticipata elettronica (EPI) sul territorio della Repubblica di Bielorussia La notifica preventiva elettronica alle autorit\u00e0 doganali (EPI) \u00e8 obbligatoria quando le merci vengono importate nel territorio dell&#8217;Unione Economica Eurasiatica (EAEU) su strada e per ferrovia. La Repubblica di Bielorussia \u00e8 un membro dell&#8217;EAEU e pertanto supporta il sistema EPI. Il vettore, lo [&hellip;]<\/p>\n","protected":false},"author":1,"featured_media":0,"parent":0,"menu_order":0,"comment_status":"closed","ping_status":"closed","template":"","meta":{"footnotes":""},"class_list":["post-3717","page","type-page","status-publish","hentry"],"_links":{"self":[{"href":"https:\/\/betainvest.ee\/it\/wp-json\/wp\/v2\/pages\/3717","targetHints":{"allow":["GET"]}}],"collection":[{"href":"https:\/\/betainvest.ee\/it\/wp-json\/wp\/v2\/pages"}],"about":[{"href":"https:\/\/betainvest.ee\/it\/wp-json\/wp\/v2\/types\/page"}],"author":[{"embeddable":true,"href":"https:\/\/betainvest.ee\/it\/wp-json\/wp\/v2\/users\/1"}],"replies":[{"embeddable":true,"href":"https:\/\/betainvest.ee\/it\/wp-json\/wp\/v2\/comments?post=3717"}],"version-history":[{"count":1,"href":"https:\/\/betainvest.ee\/it\/wp-json\/wp\/v2\/pages\/3717\/revisions"}],"predecessor-version":[{"id":3718,"href":"https:\/\/betainvest.ee\/it\/wp-json\/wp\/v2\/pages\/3717\/revisions\/3718"}],"wp:attachment":[{"href":"https:\/\/betainvest.ee\/it\/wp-json\/wp\/v2\/media?parent=3717"}],"curies":[{"name":"wp","href":"https:\/\/api.w.org\/{rel}","templated":true}]}}