{"id":3750,"date":"2025-08-04T06:22:53","date_gmt":"2025-08-04T06:22:53","guid":{"rendered":"https:\/\/betainvest.ee\/notizie-legislative-eaeu-ue\/"},"modified":"2025-08-26T13:12:04","modified_gmt":"2025-08-26T13:12:04","slug":"notizie-legislative-eaeu-ue","status":"publish","type":"page","link":"https:\/\/betainvest.ee\/it\/notizie-legislative-eaeu-ue\/","title":{"rendered":"Notizie legislative (EAEU \/ UE)"},"content":{"rendered":"\t\t<div data-elementor-type=\"wp-page\" data-elementor-id=\"3750\" class=\"elementor elementor-3750 elementor-52\" data-elementor-post-type=\"page\">\n\t\t\t\t<div class=\"elementor-element elementor-element-5bd2b46 e-flex e-con-boxed e-con e-parent\" data-id=\"5bd2b46\" data-element_type=\"container\" data-e-type=\"container\">\n\t\t\t\t\t<div class=\"e-con-inner\">\n\t\t\t\t<div class=\"elementor-element elementor-element-9f7e02a elementor-widget elementor-widget-text-editor\" data-id=\"9f7e02a\" data-element_type=\"widget\" data-e-type=\"widget\" data-widget_type=\"text-editor.default\">\n\t\t\t\t\t\t\t\t\t<h3><b>Modifiche legislative in corso<\/b><\/h3><h4><b>1.  <\/b><\/h4><h4><b>Nuovi requisiti per i magazzini di stoccaggio temporaneo<\/b><\/h4><h4><b>  &#8211; dal 26 agosto 2025<\/b><\/h4><p class=\"p3\">Sono entrate in vigore le regole aggiornate per la disposizione, l&#8217;attrezzatura e l&#8217;ubicazione dei magazzini di stoccaggio temporaneo (TSW). I proprietari dei magazzini sono ora tenuti a rispettare le severe norme del Servizio Federale Doganale (FCS), tra cui i requisiti di sicurezza, le attrezzature tecniche e il rispetto delle procedure. <span class=\"Apple-converted-space\">  <\/span><\/p><h4><b>2.  <\/b><\/h4><h4><b>Controlli pi\u00f9 severi sul trasporto merci<\/b><\/h4><h4><b>  &#8211; da settembre 2025 in poi<\/b><\/h4><ul><li><p class=\"p1\">A partire dal 1\u00b0 settembre 2025 entreranno in vigore delle modifiche per rafforzare il controllo sulle attivit\u00e0 di spedizione: saranno aumentate le multe, saranno introdotti registri obbligatori dei partecipanti e nuove procedure per l&#8217;elaborazione dei documenti.<span class=\"Apple-converted-space\">  <\/span><\/p><\/li><li><p class=\"p1\">Inoltre, dal 1\u00b0 marzo 2026 verr\u00e0 introdotta la funzionalit\u00e0 del registro degli spedizionieri e da settembre 2026 verr\u00e0 introdotta la transizione completa alla gestione elettronica dei documenti.<span class=\"Apple-converted-space\">  <\/span><\/p><\/li><\/ul><h4><b>3.  <\/b><\/h4><h4><b>Lettera di vettura multimodale<\/b><\/h4><h4><b>  &#8211; da settembre 2025<\/b><\/h4><p class=\"p3\">Si prevede l&#8217;introduzione di un unico documento di trasporto che possa essere utilizzato per il trasporto combinato &#8211; strada + ferrovia + mare\/aereo. Questo faciliter\u00e0 il flusso dei documenti e aumenter\u00e0 la trasparenza della logistica. <span class=\"Apple-converted-space\">  <\/span><\/p><h4><b>4.  <\/b><\/h4><h4><b>Modifiche alla CAO RF sugli illeciti amministrativi<\/b><\/h4><p class=\"p3\">Le innovazioni all&#8217;articolo 11.14 del CAO introducono ulteriori sanzioni per gli spedizionieri. Queste modifiche entreranno in vigore a partire dal 1\u00b0 marzo 2026, il che lascia il tempo di prepararsi. <span class=\"Apple-converted-space\">  <\/span><\/p><h4><b>5.  <\/b><\/h4><h4><b>La riservatezza delle informazioni logistiche diventa fondamentale<\/b><\/h4><p class=\"p3\">Il progetto di legge prevede sanzioni (fino a 7 anni di reclusione) per la divulgazione di informazioni sulla fornitura di beni o schemi finanziari sanzionati, sottolineando la necessit\u00e0 di cautela nelle attivit\u00e0 logistiche.<span class=\"Apple-converted-space\">  <\/span><\/p><hr><h3><b>Raccomandazioni di <\/b><b>Betainvest<\/b><\/h3><ol start=\"1\"><li><p class=\"p1\"><b>Scegli un magazzino vincolato che sia conforme ai nuovi requisiti<\/b><span class=\"s1\">per evitare multe e tempi morti.<\/span><\/p><\/li><li><p class=\"p1\"><b>Preparati al lancio del registro elettronico degli spedizionieri e delle lettere di vettura elettroniche<\/b><span class=\"s1\"> &#8211; Imposta subito i tuoi processi interni.<\/span><\/p><\/li><li><p class=\"p1\"><span class=\"s1\"><b>Aggiornare i contratti e le procedure<\/b><\/span>tenere conto delle nuove sanzioni e dei rischi amministrativi.<\/p><\/li><li><p class=\"p1\"><span class=\"s1\"><b>Limitare la divulgazione degli schemi logistici<\/b><\/span>soprattutto quelli relativi ai beni soggetti a sanzioni &#8211; \u00e8 una questione di sicurezza aziendale.<\/p><\/li><li><p class=\"p1\"><span class=\"s1\"><b>Tieni il passo con i cambiamenti legislativi<\/b><\/span>per operare senza problemi anche in un ambiente difficile.<\/p><\/li><\/ol><p class=\"p3\"> <\/p>\t\t\t\t\t\t\t\t<\/div>\n\t\t\t\t\t<\/div>\n\t\t\t\t<\/div>\n\t\t<div class=\"elementor-element elementor-element-fec8e28 e-flex e-con-boxed e-con e-parent\" data-id=\"fec8e28\" data-element_type=\"container\" data-e-type=\"container\">\n\t\t\t\t\t<div class=\"e-con-inner\">\n\t\t\t\t<div class=\"elementor-element elementor-element-d86366d elementor-widget elementor-widget-spacer\" data-id=\"d86366d\" data-element_type=\"widget\" data-e-type=\"widget\" data-widget_type=\"spacer.default\">\n\t\t\t\t\t\t\t<div class=\"elementor-spacer\">\n\t\t\t<div class=\"elementor-spacer-inner\"><\/div>\n\t\t<\/div>\n\t\t\t\t\t\t<\/div>\n\t\t\t\t<div class=\"elementor-element elementor-element-824a161 elementor-widget-divider--view-line elementor-widget elementor-widget-divider\" data-id=\"824a161\" data-element_type=\"widget\" data-e-type=\"widget\" data-widget_type=\"divider.default\">\n\t\t\t\t\t\t\t<div class=\"elementor-divider\">\n\t\t\t<span class=\"elementor-divider-separator\">\n\t\t\t\t\t\t<\/span>\n\t\t<\/div>\n\t\t\t\t\t\t<\/div>\n\t\t\t\t\t<\/div>\n\t\t\t\t<\/div>\n\t\t\t\t<\/div>\n\t\t","protected":false},"excerpt":{"rendered":"<p>Modifiche legislative in corso 1. Nuovi requisiti per i magazzini di stoccaggio temporaneo &#8211; dal 26 agosto 2025 Sono entrate in vigore le regole aggiornate per la disposizione, l&#8217;attrezzatura e l&#8217;ubicazione dei magazzini di stoccaggio temporaneo (TSW). I proprietari dei magazzini sono ora tenuti a rispettare le severe norme del Servizio Federale Doganale (FCS), tra [&hellip;]<\/p>\n","protected":false},"author":1,"featured_media":0,"parent":0,"menu_order":0,"comment_status":"closed","ping_status":"closed","template":"","meta":{"footnotes":""},"class_list":["post-3750","page","type-page","status-publish","hentry"],"_links":{"self":[{"href":"https:\/\/betainvest.ee\/it\/wp-json\/wp\/v2\/pages\/3750","targetHints":{"allow":["GET"]}}],"collection":[{"href":"https:\/\/betainvest.ee\/it\/wp-json\/wp\/v2\/pages"}],"about":[{"href":"https:\/\/betainvest.ee\/it\/wp-json\/wp\/v2\/types\/page"}],"author":[{"embeddable":true,"href":"https:\/\/betainvest.ee\/it\/wp-json\/wp\/v2\/users\/1"}],"replies":[{"embeddable":true,"href":"https:\/\/betainvest.ee\/it\/wp-json\/wp\/v2\/comments?post=3750"}],"version-history":[{"count":1,"href":"https:\/\/betainvest.ee\/it\/wp-json\/wp\/v2\/pages\/3750\/revisions"}],"predecessor-version":[{"id":3753,"href":"https:\/\/betainvest.ee\/it\/wp-json\/wp\/v2\/pages\/3750\/revisions\/3753"}],"wp:attachment":[{"href":"https:\/\/betainvest.ee\/it\/wp-json\/wp\/v2\/media?parent=3750"}],"curies":[{"name":"wp","href":"https:\/\/api.w.org\/{rel}","templated":true}]}}