{"id":3874,"date":"2025-08-04T06:22:53","date_gmt":"2025-08-04T06:22:53","guid":{"rendered":"https:\/\/betainvest.ee\/schemi-di-trasporto-merci-combinati-strada-ferrovia-aereo-mare\/"},"modified":"2025-08-26T13:12:54","modified_gmt":"2025-08-26T13:12:54","slug":"schemi-di-trasporto-merci-combinati-strada-ferrovia-aereo-mare","status":"publish","type":"page","link":"https:\/\/betainvest.ee\/it\/schemi-di-trasporto-merci-combinati-strada-ferrovia-aereo-mare\/","title":{"rendered":"Schemi di trasporto merci combinati (strada\/ferrovia\/aereo\/mare)"},"content":{"rendered":"\t\t<div data-elementor-type=\"wp-page\" data-elementor-id=\"3874\" class=\"elementor elementor-3874\" data-elementor-post-type=\"page\">\n\t\t\t\t<div class=\"elementor-element elementor-element-70d75b5 e-flex e-con-boxed e-con e-parent\" data-id=\"70d75b5\" data-element_type=\"container\" data-e-type=\"container\">\n\t\t\t\t\t<div class=\"e-con-inner\">\n\t\t\t\t<div class=\"elementor-element elementor-element-f7dd763 elementor-widget elementor-widget-image\" data-id=\"f7dd763\" data-element_type=\"widget\" data-e-type=\"widget\" data-widget_type=\"image.default\">\n\t\t\t\t\t\t\t\t\t\t\t\t\t\t\t<img decoding=\"async\" width=\"300\" height=\"158\" src=\"https:\/\/betainvest.ee\/wp-content\/uploads\/2025\/08\/istockphoto-1125367903-612x612-1-300x158.jpg\" class=\"attachment-medium size-medium wp-image-3875\" alt=\"\" srcset=\"https:\/\/betainvest.ee\/wp-content\/uploads\/2025\/08\/istockphoto-1125367903-612x612-1-300x158.jpg 300w, https:\/\/betainvest.ee\/wp-content\/uploads\/2025\/08\/istockphoto-1125367903-612x612-1.jpg 612w\" sizes=\"(max-width: 300px) 100vw, 300px\" \/>\t\t\t\t\t\t\t\t\t\t\t\t\t\t\t<\/div>\n\t\t\t\t\t<\/div>\n\t\t\t\t<\/div>\n\t\t<div class=\"elementor-element elementor-element-cac00f1 e-flex e-con-boxed e-con e-parent\" data-id=\"cac00f1\" data-element_type=\"container\" data-e-type=\"container\">\n\t\t\t\t\t<div class=\"e-con-inner\">\n\t\t\t\t<div class=\"elementor-element elementor-element-00f8cbe elementor-widget elementor-widget-text-editor\" data-id=\"00f8cbe\" data-element_type=\"widget\" data-e-type=\"widget\" data-widget_type=\"text-editor.default\">\n\t\t\t\t\t\t\t\t\t<h1><b>\ud83c\udf0d Trasporto multimodale e combinato di merci con BetaInvest<\/b><\/h1><p class=\"p3\">La logistica moderna richiede flessibilit\u00e0. Non \u00e8 sempre redditizio spedire le merci solo su strada o solo via mare. A volte \u00e8 pi\u00f9 veloce ed economico utilizzare schemi combinati:  <\/p><ul><li><p class=\"p1\">\ud83d\ude86 trasporto ferroviario + trasporto su strada,<\/p><\/li><li><p class=\"p1\">\u2708\ufe0f aviazione + trasporto marittimo,<\/p><\/li><li><p class=\"p1\">\ud83d\ude9a trasporto su strada + mare,<\/p><\/li><li><p class=\"p1\">o una combinazione completa di tutti i metodi di consegna.<\/p><\/li><\/ul><p class=\"p3\">Societ\u00e0 <span class=\"s2\"><b>BetaInvest<\/b><\/span> \u00e8 specializzata in <span class=\"s2\"><b>trasporti multimodali<\/b><\/span>BetaInvest \u00e8 specializzata in trasporti multimodali e sviluppa percorsi ottimali per ogni cliente, tenendo conto dei tempi, dei costi e delle specificit\u00e0 del carico.<\/p><hr><h2><b>Vantaggi del trasporto combinato con BetaInvest<\/b><\/h2><ul><li><p class=\"p1\"><b>Risparmiare tempo e denaro<\/b><\/p><p class=\"p2\">Selezioniamo uno schema di consegna per ridurre il percorso e i costi. Ad esempio, una parte del percorso \u00e8 pi\u00f9 favorevole via mare e l&#8217;ultima parte via aerea. <\/p><\/li><li><p class=\"p1\"><b>Flessibilit\u00e0 dei percorsi<\/b><\/p><p class=\"p2\">Combiniamo diverse modalit\u00e0 di trasporto a seconda della destinazione, delle condizioni e delle esigenze del cliente.<\/p><\/li><li><p class=\"p1\"><b>Controllo e supporto completi<\/b><\/p><p class=\"p2\">BetaInvest si occupa di tutte le fasi, dal calcolo dello schema logistico e delle pratiche burocratiche al controllo del movimento del carico e del suo ricevimento.<\/p><\/li><li><p class=\"p1\"><b>Vantaggi per i partner<\/b><\/p><p class=\"p2\">Non solo i clienti lavorano con noi, ma anche le aziende di trasporto che hanno l&#8217;opportunit\u00e0 di utilizzare i nostri schemi e la nostra esperienza per i loro trasporti.<\/p><\/li><\/ul><hr><h2><b>Per chi \u00e8 rilevante<\/b><\/h2><ul><li><p class=\"p1\">Per le aziende che apprezzano la velocit\u00e0 e hanno bisogno di consegnare i carichi &#8220;ieri&#8221;.<\/p><\/li><li><p class=\"p1\">Per le aziende che vogliono ottimizzare i costi della logistica.<\/p><\/li><li><p class=\"p1\">Per le aziende di trasporto che vogliono ampliare la propria gamma di servizi e lavorare con BetaInvest come partner affidabile.<\/p><\/li><\/ul><hr><h2><b>Perch\u00e9 scegliere BetaInvest<\/b><\/h2><ul><li><p class=\"p1\">\ud83d\udcca Calcoliamo diverse opzioni di percorso e ti suggeriamo la migliore.<\/p><\/li><li><p class=\"p1\">\ud83d\udee1 Garantiamo trasparenza, sicurezza e controllo delle consegne.<\/p><\/li><li><p class=\"p1\">\ud83c\udf10 Lavoriamo con Russia, Turchia, Bielorussia, paesi della CSI, Europa e Asia.<\/p><\/li><\/ul><hr><h2><b>\ud83e\udd1d Conclusione<\/b><\/h2><p class=\"p3\"><span class=\"s2\"><b>BetaInvest<\/b><\/span> &#8211; \u00e8 pi\u00f9 di un trasporto. \u00c8 una logistica intelligente che combina ferrovia, strada, mare e aviazione. Rendiamo le consegne comode, redditizie e affidabili per i clienti e le aziende di trasporto partner.  <\/p><p class=\"p3\">\ud83d\udc49 Contattaci e calcoleremo il miglior schema di consegna combinata per te.<\/p>\t\t\t\t\t\t\t\t<\/div>\n\t\t\t\t\t<\/div>\n\t\t\t\t<\/div>\n\t\t<div class=\"elementor-element elementor-element-29765b1 e-flex e-con-boxed e-con e-parent\" data-id=\"29765b1\" data-element_type=\"container\" data-e-type=\"container\">\n\t\t\t\t\t<div class=\"e-con-inner\">\n\t\t\t\t<div class=\"elementor-element elementor-element-a815118 elementor-widget elementor-widget-spacer\" data-id=\"a815118\" data-element_type=\"widget\" data-e-type=\"widget\" data-widget_type=\"spacer.default\">\n\t\t\t\t\t\t\t<div class=\"elementor-spacer\">\n\t\t\t<div class=\"elementor-spacer-inner\"><\/div>\n\t\t<\/div>\n\t\t\t\t\t\t<\/div>\n\t\t\t\t<div class=\"elementor-element elementor-element-007ecc8 elementor-align-center elementor-widget elementor-widget-button\" data-id=\"007ecc8\" data-element_type=\"widget\" data-e-type=\"widget\" data-widget_type=\"button.default\">\n\t\t\t\t\t\t\t\t\t\t<a class=\"elementor-button elementor-button-link elementor-size-sm\" href=\"#\">\n\t\t\t\t\t\t<span class=\"elementor-button-content-wrapper\">\n\t\t\t\t\t\t\t\t\t<span class=\"elementor-button-text\">Clicca qui<\/span>\n\t\t\t\t\t<\/span>\n\t\t\t\t\t<\/a>\n\t\t\t\t\t\t\t\t<\/div>\n\t\t\t\t<div class=\"elementor-element elementor-element-2cff434 elementor-widget-divider--view-line elementor-widget elementor-widget-divider\" data-id=\"2cff434\" data-element_type=\"widget\" data-e-type=\"widget\" data-widget_type=\"divider.default\">\n\t\t\t\t\t\t\t<div class=\"elementor-divider\">\n\t\t\t<span class=\"elementor-divider-separator\">\n\t\t\t\t\t\t<\/span>\n\t\t<\/div>\n\t\t\t\t\t\t<\/div>\n\t\t\t\t<div class=\"elementor-element elementor-element-880a4a7 elementor-widget elementor-widget-spacer\" data-id=\"880a4a7\" data-element_type=\"widget\" data-e-type=\"widget\" data-widget_type=\"spacer.default\">\n\t\t\t\t\t\t\t<div class=\"elementor-spacer\">\n\t\t\t<div class=\"elementor-spacer-inner\"><\/div>\n\t\t<\/div>\n\t\t\t\t\t\t<\/div>\n\t\t\t\t\t<\/div>\n\t\t\t\t<\/div>\n\t\t\t\t<\/div>\n\t\t","protected":false},"excerpt":{"rendered":"<p>\ud83c\udf0d Trasporto multimodale e combinato di merci con BetaInvest La logistica moderna richiede flessibilit\u00e0. Non \u00e8 sempre redditizio spedire le merci solo su strada o solo via mare. A volte \u00e8 pi\u00f9 veloce ed economico utilizzare schemi combinati: \ud83d\ude86 trasporto ferroviario + trasporto su strada, \u2708\ufe0f aviazione + trasporto marittimo, \ud83d\ude9a trasporto su strada + [&hellip;]<\/p>\n","protected":false},"author":1,"featured_media":0,"parent":0,"menu_order":0,"comment_status":"closed","ping_status":"closed","template":"","meta":{"footnotes":""},"class_list":["post-3874","page","type-page","status-publish","hentry"],"_links":{"self":[{"href":"https:\/\/betainvest.ee\/it\/wp-json\/wp\/v2\/pages\/3874","targetHints":{"allow":["GET"]}}],"collection":[{"href":"https:\/\/betainvest.ee\/it\/wp-json\/wp\/v2\/pages"}],"about":[{"href":"https:\/\/betainvest.ee\/it\/wp-json\/wp\/v2\/types\/page"}],"author":[{"embeddable":true,"href":"https:\/\/betainvest.ee\/it\/wp-json\/wp\/v2\/users\/1"}],"replies":[{"embeddable":true,"href":"https:\/\/betainvest.ee\/it\/wp-json\/wp\/v2\/comments?post=3874"}],"version-history":[{"count":1,"href":"https:\/\/betainvest.ee\/it\/wp-json\/wp\/v2\/pages\/3874\/revisions"}],"predecessor-version":[{"id":3876,"href":"https:\/\/betainvest.ee\/it\/wp-json\/wp\/v2\/pages\/3874\/revisions\/3876"}],"wp:attachment":[{"href":"https:\/\/betainvest.ee\/it\/wp-json\/wp\/v2\/media?parent=3874"}],"curies":[{"name":"wp","href":"https:\/\/api.w.org\/{rel}","templated":true}]}}