{"id":4183,"date":"2025-08-04T06:22:54","date_gmt":"2025-08-04T06:22:54","guid":{"rendered":"https:\/\/betainvest.ee\/custodia-sicura\/"},"modified":"2025-08-28T14:46:06","modified_gmt":"2025-08-28T14:46:06","slug":"custodia-sicura","status":"publish","type":"page","link":"https:\/\/betainvest.ee\/it\/custodia-sicura\/","title":{"rendered":"Custodia sicura"},"content":{"rendered":"\t\t<div data-elementor-type=\"wp-page\" data-elementor-id=\"4183\" class=\"elementor elementor-4183\" data-elementor-post-type=\"page\">\n\t\t\t\t<div class=\"elementor-element elementor-element-725acde e-flex e-con-boxed e-con e-parent\" data-id=\"725acde\" data-element_type=\"container\" data-e-type=\"container\">\n\t\t\t\t\t<div class=\"e-con-inner\">\n\t\t\t\t<div class=\"elementor-element elementor-element-54c8d5c elementor-widget elementor-widget-text-editor\" data-id=\"54c8d5c\" data-element_type=\"widget\" data-e-type=\"widget\" data-widget_type=\"text-editor.default\">\n\t\t\t\t\t\t\t\t\t<h2><b>Perch\u00e9 hai bisogno della custodia dei beni?<\/b><\/h2><p class=\"p3\"><span class=\"s2\"><b>Deposito sicuro<\/b><\/span> &#8211; \u00e8 un servizio di magazzini in cui il carico viene immagazzinato sotto sorveglianza e pieno controllo. In questo caso, la societ\u00e0 di custodia (in questo caso, una societ\u00e0 di logistica) si assume la responsabilit\u00e0 della sicurezza. <\/p><p class=\"p3\">Cosa offre al cliente:<\/p><ul><li><p class=\"p1\">\ud83d\udd12 Garanzia di sicurezza: il carico non si perde e non si rovina;<\/p><\/li><li><p class=\"p1\">\ud83d\udce6 convenienza &#8211; pu\u00f2 essere conservato da un giorno a diversi mesi;<\/p><\/li><li><p class=\"p1\">\ud83d\udcb0 risparmio: non \u00e8 necessario mantenere i propri magazzini;<\/p><\/li><li><p class=\"p1\">\ud83d\udcd1 Trasparenza: il cliente riceve i documenti e i report sulla conservazione.<\/p><\/li><\/ul>\t\t\t\t\t\t\t\t<\/div>\n\t\t\t\t\t<\/div>\n\t\t\t\t<\/div>\n\t\t<div class=\"elementor-element elementor-element-136ab83 e-flex e-con-boxed e-con e-parent\" data-id=\"136ab83\" data-element_type=\"container\" data-e-type=\"container\">\n\t\t\t\t\t<div class=\"e-con-inner\">\n\t\t\t\t<div class=\"elementor-element elementor-element-e25595e elementor-widget elementor-widget-image\" data-id=\"e25595e\" data-element_type=\"widget\" data-e-type=\"widget\" data-widget_type=\"image.default\">\n\t\t\t\t\t\t\t\t\t\t\t\t\t\t\t<img fetchpriority=\"high\" decoding=\"async\" width=\"300\" height=\"206\" src=\"https:\/\/betainvest.ee\/wp-content\/uploads\/2025\/08\/istockphoto-1325350394-612x612-1-300x206.jpg\" class=\"attachment-medium size-medium wp-image-4184\" alt=\"\" srcset=\"https:\/\/betainvest.ee\/wp-content\/uploads\/2025\/08\/istockphoto-1325350394-612x612-1-300x206.jpg 300w, https:\/\/betainvest.ee\/wp-content\/uploads\/2025\/08\/istockphoto-1325350394-612x612-1.jpg 612w\" sizes=\"(max-width: 300px) 100vw, 300px\" \/>\t\t\t\t\t\t\t\t\t\t\t\t\t\t\t<\/div>\n\t\t\t\t\t<\/div>\n\t\t\t\t<\/div>\n\t\t<div class=\"elementor-element elementor-element-0844ff6 e-flex e-con-boxed e-con e-parent\" data-id=\"0844ff6\" data-element_type=\"container\" data-e-type=\"container\">\n\t\t\t\t\t<div class=\"e-con-inner\">\n\t\t\t\t<div class=\"elementor-element elementor-element-52fa803 elementor-widget elementor-widget-text-editor\" data-id=\"52fa803\" data-element_type=\"widget\" data-e-type=\"widget\" data-widget_type=\"text-editor.default\">\n\t\t\t\t\t\t\t\t\t<h1><b>\ud83d\udce6 Stoccaggio responsabile delle merci con Betainvest<\/b><\/h1><p class=\"p3\">Il trasporto merci moderno non pu\u00f2 essere immaginato senza uno stoccaggio affidabile. A volte le merci devono essere stoccate per qualche giorno prima dello sdoganamento, altre volte per settimane o mesi prima della spedizione al destinatario finale. Ecco perch\u00e9 esiste un servizio <span class=\"s2\"><b>custodia<\/b><\/span>.  <\/p><p class=\"p3\">Azienda <span class=\"s2\"><b>Betainvest<\/b><\/span> aiuta i clienti non solo a trasportare ma anche a stoccare le loro merci in magazzini professionali. Selezioniamo i magazzini adatti, organizziamo lo stoccaggio e ci occupiamo di tutte le questioni di sicurezza e di gestione dei documenti. <\/p><hr><h2><b>Perch\u00e9 hai bisogno della custodia<\/b><\/h2><ul><li><p class=\"p1\"><span class=\"s1\">\ud83d\udd12 <\/span><b>Conservazione e protezione<\/b><\/p><p class=\"p2\">Il carico \u00e8 protetto e assicurato. Il magazziniere \u00e8 responsabile della sua sicurezza.<\/p><\/li><li><p class=\"p1\"><span class=\"s1\">\ud83d\udce6 <\/span><b>Flessibilit\u00e0 dei tempi<\/b><\/p><p class=\"p2\">Il carico pu\u00f2 essere immagazzinato da un giorno a diversi mesi. Questo \u00e8 comodo quando si attendono i documenti, si coordinano i percorsi o si pianificano ulteriori trasporti. <\/p><\/li><li><p class=\"p1\"><span class=\"s1\">\ud83d\udcb0 <\/span><b>Risparmio<\/b><\/p><p class=\"p2\">Il cliente non ha bisogno di gestire il proprio magazzino: noi forniamo un&#8217;infrastruttura gi\u00e0 pronta.<\/p><\/li><li><p class=\"p1\"><span class=\"s1\">\ud83d\udcd1 <\/span><b>Trasparenza<\/b><\/p><p class=\"p2\">Tutte le operazioni sono documentate, il cliente riceve certificati e rapporti, il che semplifica la contabilit\u00e0 e la gestione fiscale.<\/p><\/li><\/ul><hr><h2><b>Come funziona Betainvest<\/b><\/h2><ol start=\"1\"><li><p class=\"p1\">\ud83d\udd0d <span class=\"s1\"><b>Selezione dei magazzini<\/b><\/span> &#8211; Trova quello giusto per la tua regione, il tuo carico e il tuo tempo di stoccaggio.<\/p><\/li><li><p class=\"p1\">\ud83d\udcd1 <span class=\"s1\"><b>Redigiamo documenti<\/b><\/span> &#8211; Concludiamo i contratti, forniamo un pacchetto completo di documenti di chiusura.<\/p><\/li><li><p class=\"p1\">\ud83d\ude9b <span class=\"s1\"><b>Organizziamo il trasporto e il posizionamento<\/b><\/span> &#8211; Consegniamo la merce al magazzino e ne assicuriamo il corretto stoccaggio.<\/p><\/li><li><p class=\"p1\">\u2705 <span class=\"s1\"><b>Siamo responsabili<\/b><\/span> &#8211; Il cliente pu\u00f2 essere sicuro della sicurezza della merce.<\/p><\/li><\/ol>\t\t\t\t\t\t\t\t<\/div>\n\t\t\t\t<div class=\"elementor-element elementor-element-4039dd9 elementor-widget elementor-widget-spacer\" data-id=\"4039dd9\" data-element_type=\"widget\" data-e-type=\"widget\" data-widget_type=\"spacer.default\">\n\t\t\t\t\t\t\t<div class=\"elementor-spacer\">\n\t\t\t<div class=\"elementor-spacer-inner\"><\/div>\n\t\t<\/div>\n\t\t\t\t\t\t<\/div>\n\t\t\t\t\t<\/div>\n\t\t\t\t<\/div>\n\t\t<div class=\"elementor-element elementor-element-d0f5acd e-flex e-con-boxed e-con e-parent\" data-id=\"d0f5acd\" data-element_type=\"container\" data-e-type=\"container\">\n\t\t\t\t\t<div class=\"e-con-inner\">\n\t\t\t\t<div class=\"elementor-element elementor-element-890f58e elementor-widget-divider--view-line elementor-widget elementor-widget-divider\" data-id=\"890f58e\" data-element_type=\"widget\" data-e-type=\"widget\" data-widget_type=\"divider.default\">\n\t\t\t\t\t\t\t<div class=\"elementor-divider\">\n\t\t\t<span class=\"elementor-divider-separator\">\n\t\t\t\t\t\t<\/span>\n\t\t<\/div>\n\t\t\t\t\t\t<\/div>\n\t\t\t\t\t<\/div>\n\t\t\t\t<\/div>\n\t\t\t\t<\/div>\n\t\t","protected":false},"excerpt":{"rendered":"<p>Perch\u00e9 hai bisogno della custodia dei beni? Deposito sicuro &#8211; \u00e8 un servizio di magazzini in cui il carico viene immagazzinato sotto sorveglianza e pieno controllo. In questo caso, la societ\u00e0 di custodia (in questo caso, una societ\u00e0 di logistica) si assume la responsabilit\u00e0 della sicurezza. Cosa offre al cliente: \ud83d\udd12 Garanzia di sicurezza: il [&hellip;]<\/p>\n","protected":false},"author":1,"featured_media":0,"parent":0,"menu_order":0,"comment_status":"closed","ping_status":"closed","template":"","meta":{"footnotes":""},"class_list":["post-4183","page","type-page","status-publish","hentry"],"_links":{"self":[{"href":"https:\/\/betainvest.ee\/it\/wp-json\/wp\/v2\/pages\/4183","targetHints":{"allow":["GET"]}}],"collection":[{"href":"https:\/\/betainvest.ee\/it\/wp-json\/wp\/v2\/pages"}],"about":[{"href":"https:\/\/betainvest.ee\/it\/wp-json\/wp\/v2\/types\/page"}],"author":[{"embeddable":true,"href":"https:\/\/betainvest.ee\/it\/wp-json\/wp\/v2\/users\/1"}],"replies":[{"embeddable":true,"href":"https:\/\/betainvest.ee\/it\/wp-json\/wp\/v2\/comments?post=4183"}],"version-history":[{"count":1,"href":"https:\/\/betainvest.ee\/it\/wp-json\/wp\/v2\/pages\/4183\/revisions"}],"predecessor-version":[{"id":4185,"href":"https:\/\/betainvest.ee\/it\/wp-json\/wp\/v2\/pages\/4183\/revisions\/4185"}],"wp:attachment":[{"href":"https:\/\/betainvest.ee\/it\/wp-json\/wp\/v2\/media?parent=4183"}],"curies":[{"name":"wp","href":"https:\/\/api.w.org\/{rel}","templated":true}]}}