{"id":3449,"date":"2025-08-04T06:22:54","date_gmt":"2025-08-04T06:22:54","guid":{"rendered":"https:\/\/betainvest.ee\/rusyadan-turkiyeye-tasimacilik-hizmetleri\/"},"modified":"2025-08-26T13:10:38","modified_gmt":"2025-08-26T13:10:38","slug":"rusyadan-turkiyeye-tasimacilik-hizmetleri","status":"publish","type":"page","link":"https:\/\/betainvest.ee\/tr\/rusyadan-turkiyeye-tasimacilik-hizmetleri\/","title":{"rendered":"Rusya&#8217;dan T\u00fcrkiye&#8217;ye ta\u015f\u0131mac\u0131l\u0131k hizmetleri"},"content":{"rendered":"\t\t<div data-elementor-type=\"wp-page\" data-elementor-id=\"3449\" class=\"elementor elementor-3449 elementor-71\" data-elementor-post-type=\"page\">\n\t\t\t\t<div class=\"elementor-element elementor-element-937a61e e-flex e-con-boxed e-con e-parent\" data-id=\"937a61e\" data-element_type=\"container\" data-e-type=\"container\">\n\t\t\t\t\t<div class=\"e-con-inner\">\n\t\t\t\t<div class=\"elementor-element elementor-element-6ac5eee elementor-widget elementor-widget-image\" data-id=\"6ac5eee\" data-element_type=\"widget\" data-e-type=\"widget\" data-widget_type=\"image.default\">\n\t\t\t\t\t\t\t\t\t\t\t\t\t\t\t<img fetchpriority=\"high\" decoding=\"async\" width=\"300\" height=\"200\" src=\"https:\/\/betainvest.ee\/wp-content\/uploads\/2025\/08\/ChatGPT-Image-25-\u0438\u044e\u043b.-2025-\u0433.-03_07_27-300x200.png\" class=\"attachment-medium size-medium wp-image-3450\" alt=\"\" srcset=\"https:\/\/betainvest.ee\/wp-content\/uploads\/2025\/08\/ChatGPT-Image-25-\u0438\u044e\u043b.-2025-\u0433.-03_07_27-300x200.png 300w, https:\/\/betainvest.ee\/wp-content\/uploads\/2025\/08\/ChatGPT-Image-25-\u0438\u044e\u043b.-2025-\u0433.-03_07_27-1024x683.png 1024w, https:\/\/betainvest.ee\/wp-content\/uploads\/2025\/08\/ChatGPT-Image-25-\u0438\u044e\u043b.-2025-\u0433.-03_07_27-768x512.png 768w, https:\/\/betainvest.ee\/wp-content\/uploads\/2025\/08\/ChatGPT-Image-25-\u0438\u044e\u043b.-2025-\u0433.-03_07_27.png 1536w\" sizes=\"(max-width: 300px) 100vw, 300px\" \/>\t\t\t\t\t\t\t\t\t\t\t\t\t\t\t<\/div>\n\t\t\t\t\t<\/div>\n\t\t\t\t<\/div>\n\t\t<div class=\"elementor-element elementor-element-09496a1 e-flex e-con-boxed e-con e-parent\" data-id=\"09496a1\" data-element_type=\"container\" data-e-type=\"container\">\n\t\t\t\t\t<div class=\"e-con-inner\">\n\t\t\t\t<div class=\"elementor-element elementor-element-70d599d elementor-widget elementor-widget-text-editor\" data-id=\"70d599d\" data-element_type=\"widget\" data-e-type=\"widget\" data-widget_type=\"text-editor.default\">\n\t\t\t\t\t\t\t\t\t<h1><b>\ud83d\ude9b T\u00fcrk kamyonlar\u0131 i\u00e7in geri y\u00fckleme<\/b><\/h1><p class=\"p3\">Bir\u00e7ok T\u00fcrk kamyonu Rusya, Belarus ve transit olarak Kazakistan, Mo\u011folistan ve di\u011fer b\u00f6lgelere ula\u015f\u0131yor. Bo\u015faltma i\u015fleminden sonra b\u00fcy\u00fck bir sorun ortaya \u00e7\u0131k\u0131yor <span class=\"s2\"><b>bo\u015f bir d\u00f6n\u00fc\u015f yolculu\u011fu<\/b><\/span>. Kamyon y\u00fck olmadan geri d\u00f6ner, bu da yak\u0131t maliyetlerinin artmas\u0131 ve k\u00e2r\u0131n d\u00fc\u015fmesi anlam\u0131na gelir.  <\/p><p class=\"p3\">\u015eirket <span class=\"s2\"><b>BetaInvest<\/b><\/span> T\u00fcrk ta\u015f\u0131y\u0131c\u0131lar i\u00e7in d\u00f6n\u00fc\u015f y\u00fckleri organize ediyoruz.<\/p><hr><h2><b>Ne sunuyoruz<\/b><\/h2><ul><li><p class=\"p1\">\ud83d\udce6 <span class=\"s1\"><b>Kargo arama<\/b><\/span> &#8211; T\u00fcrkiye&#8217;ye mal g\u00f6ndermekle ilgilenen Rus \u015firketleri buluyoruz.<\/p><\/li><li><p class=\"p1\">\ud83d\udcdd <span class=\"s1\"><b>Evrak \u0130\u015fleri<\/b><\/span> &#8211; T\u00fcm nakliye ve g\u00fcmr\u00fck belgelerini haz\u0131rl\u0131yoruz.<\/p><\/li><li><p class=\"p1\">\ud83d\ude9a <span class=\"s1\"><b>Nakliye organizasyonu<\/b><\/span> &#8211; Mallar\u0131 y\u00fckl\u00fcyor ve var\u0131\u015f yerlerine g\u00f6nderiyoruz.<\/p><\/li><li><p class=\"p1\">\ud83d\udcb3 <span class=\"s1\"><b>Finansal garantiler<\/b><\/span> &#8211; BetaInvest, g\u00f6nderinin ta\u015f\u0131nmas\u0131 ve teslimat\u0131 i\u00e7in \u00f6deme almak \u00fczere garant\u00f6r olarak hareket eder.<\/p><\/li><\/ul><hr><h2><b>Neden karl\u0131<\/b><\/h2><ul><li><p class=\"p1\">\u274c Bo\u015f u\u00e7u\u015f yok \u2192 daha az yak\u0131t maliyeti.<\/p><\/li><li><p class=\"p1\">\u2705 Ta\u015f\u0131y\u0131c\u0131lar i\u00e7in ek k\u00e2r.<\/p><\/li><li><p class=\"p1\">\ud83d\udd12 Garantili mutabakatlar ve i\u015flem g\u00fcvenli\u011fi.<\/p><\/li><li><p class=\"p1\">\ud83c\udf0d F\u0131rsatlar\u0131n geni\u015fletilmesi &#8211; sadece Rusya ile de\u011fil, di\u011fer transit b\u00f6lgelerle de \u00e7al\u0131\u015fmak.<\/p><\/li><\/ul><hr><h2><b>Bu hizmet kimler i\u00e7indir<\/b><\/h2><ul><li><p class=\"p1\">T\u00fcrk ta\u015f\u0131y\u0131c\u0131lar d\u00f6n\u00fc\u015f u\u00e7u\u015flar\u0131n\u0131 y\u00fcklemeyi d\u00fc\u015f\u00fcn\u00fcyor.<\/p><\/li><li><p class=\"p1\">T\u00fcrkiye&#8217;ye ihracat i\u00e7in g\u00fcvenilir ta\u015f\u0131mac\u0131l\u0131\u011fa ihtiya\u00e7 duyan Rus \u015firketleri.<\/p><\/li><li><p class=\"p1\">Kazakistan, Mo\u011folistan ve transit ta\u015f\u0131mac\u0131l\u0131kla ilgilenen di\u011fer \u00fclkelerden ortaklar.<\/p><\/li><\/ul><hr><h2><b>\ud83e\udd1d Sonu\u00e7<\/b><\/h2><p class=\"p3\">ile i\u015fbirli\u011fi yaparak <span class=\"s2\"><b>BetaInvest<\/b><\/span>Bo\u015f u\u00e7u\u015flardan kurtulur ve d\u00f6n\u00fc\u015f g\u00f6nderilerini organize etmede g\u00fcvenilir bir ortak edinirsiniz. Kargo arama, evrak i\u015fleri ve \u00f6deme garantileriyle biz ilgileniyoruz. <\/p><p class=\"p3\">\ud83d\udc49 Ara\u00e7lar\u0131n\u0131z\u0131 geriye do\u011fru y\u00fcklemek ve kar\u0131n\u0131z\u0131 art\u0131rmak istiyorsan\u0131z &#8211; bug\u00fcn BetaInvest ile ileti\u015fime ge\u00e7in!<\/p>\t\t\t\t\t\t\t\t<\/div>\n\t\t\t\t\t<\/div>\n\t\t\t\t<\/div>\n\t\t<div class=\"elementor-element elementor-element-1555689 e-flex e-con-boxed e-con e-parent\" data-id=\"1555689\" data-element_type=\"container\" data-e-type=\"container\">\n\t\t\t\t\t<div class=\"e-con-inner\">\n\t\t\t\t\t<\/div>\n\t\t\t\t<\/div>\n\t\t<div class=\"elementor-element elementor-element-28ed106 e-flex e-con-boxed e-con e-parent\" data-id=\"28ed106\" data-element_type=\"container\" data-e-type=\"container\">\n\t\t\t\t\t<div class=\"e-con-inner\">\n\t\t\t\t<div class=\"elementor-element elementor-element-7e337a6 elementor-align-center elementor-widget elementor-widget-button\" data-id=\"7e337a6\" data-element_type=\"widget\" data-e-type=\"widget\" data-widget_type=\"button.default\">\n\t\t\t\t\t\t\t\t\t\t<a class=\"elementor-button elementor-button-link elementor-size-sm\" href=\"#\">\n\t\t\t\t\t\t<span class=\"elementor-button-content-wrapper\">\n\t\t\t\t\t\t\t\t\t<span class=\"elementor-button-text\">Buraya t\u0131klay\u0131n<\/span>\n\t\t\t\t\t<\/span>\n\t\t\t\t\t<\/a>\n\t\t\t\t\t\t\t\t<\/div>\n\t\t\t\t<div class=\"elementor-element elementor-element-24c46d6 elementor-widget elementor-widget-spacer\" data-id=\"24c46d6\" data-element_type=\"widget\" data-e-type=\"widget\" data-widget_type=\"spacer.default\">\n\t\t\t\t\t\t\t<div class=\"elementor-spacer\">\n\t\t\t<div class=\"elementor-spacer-inner\"><\/div>\n\t\t<\/div>\n\t\t\t\t\t\t<\/div>\n\t\t\t\t<div class=\"elementor-element elementor-element-4988cb3 elementor-widget-divider--view-line elementor-widget elementor-widget-divider\" data-id=\"4988cb3\" data-element_type=\"widget\" data-e-type=\"widget\" data-widget_type=\"divider.default\">\n\t\t\t\t\t\t\t<div class=\"elementor-divider\">\n\t\t\t<span class=\"elementor-divider-separator\">\n\t\t\t\t\t\t<\/span>\n\t\t<\/div>\n\t\t\t\t\t\t<\/div>\n\t\t\t\t\t<\/div>\n\t\t\t\t<\/div>\n\t\t\t\t<\/div>\n\t\t","protected":false},"excerpt":{"rendered":"<p>\ud83d\ude9b T\u00fcrk kamyonlar\u0131 i\u00e7in geri y\u00fckleme Bir\u00e7ok T\u00fcrk kamyonu Rusya, Belarus ve transit olarak Kazakistan, Mo\u011folistan ve di\u011fer b\u00f6lgelere ula\u015f\u0131yor. Bo\u015faltma i\u015fleminden sonra b\u00fcy\u00fck bir sorun ortaya \u00e7\u0131k\u0131yor bo\u015f bir d\u00f6n\u00fc\u015f yolculu\u011fu. Kamyon y\u00fck olmadan geri d\u00f6ner, bu da yak\u0131t maliyetlerinin artmas\u0131 ve k\u00e2r\u0131n d\u00fc\u015fmesi anlam\u0131na gelir. \u015eirket BetaInvest T\u00fcrk ta\u015f\u0131y\u0131c\u0131lar i\u00e7in d\u00f6n\u00fc\u015f y\u00fckleri organize [&hellip;]<\/p>\n","protected":false},"author":1,"featured_media":0,"parent":0,"menu_order":0,"comment_status":"closed","ping_status":"closed","template":"","meta":{"footnotes":""},"class_list":["post-3449","page","type-page","status-publish","hentry"],"_links":{"self":[{"href":"https:\/\/betainvest.ee\/tr\/wp-json\/wp\/v2\/pages\/3449","targetHints":{"allow":["GET"]}}],"collection":[{"href":"https:\/\/betainvest.ee\/tr\/wp-json\/wp\/v2\/pages"}],"about":[{"href":"https:\/\/betainvest.ee\/tr\/wp-json\/wp\/v2\/types\/page"}],"author":[{"embeddable":true,"href":"https:\/\/betainvest.ee\/tr\/wp-json\/wp\/v2\/users\/1"}],"replies":[{"embeddable":true,"href":"https:\/\/betainvest.ee\/tr\/wp-json\/wp\/v2\/comments?post=3449"}],"version-history":[{"count":1,"href":"https:\/\/betainvest.ee\/tr\/wp-json\/wp\/v2\/pages\/3449\/revisions"}],"predecessor-version":[{"id":3451,"href":"https:\/\/betainvest.ee\/tr\/wp-json\/wp\/v2\/pages\/3449\/revisions\/3451"}],"wp:attachment":[{"href":"https:\/\/betainvest.ee\/tr\/wp-json\/wp\/v2\/media?parent=3449"}],"curies":[{"name":"wp","href":"https:\/\/api.w.org\/{rel}","templated":true}]}}