{"id":3489,"date":"2025-08-04T06:22:54","date_gmt":"2025-08-04T06:22:54","guid":{"rendered":"https:\/\/betainvest.ee\/rusya-belarus-ve-azerbaycanda-yakit-ikmali-icin-yakit-kartlari\/"},"modified":"2026-03-16T12:59:34","modified_gmt":"2026-03-16T12:59:34","slug":"rusya-belarus-ve-azerbaycanda-yakit-ikmali-icin-yakit-kartlari","status":"publish","type":"page","link":"https:\/\/betainvest.ee\/tr\/rusya-belarus-ve-azerbaycanda-yakit-ikmali-icin-yakit-kartlari\/","title":{"rendered":"Rusya, Belarus ve Azerbaycan&#8217;da yak\u0131t ikmali i\u00e7in yak\u0131t kartlar\u0131"},"content":{"rendered":"\t\t<div data-elementor-type=\"wp-page\" data-elementor-id=\"3489\" class=\"elementor elementor-3489 elementor-76\" data-elementor-post-type=\"page\">\n\t\t\t\t<div class=\"elementor-element elementor-element-1f4b5ad e-flex e-con-boxed e-con e-parent\" data-id=\"1f4b5ad\" data-element_type=\"container\" data-e-type=\"container\">\n\t\t\t\t\t<div class=\"e-con-inner\">\n\t\t\t\t<div class=\"elementor-element elementor-element-a9237c1 elementor-widget elementor-widget-spacer\" data-id=\"a9237c1\" data-element_type=\"widget\" data-e-type=\"widget\" data-widget_type=\"spacer.default\">\n\t\t\t\t\t\t\t<div class=\"elementor-spacer\">\n\t\t\t<div class=\"elementor-spacer-inner\"><\/div>\n\t\t<\/div>\n\t\t\t\t\t\t<\/div>\n\t\t\t\t<div class=\"elementor-element elementor-element-ec84fb6 elementor-widget elementor-widget-heading\" data-id=\"ec84fb6\" data-element_type=\"widget\" data-e-type=\"widget\" data-widget_type=\"heading.default\">\n\t\t\t\t\t<h2 class=\"elementor-heading-title elementor-size-default\">LUKOIL\/TEBOIL yak\u0131t kartlar\u0131 - benzin istasyonlar\u0131nda \u00f6demeden daha fazlas\u0131<\/h2>\t\t\t\t<\/div>\n\t\t\t\t<div class=\"elementor-element elementor-element-915a0d2 elementor-widget elementor-widget-image\" data-id=\"915a0d2\" data-element_type=\"widget\" data-e-type=\"widget\" data-widget_type=\"image.default\">\n\t\t\t\t\t\t\t\t\t\t\t\t\t\t\t<img fetchpriority=\"high\" decoding=\"async\" width=\"700\" height=\"307\" src=\"https:\/\/betainvest.ee\/wp-content\/uploads\/2025\/08\/18297.jpg\" class=\"attachment-medium_large size-medium_large wp-image-726\" alt=\"\" srcset=\"https:\/\/betainvest.ee\/wp-content\/uploads\/2025\/08\/18297.jpg 700w, https:\/\/betainvest.ee\/wp-content\/uploads\/2025\/08\/18297-300x132.jpg 300w\" sizes=\"(max-width: 700px) 100vw, 700px\" \/>\t\t\t\t\t\t\t\t\t\t\t\t\t\t\t<\/div>\n\t\t\t\t<div class=\"elementor-element elementor-element-fbd54c8 elementor-widget elementor-widget-text-editor\" data-id=\"fbd54c8\" data-element_type=\"widget\" data-e-type=\"widget\" data-widget_type=\"text-editor.default\">\n\t\t\t\t\t\t\t\t\t<p>Yak\u0131t kartlar\u0131m\u0131z sadece nakitsiz yak\u0131t \u00f6deme arac\u0131 de\u011fildir.<br data-start=\"471\" data-end=\"474\">Ta\u015f\u0131mac\u0131l\u0131k i\u015finizi kontrol etmek, optimize etmek ve geli\u015ftirmek i\u00e7in <strong data-start=\"478\" data-end=\"512\">\u00e7ok i\u015flevli<\/strong> bir ara\u00e7t\u0131r. <strong data-start=\"592\" data-end=\"611\">Maliyetleri azaltmaya<\/strong>, <strong data-start=\"613\" data-end=\"636\">lojisti\u011fi basitle\u015ftirmeye<\/strong> ve her a\u015famada <strong data-start=\"639\" data-end=\"673\">\u015feffafl\u0131\u011f\u0131 art\u0131rmaya<\/strong> yard\u0131mc\u0131 olur. <\/p><p data-start=\"322\" data-end=\"396\"><strong data-start=\"322\" data-end=\"396\">Verimli filo y\u00f6netimi do\u011fru ara\u00e7la ba\u015flar<\/strong><br>Temel avantajlardan yararlanabilirsiniz:<br>Merkezi maliyet kontrol\u00fc<br>T\u00fcm i\u015flemler ve hizmetler tek bir faturada g\u00f6sterilir &#8211; analiz ve raporlama i\u00e7in uygundur.<br>Esnek limit ayar\u0131<br>Tutara, i\u015flem t\u00fcr\u00fcne ve kart ba\u015f\u0131na ayr\u0131 ayr\u0131 limitler belirleyebilirsiniz.<br>\u0130\u015fletmenize uygun g\u00fczergahlar<br>\u0130\u015fletmenizin b\u00fcy\u00fckl\u00fc\u011f\u00fcnden ba\u011f\u0131ms\u0131z olarak co\u011frafi g\u00fczergah\u0131n\u0131z boyunca do\u011fru benzin istasyonlar\u0131n\u0131 ve hizmetleri birbirine ba\u011fl\u0131yoruz.<br>Elektronik belge y\u00f6netimi<br>S\u00fcre\u00e7leri otomatikle\u015ftirmek &#8211; ka\u011f\u0131t makbuz ve raporlardan ka\u00e7\u0131nmak, zaman ve kaynak tasarrufu sa\u011flamak.<br>T\u00fcm\u00fc i\u00e7in sadakat sistemi<br>Ki\u015fiye \u00f6zel indirimler ve ko\u015fullar &#8211; hem tek arac\u0131 olan \u015fah\u0131s \u015firketleri hem de geni\u015f bir filoya sahip b\u00fcy\u00fck \u015firketler i\u00e7in.<br>Geni\u015f co\u011frafya<br>Kartlar\u0131 Rusya, Belarus ve Azerbaycan&#8217;da 3000&#8217;den fazla LUKOIL ve Teboil benzin istasyonunda kabul edilmektedir.<\/p><p data-start=\"322\" data-end=\"396\">Bireyselle\u015ftirilmi\u015f s\u0131n\u0131rlar belirleyin:<\/p><ul data-start=\"1011\" data-end=\"1128\"><li data-start=\"1011\" data-end=\"1023\"><p data-start=\"1013\" data-end=\"1023\">miktar olarak<\/p><\/li><li data-start=\"1024\" data-end=\"1068\"><p data-start=\"1026\" data-end=\"1068\">i\u015fletme t\u00fcr\u00fcne g\u00f6re (yak\u0131t, hizmet, g\u0131da)<\/p><\/li><li data-start=\"1069\" data-end=\"1097\"><p data-start=\"1071\" data-end=\"1097\">haftan\u0131n g\u00fcn\u00fcne ve saate g\u00f6re<\/p><\/li><li data-start=\"1098\" data-end=\"1128\"><p data-start=\"1100\" data-end=\"1128\">kart veya s\u00fcr\u00fcc\u00fc ba\u015f\u0131na<\/p><\/li><li data-start=\"1098\" data-end=\"1128\"><p data-start=\"1100\" data-end=\"1128\">Elektronik belge y\u00f6netimi<\/p><\/li><\/ul><p data-start=\"1356\" data-end=\"1476\">\u00c7ekler, raporlar, tapular &#8211; her \u015fey dijital.<br data-start=\"1397\" data-end=\"1400\">Daha h\u0131zl\u0131, daha \u015feffaf, daha g\u00fcvenilir.<br data-start=\"1430\" data-end=\"1433\"><strong data-start=\"1433\" data-end=\"1476\">Muhasebe sisteminize tam entegrasyon.<\/strong><\/p>\t\t\t\t\t\t\t\t<\/div>\n\t\t\t\t\t<\/div>\n\t\t\t\t<\/div>\n\t\t<div class=\"elementor-element elementor-element-1fa890a e-flex e-con-boxed e-con e-parent\" data-id=\"1fa890a\" data-element_type=\"container\" data-e-type=\"container\">\n\t\t\t\t\t<div class=\"e-con-inner\">\n\t\t\t\t<div class=\"elementor-element elementor-element-74b9f65 elementor-widget elementor-widget-image\" data-id=\"74b9f65\" data-element_type=\"widget\" data-e-type=\"widget\" data-widget_type=\"image.default\">\n\t\t\t\t\t\t\t\t\t\t\t\t\t\t\t<img decoding=\"async\" width=\"300\" height=\"196\" src=\"https:\/\/betainvest.ee\/wp-content\/uploads\/2025\/08\/\u0421\u043d\u0438\u043c\u043e\u043a-\u044d\u043a\u0440\u0430\u043d\u0430-2024-08-28-\u0432-17.51-300x196.jpg\" class=\"attachment-medium size-medium wp-image-766\" alt=\"\" srcset=\"https:\/\/betainvest.ee\/wp-content\/uploads\/2025\/08\/\u0421\u043d\u0438\u043c\u043e\u043a-\u044d\u043a\u0440\u0430\u043d\u0430-2024-08-28-\u0432-17.51-300x196.jpg 300w, https:\/\/betainvest.ee\/wp-content\/uploads\/2025\/08\/\u0421\u043d\u0438\u043c\u043e\u043a-\u044d\u043a\u0440\u0430\u043d\u0430-2024-08-28-\u0432-17.51-1024x668.jpg 1024w, https:\/\/betainvest.ee\/wp-content\/uploads\/2025\/08\/\u0421\u043d\u0438\u043c\u043e\u043a-\u044d\u043a\u0440\u0430\u043d\u0430-2024-08-28-\u0432-17.51-768x501.jpg 768w, https:\/\/betainvest.ee\/wp-content\/uploads\/2025\/08\/\u0421\u043d\u0438\u043c\u043e\u043a-\u044d\u043a\u0440\u0430\u043d\u0430-2024-08-28-\u0432-17.51-1536x1002.jpg 1536w, https:\/\/betainvest.ee\/wp-content\/uploads\/2025\/08\/\u0421\u043d\u0438\u043c\u043e\u043a-\u044d\u043a\u0440\u0430\u043d\u0430-2024-08-28-\u0432-17.51-2048x1336.jpg 2048w\" sizes=\"(max-width: 300px) 100vw, 300px\" \/>\t\t\t\t\t\t\t\t\t\t\t\t\t\t\t<\/div>\n\t\t\t\t<div class=\"elementor-element elementor-element-548f3ff elementor-widget elementor-widget-spacer\" data-id=\"548f3ff\" data-element_type=\"widget\" data-e-type=\"widget\" data-widget_type=\"spacer.default\">\n\t\t\t\t\t\t\t<div class=\"elementor-spacer\">\n\t\t\t<div class=\"elementor-spacer-inner\"><\/div>\n\t\t<\/div>\n\t\t\t\t\t\t<\/div>\n\t\t\t\t\t<\/div>\n\t\t\t\t<\/div>\n\t\t<div class=\"elementor-element elementor-element-628311d e-flex e-con-boxed e-con e-parent\" data-id=\"628311d\" data-element_type=\"container\" data-e-type=\"container\">\n\t\t\t\t\t<div class=\"e-con-inner\">\n\t\t\t\t<div class=\"elementor-element elementor-element-ed293c6 elementor-widget elementor-widget-heading\" data-id=\"ed293c6\" data-element_type=\"widget\" data-e-type=\"widget\" data-widget_type=\"heading.default\">\n\t\t\t\t\t<h2 class=\"elementor-heading-title elementor-size-default\">MYALPARI'DE \u015eUNLARI YAPABILIRSINIZ<\/h2>\t\t\t\t<\/div>\n\t\t\t\t\t<\/div>\n\t\t\t\t<\/div>\n\t\t<div class=\"elementor-element elementor-element-2a24316 e-flex e-con-boxed e-con e-parent\" data-id=\"2a24316\" data-element_type=\"container\" data-e-type=\"container\">\n\t\t\t\t\t<div class=\"e-con-inner\">\n\t\t<div class=\"elementor-element elementor-element-722208e e-con-full e-flex e-con e-child\" data-id=\"722208e\" data-element_type=\"container\" data-e-type=\"container\">\n\t\t\t\t<div class=\"elementor-element elementor-element-0e2640f elementor-widget elementor-widget-image\" data-id=\"0e2640f\" data-element_type=\"widget\" data-e-type=\"widget\" data-widget_type=\"image.default\">\n\t\t\t\t\t\t\t\t\t\t\t\t\t\t\t<img decoding=\"async\" width=\"700\" height=\"307\" src=\"https:\/\/betainvest.ee\/wp-content\/uploads\/2025\/08\/14933.jpg\" class=\"attachment-medium_large size-medium_large wp-image-735\" alt=\"\" srcset=\"https:\/\/betainvest.ee\/wp-content\/uploads\/2025\/08\/14933.jpg 700w, https:\/\/betainvest.ee\/wp-content\/uploads\/2025\/08\/14933-300x132.jpg 300w\" sizes=\"(max-width: 700px) 100vw, 700px\" \/>\t\t\t\t\t\t\t\t\t\t\t\t\t\t\t<\/div>\n\t\t\t\t<\/div>\n\t\t\t\t<div class=\"elementor-element elementor-element-93de962 elementor-widget elementor-widget-text-editor\" data-id=\"93de962\" data-element_type=\"widget\" data-e-type=\"widget\" data-widget_type=\"text-editor.default\">\n\t\t\t\t\t\t\t\t\t<h5 data-start=\"926\" data-end=\"967\">S\u0131n\u0131rlar\u0131n ve haklar\u0131n esnek bir \u015fekilde belirlenmesi. Kendiniz i\u00e7in istedi\u011finiz se\u00e7enekleri ba\u011flay\u0131n ve kontrol edin.<\/h5><ul><li>s\u00f6zle\u015fmeyi ve kartlar\u0131 y\u00f6netmek;<\/li><li>Mevcut s\u00f6zle\u015fme bakiyesini g\u00f6rmek ve en uygun \u00f6deme planlar\u0131n\u0131 olu\u015fturmak i\u00e7in;<\/li><li>i\u015flemleri \u00e7evrimi\u00e7i g\u00f6r\u00fcnt\u00fcleyin;<\/li><li>yak\u0131t ikmalini ara\u00e7 baz\u0131nda izlemek;<\/li><li>s\u0131n\u0131rlar\u0131 ve rotalar\u0131 y\u00f6netin;<\/li><li>Birincil muhasebe belgelerini al\u0131n;<\/li><li>analitik raporlar olu\u015fturun.<\/li><\/ul>\t\t\t\t\t\t\t\t<\/div>\n\t\t\t\t\t<\/div>\n\t\t\t\t<\/div>\n\t\t<div class=\"elementor-element elementor-element-1dba592 e-flex e-con-boxed e-con e-parent\" data-id=\"1dba592\" data-element_type=\"container\" data-e-type=\"container\">\n\t\t\t\t\t<div class=\"e-con-inner\">\n\t\t\t\t<div class=\"elementor-element elementor-element-90fc2d2 elementor-widget elementor-widget-spacer\" data-id=\"90fc2d2\" data-element_type=\"widget\" data-e-type=\"widget\" data-widget_type=\"spacer.default\">\n\t\t\t\t\t\t\t<div class=\"elementor-spacer\">\n\t\t\t<div class=\"elementor-spacer-inner\"><\/div>\n\t\t<\/div>\n\t\t\t\t\t\t<\/div>\n\t\t\t\t\t<\/div>\n\t\t\t\t<\/div>\n\t\t<div class=\"elementor-element elementor-element-01807d9 e-flex e-con-boxed e-con e-parent\" data-id=\"01807d9\" data-element_type=\"container\" data-e-type=\"container\">\n\t\t\t\t\t<div class=\"e-con-inner\">\n\t\t<div class=\"elementor-element elementor-element-0e3bab8 e-con-full e-flex e-con e-child\" data-id=\"0e3bab8\" data-element_type=\"container\" data-e-type=\"container\">\n\t\t\t\t<div class=\"elementor-element elementor-element-7b4264d elementor-widget elementor-widget-text-editor\" data-id=\"7b4264d\" data-element_type=\"widget\" data-e-type=\"widget\" data-widget_type=\"text-editor.default\">\n\t\t\t\t\t\t\t\t\t<p>T\u00fcm i\u015flemler &#8211; yak\u0131t, servis, otoparklar, oteller &#8211; <strong data-start=\"843\" data-end=\"860\">tek bir hesapta<\/strong>.  <\/p><p>Ki\u015fiye \u00f6zel indirimler ve \u015fartlar &#8211; hem 1 ara\u00e7l\u0131 k\u00fc\u00e7\u00fck i\u015fletmeler hem de b\u00fcy\u00fck filolar i\u00e7in.<\/p>\t\t\t\t\t\t\t\t<\/div>\n\t\t\t\t<\/div>\n\t\t<div class=\"elementor-element elementor-element-e86e7b2 e-con-full e-flex e-con e-child\" data-id=\"e86e7b2\" data-element_type=\"container\" data-e-type=\"container\">\n\t\t\t\t<div class=\"elementor-element elementor-element-007623f elementor-widget elementor-widget-text-editor\" data-id=\"007623f\" data-element_type=\"widget\" data-e-type=\"widget\" data-widget_type=\"text-editor.default\">\n\t\t\t\t\t\t\t\t\t<p><strong data-start=\"2199\" data-end=\"2255\">G\u00fcvenilir kontrol. Kullan\u0131\u015fl\u0131 servis. Elveri\u015fli ko\u015fullar.  <\/strong><\/p><p>Bizimle ileti\u015fime ge\u00e7in ve \u015firketinizi sonu\u00e7lar i\u00e7in \u00e7al\u0131\u015fan bir sisteme ba\u011flayal\u0131m.<\/p>\t\t\t\t\t\t\t\t<\/div>\n\t\t\t\t<\/div>\n\t\t\t\t<div class=\"elementor-element elementor-element-04125b4 elementor-widget elementor-widget-image\" data-id=\"04125b4\" data-element_type=\"widget\" data-e-type=\"widget\" data-widget_type=\"image.default\">\n\t\t\t\t\t\t\t\t\t\t\t\t\t\t\t<img loading=\"lazy\" decoding=\"async\" width=\"300\" height=\"132\" src=\"https:\/\/betainvest.ee\/wp-content\/uploads\/2025\/08\/28988-300x132.png\" class=\"attachment-medium size-medium wp-image-717\" alt=\"\" srcset=\"https:\/\/betainvest.ee\/wp-content\/uploads\/2025\/08\/28988-300x132.png 300w, https:\/\/betainvest.ee\/wp-content\/uploads\/2025\/08\/28988-768x337.png 768w, https:\/\/betainvest.ee\/wp-content\/uploads\/2025\/08\/28988.png 980w\" sizes=\"(max-width: 300px) 100vw, 300px\" \/>\t\t\t\t\t\t\t\t\t\t\t\t\t\t\t<\/div>\n\t\t\t\t\t<\/div>\n\t\t\t\t<\/div>\n\t\t<div class=\"elementor-element elementor-element-8730930 e-flex e-con-boxed e-con e-parent\" data-id=\"8730930\" data-element_type=\"container\" data-e-type=\"container\">\n\t\t\t\t\t<div class=\"e-con-inner\">\n\t\t\t\t<div class=\"elementor-element elementor-element-4d61d3e elementor-widget elementor-widget-spacer\" data-id=\"4d61d3e\" data-element_type=\"widget\" data-e-type=\"widget\" data-widget_type=\"spacer.default\">\n\t\t\t\t\t\t\t<div class=\"elementor-spacer\">\n\t\t\t<div class=\"elementor-spacer-inner\"><\/div>\n\t\t<\/div>\n\t\t\t\t\t\t<\/div>\n\t\t\t\t\t<\/div>\n\t\t\t\t<\/div>\n\t\t<div class=\"elementor-element elementor-element-7b640f6 e-flex e-con-boxed e-con e-parent\" data-id=\"7b640f6\" data-element_type=\"container\" data-e-type=\"container\">\n\t\t\t\t\t<div class=\"e-con-inner\">\n\t\t\t\t<div class=\"elementor-element elementor-element-84cbbb5 elementor-widget elementor-widget-heading\" data-id=\"84cbbb5\" data-element_type=\"widget\" data-e-type=\"widget\" data-widget_type=\"heading.default\">\n\t\t\t\t\t<h2 class=\"elementor-heading-title elementor-size-default\">S\u00fcr\u00fcc\u00fcler i\u00e7in yol boyunca sunulan hizmetler<\/h2>\t\t\t\t<\/div>\n\t\t\t\t\t<\/div>\n\t\t\t\t<\/div>\n\t\t<div class=\"elementor-element elementor-element-afd82dd e-flex e-con-boxed e-con e-parent\" data-id=\"afd82dd\" data-element_type=\"container\" data-e-type=\"container\">\n\t\t\t\t\t<div class=\"e-con-inner\">\n\t\t\t\t<div class=\"elementor-element elementor-element-cc0ad09 elementor-widget elementor-widget-text-editor\" data-id=\"cc0ad09\" data-element_type=\"widget\" data-e-type=\"widget\" data-widget_type=\"text-editor.default\">\n\t\t\t\t\t\t\t\t\t<h4>\u00a0 \u00a0 \u00a0Yolda ihtiya\u00e7 duyulan yak\u0131t, yol ve servis hizmetleri, a\u011f\u0131r vas\u0131ta ta\u015f\u0131mac\u0131l\u0131\u011f\u0131 i\u00e7in gerekli her \u015fey tek kartta<\/h4><p class=\"p3\">Ta\u015f\u0131mac\u0131l\u0131k \u015firketlerine, <strong><span class=\"s1\">LUKOIL<\/span><\/strong> ve <strong><span class=\"s1\">TEBOIL<\/span><\/strong> akaryak\u0131t istasyonlar\u0131 a\u011f\u0131 \u00fczerinden geni\u015f bir hizmet a\u011f\u0131na kolay eri\u015fim sunuyoruz. Yak\u0131t kartlar\u0131m\u0131z sayesinde ara\u00e7 filonuz yaln\u0131zca kaliteli yak\u0131t de\u011fil, ayn\u0131 zamanda yol boyunca kapsaml\u0131 hizmetlerden de <span class=\"s1\">tek bir nakitsiz \u00f6deme sistemi<\/span> \u00fczerinden yararlan\u0131r.<\/p><h4 style=\"text-align: center;\">Kartlar\u0131m\u0131zla sunulan servis hizmetleri:<\/h4><ol><li class=\"p1\"><span class=\"s3\">\u2705 <\/span>A\u011f\u0131r vas\u0131talar i\u00e7in lastik servisi<\/li><li class=\"p3\">Yol \u00fczerindeki uzman servis noktalar\u0131nda balans, onar\u0131m ve mevsimlik lastik de\u011fi\u015fimi.<\/li><li class=\"p1\"><span class=\"s3\">\u2705 <\/span>Ya\u011f ve teknik s\u0131v\u0131 de\u011fi\u015fimi<\/li><li class=\"p3\">Sertifikal\u0131 servis noktalar\u0131nda h\u0131zl\u0131 ve kaliteli bak\u0131m hizmeti.<\/li><li class=\"p1\"><span class=\"s3\">\u2705 <\/span>K\u00fc\u00e7\u00fck \u00e7apl\u0131 teknik onar\u0131m<\/li><li class=\"p3\">Fren balatalar\u0131n\u0131n kontrol\u00fc ve de\u011fi\u015fimi, s\u00fcspansiyon kontrol\u00fc, ampul ve filtre de\u011fi\u015fimi gibi g\u00fcvenli bir sefer i\u00e7in gerekli t\u00fcm i\u015flemler.<\/li><li class=\"p1\"><span class=\"s3\">\u2705 <\/span>A\u011f\u0131r vas\u0131ta y\u0131kama hizmeti<\/li><li class=\"p3\">\u00c7ekiciler, t\u0131rlar, tankerler ve r\u00f6morklar i\u00e7in \u00f6zel y\u0131kama tesisleri.<\/li><li class=\"p1\"><span class=\"s3\">\u2705 <\/span>S\u00fcr\u00fcc\u00fcler i\u00e7in konforlu dinlenme alanlar\u0131<\/li><li class=\"p3\">T\u0131rlar i\u00e7in \u00f6zel park alanlar\u0131, du\u015flar, dinlenme odalar\u0131, kafeler, mini marketler ve oteller.<\/li><li class=\"p1\"><span class=\"s3\">\u2705 <\/span>7\/24 destek<\/li><li class=\"p3\">S\u00fcr\u00fcc\u00fcler her zaman yard\u0131m alabilir, en yak\u0131n servis noktas\u0131n\u0131 \u00f6\u011frenebilir veya g\u00fczerg\u00e2h hakk\u0131nda dan\u0131\u015fmanl\u0131k alabilir.<\/li><\/ol><h4 style=\"text-align: center;\">G\u00fcvenilirlik ve kolayl\u0131k<\/h4><ul><li class=\"p3\">T\u00fcm \u00f6demeler \u015firketinize ait kurumsal kart \u00fczerinden yap\u0131l\u0131r. Nakit kullanmadan, giderlerinizi net \u015fekilde kontrol edebilirsiniz.<\/li><li class=\"p3\">LUKOIL ve TEBOIL partner istasyonlar\u0131n\u0131n t\u00fcm a\u011f\u0131 boyunca <span class=\"s1\">tek sadakat program\u0131<\/span> deste\u011fi sunulur.<\/li><li class=\"p3\">T\u00fcm hizmetlere eri\u015fim, ara\u00e7 filolar\u0131n\u0131n ihtiya\u00e7lar\u0131 ve operasyonel \u00f6zellikleri dikkate al\u0131narak <span class=\"s1\">ticari ve y\u00fck ta\u015f\u0131mac\u0131l\u0131\u011f\u0131 yapan ara\u00e7lar<\/span> i\u00e7in sa\u011flanmaktad\u0131r.<\/li><\/ul>\t\t\t\t\t\t\t\t<\/div>\n\t\t\t\t\t<\/div>\n\t\t\t\t<\/div>\n\t\t<div class=\"elementor-element elementor-element-bf7ba91 e-flex e-con-boxed e-con e-parent\" data-id=\"bf7ba91\" data-element_type=\"container\" data-e-type=\"container\">\n\t\t\t\t\t<div class=\"e-con-inner\">\n\t\t\t\t<div class=\"elementor-element elementor-element-97019be elementor-button-info elementor-align-center elementor-invisible elementor-widget elementor-widget-button\" data-id=\"97019be\" data-element_type=\"widget\" data-e-type=\"widget\" data-settings=\"{&quot;_animation&quot;:&quot;fadeInDown&quot;}\" data-widget_type=\"button.default\">\n\t\t\t\t\t\t\t\t\t\t<a class=\"elementor-button elementor-button-link elementor-size-sm\" href=\"https:\/\/betainvest.ee\/ru\/\u043a\u043e\u043d\u0442\u0430\u043a\u0442\u044b\/\">\n\t\t\t\t\t\t<span class=\"elementor-button-content-wrapper\">\n\t\t\t\t\t\t\t\t\t<span class=\"elementor-button-text\">Hemen Ba\u015fvurun<\/span>\n\t\t\t\t\t<\/span>\n\t\t\t\t\t<\/a>\n\t\t\t\t\t\t\t\t<\/div>\n\t\t\t\t\t<\/div>\n\t\t\t\t<\/div>\n\t\t<div class=\"elementor-element elementor-element-cd5b1b9 e-flex e-con-boxed e-con e-parent\" data-id=\"cd5b1b9\" data-element_type=\"container\" data-e-type=\"container\">\n\t\t\t\t\t<div class=\"e-con-inner\">\n\t\t\t\t<div class=\"elementor-element elementor-element-6cee766 elementor-widget elementor-widget-image\" data-id=\"6cee766\" data-element_type=\"widget\" data-e-type=\"widget\" data-widget_type=\"image.default\">\n\t\t\t\t\t\t\t\t\t\t\t\t\t\t\t<img loading=\"lazy\" decoding=\"async\" width=\"768\" height=\"512\" src=\"https:\/\/betainvest.ee\/wp-content\/uploads\/2025\/08\/\u0422\u0435\u0445\u043d\u043e\u043b\u043e\u0433\u0438\u0438\u0411\u043b\u043e\u0433-2-768x512.png\" class=\"attachment-medium_large size-medium_large wp-image-6073\" alt=\"\" srcset=\"https:\/\/betainvest.ee\/wp-content\/uploads\/2025\/08\/\u0422\u0435\u0445\u043d\u043e\u043b\u043e\u0433\u0438\u0438\u0411\u043b\u043e\u0433-2-768x512.png 768w, https:\/\/betainvest.ee\/wp-content\/uploads\/2025\/08\/\u0422\u0435\u0445\u043d\u043e\u043b\u043e\u0433\u0438\u0438\u0411\u043b\u043e\u0433-2-300x200.png 300w, https:\/\/betainvest.ee\/wp-content\/uploads\/2025\/08\/\u0422\u0435\u0445\u043d\u043e\u043b\u043e\u0433\u0438\u0438\u0411\u043b\u043e\u0433-2-1024x683.png 1024w, https:\/\/betainvest.ee\/wp-content\/uploads\/2025\/08\/\u0422\u0435\u0445\u043d\u043e\u043b\u043e\u0433\u0438\u0438\u0411\u043b\u043e\u0433-2.png 1536w\" sizes=\"(max-width: 768px) 100vw, 768px\" \/>\t\t\t\t\t\t\t\t\t\t\t\t\t\t\t<\/div>\n\t\t\t\t\t<\/div>\n\t\t\t\t<\/div>\n\t\t<div class=\"elementor-element elementor-element-9f05424 e-flex e-con-boxed e-con e-parent\" data-id=\"9f05424\" data-element_type=\"container\" data-e-type=\"container\">\n\t\t\t\t\t<div class=\"e-con-inner\">\n\t\t\t\t<div class=\"elementor-element elementor-element-7e9d753 elementor-widget elementor-widget-spacer\" data-id=\"7e9d753\" data-element_type=\"widget\" data-e-type=\"widget\" data-widget_type=\"spacer.default\">\n\t\t\t\t\t\t\t<div class=\"elementor-spacer\">\n\t\t\t<div class=\"elementor-spacer-inner\"><\/div>\n\t\t<\/div>\n\t\t\t\t\t\t<\/div>\n\t\t\t\t\t<\/div>\n\t\t\t\t<\/div>\n\t\t\t\t<\/div>\n\t\t","protected":false},"excerpt":{"rendered":"<p>LUKOIL\/TEBOIL yak\u0131t kartlar\u0131 &#8211; benzin istasyonlar\u0131nda \u00f6demeden daha fazlas\u0131 Yak\u0131t kartlar\u0131m\u0131z sadece nakitsiz yak\u0131t \u00f6deme arac\u0131 de\u011fildir.Ta\u015f\u0131mac\u0131l\u0131k i\u015finizi kontrol etmek, optimize etmek ve geli\u015ftirmek i\u00e7in \u00e7ok i\u015flevli bir ara\u00e7t\u0131r. Maliyetleri azaltmaya, lojisti\u011fi basitle\u015ftirmeye ve her a\u015famada \u015feffafl\u0131\u011f\u0131 art\u0131rmaya yard\u0131mc\u0131 olur. Verimli filo y\u00f6netimi do\u011fru ara\u00e7la ba\u015flarTemel avantajlardan yararlanabilirsiniz:Merkezi maliyet kontrol\u00fcT\u00fcm i\u015flemler ve hizmetler tek bir [&hellip;]<\/p>\n","protected":false},"author":1,"featured_media":0,"parent":0,"menu_order":0,"comment_status":"closed","ping_status":"closed","template":"","meta":{"footnotes":""},"class_list":["post-3489","page","type-page","status-publish","hentry"],"_links":{"self":[{"href":"https:\/\/betainvest.ee\/tr\/wp-json\/wp\/v2\/pages\/3489","targetHints":{"allow":["GET"]}}],"collection":[{"href":"https:\/\/betainvest.ee\/tr\/wp-json\/wp\/v2\/pages"}],"about":[{"href":"https:\/\/betainvest.ee\/tr\/wp-json\/wp\/v2\/types\/page"}],"author":[{"embeddable":true,"href":"https:\/\/betainvest.ee\/tr\/wp-json\/wp\/v2\/users\/1"}],"replies":[{"embeddable":true,"href":"https:\/\/betainvest.ee\/tr\/wp-json\/wp\/v2\/comments?post=3489"}],"version-history":[{"count":7,"href":"https:\/\/betainvest.ee\/tr\/wp-json\/wp\/v2\/pages\/3489\/revisions"}],"predecessor-version":[{"id":7061,"href":"https:\/\/betainvest.ee\/tr\/wp-json\/wp\/v2\/pages\/3489\/revisions\/7061"}],"wp:attachment":[{"href":"https:\/\/betainvest.ee\/tr\/wp-json\/wp\/v2\/media?parent=3489"}],"curies":[{"name":"wp","href":"https:\/\/api.w.org\/{rel}","templated":true}]}}