{"id":3530,"date":"2025-08-04T06:22:54","date_gmt":"2025-08-04T06:22:54","guid":{"rendered":"https:\/\/betainvest.ee\/yol-gecis-ucretlerinin-odenmesi-platon-rusya\/"},"modified":"2025-08-26T13:10:59","modified_gmt":"2025-08-26T13:10:59","slug":"yol-gecis-ucretlerinin-odenmesi-platon-rusya","status":"publish","type":"page","link":"https:\/\/betainvest.ee\/tr\/yol-gecis-ucretlerinin-odenmesi-platon-rusya\/","title":{"rendered":"Yol ge\u00e7i\u015f \u00fccretlerinin \u00f6denmesi &#8211; Platon, Rusya"},"content":{"rendered":"\t\t<div data-elementor-type=\"wp-page\" data-elementor-id=\"3530\" class=\"elementor elementor-3530 elementor-73\" data-elementor-post-type=\"page\">\n\t\t\t\t<div class=\"elementor-element elementor-element-84d5c49 e-flex e-con-boxed e-con e-parent\" data-id=\"84d5c49\" data-element_type=\"container\" data-e-type=\"container\">\n\t\t\t\t\t<div class=\"e-con-inner\">\n\t\t\t\t<div class=\"elementor-element elementor-element-5956819 elementor-widget elementor-widget-image\" data-id=\"5956819\" data-element_type=\"widget\" data-e-type=\"widget\" data-widget_type=\"image.default\">\n\t\t\t\t\t\t\t\t\t\t\t\t\t\t\t<img decoding=\"async\" width=\"319\" height=\"72\" src=\"https:\/\/betainvest.ee\/wp-content\/uploads\/2025\/08\/p-logo.png\" class=\"attachment-large size-large wp-image-1027\" alt=\"\" srcset=\"https:\/\/betainvest.ee\/wp-content\/uploads\/2025\/08\/p-logo.png 319w, https:\/\/betainvest.ee\/wp-content\/uploads\/2025\/08\/p-logo-300x68.png 300w\" sizes=\"(max-width: 319px) 100vw, 319px\" \/>\t\t\t\t\t\t\t\t\t\t\t\t\t\t\t<\/div>\n\t\t\t\t<div class=\"elementor-element elementor-element-00c1420 elementor-widget elementor-widget-text-editor\" data-id=\"00c1420\" data-element_type=\"widget\" data-e-type=\"widget\" data-widget_type=\"text-editor.default\">\n\t\t\t\t\t\t\t\t\t<h2 data-start=\"286\" data-end=\"382\">Yabanc\u0131 ta\u015f\u0131y\u0131c\u0131lar i\u00e7in Platon sistemi ve MTPL &#8211; Betainvest&#8217;ten eksiksiz bir hizmet yelpazesi<\/h2><p data-start=\"384\" data-end=\"649\">Rusya&#8217;ya veya Rusya \u00fczerinden mal m\u0131 ta\u015f\u0131yorsunuz? Federal otoyollarda engelsiz hareket etmek ve t\u00fcm yasal gerekliliklere uymak i\u00e7in iki temel belgeye ihtiyac\u0131n\u0131z vard\u0131r: <strong data-start=\"594\" data-end=\"628\">Platon sistemine kay\u0131t<\/strong> ve CMTPL <strong data-start=\"631\" data-end=\"646\">sigorta poli\u00e7esi<\/strong>. <\/p><h3 data-start=\"656\" data-end=\"680\">&#8220;Platon&#8221; nedir<\/h3><p data-start=\"681\" data-end=\"1019\"><strong data-start=\"681\" data-end=\"693\">&#8220;Platon<\/strong> &#8221; Rusya&#8217;n\u0131n federal otoyollar\u0131nda seyahat eden 12 tondan a\u011f\u0131r kamyonlardan \u00fccret alan bir devlet sistemidir.<br data-start=\"829\" data-end=\"832\">\u00d6deme seyahatin <strong data-start=\"851\" data-end=\"878\">her bir kilometresi<\/strong> i\u00e7in Rus Rublesi olarak tahsil edilir ve nakitsiz bir \u015fekilde ta\u015f\u0131y\u0131c\u0131n\u0131n yerle\u015fim hesab\u0131ndan \u00e7ekilir. Fonlar yol bak\u0131m ve onar\u0131m\u0131 i\u00e7in kullan\u0131l\u0131yor. <\/p><h3 data-start=\"1026\" data-end=\"1048\">Neden \u00f6nemli<\/h3><ul data-start=\"1049\" data-end=\"1325\"><li data-start=\"1049\" data-end=\"1139\"><p data-start=\"1051\" data-end=\"1139\">Zaman\u0131nda \u00f6deme yap\u0131lmamas\u0131 veya Platon&#8217;a kay\u0131t yapt\u0131r\u0131lmamas\u0131 <strong data-start=\"1119\" data-end=\"1137\">a\u011f\u0131r para cezalar\u0131na<\/strong> neden olacakt\u0131r<\/p><\/li><li data-start=\"1140\" data-end=\"1239\"><p data-start=\"1142\" data-end=\"1239\">Sistem Rusya Federasyonu&#8217;nun tamam\u0131nda \u00e7al\u0131\u015fmakta ve \u00e7er\u00e7eveler, kameralar ve ara\u00e7 \u00fcst\u00fc cihazlardan olu\u015fan bir a\u011f taraf\u0131ndan izlenmektedir<\/p><\/li><li data-start=\"1240\" data-end=\"1325\"><p data-start=\"1242\" data-end=\"1325\">Do\u011fru d\u00fczenlenmi\u015f rota kartlar\u0131 olmadan, bir u\u00e7u\u015f gecikebilir veya durdurulabilir<\/p><\/li><\/ul><h3 data-start=\"1332\" data-end=\"1372\">Yabanc\u0131 ta\u015f\u0131y\u0131c\u0131lar i\u00e7in MTPL sigortas\u0131<\/h3><p data-start=\"1373\" data-end=\"1662\">Rusya topraklar\u0131na girerken, bir <strong data-start=\"1423\" data-end=\"1432\">OSAGO<\/strong> (Zorunlu Motorlu \u00dc\u00e7\u00fcnc\u00fc \u015eah\u0131s Sorumluluk Sigortas\u0131) poli\u00e7esi yapt\u0131rmak <strong data-start=\"1495\" data-end=\"1522\">zorunlu bir gerekliliktir<\/strong>.<br data-start=\"1523\" data-end=\"1526\">Bu poli\u00e7e, ta\u015f\u0131y\u0131c\u0131y\u0131 bir trafik kazas\u0131 durumunda \u00fc\u00e7\u00fcnc\u00fc \u015fah\u0131slar\u0131n hayat\u0131na, sa\u011fl\u0131\u011f\u0131na veya mal\u0131na gelebilecek zararlar\u0131 tazmin etme maliyetinden korur.<\/p><h3 data-start=\"1669\" data-end=\"1706\">Betainvest &#8211; tam hizmet paketi<\/h3><p data-start=\"1707\" data-end=\"1804\">Ta\u015f\u0131malar\u0131n\u0131z\u0131n gecikme veya ceza olmaks\u0131z\u0131n ger\u00e7ekle\u015fmesini sa\u011flamak i\u00e7in kapsaml\u0131 bir refakat hizmeti sunuyoruz:<\/p><ul data-start=\"1805\" data-end=\"2159\"><li data-start=\"1805\" data-end=\"1850\"><p data-start=\"1807\" data-end=\"1850\">Platon sisteminde ara\u00e7lar\u0131n kayd\u0131<\/p><\/li><li data-start=\"1851\" data-end=\"1907\"><p data-start=\"1853\" data-end=\"1907\">Rota haritalar\u0131n\u0131n edinilmesi (tekli veya \u00e7oklu kullan\u0131m)<\/p><\/li><li data-start=\"1908\" data-end=\"1962\"><p data-start=\"1910\" data-end=\"1962\">Platon kurallar\u0131 ve \u00e7al\u0131\u015fma b\u00f6lgeleri hakk\u0131nda tavsiyeler<\/p><\/li><li data-start=\"1963\" data-end=\"1995\"><p data-start=\"1965\" data-end=\"1995\">Tahakkuklar\u0131n \u00f6denmesi ve kontrol\u00fc<\/p><\/li><li data-start=\"1996\" data-end=\"2059\"><p data-start=\"1998\" data-end=\"2059\">Rusya Federasyonu genelinde ge\u00e7erli MTPL sigorta poli\u00e7esi<\/p><\/li><li data-start=\"2060\" data-end=\"2114\"><p data-start=\"2062\" data-end=\"2114\">Rus\u00e7a, T\u00fcrk\u00e7e ve \u0130ngilizce dillerinde destek<\/p><\/li><li data-start=\"2115\" data-end=\"2159\"><p data-start=\"2117\" data-end=\"2159\">Gereksiz b\u00fcrokrasi olmadan h\u0131zl\u0131 i\u015flem<\/p><\/li><\/ul><h3 data-start=\"2166\" data-end=\"2187\">Nas\u0131l \u00e7al\u0131\u015f\u0131yoruz<\/h3><ol data-start=\"2188\" data-end=\"2423\"><li data-start=\"2188\" data-end=\"2247\"><p data-start=\"2191\" data-end=\"2247\">Bizimle telefon, WhatsApp veya e-posta yoluyla ileti\u015fime ge\u00e7ebilirsiniz<\/p><\/li><li data-start=\"2248\" data-end=\"2293\"><p data-start=\"2251\" data-end=\"2293\">Gerekli veri ve belgelerin aktar\u0131lmas\u0131<\/p><\/li><li data-start=\"2294\" data-end=\"2353\"><p data-start=\"2297\" data-end=\"2353\">Ara\u00e7lar\u0131 Platon&#8217;a kaydettiriyor ve MTPL sigorta poli\u00e7eleri d\u00fczenliyoruz<\/p><\/li><li data-start=\"2354\" data-end=\"2423\"><p data-start=\"2357\" data-end=\"2423\">Tamamlanan belgeleri size g\u00f6nderiyoruz &#8211; yolculu\u011funuza \u00e7\u0131kabilirsiniz<\/p><\/li><\/ol><p data-start=\"2430\" data-end=\"2595\">\ud83d\udcde <strong data-start=\"2433\" data-end=\"2472\">Betainvest ile \u015fimdi ileti\u015fime<\/strong> ge\u00e7in &#8211; Platon ve MTPL kayd\u0131n\u0131 biz halledelim, siz de evrak i\u015flerine de\u011fil ta\u015f\u0131mac\u0131l\u0131\u011fa odaklan\u0131n.<\/p>\t\t\t\t\t\t\t\t<\/div>\n\t\t\t\t<div class=\"elementor-element elementor-element-69250ee elementor-widget elementor-widget-image\" data-id=\"69250ee\" data-element_type=\"widget\" data-e-type=\"widget\" data-widget_type=\"image.default\">\n\t\t\t\t\t\t\t\t\t\t\t\t\t\t\t<img fetchpriority=\"high\" decoding=\"async\" width=\"612\" height=\"408\" src=\"https:\/\/betainvest.ee\/wp-content\/uploads\/2025\/08\/istockphoto-1371212488-612x612-1.jpg\" class=\"attachment-medium_large size-medium_large wp-image-1036\" alt=\"\" srcset=\"https:\/\/betainvest.ee\/wp-content\/uploads\/2025\/08\/istockphoto-1371212488-612x612-1.jpg 612w, https:\/\/betainvest.ee\/wp-content\/uploads\/2025\/08\/istockphoto-1371212488-612x612-1-300x200.jpg 300w\" sizes=\"(max-width: 612px) 100vw, 612px\" \/>\t\t\t\t\t\t\t\t\t\t\t\t\t\t\t<\/div>\n\t\t\t\t\t<\/div>\n\t\t\t\t<\/div>\n\t\t\t\t<\/div>\n\t\t","protected":false},"excerpt":{"rendered":"<p>Yabanc\u0131 ta\u015f\u0131y\u0131c\u0131lar i\u00e7in Platon sistemi ve MTPL &#8211; Betainvest&#8217;ten eksiksiz bir hizmet yelpazesi Rusya&#8217;ya veya Rusya \u00fczerinden mal m\u0131 ta\u015f\u0131yorsunuz? Federal otoyollarda engelsiz hareket etmek ve t\u00fcm yasal gerekliliklere uymak i\u00e7in iki temel belgeye ihtiyac\u0131n\u0131z vard\u0131r: Platon sistemine kay\u0131t ve CMTPL sigorta poli\u00e7esi. &#8220;Platon&#8221; nedir &#8220;Platon &#8221; Rusya&#8217;n\u0131n federal otoyollar\u0131nda seyahat eden 12 tondan a\u011f\u0131r [&hellip;]<\/p>\n","protected":false},"author":1,"featured_media":0,"parent":0,"menu_order":0,"comment_status":"closed","ping_status":"closed","template":"","meta":{"footnotes":""},"class_list":["post-3530","page","type-page","status-publish","hentry"],"_links":{"self":[{"href":"https:\/\/betainvest.ee\/tr\/wp-json\/wp\/v2\/pages\/3530","targetHints":{"allow":["GET"]}}],"collection":[{"href":"https:\/\/betainvest.ee\/tr\/wp-json\/wp\/v2\/pages"}],"about":[{"href":"https:\/\/betainvest.ee\/tr\/wp-json\/wp\/v2\/types\/page"}],"author":[{"embeddable":true,"href":"https:\/\/betainvest.ee\/tr\/wp-json\/wp\/v2\/users\/1"}],"replies":[{"embeddable":true,"href":"https:\/\/betainvest.ee\/tr\/wp-json\/wp\/v2\/comments?post=3530"}],"version-history":[{"count":1,"href":"https:\/\/betainvest.ee\/tr\/wp-json\/wp\/v2\/pages\/3530\/revisions"}],"predecessor-version":[{"id":3531,"href":"https:\/\/betainvest.ee\/tr\/wp-json\/wp\/v2\/pages\/3530\/revisions\/3531"}],"wp:attachment":[{"href":"https:\/\/betainvest.ee\/tr\/wp-json\/wp\/v2\/media?parent=3530"}],"curies":[{"name":"wp","href":"https:\/\/api.w.org\/{rel}","templated":true}]}}