{"id":3537,"date":"2025-08-04T06:22:53","date_gmt":"2025-08-04T06:22:53","guid":{"rendered":"https:\/\/betainvest.ee\/gumruk-teminat-guvenligi-rusya\/"},"modified":"2026-04-07T08:54:20","modified_gmt":"2026-04-07T08:54:20","slug":"gumruk-teminat-guvenligi-rusya","status":"publish","type":"page","link":"https:\/\/betainvest.ee\/tr\/gumruk-teminat-guvenligi-rusya\/","title":{"rendered":"Rusya Genelinde G\u00fcmr\u00fck Teminat\u0131"},"content":{"rendered":"\t\t<div data-elementor-type=\"wp-page\" data-elementor-id=\"3537\" class=\"elementor elementor-3537 elementor-29\" data-elementor-post-type=\"page\">\n\t\t\t\t<div class=\"elementor-element elementor-element-efb260c e-flex e-con-boxed e-con e-parent\" data-id=\"efb260c\" data-element_type=\"container\" data-e-type=\"container\">\n\t\t\t\t\t<div class=\"e-con-inner\">\n\t\t\t\t<div class=\"elementor-element elementor-element-b75dfa2 elementor-widget elementor-widget-image\" data-id=\"b75dfa2\" data-element_type=\"widget\" data-e-type=\"widget\" data-widget_type=\"image.default\">\n\t\t\t\t\t\t\t\t\t\t\t\t\t\t\t<img fetchpriority=\"high\" decoding=\"async\" width=\"768\" height=\"512\" src=\"https:\/\/betainvest.ee\/wp-content\/uploads\/2026\/04\/\u0422\u0430\u043c\u043e\u0436-\u0433\u0430\u0440\u0430\u043d\u0442-\u043e\u0431\u0435\u0441\u043f-768x512.png\" class=\"attachment-medium_large size-medium_large wp-image-7592\" alt=\"\" srcset=\"https:\/\/betainvest.ee\/wp-content\/uploads\/2026\/04\/\u0422\u0430\u043c\u043e\u0436-\u0433\u0430\u0440\u0430\u043d\u0442-\u043e\u0431\u0435\u0441\u043f-768x512.png 768w, https:\/\/betainvest.ee\/wp-content\/uploads\/2026\/04\/\u0422\u0430\u043c\u043e\u0436-\u0433\u0430\u0440\u0430\u043d\u0442-\u043e\u0431\u0435\u0441\u043f-300x200.png 300w, https:\/\/betainvest.ee\/wp-content\/uploads\/2026\/04\/\u0422\u0430\u043c\u043e\u0436-\u0433\u0430\u0440\u0430\u043d\u0442-\u043e\u0431\u0435\u0441\u043f-1024x683.png 1024w, https:\/\/betainvest.ee\/wp-content\/uploads\/2026\/04\/\u0422\u0430\u043c\u043e\u0436-\u0433\u0430\u0440\u0430\u043d\u0442-\u043e\u0431\u0435\u0441\u043f.png 1536w\" sizes=\"(max-width: 768px) 100vw, 768px\" \/>\t\t\t\t\t\t\t\t\t\t\t\t\t\t\t<\/div>\n\t\t\t\t\t<\/div>\n\t\t\t\t<\/div>\n\t\t<div class=\"elementor-element elementor-element-e625b92 e-flex e-con-boxed e-con e-parent\" data-id=\"e625b92\" data-element_type=\"container\" data-e-type=\"container\">\n\t\t\t\t\t<div class=\"e-con-inner\">\n\t\t\t\t<div class=\"elementor-element elementor-element-bc4a3f8 elementor-widget elementor-widget-heading\" data-id=\"bc4a3f8\" data-element_type=\"widget\" data-e-type=\"widget\" data-widget_type=\"heading.default\">\n\t\t\t\t\t<h2 class=\"elementor-heading-title elementor-size-default\">Rusya Federasyonu Topraklar\u0131 \u00dczerinden Mallar\u0131n Transit Ta\u015f\u0131nmas\u0131 S\u0131ras\u0131nda G\u00fcmr\u00fck Vergileri ve Har\u00e7lar\u0131n\u0131n \u00d6denmesine \u0130li\u015fkin Teminat\u0131n D\u00fczenlenmesi ve Sa\u011flanmas\u0131<\/h2>\t\t\t\t<\/div>\n\t\t\t\t\t<\/div>\n\t\t\t\t<\/div>\n\t\t<div class=\"elementor-element elementor-element-f6c17ee e-flex e-con-boxed e-con e-parent\" data-id=\"f6c17ee\" data-element_type=\"container\" data-e-type=\"container\">\n\t\t\t\t\t<div class=\"e-con-inner\">\n\t\t\t\t<div class=\"elementor-element elementor-element-21091ab elementor-widget elementor-widget-text-editor\" data-id=\"21091ab\" data-element_type=\"widget\" data-e-type=\"widget\" data-widget_type=\"text-editor.default\">\n\t\t\t\t\t\t\t\t\t<p>\u00a0 \u00a0 \u00a0Avrasya Ekonomik Birli\u011fi\u2019nin (AEB) \u00fcyesi olan Rusya Federasyonu topraklar\u0131nda, yabanc\u0131 mallar\u0131n ta\u015f\u0131nmas\u0131 s\u0131ras\u0131nda g\u00fcmr\u00fck transit prosed\u00fcr\u00fc uygulanmaktad\u0131r.<\/p><p class=\"p3\">E\u011fer y\u00fck\u00fcn g\u00fcmr\u00fck i\u015flemlerinin do\u011frudan s\u0131n\u0131rda yap\u0131lmas\u0131 planlanm\u0131yorsa, ta\u015f\u0131y\u0131c\u0131 veya y\u00fck sahibi; g\u00fcmr\u00fck vergileri, vergiler ve g\u00fcmr\u00fck har\u00e7lar\u0131n\u0131n \u00f6denmesi i\u00e7in teminat sa\u011flamak zorundad\u0131r. Bu, g\u00fcmr\u00fck makamlar\u0131n\u0131n y\u00fck\u00fcn sonraki hareketi s\u0131ras\u0131nda t\u00fcm zorunlu g\u00fcmr\u00fck \u00f6demelerinin usul\u00fcne uygun \u015fekilde yap\u0131laca\u011f\u0131ndan emin olmas\u0131 i\u00e7in gereklidir. Bu teminat y\u00f6ntemlerinden biri kefalettir.<\/p><p class=\"p3\">Kefalet, g\u00fcmr\u00fck makamlar\u0131na kar\u015f\u0131 y\u00fck\u00fcml\u00fcl\u00fcklerin yerine getirilmesinde garant\u00f6r olarak hareket eden <span class=\"s2\">Declarant Online<\/span> \u015firketi taraf\u0131ndan sa\u011flanmaktad\u0131r. Bu belgenin bulunmas\u0131, y\u00fck\u00fcn g\u00fcmr\u00fck i\u015flemlerinin yap\u0131laca\u011f\u0131 yere kadar yasal olarak ta\u015f\u0131nmas\u0131na olanak sa\u011flar ve g\u00fcmr\u00fck i\u015flemleri s\u0131ras\u0131nda gecikmelerin \u00f6n\u00fcne ge\u00e7er.<\/p><p class=\"p3\">Kefalet hizmeti, y\u00fck\u00fcn t\u00fcm transit s\u00fcresi boyunca ge\u00e7erli olan pratik bir \u00e7\u00f6z\u00fcmd\u00fcr ve \u015firketlerin i\u015fletme sermayesini bloke etmeden, banka teminat\u0131 almadan veya mal varl\u0131\u011f\u0131n\u0131 rehin g\u00f6stermeden i\u015flemleri ger\u00e7ekle\u015ftirmesine imkan tan\u0131r.<\/p><p class=\"p3\">G\u00fcn\u00fcm\u00fczde g\u00fcmr\u00fck vergilerinin \u00f6denmesine ili\u015fkin teminat, <span class=\"s2\">elektronik sertifika<\/span> \u015feklinde d\u00fczenlenebilmektedir.<\/p><p class=\"p3\">Bu, en modern, en pratik ve en g\u00fcvenilir y\u00f6ntemdir ve bizim deste\u011fimizle kolayca kullan\u0131labilir.<\/p><p style=\"text-align: center;\"><b>Rusya Federasyonu\u2019nda Teminat D\u00fczenlemek \u0130\u00e7in Gerekli Belgeler<\/b><\/p><table><thead><tr><td><p><strong>Belgenin ba\u015fl\u0131\u011f\u0131<\/strong><\/p><\/td><td><p><strong>A\u00e7\u0131klama<\/strong><\/p><\/td><\/tr><\/thead><tbody><tr><td><p>CMR<\/p><\/td><td><p>Uluslararas\u0131 sevkiyat notu<\/p><\/td><\/tr><tr><td><p>Fatura (Invoice)<\/p><\/td><td><p>Ticari fatura<\/p><\/td><\/tr><tr><td><p>Paket listesi<\/p><\/td><td><p>Paketlerin listesi<\/p><\/td><\/tr><tr><td><p>Teknik veri sayfalar\u0131<\/p><\/td><td><p>Ara\u00e7 ve r\u00f6mork i\u00e7in teknik belgeler<\/p><\/td><\/tr><tr><td><p>S\u00fcr\u00fcc\u00fc pasaportu<\/p><\/td><td><p>S\u00fcr\u00fcc\u00fc pasaportu<\/p><\/td><\/tr><tr><td><p>TIR Karnesi (varsa)<\/p><\/td><td><p>Uluslararas\u0131 karayolu ta\u015f\u0131mac\u0131l\u0131\u011f\u0131 i\u00e7in<\/p><\/td><\/tr><tr><td><p>\u015eartname (gerekli ise)<\/p><\/td><td><p>TN VED kodlar\u0131n\u0131n, de\u011ferinin ve a\u011f\u0131rl\u0131\u011f\u0131n\u0131n belirtilmesi<\/p><\/td><\/tr><tr><td><p>G\u00fcmr\u00fck Ta\u015f\u0131y\u0131c\u0131 Belgesi<\/p><\/td><td><p>Varl\u0131\u011f\u0131nda<\/p><\/td><\/tr><\/tbody><\/table><p><strong>Ek olarak, belirtmeniz gerekir:<\/strong><\/p><ul><li data-start=\"4243\" data-end=\"4280\">S\u0131n\u0131r ge\u00e7i\u015f noktas\u0131n\u0131n ad\u0131<\/li><li data-start=\"4283\" data-end=\"4309\">S\u00fcr\u00fcc\u00fcn\u00fcn cep telefonu numaras\u0131<\/li><li data-start=\"4312\" data-end=\"4354\">S\u0131n\u0131ra tahmini var\u0131\u015f zaman\u0131<\/li><\/ul>\t\t\t\t\t\t\t\t<\/div>\n\t\t\t\t\t<\/div>\n\t\t\t\t<\/div>\n\t\t<div class=\"elementor-element elementor-element-d9ae1e5 e-flex e-con-boxed e-con e-parent\" data-id=\"d9ae1e5\" data-element_type=\"container\" data-e-type=\"container\">\n\t\t\t\t\t<div class=\"e-con-inner\">\n\t\t\t\t<div class=\"elementor-element elementor-element-7219364 elementor-button-info elementor-align-center elementor-invisible elementor-widget elementor-widget-button\" data-id=\"7219364\" data-element_type=\"widget\" data-e-type=\"widget\" data-settings=\"{&quot;_animation&quot;:&quot;fadeInDown&quot;}\" data-widget_type=\"button.default\">\n\t\t\t\t\t\t\t\t\t\t<a class=\"elementor-button elementor-button-link elementor-size-sm\" href=\"https:\/\/betainvest.ee\/ru\/\u043a\u043e\u043d\u0442\u0430\u043a\u0442\u044b\/\">\n\t\t\t\t\t\t<span class=\"elementor-button-content-wrapper\">\n\t\t\t\t\t\t\t\t\t<span class=\"elementor-button-text\">Hemen Ba\u015fvurun<\/span>\n\t\t\t\t\t<\/span>\n\t\t\t\t\t<\/a>\n\t\t\t\t\t\t\t\t<\/div>\n\t\t\t\t\t<\/div>\n\t\t\t\t<\/div>\n\t\t<div class=\"elementor-element elementor-element-b1ca3fd e-flex e-con-boxed e-con e-parent\" data-id=\"b1ca3fd\" data-element_type=\"container\" data-e-type=\"container\">\n\t\t\t\t\t<div class=\"e-con-inner\">\n\t\t\t\t<div class=\"elementor-element elementor-element-c8176ee elementor-widget elementor-widget-image\" data-id=\"c8176ee\" data-element_type=\"widget\" data-e-type=\"widget\" data-widget_type=\"image.default\">\n\t\t\t\t\t\t\t\t\t\t\t\t\t\t\t<img decoding=\"async\" width=\"300\" height=\"165\" src=\"https:\/\/betainvest.ee\/wp-content\/uploads\/2026\/03\/sv4etwwjytm_1215x670-300x165.webp\" class=\"attachment-medium size-medium wp-image-6568\" alt=\"\" srcset=\"https:\/\/betainvest.ee\/wp-content\/uploads\/2026\/03\/sv4etwwjytm_1215x670-300x165.webp 300w, https:\/\/betainvest.ee\/wp-content\/uploads\/2026\/03\/sv4etwwjytm_1215x670-1024x565.webp 1024w, https:\/\/betainvest.ee\/wp-content\/uploads\/2026\/03\/sv4etwwjytm_1215x670-768x424.webp 768w, https:\/\/betainvest.ee\/wp-content\/uploads\/2026\/03\/sv4etwwjytm_1215x670.webp 1215w\" sizes=\"(max-width: 300px) 100vw, 300px\" \/>\t\t\t\t\t\t\t\t\t\t\t\t\t\t\t<\/div>\n\t\t\t\t\t<\/div>\n\t\t\t\t<\/div>\n\t\t<div class=\"elementor-element elementor-element-094600a e-flex e-con-boxed e-con e-parent\" data-id=\"094600a\" data-element_type=\"container\" data-e-type=\"container\">\n\t\t\t\t\t<div class=\"e-con-inner\">\n\t\t\t\t<div class=\"elementor-element elementor-element-d09c5d5 elementor-widget elementor-widget-spacer\" data-id=\"d09c5d5\" data-element_type=\"widget\" data-e-type=\"widget\" data-widget_type=\"spacer.default\">\n\t\t\t\t\t\t\t<div class=\"elementor-spacer\">\n\t\t\t<div class=\"elementor-spacer-inner\"><\/div>\n\t\t<\/div>\n\t\t\t\t\t\t<\/div>\n\t\t\t\t\t<\/div>\n\t\t\t\t<\/div>\n\t\t\t\t<\/div>\n\t\t","protected":false},"excerpt":{"rendered":"<p>Rusya Federasyonu Topraklar\u0131 \u00dczerinden Mallar\u0131n Transit Ta\u015f\u0131nmas\u0131 S\u0131ras\u0131nda G\u00fcmr\u00fck Vergileri ve Har\u00e7lar\u0131n\u0131n \u00d6denmesine \u0130li\u015fkin Teminat\u0131n D\u00fczenlenmesi ve Sa\u011flanmas\u0131 \u00a0 \u00a0 \u00a0Avrasya Ekonomik Birli\u011fi\u2019nin (AEB) \u00fcyesi olan Rusya Federasyonu topraklar\u0131nda, yabanc\u0131 mallar\u0131n ta\u015f\u0131nmas\u0131 s\u0131ras\u0131nda g\u00fcmr\u00fck transit prosed\u00fcr\u00fc uygulanmaktad\u0131r. E\u011fer y\u00fck\u00fcn g\u00fcmr\u00fck i\u015flemlerinin do\u011frudan s\u0131n\u0131rda yap\u0131lmas\u0131 planlanm\u0131yorsa, ta\u015f\u0131y\u0131c\u0131 veya y\u00fck sahibi; g\u00fcmr\u00fck vergileri, vergiler ve g\u00fcmr\u00fck har\u00e7lar\u0131n\u0131n [&hellip;]<\/p>\n","protected":false},"author":1,"featured_media":0,"parent":0,"menu_order":0,"comment_status":"closed","ping_status":"closed","template":"","meta":{"footnotes":""},"class_list":["post-3537","page","type-page","status-publish","hentry"],"_links":{"self":[{"href":"https:\/\/betainvest.ee\/tr\/wp-json\/wp\/v2\/pages\/3537","targetHints":{"allow":["GET"]}}],"collection":[{"href":"https:\/\/betainvest.ee\/tr\/wp-json\/wp\/v2\/pages"}],"about":[{"href":"https:\/\/betainvest.ee\/tr\/wp-json\/wp\/v2\/types\/page"}],"author":[{"embeddable":true,"href":"https:\/\/betainvest.ee\/tr\/wp-json\/wp\/v2\/users\/1"}],"replies":[{"embeddable":true,"href":"https:\/\/betainvest.ee\/tr\/wp-json\/wp\/v2\/comments?post=3537"}],"version-history":[{"count":17,"href":"https:\/\/betainvest.ee\/tr\/wp-json\/wp\/v2\/pages\/3537\/revisions"}],"predecessor-version":[{"id":7598,"href":"https:\/\/betainvest.ee\/tr\/wp-json\/wp\/v2\/pages\/3537\/revisions\/7598"}],"wp:attachment":[{"href":"https:\/\/betainvest.ee\/tr\/wp-json\/wp\/v2\/media?parent=3537"}],"curies":[{"name":"wp","href":"https:\/\/api.w.org\/{rel}","templated":true}]}}