{"id":3631,"date":"2025-08-04T06:22:53","date_gmt":"2025-08-04T06:22:53","guid":{"rendered":"https:\/\/betainvest.ee\/elektronik-transit-beyannamesi-belarus\/"},"modified":"2026-04-24T12:41:38","modified_gmt":"2026-04-24T12:41:38","slug":"elektronik-transit-beyannamesi-belarus","status":"publish","type":"page","link":"https:\/\/betainvest.ee\/tr\/elektronik-transit-beyannamesi-belarus\/","title":{"rendered":"Elektronik transit beyannamesi &#8211; Belarus"},"content":{"rendered":"\t\t<div data-elementor-type=\"wp-page\" data-elementor-id=\"3631\" class=\"elementor elementor-3631 elementor-33\" data-elementor-post-type=\"page\">\n\t\t\t\t<div class=\"elementor-element elementor-element-3b15af6 e-flex e-con-boxed e-con e-parent\" data-id=\"3b15af6\" data-element_type=\"container\" data-e-type=\"container\">\n\t\t\t\t\t<div class=\"e-con-inner\">\n\t\t\t\t<div class=\"elementor-element elementor-element-6e07c57 elementor-widget elementor-widget-image\" data-id=\"6e07c57\" data-element_type=\"widget\" data-e-type=\"widget\" data-widget_type=\"image.default\">\n\t\t\t\t\t\t\t\t\t\t\t\t\t\t\t<img fetchpriority=\"high\" decoding=\"async\" width=\"768\" height=\"512\" src=\"https:\/\/betainvest.ee\/wp-content\/uploads\/2026\/04\/image1-768x512.png\" class=\"attachment-medium_large size-medium_large wp-image-8055\" alt=\"\" srcset=\"https:\/\/betainvest.ee\/wp-content\/uploads\/2026\/04\/image1-768x512.png 768w, https:\/\/betainvest.ee\/wp-content\/uploads\/2026\/04\/image1-300x200.png 300w, https:\/\/betainvest.ee\/wp-content\/uploads\/2026\/04\/image1-1024x683.png 1024w, https:\/\/betainvest.ee\/wp-content\/uploads\/2026\/04\/image1.png 1536w\" sizes=\"(max-width: 768px) 100vw, 768px\" \/>\t\t\t\t\t\t\t\t\t\t\t\t\t\t\t<\/div>\n\t\t\t\t\t<\/div>\n\t\t\t\t<\/div>\n\t\t<div class=\"elementor-element elementor-element-9d52bb2 e-flex e-con-boxed e-con e-parent\" data-id=\"9d52bb2\" data-element_type=\"container\" data-e-type=\"container\">\n\t\t\t\t\t<div class=\"e-con-inner\">\n\t\t\t\t<div class=\"elementor-element elementor-element-52e2b82 elementor-widget elementor-widget-heading\" data-id=\"52e2b82\" data-element_type=\"widget\" data-e-type=\"widget\" data-widget_type=\"heading.default\">\n\t\t\t\t\t<h2 class=\"elementor-heading-title elementor-size-default\">Mallar\u0131n Belarus Cumhuriyeti topraklar\u0131 \u00fczerinden ta\u015f\u0131nmas\u0131 s\u0131ras\u0131nda g\u00fcmr\u00fck vergileri ve har\u00e7lar\u0131n\u0131n \u00f6denmesi i\u00e7in kay\u0131t ve teminat sa\u011flanmas\u0131<\/h2>\t\t\t\t<\/div>\n\t\t\t\t\t<\/div>\n\t\t\t\t<\/div>\n\t\t<div class=\"elementor-element elementor-element-6615869 e-flex e-con-boxed e-con e-parent\" data-id=\"6615869\" data-element_type=\"container\" data-e-type=\"container\">\n\t\t\t\t\t<div class=\"e-con-inner\">\n\t\t\t\t<div class=\"elementor-element elementor-element-dfc871e elementor-widget elementor-widget-text-editor\" data-id=\"dfc871e\" data-element_type=\"widget\" data-e-type=\"widget\" data-widget_type=\"text-editor.default\">\n\t\t\t\t\t\t\t\t\t<p>\u00a0 \u00a0 \u00a0 Avrasya Ekonomik Birli\u011fi (AEB) \u00fcyesi olan Belarus Cumhuriyeti topraklar\u0131nda, yabanc\u0131 mallar\u0131n ta\u015f\u0131nmas\u0131nda g\u00fcmr\u00fck transit prosed\u00fcr\u00fc uygulanmaktad\u0131r. Bu prosed\u00fcr kapsam\u0131nda, ta\u015f\u0131y\u0131c\u0131 veya kargo sahibinin g\u00fcmr\u00fck vergileri ve \u00fccretlerinin \u00f6denece\u011fine dair bir garanti vermesi gerekmektedir.<\/p><p>\u00a0 \u00a0 \u00a0G\u00dcVENCE BELGES\u0130 &#8211; har\u00e7 ve \u00fccretlerin bir kefalet mekanizmas\u0131 arac\u0131l\u0131\u011f\u0131yla \u00f6dendi\u011fini teyit eden bir garanti belgesinin kullan\u0131lmas\u0131.<\/p><p>\u00a0 \u00a0 \u00a0Kefalet hizmeti, i\u015fletme sermayesinin dondurulmas\u0131n\u0131, banka garantisi al\u0131nmas\u0131n\u0131 veya m\u00fclk rehin verilmesini \u00f6nler &#8211; transit s\u00fcresince pratik bir \u00e7\u00f6z\u00fcmd\u00fcr.<\/p><p>\u00a0 \u00a0 \u00a0G\u00fcn\u00fcm\u00fczde g\u00fcmr\u00fck garanti belgesi elektronik olarak d\u00fczenlenebilmektedir. S\u00fcr\u00fcc\u00fc, bas\u0131l\u0131 sertifikay\u0131 AB&#8217;deki d\u00fczenleme noktalar\u0131ndan birinden al\u0131r.<\/p><ul><li>Transit a\u00e7\u0131l\u0131\u015f noktas\u0131: Belarus Cumhuriyeti&#8217;ndeki herhangi bir g\u00fcmr\u00fck idaresi<\/li><li>Transit kapatma noktas\u0131: AEB \u00fclkelerindeki (Rusya, Belarus, Kazakistan, K\u0131rg\u0131zistan) herhangi bir g\u00fcmr\u00fck ofisi<\/li><\/ul><p style=\"text-align: center;\">Belarus&#8217;ta g\u00fcvenlik izni i\u00e7in gerekli belgeler<\/p><table><thead><tr><td><p>Belgenin ba\u015fl\u0131\u011f\u0131<\/p><\/td><td><p>A\u00e7\u0131klama<\/p><\/td><\/tr><\/thead><tbody><tr><td><p>CMR<\/p><\/td><td><p>Uluslararas\u0131 sevkiyat notu<\/p><\/td><\/tr><tr><td><p>Fatura (Invoice)<\/p><\/td><td><p>Ticari fatura \/ sat\u0131\u015f belgesi \/ mallar\u0131n tan\u0131m\u0131 (Rus\u00e7a)<\/p><\/td><\/tr><tr><td><p>Paket listesi<\/p><\/td><td><p>Paketlerin listesi<\/p><\/td><\/tr><tr><td><p>Teknik belgeler<\/p><\/td><td><p>Ara\u00e7 ve r\u00f6mork i\u00e7in teknik belgeler \/ CTS veya VIN ve plaka verileri<\/p><\/td><\/tr><tr><td><p>S\u00fcr\u00fcc\u00fc pasaportu<\/p><\/td><td><p>S\u00fcr\u00fcc\u00fcn\u00fcn pasaport bilgileri<\/p><\/td><\/tr><tr><td><p>TIR kart\u0131 (gerekliyse)<\/p><\/td><td><p>Uluslararas\u0131 ta\u015f\u0131mac\u0131l\u0131k i\u00e7in TIR kart\u0131<\/p><\/td><\/tr><tr><td><p>\u015eartname (gerekli ise)<\/p><\/td><td><p>TN VED kodlar\u0131n\u0131n, a\u011f\u0131rl\u0131\u011f\u0131n ve maliyetin belirtilmesi<\/p><\/td><\/tr><tr><td><p>G\u00fcmr\u00fck Ta\u015f\u0131y\u0131c\u0131 Belgesi<\/p><\/td><td><p>Varl\u0131\u011f\u0131nda<\/p><\/td><\/tr><\/tbody><\/table><p>Hizmetin maliyeti: teminat miktar\u0131na ve transit mesafeye ba\u011fl\u0131d\u0131r<\/p><p style=\"text-align: center;\">Ek olarak, belirtmeniz gerekir:<\/p><ul><li>S\u0131n\u0131r ge\u00e7i\u015f noktas\u0131n\u0131n ad\u0131<\/li><li>S\u00fcr\u00fcc\u00fcn\u00fcn cep telefonu numaras\u0131<\/li><li>S\u0131n\u0131ra tahmini var\u0131\u015f zaman\u0131<\/li><\/ul>\t\t\t\t\t\t\t\t<\/div>\n\t\t\t\t\t<\/div>\n\t\t\t\t<\/div>\n\t\t<div class=\"elementor-element elementor-element-c287cae e-flex e-con-boxed e-con e-parent\" data-id=\"c287cae\" data-element_type=\"container\" data-e-type=\"container\">\n\t\t\t\t\t<div class=\"e-con-inner\">\n\t\t\t\t<div class=\"elementor-element elementor-element-2be253f elementor-widget elementor-widget-heading\" data-id=\"2be253f\" data-element_type=\"widget\" data-e-type=\"widget\" data-widget_type=\"heading.default\">\n\t\t\t\t\t<h2 class=\"elementor-heading-title elementor-size-default\">Belarus \u00dczerinden Transit Ge\u00e7i\u015fte Kullan\u0131lan Ba\u015fl\u0131ca Elektronik Belgeler<\/h2>\t\t\t\t<\/div>\n\t\t\t\t\t<\/div>\n\t\t\t\t<\/div>\n\t\t<div class=\"elementor-element elementor-element-028cc4e e-flex e-con-boxed e-con e-parent\" data-id=\"028cc4e\" data-element_type=\"container\" data-e-type=\"container\">\n\t\t\t\t\t<div class=\"e-con-inner\">\n\t\t\t\t<div class=\"elementor-element elementor-element-5ac85a9 elementor-widget elementor-widget-text-editor\" data-id=\"5ac85a9\" data-element_type=\"widget\" data-e-type=\"widget\" data-widget_type=\"text-editor.default\">\n\t\t\t\t\t\t\t\t\t<h5 class=\"p2\" style=\"text-align: center;\">\u00a0 \u00a0 Belarus \u00fczerinden veya Belarus s\u0131n\u0131rlar\u0131 i\u00e7inde transit ta\u015f\u0131mac\u0131l\u0131k yap\u0131l\u0131rken a\u015fa\u011f\u0131daki elektronik formlar kullan\u0131l\u0131r:<\/h5><ol><li class=\"p2\">Elektronik \u00d6n Bilgi \/ EPI:<br \/>EAEU b\u00f6lgesine giri\u015f yapan t\u00fcm ta\u015f\u0131y\u0131c\u0131lar i\u00e7in zorunludur. S\u0131n\u0131ra var\u0131\u015ftan en az 2 saat \u00f6nce sunulmal\u0131d\u0131r.<\/li><li class=\"p2\">Elektronik Transit Beyannamesi \/ ETD:<br \/>G\u00fcmr\u00fck bilgi sistemine elektronik olarak sunulur. Kay\u0131t i\u015flemi tamamland\u0131ktan sonra beyannameye benzersiz bir numara atan\u0131r: UINP veya transit beyanname numaras\u0131.<\/li><li class=\"p3\">Teminat Sertifikas\u0131:<br \/>G\u00fcmr\u00fck vergileri ve di\u011fer \u00f6demelerin g\u00fcvence alt\u0131na al\u0131nd\u0131\u011f\u0131n\u0131 do\u011frulayan elektronik belgedir. Bu g\u00fcvence kefalet, teminat veya banka garantisi yoluyla sa\u011flanabilir.<\/li><\/ol><h2>\u00a0<\/h2><h2 style=\"text-align: center;\"><span class=\"s1\">2026 Y\u0131l\u0131nda \u0130\u015flem S\u00fcreci<\/span><\/h2><h5 class=\"p2\" style=\"padding-left: 40px;\">Belarus\u2019ta Elektronik Transit Beyannamesi, g\u00fcmr\u00fck kontrol\u00fc alt\u0131ndaki mallar\u0131n ta\u015f\u0131nmas\u0131nda kullan\u0131lan temel ara\u00e7lardan biridir. 2023 y\u0131l\u0131ndan itibaren ve 2026 itibar\u0131yla Belarus Cumhuriyeti Devlet G\u00fcmr\u00fck Komitesi, transit i\u015flemlerini Elektronik Beyan Merkezi \u00fczerinden aktif olarak dijital formata ta\u015f\u0131maktad\u0131r.<\/h5><p class=\"p2\" style=\"text-align: center;\"><strong>S\u00fcre\u00e7 daha otomatik hale getirilmi\u015f olup a\u015fa\u011f\u0131daki a\u015famalar\u0131 i\u00e7erir:<\/strong><\/p><ul><li class=\"p2\">Sunum:<br \/>Beyanname elektronik ortamda sunulur ve beyan sahibi ya da g\u00fcmr\u00fck temsilcisi taraf\u0131ndan elektronik dijital imza ile imzalan\u0131r.<\/li><li class=\"p2\">Otomatik da\u011f\u0131t\u0131m:<br \/>Elektronik Beyan Merkezi sisteminde beyanname, y\u00fck\u00fcn bulundu\u011fu yerden ba\u011f\u0131ms\u0131z olarak \u00fclkenin herhangi bir noktas\u0131ndaki m\u00fcsait bir g\u00fcmr\u00fck memuruna otomatik olarak y\u00f6nlendirilir.<\/li><li class=\"p2\">Numara atanmas\u0131:<br \/>Verilerin kontrol edilmesinden sonra ta\u015f\u0131y\u0131c\u0131, s\u0131n\u0131r kap\u0131s\u0131nda ibraz edilmesi gereken bir numara al\u0131r. \u00c7o\u011fu durumda beyannamenin bas\u0131l\u0131 kopyas\u0131 art\u0131k gerekli de\u011fildir; dijital tan\u0131mlay\u0131c\u0131 yeterlidir.<\/li><li class=\"p3\">SPOT \u2014 Mallar\u0131n Beklendi\u011fini Onaylama Sistemi:<br \/>Nisan 2026\u2019dan itibaren test modunda, Temmuz ay\u0131ndan itibaren ise zorunlu olarak, yakla\u015fan teslimatlar\u0131n QR kodlar\u0131yla onaylanmas\u0131na y\u00f6nelik bir sistem devreye al\u0131nmaktad\u0131r. Bu sistem transit s\u00fcrecine de entegre edilmektedir.<\/li><\/ul><h2>\u00a0<\/h2><h2 style=\"text-align: center;\"><span class=\"s1\">S\u0131k Yap\u0131lan Hatalar<\/span><\/h2><ul><li style=\"list-style-type: none;\"><ul><li class=\"p2\">\u0130nvoice ve CMR belgelerinde a\u011f\u0131rl\u0131k bilgilerinin uyu\u015fmamas\u0131.<\/li><li class=\"p2\">GT\u0130P \/ TN VED kodunun bulunmamas\u0131 veya hatal\u0131 yaz\u0131lmas\u0131.<\/li><li class=\"p2\">Ta\u015f\u0131tlar\u0131n VIN numaralar\u0131nda hata yap\u0131lmas\u0131.<\/li><\/ul><\/li><\/ul><h5 class=\"p4\" style=\"text-align: center;\">\ud83d\udc49 <span class=\"s1\">Elektronik transit beyannamenizi \u015fimdi d\u00fczenleyin ve yolunuza g\u00fcvenle devam edin!<\/span><\/h5>\t\t\t\t\t\t\t\t<\/div>\n\t\t\t\t\t<\/div>\n\t\t\t\t<\/div>\n\t\t<div class=\"elementor-element elementor-element-c74e739 e-flex e-con-boxed e-con e-parent\" data-id=\"c74e739\" data-element_type=\"container\" data-e-type=\"container\">\n\t\t\t\t\t<div class=\"e-con-inner\">\n\t\t\t\t<div class=\"elementor-element elementor-element-b299031 elementor-widget elementor-widget-button\" data-id=\"b299031\" data-element_type=\"widget\" data-e-type=\"widget\" data-widget_type=\"button.default\">\n\t\t\t\t\t\t\t\t\t\t<a class=\"elementor-button elementor-button-link elementor-size-sm\" href=\"#\">\n\t\t\t\t\t\t<span class=\"elementor-button-content-wrapper\">\n\t\t\t\t\t\t\t\t\t<span class=\"elementor-button-text\">Buraya t\u0131kla<\/span>\n\t\t\t\t\t<\/span>\n\t\t\t\t\t<\/a>\n\t\t\t\t\t\t\t\t<\/div>\n\t\t\t\t\t<\/div>\n\t\t\t\t<\/div>\n\t\t<div class=\"elementor-element elementor-element-79e8fd0 e-flex e-con-boxed e-con e-parent\" data-id=\"79e8fd0\" data-element_type=\"container\" data-e-type=\"container\">\n\t\t\t\t\t<div class=\"e-con-inner\">\n\t\t\t\t<div class=\"elementor-element elementor-element-93bf052 elementor-widget elementor-widget-image\" data-id=\"93bf052\" data-element_type=\"widget\" data-e-type=\"widget\" data-widget_type=\"image.default\">\n\t\t\t\t\t\t\t\t\t\t\t\t\t\t\t<img decoding=\"async\" width=\"709\" height=\"397\" src=\"https:\/\/betainvest.ee\/wp-content\/uploads\/2026\/03\/6c742603-83b1-4c4f-a2ab-3376b1d3f590.jpg\" class=\"attachment-medium_large size-medium_large wp-image-6532\" alt=\"\" srcset=\"https:\/\/betainvest.ee\/wp-content\/uploads\/2026\/03\/6c742603-83b1-4c4f-a2ab-3376b1d3f590.jpg 709w, https:\/\/betainvest.ee\/wp-content\/uploads\/2026\/03\/6c742603-83b1-4c4f-a2ab-3376b1d3f590-300x168.jpg 300w\" sizes=\"(max-width: 709px) 100vw, 709px\" \/>\t\t\t\t\t\t\t\t\t\t\t\t\t\t\t<\/div>\n\t\t\t\t\t<\/div>\n\t\t\t\t<\/div>\n\t\t<div class=\"elementor-element elementor-element-e86906b e-flex e-con-boxed e-con e-parent\" data-id=\"e86906b\" data-element_type=\"container\" data-e-type=\"container\">\n\t\t\t\t\t<div class=\"e-con-inner\">\n\t\t\t\t<div class=\"elementor-element elementor-element-fdeaa0b elementor-widget elementor-widget-spacer\" data-id=\"fdeaa0b\" data-element_type=\"widget\" data-e-type=\"widget\" data-widget_type=\"spacer.default\">\n\t\t\t\t\t\t\t<div class=\"elementor-spacer\">\n\t\t\t<div class=\"elementor-spacer-inner\"><\/div>\n\t\t<\/div>\n\t\t\t\t\t\t<\/div>\n\t\t\t\t\t<\/div>\n\t\t\t\t<\/div>\n\t\t\t\t<\/div>\n\t\t","protected":false},"excerpt":{"rendered":"<p>Mallar\u0131n Belarus Cumhuriyeti topraklar\u0131 \u00fczerinden ta\u015f\u0131nmas\u0131 s\u0131ras\u0131nda g\u00fcmr\u00fck vergileri ve har\u00e7lar\u0131n\u0131n \u00f6denmesi i\u00e7in kay\u0131t ve teminat sa\u011flanmas\u0131 \u00a0 \u00a0 \u00a0 Avrasya Ekonomik Birli\u011fi (AEB) \u00fcyesi olan Belarus Cumhuriyeti topraklar\u0131nda, yabanc\u0131 mallar\u0131n ta\u015f\u0131nmas\u0131nda g\u00fcmr\u00fck transit prosed\u00fcr\u00fc uygulanmaktad\u0131r. Bu prosed\u00fcr kapsam\u0131nda, ta\u015f\u0131y\u0131c\u0131 veya kargo sahibinin g\u00fcmr\u00fck vergileri ve \u00fccretlerinin \u00f6denece\u011fine dair bir garanti vermesi gerekmektedir. \u00a0 \u00a0 [&hellip;]<\/p>\n","protected":false},"author":1,"featured_media":0,"parent":0,"menu_order":0,"comment_status":"closed","ping_status":"closed","template":"","meta":{"footnotes":""},"class_list":["post-3631","page","type-page","status-publish","hentry"],"_links":{"self":[{"href":"https:\/\/betainvest.ee\/tr\/wp-json\/wp\/v2\/pages\/3631","targetHints":{"allow":["GET"]}}],"collection":[{"href":"https:\/\/betainvest.ee\/tr\/wp-json\/wp\/v2\/pages"}],"about":[{"href":"https:\/\/betainvest.ee\/tr\/wp-json\/wp\/v2\/types\/page"}],"author":[{"embeddable":true,"href":"https:\/\/betainvest.ee\/tr\/wp-json\/wp\/v2\/users\/1"}],"replies":[{"embeddable":true,"href":"https:\/\/betainvest.ee\/tr\/wp-json\/wp\/v2\/comments?post=3631"}],"version-history":[{"count":10,"href":"https:\/\/betainvest.ee\/tr\/wp-json\/wp\/v2\/pages\/3631\/revisions"}],"predecessor-version":[{"id":8085,"href":"https:\/\/betainvest.ee\/tr\/wp-json\/wp\/v2\/pages\/3631\/revisions\/8085"}],"wp:attachment":[{"href":"https:\/\/betainvest.ee\/tr\/wp-json\/wp\/v2\/media?parent=3631"}],"curies":[{"name":"wp","href":"https:\/\/api.w.org\/{rel}","templated":true}]}}