{"id":3639,"date":"2025-08-04T06:22:53","date_gmt":"2025-08-04T06:22:53","guid":{"rendered":"https:\/\/betainvest.ee\/gumruk-teminat-guvenligi-belarus\/"},"modified":"2026-04-24T10:32:09","modified_gmt":"2026-04-24T10:32:09","slug":"gumruk-teminat-guvenligi-belarus","status":"publish","type":"page","link":"https:\/\/betainvest.ee\/tr\/gumruk-teminat-guvenligi-belarus\/","title":{"rendered":"G\u00fcmr\u00fck teminat g\u00fcvenli\u011fi &#8211; Belarus"},"content":{"rendered":"\t\t<div data-elementor-type=\"wp-page\" data-elementor-id=\"3639\" class=\"elementor elementor-3639 elementor-32\" data-elementor-post-type=\"page\">\n\t\t\t\t<div class=\"elementor-element elementor-element-969a07e e-flex e-con-boxed e-con e-parent\" data-id=\"969a07e\" data-element_type=\"container\" data-e-type=\"container\">\n\t\t\t\t\t<div class=\"e-con-inner\">\n\t\t\t\t<div class=\"elementor-element elementor-element-f48db8b elementor-widget elementor-widget-image\" data-id=\"f48db8b\" data-element_type=\"widget\" data-e-type=\"widget\" data-widget_type=\"image.default\">\n\t\t\t\t\t\t\t\t\t\t\t\t\t\t\t<img fetchpriority=\"high\" decoding=\"async\" width=\"768\" height=\"432\" src=\"https:\/\/betainvest.ee\/wp-content\/uploads\/2026\/04\/KMO_128025_06398_1_t218_155358-768x432.jpg\" class=\"attachment-medium_large size-medium_large wp-image-8014\" alt=\"\" srcset=\"https:\/\/betainvest.ee\/wp-content\/uploads\/2026\/04\/KMO_128025_06398_1_t218_155358-768x432.jpg 768w, https:\/\/betainvest.ee\/wp-content\/uploads\/2026\/04\/KMO_128025_06398_1_t218_155358-300x169.jpg 300w, https:\/\/betainvest.ee\/wp-content\/uploads\/2026\/04\/KMO_128025_06398_1_t218_155358.jpg 815w\" sizes=\"(max-width: 768px) 100vw, 768px\" \/>\t\t\t\t\t\t\t\t\t\t\t\t\t\t\t<\/div>\n\t\t\t\t\t<\/div>\n\t\t\t\t<\/div>\n\t\t<div class=\"elementor-element elementor-element-b611728 e-flex e-con-boxed e-con e-parent\" data-id=\"b611728\" data-element_type=\"container\" data-e-type=\"container\">\n\t\t\t\t\t<div class=\"e-con-inner\">\n\t\t\t\t<div class=\"elementor-element elementor-element-ba158ab elementor-widget elementor-widget-spacer\" data-id=\"ba158ab\" data-element_type=\"widget\" data-e-type=\"widget\" data-widget_type=\"spacer.default\">\n\t\t\t\t\t\t\t<div class=\"elementor-spacer\">\n\t\t\t<div class=\"elementor-spacer-inner\"><\/div>\n\t\t<\/div>\n\t\t\t\t\t\t<\/div>\n\t\t\t\t\t<\/div>\n\t\t\t\t<\/div>\n\t\t<div class=\"elementor-element elementor-element-2439587 e-flex e-con-boxed e-con e-parent\" data-id=\"2439587\" data-element_type=\"container\" data-e-type=\"container\">\n\t\t\t\t\t<div class=\"e-con-inner\">\n\t\t\t\t<div class=\"elementor-element elementor-element-7851698 elementor-widget elementor-widget-text-editor\" data-id=\"7851698\" data-element_type=\"widget\" data-e-type=\"widget\" data-widget_type=\"text-editor.default\">\n\t\t\t\t\t\t\t\t\t<p style=\"text-align: center;\"><u><strong>Mallar\u0131n Belarus Cumhuriyeti topraklar\u0131 \u00fczerinden g\u00fcmr\u00fck transit ge\u00e7i\u015fi s\u0131ras\u0131nda g\u00fcmr\u00fck vergileri ve har\u00e7lar\u0131n\u0131n \u00f6denmesi i\u00e7in resmile\u015ftirme ve teminat sa\u011flanmas\u0131<\/strong> <\/u><\/p><p><strong>\u00a0 \u00a0 \u00a0Belarus Cumhuriyeti<\/strong> Avrasya Ekonomik Birli\u011fi&#8217;ne (AEB) \u00fcye bir \u00fclkedir. Buna g\u00f6re, yabanc\u0131 mallar\u0131n Belarus topraklar\u0131 \u00fczerinden ta\u015f\u0131nmas\u0131nda g\u00fcmr\u00fck transit prosed\u00fcr\u00fc uygulanmaktad\u0131r: ta\u015f\u0131y\u0131c\u0131 veya kargo sahibinin g\u00fcmr\u00fck vergi ve har\u00e7lar\u0131n\u0131n \u00f6denmesini sa\u011flamas\u0131 gerekmektedir. Gerekli \u00f6demelerin daha sonraki bir tarihte yap\u0131laca\u011f\u0131na dair mali bir garanti verilmelidir.<\/p><p>\u00a0 \u00a0 \u00a0Bunu yapman\u0131n yollar\u0131ndan biri, Declarant Online taraf\u0131ndan sa\u011flanan bir hizmet olan kefalet bonosudur. Teminat uygundur \u00e7\u00fcnk\u00fc \u015firketin kendi i\u015fletme sermayesini dondurmas\u0131, banka garantisi almas\u0131 veya kargo transit s\u00fcresi i\u00e7in m\u00fclk rehin etmesi gerekmez. G\u00fcn\u00fcm\u00fczde g\u00fcmr\u00fck vergisi teminat belgesi ile elektronik ortamda \u00e7al\u0131\u015fmak m\u00fcmk\u00fcnd\u00fcr.<\/p><p>\u00a0 \u00a0 \u00a0En modern, rahat ve g\u00fcvenilir yoldur ve yard\u0131m\u0131m\u0131zla kolayca uygulayabilirsiniz.<\/p><p style=\"text-align: center;\"><strong><u>Teminat d\u00fczenlemek i\u00e7in gerekli belgeler &#8211; Belarus:<\/u><\/strong><\/p><table width=\"100%\"><tbody><tr><td><p><strong>Ba\u015fl\u0131k<\/strong><\/p><\/td><td><p><strong>A\u00e7\u0131klama<\/strong><\/p><\/td><\/tr><tr><td><p>CMR<\/p><\/td><td><p>Uluslararas\u0131 sevkiyat notu<\/p><\/td><\/tr><tr><td><p>FATURA<\/p><\/td><td><p>Fatura<\/p><\/td><\/tr><tr><td><p>Paket listesi<\/p><\/td><td><p>Paket listesi<\/p><\/td><\/tr><tr><td><p>Teknik veri sayfalar\u0131<\/p><\/td><td><p>Ara\u00e7 ve r\u00f6mork i\u00e7in teknik pasaportlar<\/p><\/td><\/tr><tr><td><p>S\u00fcr\u00fcc\u00fc pasaportu<\/p><\/td><td>\u00a0<\/td><\/tr><tr><td><p>G\u00fcmr\u00fck ta\u015f\u0131y\u0131c\u0131 sertifikas\u0131<\/p><\/td><td><p>Varl\u0131\u011f\u0131nda<\/p><\/td><\/tr><tr><td><p>M\u00fch\u00fcr alt\u0131nda yetki belgesi<\/p><\/td><td>\u00a0<\/td><\/tr><\/tbody><\/table><p style=\"text-align: center;\"><strong>Ek bilgi gerekiyor:<\/strong><\/p><ul><li>s\u0131n\u0131r ge\u00e7i\u015f noktas\u0131 ad\u0131<\/li><li>s\u00fcr\u00fcc\u00fcn\u00fcn cep telefonunun ileti\u015fim numaras\u0131<\/li><li>s\u00fcr\u00fcc\u00fcn\u00fcn s\u0131n\u0131rda olaca\u011f\u0131 yakla\u015f\u0131k zaman<\/li><\/ul>\t\t\t\t\t\t\t\t<\/div>\n\t\t\t\t\t<\/div>\n\t\t\t\t<\/div>\n\t\t<div class=\"elementor-element elementor-element-30c4555 e-flex e-con-boxed e-con e-parent\" data-id=\"30c4555\" data-element_type=\"container\" data-e-type=\"container\">\n\t\t\t\t\t<div class=\"e-con-inner\">\n\t\t\t\t<div class=\"elementor-element elementor-element-15eb0e2 elementor-button-info elementor-align-center elementor-invisible elementor-widget elementor-widget-button\" data-id=\"15eb0e2\" data-element_type=\"widget\" data-e-type=\"widget\" data-settings=\"{&quot;_animation&quot;:&quot;fadeInDown&quot;}\" data-widget_type=\"button.default\">\n\t\t\t\t\t\t\t\t\t\t<a class=\"elementor-button elementor-button-link elementor-size-sm\" href=\"https:\/\/betainvest.ee\/ru\/\u043a\u043e\u043d\u0442\u0430\u043a\u0442\u044b\/\">\n\t\t\t\t\t\t<span class=\"elementor-button-content-wrapper\">\n\t\t\t\t\t\t\t\t\t<span class=\"elementor-button-text\">Hemen Ba\u015fvurun<\/span>\n\t\t\t\t\t<\/span>\n\t\t\t\t\t<\/a>\n\t\t\t\t\t\t\t\t<\/div>\n\t\t\t\t\t<\/div>\n\t\t\t\t<\/div>\n\t\t<div class=\"elementor-element elementor-element-0c18722 e-flex e-con-boxed e-con e-parent\" data-id=\"0c18722\" data-element_type=\"container\" data-e-type=\"container\">\n\t\t\t\t\t<div class=\"e-con-inner\">\n\t\t\t\t<div class=\"elementor-element elementor-element-cb8ea44 elementor-widget elementor-widget-image\" data-id=\"cb8ea44\" data-element_type=\"widget\" data-e-type=\"widget\" data-widget_type=\"image.default\">\n\t\t\t\t\t\t\t\t\t\t\t\t\t\t\t<img decoding=\"async\" width=\"768\" height=\"512\" src=\"https:\/\/betainvest.ee\/wp-content\/uploads\/2026\/04\/image-768x512.png\" class=\"attachment-medium_large size-medium_large wp-image-7658\" alt=\"\" srcset=\"https:\/\/betainvest.ee\/wp-content\/uploads\/2026\/04\/image-768x512.png 768w, https:\/\/betainvest.ee\/wp-content\/uploads\/2026\/04\/image-300x200.png 300w, https:\/\/betainvest.ee\/wp-content\/uploads\/2026\/04\/image-1024x683.png 1024w, https:\/\/betainvest.ee\/wp-content\/uploads\/2026\/04\/image.png 1536w\" sizes=\"(max-width: 768px) 100vw, 768px\" \/>\t\t\t\t\t\t\t\t\t\t\t\t\t\t\t<\/div>\n\t\t\t\t\t<\/div>\n\t\t\t\t<\/div>\n\t\t<div class=\"elementor-element elementor-element-7ec2acc e-flex e-con-boxed e-con e-parent\" data-id=\"7ec2acc\" data-element_type=\"container\" data-e-type=\"container\">\n\t\t\t\t\t<div class=\"e-con-inner\">\n\t\t\t\t<div class=\"elementor-element elementor-element-64e2405 elementor-widget elementor-widget-spacer\" data-id=\"64e2405\" data-element_type=\"widget\" data-e-type=\"widget\" data-widget_type=\"spacer.default\">\n\t\t\t\t\t\t\t<div class=\"elementor-spacer\">\n\t\t\t<div class=\"elementor-spacer-inner\"><\/div>\n\t\t<\/div>\n\t\t\t\t\t\t<\/div>\n\t\t\t\t\t<\/div>\n\t\t\t\t<\/div>\n\t\t\t\t<\/div>\n\t\t","protected":false},"excerpt":{"rendered":"<p>Mallar\u0131n Belarus Cumhuriyeti topraklar\u0131 \u00fczerinden g\u00fcmr\u00fck transit ge\u00e7i\u015fi s\u0131ras\u0131nda g\u00fcmr\u00fck vergileri ve har\u00e7lar\u0131n\u0131n \u00f6denmesi i\u00e7in resmile\u015ftirme ve teminat sa\u011flanmas\u0131 \u00a0 \u00a0 \u00a0Belarus Cumhuriyeti Avrasya Ekonomik Birli\u011fi&#8217;ne (AEB) \u00fcye bir \u00fclkedir. Buna g\u00f6re, yabanc\u0131 mallar\u0131n Belarus topraklar\u0131 \u00fczerinden ta\u015f\u0131nmas\u0131nda g\u00fcmr\u00fck transit prosed\u00fcr\u00fc uygulanmaktad\u0131r: ta\u015f\u0131y\u0131c\u0131 veya kargo sahibinin g\u00fcmr\u00fck vergi ve har\u00e7lar\u0131n\u0131n \u00f6denmesini sa\u011flamas\u0131 gerekmektedir. Gerekli \u00f6demelerin [&hellip;]<\/p>\n","protected":false},"author":1,"featured_media":0,"parent":0,"menu_order":0,"comment_status":"closed","ping_status":"closed","template":"","meta":{"footnotes":""},"class_list":["post-3639","page","type-page","status-publish","hentry"],"_links":{"self":[{"href":"https:\/\/betainvest.ee\/tr\/wp-json\/wp\/v2\/pages\/3639","targetHints":{"allow":["GET"]}}],"collection":[{"href":"https:\/\/betainvest.ee\/tr\/wp-json\/wp\/v2\/pages"}],"about":[{"href":"https:\/\/betainvest.ee\/tr\/wp-json\/wp\/v2\/types\/page"}],"author":[{"embeddable":true,"href":"https:\/\/betainvest.ee\/tr\/wp-json\/wp\/v2\/users\/1"}],"replies":[{"embeddable":true,"href":"https:\/\/betainvest.ee\/tr\/wp-json\/wp\/v2\/comments?post=3639"}],"version-history":[{"count":14,"href":"https:\/\/betainvest.ee\/tr\/wp-json\/wp\/v2\/pages\/3639\/revisions"}],"predecessor-version":[{"id":8035,"href":"https:\/\/betainvest.ee\/tr\/wp-json\/wp\/v2\/pages\/3639\/revisions\/8035"}],"wp:attachment":[{"href":"https:\/\/betainvest.ee\/tr\/wp-json\/wp\/v2\/media?parent=3639"}],"curies":[{"name":"wp","href":"https:\/\/api.w.org\/{rel}","templated":true}]}}