{"id":3664,"date":"2025-08-04T06:22:53","date_gmt":"2025-08-04T06:22:53","guid":{"rendered":"https:\/\/betainvest.ee\/elektronik-transit-beyannamesi-rusya\/"},"modified":"2026-03-16T00:29:23","modified_gmt":"2026-03-16T00:29:23","slug":"elektronik-transit-beyannamesi-rusya","status":"publish","type":"page","link":"https:\/\/betainvest.ee\/tr\/elektronik-transit-beyannamesi-rusya\/","title":{"rendered":"Rusya \u0130\u00e7in Elektronik Transit Beyan\u0131 (Tranzitka)"},"content":{"rendered":"\t\t<div data-elementor-type=\"wp-page\" data-elementor-id=\"3664\" class=\"elementor elementor-3664 elementor-30\" data-elementor-post-type=\"page\">\n\t\t\t\t<div class=\"elementor-element elementor-element-7d6a3d1 e-flex e-con-boxed e-con e-parent\" data-id=\"7d6a3d1\" data-element_type=\"container\" data-e-type=\"container\">\n\t\t\t\t\t<div class=\"e-con-inner\">\n\t\t\t\t<div class=\"elementor-element elementor-element-e2671e7 elementor-widget elementor-widget-image\" data-id=\"e2671e7\" data-element_type=\"widget\" data-e-type=\"widget\" data-widget_type=\"image.default\">\n\t\t\t\t\t\t\t\t\t\t\t\t\t\t\t<img fetchpriority=\"high\" decoding=\"async\" width=\"768\" height=\"432\" src=\"https:\/\/betainvest.ee\/wp-content\/uploads\/2026\/03\/d8305cc9feaaf87b8140a1efc33ecf80-768x432.jpg\" class=\"attachment-medium_large size-medium_large wp-image-6541\" alt=\"\" srcset=\"https:\/\/betainvest.ee\/wp-content\/uploads\/2026\/03\/d8305cc9feaaf87b8140a1efc33ecf80-768x432.jpg 768w, https:\/\/betainvest.ee\/wp-content\/uploads\/2026\/03\/d8305cc9feaaf87b8140a1efc33ecf80-300x169.jpg 300w, https:\/\/betainvest.ee\/wp-content\/uploads\/2026\/03\/d8305cc9feaaf87b8140a1efc33ecf80.jpg 1000w\" sizes=\"(max-width: 768px) 100vw, 768px\" \/>\t\t\t\t\t\t\t\t\t\t\t\t\t\t\t<\/div>\n\t\t\t\t\t<\/div>\n\t\t\t\t<\/div>\n\t\t<div class=\"elementor-element elementor-element-6bc78af e-flex e-con-boxed e-con e-parent\" data-id=\"6bc78af\" data-element_type=\"container\" data-e-type=\"container\">\n\t\t\t\t\t<div class=\"e-con-inner\">\n\t\t\t\t<div class=\"elementor-element elementor-element-f40cd82 elementor-widget elementor-widget-heading\" data-id=\"f40cd82\" data-element_type=\"widget\" data-e-type=\"widget\" data-widget_type=\"heading.default\">\n\t\t\t\t\t<h2 class=\"elementor-heading-title elementor-size-default\">Rusya Federasyonu Topraklar\u0131 \u0130\u00e7in Elektronik Transit Beyannamesinin D\u00fczenlenmesi<\/h2>\t\t\t\t<\/div>\n\t\t\t\t\t<\/div>\n\t\t\t\t<\/div>\n\t\t<div class=\"elementor-element elementor-element-31ab442 e-flex e-con-boxed e-con e-parent\" data-id=\"31ab442\" data-element_type=\"container\" data-e-type=\"container\">\n\t\t\t\t\t<div class=\"e-con-inner\">\n\t\t\t\t<div class=\"elementor-element elementor-element-6c3b075 elementor-widget elementor-widget-text-editor\" data-id=\"6c3b075\" data-element_type=\"widget\" data-e-type=\"widget\" data-widget_type=\"text-editor.default\">\n\t\t\t\t\t\t\t\t\t<p>\u00a0 \u00a0 \u00a0Mart 2017&#8217;den bu yana, Rusya Federasyonu topraklar\u0131nda yabanc\u0131 mallar\u0131 teslim eden uluslararas\u0131 karayolu y\u00fck ta\u015f\u0131y\u0131c\u0131lar\u0131, transit beyannamelerini yaln\u0131zca elektronik ortamda sunmakla y\u00fck\u00fcml\u00fcd\u00fcr. O andan itibaren, Rusya Federasyonu Maliye Bakanl\u0131\u011f\u0131&#8217;n\u0131n &#8220;G\u00fcmr\u00fck Kontrol\u00fc, G\u00fcmr\u00fck Beyan\u0131 ve G\u00fcmr\u00fck Transit Prosed\u00fcr\u00fc Kapsam\u0131nda Yerle\u015ftirilen Mallar\u0131n Elektronik Formda Serbest B\u0131rak\u0131lmas\u0131nda (Serbest B\u0131rakman\u0131n Reddedilmesi) G\u00fcmr\u00fck Makamlar\u0131n\u0131n Birle\u015fik Otomatik Bilgi Sisteminin Kullan\u0131lmas\u0131na \u0130li\u015fkin Prosed\u00fcr\u00fcn Onaylanmas\u0131 Hakk\u0131nda&#8221; 144n say\u0131l\u0131 Emri y\u00fcr\u00fcrl\u00fc\u011fe girmi\u015ftir.<\/p><p>\u00a0 \u00a0 \u00a0Elektronik transit beyannamesi, g\u00fcmr\u00fck temsilcisinin elektronik imzas\u0131 kullan\u0131larak sunulur.<\/p><p>\u00a0 \u00a0 \u00a0Betainvest, kargonuz i\u00e7in 7\/24 elektronik transit beyannamesi (ETD) hizmeti sunmaktad\u0131r. \u00d6zel yaz\u0131l\u0131mlar da dahil olmak \u00fczere ihtiyac\u0131n\u0131z olan her \u015feye ve en \u00f6nemlisi ETD&#8217;lerin i\u015flenmesinde birikmi\u015f deneyime sahibiz.<\/p><p style=\"text-align: center;\"><strong>ETD&#8217;lerin y\u00fcr\u00fct\u00fclmesi i\u00e7in gerekli belgeler:<\/strong><\/p><table width=\"100%\"><tbody><tr><td><p><strong>Ba\u015fl\u0131k<\/strong><\/p><\/td><td><p><strong>A\u00e7\u0131klama<\/strong><\/p><\/td><\/tr><tr><td><p>CMR<\/p><\/td><td><p>Uluslararas\u0131 sevkiyat notu<\/p><\/td><\/tr><tr><td><p>FATURA<\/p><\/td><td><p>Fatura<\/p><\/td><\/tr><tr><td><p>Paket listesi<\/p><\/td><td><p>Paket listesi<\/p><\/td><\/tr><tr><td><p>Teknik veri sayfalar\u0131<\/p><\/td><td><p>Ara\u00e7 ve r\u00f6mork i\u00e7in teknik pasaportlar<\/p><\/td><\/tr><tr><td><p>S\u00fcr\u00fcc\u00fc pasaportu<\/p><\/td><td>\u00a0<\/td><\/tr><tr><td><p>\u015eartname (gerekti\u011fi gibi)<\/p><\/td><td><p>TN VED kodlar\u0131n\u0131n belirtilmesi ve de\u011fer ve a\u011f\u0131rl\u0131\u011fa g\u00f6re da\u011f\u0131l\u0131m\u0131<\/p><\/td><\/tr><tr><td><p>G\u00fcmr\u00fck ta\u015f\u0131y\u0131c\u0131 sertifikas\u0131<\/p><\/td><td><p>Varl\u0131\u011f\u0131nda<\/p><\/td><\/tr><\/tbody><\/table><p style=\"text-align: center;\"><strong>Ek bilgi gerekiyor:<\/strong><\/p><ul><li>s\u0131n\u0131r ge\u00e7i\u015f noktas\u0131 ad\u0131<\/li><li>s\u00fcr\u00fcc\u00fcn\u00fcn cep telefonunun ileti\u015fim numaras\u0131<\/li><li>s\u00fcr\u00fcc\u00fcn\u00fcn s\u0131n\u0131rda olaca\u011f\u0131 yakla\u015f\u0131k zaman<\/li><\/ul>\t\t\t\t\t\t\t\t<\/div>\n\t\t\t\t\t<\/div>\n\t\t\t\t<\/div>\n\t\t<div class=\"elementor-element elementor-element-cd1a6e0 e-flex e-con-boxed e-con e-parent\" data-id=\"cd1a6e0\" data-element_type=\"container\" data-e-type=\"container\">\n\t\t\t\t\t<div class=\"e-con-inner\">\n\t\t\t\t<div class=\"elementor-element elementor-element-760959f elementor-button-info elementor-align-center elementor-invisible elementor-widget elementor-widget-button\" data-id=\"760959f\" data-element_type=\"widget\" data-e-type=\"widget\" data-settings=\"{&quot;_animation&quot;:&quot;fadeInDown&quot;}\" data-widget_type=\"button.default\">\n\t\t\t\t\t\t\t\t\t\t<a class=\"elementor-button elementor-button-link elementor-size-sm\" href=\"https:\/\/betainvest.ee\/tr\/iletisim\/\">\n\t\t\t\t\t\t<span class=\"elementor-button-content-wrapper\">\n\t\t\t\t\t\t\t\t\t<span class=\"elementor-button-text\">Hemen Ba\u015fvurun<\/span>\n\t\t\t\t\t<\/span>\n\t\t\t\t\t<\/a>\n\t\t\t\t\t\t\t\t<\/div>\n\t\t\t\t\t<\/div>\n\t\t\t\t<\/div>\n\t\t<div class=\"elementor-element elementor-element-3a0d3d0 e-flex e-con-boxed e-con e-parent\" data-id=\"3a0d3d0\" data-element_type=\"container\" data-e-type=\"container\">\n\t\t\t\t\t<div class=\"e-con-inner\">\n\t\t\t\t<div class=\"elementor-element elementor-element-b982c9e elementor-widget elementor-widget-image\" data-id=\"b982c9e\" data-element_type=\"widget\" data-e-type=\"widget\" data-widget_type=\"image.default\">\n\t\t\t\t\t\t\t\t\t\t\t\t\t\t\t<img decoding=\"async\" width=\"768\" height=\"512\" src=\"https:\/\/betainvest.ee\/wp-content\/uploads\/2026\/03\/Gumruk-transiti-768x512.png\" class=\"attachment-medium_large size-medium_large wp-image-6771\" alt=\"\" srcset=\"https:\/\/betainvest.ee\/wp-content\/uploads\/2026\/03\/Gumruk-transiti-768x512.png 768w, https:\/\/betainvest.ee\/wp-content\/uploads\/2026\/03\/Gumruk-transiti-300x200.png 300w, https:\/\/betainvest.ee\/wp-content\/uploads\/2026\/03\/Gumruk-transiti-1024x683.png 1024w, https:\/\/betainvest.ee\/wp-content\/uploads\/2026\/03\/Gumruk-transiti.png 1536w\" sizes=\"(max-width: 768px) 100vw, 768px\" \/>\t\t\t\t\t\t\t\t\t\t\t\t\t\t\t<\/div>\n\t\t\t\t\t<\/div>\n\t\t\t\t<\/div>\n\t\t<div class=\"elementor-element elementor-element-499c283 e-flex e-con-boxed e-con e-parent\" data-id=\"499c283\" data-element_type=\"container\" data-e-type=\"container\">\n\t\t\t\t\t<div class=\"e-con-inner\">\n\t\t\t\t<div class=\"elementor-element elementor-element-36cccdc elementor-widget elementor-widget-spacer\" data-id=\"36cccdc\" data-element_type=\"widget\" data-e-type=\"widget\" data-widget_type=\"spacer.default\">\n\t\t\t\t\t\t\t<div class=\"elementor-spacer\">\n\t\t\t<div class=\"elementor-spacer-inner\"><\/div>\n\t\t<\/div>\n\t\t\t\t\t\t<\/div>\n\t\t\t\t\t<\/div>\n\t\t\t\t<\/div>\n\t\t\t\t<\/div>\n\t\t","protected":false},"excerpt":{"rendered":"<p>Rusya Federasyonu Topraklar\u0131 \u0130\u00e7in Elektronik Transit Beyannamesinin D\u00fczenlenmesi \u00a0 \u00a0 \u00a0Mart 2017&#8217;den bu yana, Rusya Federasyonu topraklar\u0131nda yabanc\u0131 mallar\u0131 teslim eden uluslararas\u0131 karayolu y\u00fck ta\u015f\u0131y\u0131c\u0131lar\u0131, transit beyannamelerini yaln\u0131zca elektronik ortamda sunmakla y\u00fck\u00fcml\u00fcd\u00fcr. O andan itibaren, Rusya Federasyonu Maliye Bakanl\u0131\u011f\u0131&#8217;n\u0131n &#8220;G\u00fcmr\u00fck Kontrol\u00fc, G\u00fcmr\u00fck Beyan\u0131 ve G\u00fcmr\u00fck Transit Prosed\u00fcr\u00fc Kapsam\u0131nda Yerle\u015ftirilen Mallar\u0131n Elektronik Formda Serbest B\u0131rak\u0131lmas\u0131nda (Serbest [&hellip;]<\/p>\n","protected":false},"author":1,"featured_media":0,"parent":0,"menu_order":0,"comment_status":"closed","ping_status":"closed","template":"","meta":{"footnotes":""},"class_list":["post-3664","page","type-page","status-publish","hentry"],"_links":{"self":[{"href":"https:\/\/betainvest.ee\/tr\/wp-json\/wp\/v2\/pages\/3664","targetHints":{"allow":["GET"]}}],"collection":[{"href":"https:\/\/betainvest.ee\/tr\/wp-json\/wp\/v2\/pages"}],"about":[{"href":"https:\/\/betainvest.ee\/tr\/wp-json\/wp\/v2\/types\/page"}],"author":[{"embeddable":true,"href":"https:\/\/betainvest.ee\/tr\/wp-json\/wp\/v2\/users\/1"}],"replies":[{"embeddable":true,"href":"https:\/\/betainvest.ee\/tr\/wp-json\/wp\/v2\/comments?post=3664"}],"version-history":[{"count":12,"href":"https:\/\/betainvest.ee\/tr\/wp-json\/wp\/v2\/pages\/3664\/revisions"}],"predecessor-version":[{"id":6967,"href":"https:\/\/betainvest.ee\/tr\/wp-json\/wp\/v2\/pages\/3664\/revisions\/6967"}],"wp:attachment":[{"href":"https:\/\/betainvest.ee\/tr\/wp-json\/wp\/v2\/media?parent=3664"}],"curies":[{"name":"wp","href":"https:\/\/api.w.org\/{rel}","templated":true}]}}