{"id":3680,"date":"2025-08-04T06:22:53","date_gmt":"2025-08-04T06:22:53","guid":{"rendered":"https:\/\/betainvest.ee\/gumruk-transit\/"},"modified":"2026-03-16T04:01:23","modified_gmt":"2026-03-16T04:01:23","slug":"gumruk-transit","status":"publish","type":"page","link":"https:\/\/betainvest.ee\/tr\/gumruk-transit\/","title":{"rendered":"Rusya\u2019da Ticari Ara\u00e7 (Kamyon) Sigortas\u0131"},"content":{"rendered":"\t\t<div data-elementor-type=\"wp-page\" data-elementor-id=\"3680\" class=\"elementor elementor-3680 elementor-36\" data-elementor-post-type=\"page\">\n\t\t\t\t<div class=\"elementor-element elementor-element-75092b7 e-flex e-con-boxed e-con e-parent\" data-id=\"75092b7\" data-element_type=\"container\" data-e-type=\"container\">\n\t\t\t\t\t<div class=\"e-con-inner\">\n\t\t\t\t<div class=\"elementor-element elementor-element-c8a3a8f elementor-widget elementor-widget-heading\" data-id=\"c8a3a8f\" data-element_type=\"widget\" data-e-type=\"widget\" data-widget_type=\"heading.default\">\n\t\t\t\t\t<h2 class=\"elementor-heading-title elementor-size-default\">Rusya genelinde ticari ara\u00e7 ve r\u00f6mork sigortas\u0131<\/h2>\t\t\t\t<\/div>\n\t\t\t\t\t<\/div>\n\t\t\t\t<\/div>\n\t\t<div class=\"elementor-element elementor-element-ed1e751 e-flex e-con-boxed e-con e-parent\" data-id=\"ed1e751\" data-element_type=\"container\" data-e-type=\"container\">\n\t\t\t\t\t<div class=\"e-con-inner\">\n\t\t\t\t<div class=\"elementor-element elementor-element-dbc3dfb elementor-widget elementor-widget-image\" data-id=\"dbc3dfb\" data-element_type=\"widget\" data-e-type=\"widget\" data-widget_type=\"image.default\">\n\t\t\t\t\t\t\t\t\t\t\t\t\t\t\t<img fetchpriority=\"high\" decoding=\"async\" width=\"768\" height=\"512\" src=\"https:\/\/betainvest.ee\/wp-content\/uploads\/2026\/03\/epic_insurance_advertisement_scene_in_a_dark_high-768x512.png\" class=\"attachment-medium_large size-medium_large wp-image-6691\" alt=\"\" srcset=\"https:\/\/betainvest.ee\/wp-content\/uploads\/2026\/03\/epic_insurance_advertisement_scene_in_a_dark_high-768x512.png 768w, https:\/\/betainvest.ee\/wp-content\/uploads\/2026\/03\/epic_insurance_advertisement_scene_in_a_dark_high-300x200.png 300w, https:\/\/betainvest.ee\/wp-content\/uploads\/2026\/03\/epic_insurance_advertisement_scene_in_a_dark_high-1024x683.png 1024w, https:\/\/betainvest.ee\/wp-content\/uploads\/2026\/03\/epic_insurance_advertisement_scene_in_a_dark_high.png 1536w\" sizes=\"(max-width: 768px) 100vw, 768px\" \/>\t\t\t\t\t\t\t\t\t\t\t\t\t\t\t<\/div>\n\t\t\t\t\t<\/div>\n\t\t\t\t<\/div>\n\t\t<div class=\"elementor-element elementor-element-f0fdc7d e-flex e-con-boxed e-con e-parent\" data-id=\"f0fdc7d\" data-element_type=\"container\" data-e-type=\"container\">\n\t\t\t\t\t<div class=\"e-con-inner\">\n\t\t\t\t<div class=\"elementor-element elementor-element-32df0b6 elementor-widget elementor-widget-spacer\" data-id=\"32df0b6\" data-element_type=\"widget\" data-e-type=\"widget\" data-widget_type=\"spacer.default\">\n\t\t\t\t\t\t\t<div class=\"elementor-spacer\">\n\t\t\t<div class=\"elementor-spacer-inner\"><\/div>\n\t\t<\/div>\n\t\t\t\t\t\t<\/div>\n\t\t\t\t<div class=\"elementor-element elementor-element-2876786 elementor-widget elementor-widget-text-editor\" data-id=\"2876786\" data-element_type=\"widget\" data-e-type=\"widget\" data-widget_type=\"text-editor.default\">\n\t\t\t\t\t\t\t\t\t<h2 style=\"text-align: center;\">Rusya\u2019ya kamyonla giriyorsan\u0131z, sigorta zorunludur<\/h2><p class=\"p3\">ENERGOGARANT \u015firketinden y\u00fck ta\u015f\u0131mac\u0131l\u0131\u011f\u0131 yapan ticari ara\u00e7lar i\u00e7in ara\u00e7 sigortas\u0131<\/p><p class=\"p4\">Bu, yollarda \u00e7\u0131karlar\u0131n\u0131z\u0131 koruyan g\u00fcvenilir ve zaman\u0131nda sunulan bir g\u00fcvencedir. Sigorta poli\u00e7esi, arac\u0131n hasar g\u00f6rmesiyle ilgili riskleri kapsar ve ayr\u0131ca \u00fc\u00e7\u00fcnc\u00fc ki\u015filere, onlar\u0131n mal varl\u0131\u011f\u0131na ve sa\u011fl\u0131\u011f\u0131na verilen zararlar\u0131 da kar\u015f\u0131lar.<\/p><p class=\"p4\">\u015eirket, Rusya Federasyonu\u2019nun t\u00fcm b\u00f6lgelerinde <span class=\"s2\">OSAGO poli\u00e7elerinin<\/span> h\u0131zl\u0131, pratik ve her m\u00fc\u015fteriye \u00f6zel yakla\u015f\u0131mla d\u00fczenlenmesini sunmaktad\u0131r.<\/p><h2 style=\"text-align: center;\">Yabanc\u0131 transit kamyonlar i\u00e7in zorunlu sigorta (OSAGO)<\/h2><p class=\"p4\">Bu sigorta, Rusya topraklar\u0131ndan ge\u00e7i\u015f s\u0131ras\u0131nda finansal g\u00fcvence sa\u011flar. Poli\u00e7e, kusurlu bulunmalar\u0131 halinde yabanc\u0131 ta\u015f\u0131y\u0131c\u0131lar\u0131n trafik kazas\u0131 sonucu ortaya \u00e7\u0131kabilecek beklenmedik masraflardan korunmas\u0131na yard\u0131mc\u0131 olur.<\/p><p class=\"p4\">\u015eirketimiz, transit <span class=\"s2\">OSAGO<\/span> poli\u00e7esinin d\u00fczenlenmesi i\u00e7in tam kapsaml\u0131 hizmet sunmaktad\u0131r. Buna \u015funlar dahildir:<\/p><ul><li><p class=\"p1\">anla\u015f\u0131l\u0131r dilde dan\u0131\u015fmanl\u0131k (<span class=\"s1\">Rus\u00e7a, \u0130ngilizce, T\u00fcrk\u00e7e<\/span>)<\/p><\/li><li><p class=\"p1\">15-20 dakika i\u00e7inde<span class=\"s1\"> h\u0131zl\u0131 d\u00fczenleme<\/span><\/p><\/li><li><p class=\"p1\">elektronik kay\u0131t ve poli\u00e7eye \u00e7evrim i\u00e7i eri\u015fim<\/p><\/li><li><p class=\"p1\">d\u00fczenli ve tek seferlik ta\u015f\u0131malar i\u00e7in esnek ko\u015fullar<\/p><\/li><li><p class=\"p1\">rekabet\u00e7i fiyatlar<\/p><\/li><\/ul><h2 style=\"text-align: center;\">OSAGO sigorta poli\u00e7esi, Rusya Federasyonu\u2019na giri\u015fte zorunludur<\/h2><p class=\"p4\">Rusya s\u0131n\u0131r\u0131n\u0131 ge\u00e7meden \u00f6nce ya da s\u0131n\u0131r noktas\u0131na vard\u0131\u011f\u0131n\u0131zda poli\u00e7enizi d\u00fczenlemenize yard\u0131mc\u0131 oluyoruz.<\/p><h2 style=\"text-align: center;\">Neler elde edersiniz?<\/h2><ul><li class=\"p4\">\ud83d\udcc4 Rusya Federasyonu\u2019nun tamam\u0131nda ge\u00e7erli poli\u00e7e<\/li><li class=\"p4\">\ud83d\udd52 H\u0131zl\u0131 d\u00fczenleme, s\u0131n\u0131rda veya \u00f6nceden<\/li><li class=\"p4\">\ud83c\udf10 Rus\u00e7a, \u0130ngilizce ve T\u00fcrk\u00e7e hizmet<\/li><li class=\"p4\">\ud83d\udcac B\u00fcrokrasi olmadan ki\u015fisel dan\u0131\u015fmanl\u0131k<\/li><li class=\"p4\">\ud83d\udccc D\u00fczenli ve tek seferlik ta\u015f\u0131malarla \u00e7al\u0131\u015f\u0131yoruz.<\/li><\/ul><h2 class=\"p1\" style=\"text-align: center;\">Nas\u0131l ba\u015fvurulur?<\/h2><ul><li class=\"p4\">Bizimle telefon, WhatsApp, Telegram veya e-posta \u00fczerinden ileti\u015fime ge\u00e7in.<\/li><li class=\"p3\"><span class=\"s3\">Belgelerinizi g\u00f6nderin (<\/span>pasaport, ara\u00e7 ruhsat\u0131, ara\u00e7 kay\u0131t belgesi, s\u00fcr\u00fcc\u00fc belgesi<span class=\"s3\">).<\/span><\/li><li class=\"p4\">\u00d6demeyi \u015firketimizin banka hesab\u0131na <span class=\"s2\">istedi\u011finiz para biriminde<\/span> yap\u0131n.<\/li><li class=\"p4\">Elektronik poli\u00e7enizi <span class=\"s2\">e-posta, Telegram veya WhatsApp<\/span> \u00fczerinden al\u0131n.<\/li><\/ul><p class=\"p3\" style=\"text-align: center;\"><strong><span class=\"s3\">\ud83d\udc49 <\/span>Poli\u00e7enizi hemen d\u00fczenleyin ve yolunuza g\u00fcvenle devam edin!<\/strong><\/p>\t\t\t\t\t\t\t\t<\/div>\n\t\t\t\t\t<\/div>\n\t\t\t\t<\/div>\n\t\t<div class=\"elementor-element elementor-element-f3e9a33 e-flex e-con-boxed e-con e-parent\" data-id=\"f3e9a33\" data-element_type=\"container\" data-e-type=\"container\">\n\t\t\t\t\t<div class=\"e-con-inner\">\n\t\t\t\t<div class=\"elementor-element elementor-element-5478356 elementor-button-info elementor-align-center elementor-widget elementor-widget-button\" data-id=\"5478356\" data-element_type=\"widget\" data-e-type=\"widget\" data-widget_type=\"button.default\">\n\t\t\t\t\t\t\t\t\t\t<a class=\"elementor-button elementor-button-link elementor-size-sm elementor-animation-grow\" href=\"https:\/\/betainvest.ee\/tr\/iletisim\/\">\n\t\t\t\t\t\t<span class=\"elementor-button-content-wrapper\">\n\t\t\t\t\t\t\t\t\t<span class=\"elementor-button-text\">Buraya t\u0131klay\u0131n<\/span>\n\t\t\t\t\t<\/span>\n\t\t\t\t\t<\/a>\n\t\t\t\t\t\t\t\t<\/div>\n\t\t\t\t\t<\/div>\n\t\t\t\t<\/div>\n\t\t<div class=\"elementor-element elementor-element-912d0fa e-flex e-con-boxed e-con e-parent\" data-id=\"912d0fa\" data-element_type=\"container\" data-e-type=\"container\">\n\t\t\t\t\t<div class=\"e-con-inner\">\n\t\t\t\t<div class=\"elementor-element elementor-element-d6a1fa5 elementor-widget elementor-widget-image\" data-id=\"d6a1fa5\" data-element_type=\"widget\" data-e-type=\"widget\" data-widget_type=\"image.default\">\n\t\t\t\t\t\t\t\t\t\t\t\t\t\t\t<img decoding=\"async\" width=\"768\" height=\"512\" src=\"https:\/\/betainvest.ee\/wp-content\/uploads\/2026\/02\/\u042d\u041d\u0415\u0420\u0413\u041e\u0413\u0410\u0420\u0410\u041d\u0422-768x512.png\" class=\"attachment-medium_large size-medium_large wp-image-6170\" alt=\"\" srcset=\"https:\/\/betainvest.ee\/wp-content\/uploads\/2026\/02\/\u042d\u041d\u0415\u0420\u0413\u041e\u0413\u0410\u0420\u0410\u041d\u0422-768x512.png 768w, https:\/\/betainvest.ee\/wp-content\/uploads\/2026\/02\/\u042d\u041d\u0415\u0420\u0413\u041e\u0413\u0410\u0420\u0410\u041d\u0422-300x200.png 300w, https:\/\/betainvest.ee\/wp-content\/uploads\/2026\/02\/\u042d\u041d\u0415\u0420\u0413\u041e\u0413\u0410\u0420\u0410\u041d\u0422-1024x683.png 1024w, https:\/\/betainvest.ee\/wp-content\/uploads\/2026\/02\/\u042d\u041d\u0415\u0420\u0413\u041e\u0413\u0410\u0420\u0410\u041d\u0422.png 1536w\" sizes=\"(max-width: 768px) 100vw, 768px\" \/>\t\t\t\t\t\t\t\t\t\t\t\t\t\t\t<\/div>\n\t\t\t\t\t<\/div>\n\t\t\t\t<\/div>\n\t\t<div class=\"elementor-element elementor-element-0039cdf e-flex e-con-boxed e-con e-parent\" data-id=\"0039cdf\" data-element_type=\"container\" data-e-type=\"container\">\n\t\t\t\t\t<div class=\"e-con-inner\">\n\t\t\t\t<div class=\"elementor-element elementor-element-230e29f elementor-widget elementor-widget-spacer\" data-id=\"230e29f\" data-element_type=\"widget\" data-e-type=\"widget\" data-widget_type=\"spacer.default\">\n\t\t\t\t\t\t\t<div class=\"elementor-spacer\">\n\t\t\t<div class=\"elementor-spacer-inner\"><\/div>\n\t\t<\/div>\n\t\t\t\t\t\t<\/div>\n\t\t\t\t\t<\/div>\n\t\t\t\t<\/div>\n\t\t\t\t<\/div>\n\t\t","protected":false},"excerpt":{"rendered":"<p>Rusya genelinde ticari ara\u00e7 ve r\u00f6mork sigortas\u0131 Rusya\u2019ya kamyonla giriyorsan\u0131z, sigorta zorunludur ENERGOGARANT \u015firketinden y\u00fck ta\u015f\u0131mac\u0131l\u0131\u011f\u0131 yapan ticari ara\u00e7lar i\u00e7in ara\u00e7 sigortas\u0131 Bu, yollarda \u00e7\u0131karlar\u0131n\u0131z\u0131 koruyan g\u00fcvenilir ve zaman\u0131nda sunulan bir g\u00fcvencedir. Sigorta poli\u00e7esi, arac\u0131n hasar g\u00f6rmesiyle ilgili riskleri kapsar ve ayr\u0131ca \u00fc\u00e7\u00fcnc\u00fc ki\u015filere, onlar\u0131n mal varl\u0131\u011f\u0131na ve sa\u011fl\u0131\u011f\u0131na verilen zararlar\u0131 da kar\u015f\u0131lar. \u015eirket, Rusya [&hellip;]<\/p>\n","protected":false},"author":1,"featured_media":0,"parent":0,"menu_order":0,"comment_status":"closed","ping_status":"closed","template":"","meta":{"footnotes":""},"class_list":["post-3680","page","type-page","status-publish","hentry"],"_links":{"self":[{"href":"https:\/\/betainvest.ee\/tr\/wp-json\/wp\/v2\/pages\/3680","targetHints":{"allow":["GET"]}}],"collection":[{"href":"https:\/\/betainvest.ee\/tr\/wp-json\/wp\/v2\/pages"}],"about":[{"href":"https:\/\/betainvest.ee\/tr\/wp-json\/wp\/v2\/types\/page"}],"author":[{"embeddable":true,"href":"https:\/\/betainvest.ee\/tr\/wp-json\/wp\/v2\/users\/1"}],"replies":[{"embeddable":true,"href":"https:\/\/betainvest.ee\/tr\/wp-json\/wp\/v2\/comments?post=3680"}],"version-history":[{"count":8,"href":"https:\/\/betainvest.ee\/tr\/wp-json\/wp\/v2\/pages\/3680\/revisions"}],"predecessor-version":[{"id":7053,"href":"https:\/\/betainvest.ee\/tr\/wp-json\/wp\/v2\/pages\/3680\/revisions\/7053"}],"wp:attachment":[{"href":"https:\/\/betainvest.ee\/tr\/wp-json\/wp\/v2\/media?parent=3680"}],"curies":[{"name":"wp","href":"https:\/\/api.w.org\/{rel}","templated":true}]}}