{"id":3705,"date":"2025-08-04T06:22:53","date_gmt":"2025-08-04T06:22:53","guid":{"rendered":"https:\/\/betainvest.ee\/elektronik-avans-bilgileri-belarus\/"},"modified":"2026-04-07T19:53:33","modified_gmt":"2026-04-07T19:53:33","slug":"elektronik-avans-bilgileri-belarus","status":"publish","type":"page","link":"https:\/\/betainvest.ee\/tr\/elektronik-avans-bilgileri-belarus\/","title":{"rendered":"Elektronik avans bilgileri &#8211; Belarus"},"content":{"rendered":"\t\t<div data-elementor-type=\"wp-page\" data-elementor-id=\"3705\" class=\"elementor elementor-3705 elementor-34\" data-elementor-post-type=\"page\">\n\t\t\t\t<div class=\"elementor-element elementor-element-7fb8de6 e-flex e-con-boxed e-con e-parent\" data-id=\"7fb8de6\" data-element_type=\"container\" data-e-type=\"container\">\n\t\t\t\t\t<div class=\"e-con-inner\">\n\t\t\t\t<div class=\"elementor-element elementor-element-1ffd350 elementor-widget elementor-widget-image\" data-id=\"1ffd350\" data-element_type=\"widget\" data-e-type=\"widget\" data-widget_type=\"image.default\">\n\t\t\t\t\t\t\t\t\t\t\t\t\t\t\t<img fetchpriority=\"high\" decoding=\"async\" width=\"768\" height=\"512\" src=\"https:\/\/betainvest.ee\/wp-content\/uploads\/2026\/04\/i111mage-768x512.png\" class=\"attachment-medium_large size-medium_large wp-image-7646\" alt=\"\" srcset=\"https:\/\/betainvest.ee\/wp-content\/uploads\/2026\/04\/i111mage-768x512.png 768w, https:\/\/betainvest.ee\/wp-content\/uploads\/2026\/04\/i111mage-300x200.png 300w, https:\/\/betainvest.ee\/wp-content\/uploads\/2026\/04\/i111mage-1024x683.png 1024w, https:\/\/betainvest.ee\/wp-content\/uploads\/2026\/04\/i111mage.png 1536w\" sizes=\"(max-width: 768px) 100vw, 768px\" \/>\t\t\t\t\t\t\t\t\t\t\t\t\t\t\t<\/div>\n\t\t\t\t\t<\/div>\n\t\t\t\t<\/div>\n\t\t<div class=\"elementor-element elementor-element-27eda8d e-flex e-con-boxed e-con e-parent\" data-id=\"27eda8d\" data-element_type=\"container\" data-e-type=\"container\">\n\t\t\t\t\t<div class=\"e-con-inner\">\n\t\t\t\t<div class=\"elementor-element elementor-element-cba68b9 elementor-widget elementor-widget-text-editor\" data-id=\"cba68b9\" data-element_type=\"widget\" data-e-type=\"widget\" data-widget_type=\"text-editor.default\">\n\t\t\t\t\t\t\t\t\t<p><u>Belarus Cumhuriyeti topraklar\u0131nda elektronik \u00f6n bildirimin (EPI) resmile\u015ftirilmesi<\/u><\/p><p>Mallar\u0131n Avrasya Ekonomik Birli\u011fi (AEB) topraklar\u0131na karayolu ve demiryolu ile ithal edilmesi durumunda g\u00fcmr\u00fck makamlar\u0131na elektronik \u00f6n bildirim (EPI) yap\u0131lmas\u0131 zorunludur. Belarus Cumhuriyeti AEB&#8217;nin bir \u00fcyesidir ve bu nedenle EPI sistemini desteklemektedir. <\/p><p>Ta\u015f\u0131y\u0131c\u0131, nakliyeci veya di\u011fer yetkili ki\u015fi, AEB topraklar\u0131na ithal edilen nakliye ve mallar hakk\u0131nda ayr\u0131nt\u0131l\u0131 bilgi i\u00e7eren bir bildirimi \u00f6nceden g\u00fcmr\u00fck idaresine g\u00f6nderir. G\u00fcmr\u00fck, ba\u015fvuruya bireysel bir EPI numaras\u0131 atayarak bunu teyit eder. Sistem g\u00fcmr\u00fck kontrol prosed\u00fcr\u00fcn\u00fc basitle\u015ftirir ve h\u0131zland\u0131r\u0131r.  <\/p><p>Betainvest, Belarus Cumhuriyeti topraklar\u0131na ithal edilen mallar i\u00e7in h\u0131zl\u0131 ve profesyonel bir \u015fekilde EPI d\u00fczenleyecektir. G\u00fcmr\u00fck kontrol noktas\u0131na var\u0131\u015fta, s\u00fcr\u00fcc\u00fcn\u00fcz, telefonuna \u00f6nceden SMS \u015feklinde g\u00f6nderece\u011fimiz EPI numaras\u0131n\u0131 sunacakt\u0131r. G\u00fcmr\u00fck memuru EPI numaras\u0131n\u0131 kullanarak sevkiyatla ilgili bilgileri bulacak, bunlar\u0131 s\u00fcr\u00fcc\u00fcn\u00fcn elindeki belgelerle kar\u015f\u0131la\u015ft\u0131racak ve herhangi bir tutars\u0131zl\u0131k veya belirsizlik yoksa t\u00fcm belgeleri bir kerede d\u00fczenleyecektir.  <\/p><p><strong>EPI &#8211; Belarus kayd\u0131 i\u00e7in gerekli belgeler:<\/strong><\/p><table width=\"100%\"><tbody><tr><td><p><strong>Ba\u015fl\u0131k<\/strong><\/p><\/td><td><p><strong>A\u00e7\u0131klama<\/strong><\/p><\/td><\/tr><tr><td><p>TIR<\/p><\/td><td><p>TIR Karnesi (Uluslararas\u0131 Karayolu Ta\u015f\u0131mac\u0131l\u0131\u011f\u0131)<\/p><\/td><\/tr><tr><td><p>CMR<\/p><\/td><td><p>Uluslararas\u0131 sevkiyat notu<\/p><\/td><\/tr><tr><td><p>FATURA<\/p><\/td><td><p>Fatura<\/p><\/td><\/tr><tr><td><p>Paket listesi<\/p><\/td><td><p>Paket listesi<\/p><\/td><\/tr><tr><td><p>Teknik veri sayfalar\u0131 <\/p><\/td><td><p>Ara\u00e7 ve r\u00f6mork i\u00e7in teknik pasaportlar<\/p><\/td><\/tr><tr><td><p>S\u00fcr\u00fcc\u00fc pasaportu<\/p><\/td><td><p> <\/p><\/td><\/tr><tr><td><p>G\u00fcmr\u00fck ta\u015f\u0131y\u0131c\u0131 sertifikas\u0131<\/p><\/td><td><p>Varl\u0131\u011f\u0131nda<\/p><\/td><\/tr><tr><td><p>M\u00fch\u00fcr alt\u0131nda yetki belgesi<\/p><\/td><td><p> <\/p><\/td><\/tr><\/tbody><\/table><p>Ek bilgi gerekiyor:<\/p><ul><li>s\u0131n\u0131r ge\u00e7i\u015f noktas\u0131 ad\u0131<\/li><li>s\u00fcr\u00fcc\u00fcn\u00fcn cep telefonunun ileti\u015fim numaras\u0131<\/li><li>s\u00fcr\u00fcc\u00fcn\u00fcn s\u0131n\u0131rda olaca\u011f\u0131 yakla\u015f\u0131k zaman<\/li><\/ul>\t\t\t\t\t\t\t\t<\/div>\n\t\t\t\t\t<\/div>\n\t\t\t\t<\/div>\n\t\t<div class=\"elementor-element elementor-element-6ebbd09 e-flex e-con-boxed e-con e-parent\" data-id=\"6ebbd09\" data-element_type=\"container\" data-e-type=\"container\">\n\t\t\t\t\t<div class=\"e-con-inner\">\n\t\t\t\t<div class=\"elementor-element elementor-element-52a5ff8 elementor-widget elementor-widget-image\" data-id=\"52a5ff8\" data-element_type=\"widget\" data-e-type=\"widget\" data-widget_type=\"image.default\">\n\t\t\t\t\t\t\t\t\t\t\t\t\t\t\t<img decoding=\"async\" width=\"768\" height=\"512\" src=\"https:\/\/betainvest.ee\/wp-content\/uploads\/2026\/03\/Gumruk-transiti-768x512.png\" class=\"attachment-medium_large size-medium_large wp-image-6771\" alt=\"\" srcset=\"https:\/\/betainvest.ee\/wp-content\/uploads\/2026\/03\/Gumruk-transiti-768x512.png 768w, https:\/\/betainvest.ee\/wp-content\/uploads\/2026\/03\/Gumruk-transiti-300x200.png 300w, https:\/\/betainvest.ee\/wp-content\/uploads\/2026\/03\/Gumruk-transiti-1024x683.png 1024w, https:\/\/betainvest.ee\/wp-content\/uploads\/2026\/03\/Gumruk-transiti.png 1536w\" sizes=\"(max-width: 768px) 100vw, 768px\" \/>\t\t\t\t\t\t\t\t\t\t\t\t\t\t\t<\/div>\n\t\t\t\t\t<\/div>\n\t\t\t\t<\/div>\n\t\t<div class=\"elementor-element elementor-element-4e804a6 e-flex e-con-boxed e-con e-parent\" data-id=\"4e804a6\" data-element_type=\"container\" data-e-type=\"container\">\n\t\t\t\t\t<div class=\"e-con-inner\">\n\t\t\t\t<div class=\"elementor-element elementor-element-56436f7 elementor-button-info elementor-align-center elementor-invisible elementor-widget elementor-widget-button\" data-id=\"56436f7\" data-element_type=\"widget\" data-e-type=\"widget\" data-settings=\"{&quot;_animation&quot;:&quot;fadeInDown&quot;}\" data-widget_type=\"button.default\">\n\t\t\t\t\t\t\t\t\t\t<a class=\"elementor-button elementor-button-link elementor-size-sm\" href=\"https:\/\/betainvest.ee\/ru\/\u043a\u043e\u043d\u0442\u0430\u043a\u0442\u044b\/\">\n\t\t\t\t\t\t<span class=\"elementor-button-content-wrapper\">\n\t\t\t\t\t\t\t\t\t<span class=\"elementor-button-text\">Hemen Ba\u015fvurun<\/span>\n\t\t\t\t\t<\/span>\n\t\t\t\t\t<\/a>\n\t\t\t\t\t\t\t\t<\/div>\n\t\t\t\t\t<\/div>\n\t\t\t\t<\/div>\n\t\t<div class=\"elementor-element elementor-element-eed1197 e-flex e-con-boxed e-con e-parent\" data-id=\"eed1197\" data-element_type=\"container\" data-e-type=\"container\">\n\t\t\t\t\t<div class=\"e-con-inner\">\n\t\t\t\t<div class=\"elementor-element elementor-element-646be71 elementor-widget elementor-widget-spacer\" data-id=\"646be71\" data-element_type=\"widget\" data-e-type=\"widget\" data-widget_type=\"spacer.default\">\n\t\t\t\t\t\t\t<div class=\"elementor-spacer\">\n\t\t\t<div class=\"elementor-spacer-inner\"><\/div>\n\t\t<\/div>\n\t\t\t\t\t\t<\/div>\n\t\t\t\t\t<\/div>\n\t\t\t\t<\/div>\n\t\t\t\t<\/div>\n\t\t","protected":false},"excerpt":{"rendered":"<p>Belarus Cumhuriyeti topraklar\u0131nda elektronik \u00f6n bildirimin (EPI) resmile\u015ftirilmesi Mallar\u0131n Avrasya Ekonomik Birli\u011fi (AEB) topraklar\u0131na karayolu ve demiryolu ile ithal edilmesi durumunda g\u00fcmr\u00fck makamlar\u0131na elektronik \u00f6n bildirim (EPI) yap\u0131lmas\u0131 zorunludur. Belarus Cumhuriyeti AEB&#8217;nin bir \u00fcyesidir ve bu nedenle EPI sistemini desteklemektedir. Ta\u015f\u0131y\u0131c\u0131, nakliyeci veya di\u011fer yetkili ki\u015fi, AEB topraklar\u0131na ithal edilen nakliye ve mallar hakk\u0131nda ayr\u0131nt\u0131l\u0131 [&hellip;]<\/p>\n","protected":false},"author":1,"featured_media":0,"parent":0,"menu_order":0,"comment_status":"closed","ping_status":"closed","template":"","meta":{"footnotes":""},"class_list":["post-3705","page","type-page","status-publish","hentry"],"_links":{"self":[{"href":"https:\/\/betainvest.ee\/tr\/wp-json\/wp\/v2\/pages\/3705","targetHints":{"allow":["GET"]}}],"collection":[{"href":"https:\/\/betainvest.ee\/tr\/wp-json\/wp\/v2\/pages"}],"about":[{"href":"https:\/\/betainvest.ee\/tr\/wp-json\/wp\/v2\/types\/page"}],"author":[{"embeddable":true,"href":"https:\/\/betainvest.ee\/tr\/wp-json\/wp\/v2\/users\/1"}],"replies":[{"embeddable":true,"href":"https:\/\/betainvest.ee\/tr\/wp-json\/wp\/v2\/comments?post=3705"}],"version-history":[{"count":4,"href":"https:\/\/betainvest.ee\/tr\/wp-json\/wp\/v2\/pages\/3705\/revisions"}],"predecessor-version":[{"id":7657,"href":"https:\/\/betainvest.ee\/tr\/wp-json\/wp\/v2\/pages\/3705\/revisions\/7657"}],"wp:attachment":[{"href":"https:\/\/betainvest.ee\/tr\/wp-json\/wp\/v2\/media?parent=3705"}],"curies":[{"name":"wp","href":"https:\/\/api.w.org\/{rel}","templated":true}]}}