{"id":3758,"date":"2025-08-04T06:22:53","date_gmt":"2025-08-04T06:22:53","guid":{"rendered":"https:\/\/betainvest.ee\/mevzuat-haberleri-eaeu-ab\/"},"modified":"2026-03-23T13:38:58","modified_gmt":"2026-03-23T13:38:58","slug":"mevzuat-haberleri-eaeu-ab","status":"publish","type":"page","link":"https:\/\/betainvest.ee\/tr\/mevzuat-haberleri-eaeu-ab\/","title":{"rendered":"Mevzuat Haberleri (EAEU \/ AB)"},"content":{"rendered":"\t\t<div data-elementor-type=\"wp-page\" data-elementor-id=\"3758\" class=\"elementor elementor-3758 elementor-52\" data-elementor-post-type=\"page\">\n\t\t\t\t<div class=\"elementor-element elementor-element-d60abc7 e-flex e-con-boxed e-con e-parent\" data-id=\"d60abc7\" data-element_type=\"container\" data-e-type=\"container\">\n\t\t\t\t\t<div class=\"e-con-inner\">\n\t\t\t\t<div class=\"elementor-element elementor-element-6c1e2f1 elementor-widget elementor-widget-image\" data-id=\"6c1e2f1\" data-element_type=\"widget\" data-e-type=\"widget\" data-widget_type=\"image.default\">\n\t\t\t\t\t\t\t\t\t\t\t\t\t\t\t<img fetchpriority=\"high\" decoding=\"async\" width=\"800\" height=\"534\" src=\"https:\/\/betainvest.ee\/wp-content\/uploads\/2026\/01\/\u041d\u043e\u0432\u043e\u0441\u0442\u0438-\u0437\u0430\u043a\u043e\u043d\u043e\u0434\u0430\u0442\u0435\u043b\u044c\u0441\u0442\u0432\u0430-2-1024x683.png\" class=\"attachment-large size-large wp-image-5946\" alt=\"\" srcset=\"https:\/\/betainvest.ee\/wp-content\/uploads\/2026\/01\/\u041d\u043e\u0432\u043e\u0441\u0442\u0438-\u0437\u0430\u043a\u043e\u043d\u043e\u0434\u0430\u0442\u0435\u043b\u044c\u0441\u0442\u0432\u0430-2-1024x683.png 1024w, https:\/\/betainvest.ee\/wp-content\/uploads\/2026\/01\/\u041d\u043e\u0432\u043e\u0441\u0442\u0438-\u0437\u0430\u043a\u043e\u043d\u043e\u0434\u0430\u0442\u0435\u043b\u044c\u0441\u0442\u0432\u0430-2-300x200.png 300w, https:\/\/betainvest.ee\/wp-content\/uploads\/2026\/01\/\u041d\u043e\u0432\u043e\u0441\u0442\u0438-\u0437\u0430\u043a\u043e\u043d\u043e\u0434\u0430\u0442\u0435\u043b\u044c\u0441\u0442\u0432\u0430-2-768x512.png 768w, https:\/\/betainvest.ee\/wp-content\/uploads\/2026\/01\/\u041d\u043e\u0432\u043e\u0441\u0442\u0438-\u0437\u0430\u043a\u043e\u043d\u043e\u0434\u0430\u0442\u0435\u043b\u044c\u0441\u0442\u0432\u0430-2.png 1536w\" sizes=\"(max-width: 800px) 100vw, 800px\" \/>\t\t\t\t\t\t\t\t\t\t\t\t\t\t\t<\/div>\n\t\t\t\t\t<\/div>\n\t\t\t\t<\/div>\n\t\t<div class=\"elementor-element elementor-element-6a8e582 e-flex e-con-boxed e-con e-parent\" data-id=\"6a8e582\" data-element_type=\"container\" data-e-type=\"container\">\n\t\t\t\t\t<div class=\"e-con-inner\">\n\t\t\t\t<div class=\"elementor-element elementor-element-7bae990 elementor-widget elementor-widget-text-editor\" data-id=\"7bae990\" data-element_type=\"widget\" data-e-type=\"widget\" data-widget_type=\"text-editor.default\">\n\t\t\t\t\t\t\t\t\t<h3 style=\"text-align: center;\"><img decoding=\"async\" class=\"emoji aligncenter\" role=\"img\" draggable=\"false\" src=\"https:\/\/s.w.org\/images\/core\/emoji\/17.0.2\/svg\/1f1f9-1f1f7.svg\" alt=\"\ud83c\uddf9\ud83c\uddf7\" \/> \u00a0T\u00fcrkiye<\/h3><h4 style=\"text-align: center;\">\u00a0 \u00a0 \u00a01) Uluslararas\u0131 y\u00fck ta\u015f\u0131mac\u0131l\u0131\u011f\u0131n\u0131n denetimine ili\u015fkin yeni d\u00fczenleme, Ekim 2025\u2019ten beri y\u00fcr\u00fcrl\u00fckte<\/h4><p class=\"p3\">T\u00fcrkiye, uluslararas\u0131 transit karayolu ta\u015f\u0131mac\u0131l\u0131\u011f\u0131 \u00fczerindeki denetimi s\u0131k\u0131la\u015ft\u0131rd\u0131:<\/p><ul><li><p class=\"p1\">Yabanc\u0131 plakal\u0131 kamyonlar\u0131n T\u00fcrkiye topraklar\u0131nda kabotaj yapmas\u0131 yasakt\u0131r. Cezalar art\u0131r\u0131lm\u0131\u015f ve yapt\u0131r\u0131mlar sertle\u015ftirilmi\u015ftir. Kontroller yaln\u0131zca s\u0131n\u0131r kap\u0131lar\u0131nda de\u011fil, i\u00e7 hat g\u00fczergahlar\u0131nda da yap\u0131lmaktad\u0131r.<\/p><\/li><li><p class=\"p1\">Yabanc\u0131 ta\u015f\u0131mac\u0131lar\u0131n izin\/lisans belgelerinin as\u0131llar\u0131n\u0131 veya do\u011frulanabilir elektronik versiyonlar\u0131n\u0131 bulundurmalar\u0131 ve t\u00fcm evrak\u0131 eksiksiz \u015fekilde ta\u015f\u0131malar\u0131 gerekmektedir. Buna ECMT belgeleri, ara\u00e7 seyir\/jurnal kay\u0131tlar\u0131 ve benzeri dok\u00fcmanlar da dahildir.<\/p><\/li><\/ul><h4 style=\"text-align: center;\">\u00a0 \u00a0 \u00a02) T\u00fcrkiye\u2019den Rusya\u2019ya teslimat s\u00fcreleri uzad\u0131<\/h4><p class=\"p3\">T\u00fcrkiye\u2019den Rusya\u2019ya deniz yoluyla yap\u0131lan y\u00fck ta\u015f\u0131malar\u0131nda ortalama teslim s\u00fcresi, gemilerin limanlara giri\u015fine ili\u015fkin yeni kurallar ve liman prosed\u00fcrleri nedeniyle yakla\u015f\u0131k 1,5-1,6 kat artt\u0131. Bu durum kara yolu ve multimodal transit ta\u015f\u0131mac\u0131l\u0131\u011fa olan talebi de etkilemektedir.<\/p><p class=\"p4\"><b>Yay\u0131n i\u00e7in ba\u011flant\u0131lar:<\/b><\/p><p class=\"p3\"><blockquote class=\"wp-embedded-content\" data-secret=\"uj4QkNVGOO\"><a href=\"https:\/\/logist.today\/ru\/dnevnik_logista\/2025-09-25\/turtsiya-s-oktyabrya-dejstvuet-novyj-poryadok-inspektsij-mezhdunarodnyh-avtomobilnyh-perevozok\/\">\u0422\u0443\u0440\u0446\u0438\u044f: \u0441 \u043e\u043a\u0442\u044f\u0431\u0440\u044f \u0434\u0435\u0439\u0441\u0442\u0432\u0443\u0435\u0442 \u043d\u043e\u0432\u044b\u0439 \u043f\u043e\u0440\u044f\u0434\u043e\u043a \u0438\u043d\u0441\u043f\u0435\u043a\u0446\u0438\u0439 \u043c\u0435\u0436\u0434\u0443\u043d\u0430\u0440\u043e\u0434\u043d\u044b\u0445 \u0430\u0432\u0442\u043e\u043c\u043e\u0431\u0438\u043b\u044c\u043d\u044b\u0445 \u043f\u0435\u0440\u0435\u0432\u043e\u0437\u043e\u043a<\/a><\/blockquote><iframe class=\"wp-embedded-content\" sandbox=\"allow-scripts\" security=\"restricted\" style=\"position: absolute; visibility: hidden;\" title=\"\u00ab\u0422\u0443\u0440\u0446\u0438\u044f: \u0441 \u043e\u043a\u0442\u044f\u0431\u0440\u044f \u0434\u0435\u0439\u0441\u0442\u0432\u0443\u0435\u0442 \u043d\u043e\u0432\u044b\u0439 \u043f\u043e\u0440\u044f\u0434\u043e\u043a \u0438\u043d\u0441\u043f\u0435\u043a\u0446\u0438\u0439 \u043c\u0435\u0436\u0434\u0443\u043d\u0430\u0440\u043e\u0434\u043d\u044b\u0445 \u0430\u0432\u0442\u043e\u043c\u043e\u0431\u0438\u043b\u044c\u043d\u044b\u0445 \u043f\u0435\u0440\u0435\u0432\u043e\u0437\u043e\u043a\u00bb &#8212; logist.today\" src=\"https:\/\/logist.today\/ru\/dnevnik_logista\/2025-09-25\/turtsiya-s-oktyabrya-dejstvuet-novyj-poryadok-inspektsij-mezhdunarodnyh-avtomobilnyh-perevozok\/embed\/#?secret=uj4QkNVGOO\" data-secret=\"uj4QkNVGOO\" width=\"600\" height=\"338\" frameborder=\"0\" marginwidth=\"0\" marginheight=\"0\" scrolling=\"no\"><\/iframe><\/p><p class=\"p3\">https:\/\/growex-group.ru\/press-center\/publications\/news\/turtsiya-uzhestochaet-kontrol-perevozok-i-menyaet-logistiku-na-marshrute-v-rossiyu\/<\/p><p class=\"p3\">https:\/\/logirus.ru\/news\/custom_and_ved\/shtorm_na_tamozhne_gruzy_iz_turtsii_idut_dolshe_a_stoyat_dorozhe.html<\/p><hr \/><h3 style=\"text-align: center;\">\ud83c\uddf7\ud83c\uddfa Rusya<\/h3><h4 style=\"text-align: center;\">\u00a0 \u00a0 \u00a01) 7 Haziran 2025 tarihli 140-FZ say\u0131l\u0131 Kanun<\/h4><p class=\"p3\">Bu, 2025-2026 d\u00f6neminde aktif olarak uygulamaya al\u0131nan temel kanundur:<\/p><ul><li><p class=\"p1\"><span class=\"s1\"><b>1 Mart 2026\u2019dan itibaren<\/b><\/span> ekspedit\u00f6rler sicilinin devreye girmesi planlanmaktad\u0131r. \u015eirketler ve \u015fah\u0131s i\u015fletmeleri, yasal faaliyet g\u00f6sterebilmek i\u00e7in bu sicile kay\u0131tl\u0131 olmak zorundad\u0131r.<\/p><\/li><li><p class=\"p1\"><span class=\"s1\"><b>1 Eyl\u00fcl 2026\u2019dan itibaren<\/b><\/span> karayolu, demiryolu ve havayolu dahil olmak \u00fczere t\u00fcm y\u00fck ta\u015f\u0131mac\u0131l\u0131\u011f\u0131 taraflar\u0131 i\u00e7in zorunlu elektronik belge dola\u015f\u0131m\u0131 (EDO) y\u00fcr\u00fcrl\u00fc\u011fe girecektir. Buna elektronik ta\u015f\u0131ma irsaliyeleri (ETrN) ve di\u011fer belgeler de dahildir.<\/p><\/li><\/ul><p class=\"p3\">Bu geli\u015fmeler d\u0131\u015f ticaret operasyonlar\u0131n\u0131, s\u00fcre\u00e7lerin dijitalle\u015fmesini ve g\u00fcmr\u00fckle etkile\u015fimi do\u011frudan etkilemektedir.<\/p><h4 style=\"text-align: center;\">2) Ta\u015f\u0131mac\u0131 sicilinin tutulmas\u0131na ili\u015fkin yeni d\u00fczen ve denetimlerin s\u0131k\u0131la\u015ft\u0131r\u0131lmas\u0131<\/h4><p class=\"p3\">Ta\u015f\u0131mac\u0131lar\u0131n \u201cGosLog\u201d siciline kay\u0131t s\u00fcresinin <span class=\"s2\"><b>1 Mart 2027\u2019ye<\/b><\/span> ertelenmesine ili\u015fkin bir taslak bulunmaktad\u0131r. Bu durum, 2026 y\u0131l\u0131nda dijital kay\u0131t s\u00fcrecini tamamlayamayanlar\u0131 etkileyecektir.<\/p><p class=\"p4\"><b>Yay\u0131n i\u00e7in faydal\u0131 ba\u011flant\u0131lar:<\/b><\/p><p class=\"p3\">https:\/\/stelspb.ru\/s-2026-goda-v-logistike-rossii-vstupayut-klyuchevye-izmeneniya-reestr-ekspeditorov-i-obyazatelnye-elektronnye-transportnye-nakladnye\/<\/p><p class=\"p3\">https:\/\/kontur42.ru\/logistika\/tpost\/kkpxd6aba1-zakon-140-fz-ot-7-iyunya-2025-goda-chto<\/p><p class=\"p3\">https:\/\/pooling.me\/news\/tpost\/fertilglc1-dve-dati-goslog-1-marta-2026-i-1-marta-2<\/p><hr \/><h3 style=\"text-align: center;\">Kafkasya ve Orta Asya \u00fczerinden transit<\/h3><h4 style=\"text-align: center;\">1) Orta Koridor, Kuzey Ta\u015f\u0131mac\u0131l\u0131k Koridoruna alternatif olarak <b>b\u00fcy\u00fcyor<\/b><\/h4><p class=\"p3\">\u00c7in \u2192 Kazakistan \u2192 Azerbaycan \u2192 G\u00fcrcistan \u2192 T\u00fcrkiye g\u00fczergah\u0131ndaki y\u00fck transiti artmaya devam etmektedir. Hacim 2024 y\u0131l\u0131nda %60\u2019tan fazla artm\u0131\u015f olup, 2025\/2026 d\u00f6neminde de b\u00fcy\u00fcmenin s\u00fcrmesi beklenmektedir.<\/p><h4 style=\"text-align: center;\">2) Azerbaycan, \u201cT\u00fcrk Ticaret Koridoru\u201dnu te\u015fvik ediyor<\/h4><p class=\"p3\">Azerbaycan Cumhurba\u015fkan\u0131, Orta Asya\u2019dan Avrupa\u2019ya uzanan g\u00fczergahlar\u0131n k\u0131talararas\u0131 bir lojistik koridor alt\u0131nda birle\u015ftirilmesine y\u00f6nelik projeyi a\u00e7\u0131klam\u0131\u015f ve Bak\u00fc\u2019n\u00fcn bir merkez olarak rol\u00fcn\u00fcn g\u00fc\u00e7lendirilmesini vurgulam\u0131\u015ft\u0131r.<\/p><h4 style=\"text-align: center;\">3) On y\u0131llar sonra Azerbaycan \u00fczerinden Ermenistan\u2019a ilk transit y\u00fck<\/h4><p class=\"p3\">Kas\u0131m 2025\u2019te, uzun y\u0131llardan sonra ilk kez Rusya\u2019dan Azerbaycan ve G\u00fcrcistan \u00fczerinden Ermenistan\u2019a bir y\u00fck sevkiyat\u0131 (bu\u011fday) ger\u00e7ekle\u015ftirilmi\u015ftir. Bu durum, ula\u015ft\u0131rma ba\u011flant\u0131lar\u0131n\u0131n yeniden kurulmas\u0131nda somut bir ilerleme i\u015fareti olarak g\u00f6r\u00fclmektedir.<\/p><h4 style=\"text-align: center;\">4) Zengezur Koridoru stratejik bir giri\u015fim olarak<\/h4><p class=\"p3\">Azerbaycan ile Nah\u00e7\u0131van aras\u0131ndaki ba\u011flant\u0131n\u0131n Ermenistan \u00fczerinden g\u00fc\u00e7lendirilmesini hedefleyen proje, T\u00fcrk d\u00fcnyas\u0131 aras\u0131ndaki ba\u011flant\u0131sall\u0131k ve Avrupa\u2019ya olan transit mesafelerin k\u0131salt\u0131lmas\u0131 a\u00e7\u0131s\u0131ndan \u00f6nem kazanmaktad\u0131r.<\/p><h4 style=\"text-align: center;\">5) Orta Asya\u2019da ula\u015ft\u0131rma entegrasyonu<\/h4><p class=\"p3\">Orta Asya \u00fclkeleri yeni koridorlar\u0131 aktif bi\u00e7imde geli\u015ftirmektedir. Bunlar aras\u0131nda \u00d6zbekistan, Afganistan ve Pakistan\u2019\u0131n \u201cTermiz \u2013 Kabil \u2013 Pe\u015faver\u201d hatt\u0131na y\u00f6nelik ortak planlar\u0131 ile \u00d6zbekistan ve Kazakistan g\u00fcmr\u00fck sistemlerinin dijital entegrasyonu da yer almaktad\u0131r.<\/p><p class=\"p4\"><b>Yay\u0131n i\u00e7in ba\u011flant\u0131lar:<\/b><\/p><p class=\"p3\">https:\/\/www.dailysabah.com\/business\/transportation\/middle-corridor-emerging-as-major-trade-link-strengthening-turkiyes-role<\/p><p class=\"p3\">https:\/\/ccbsnews.info\/en\/news\/detail\/<\/p><p class=\"p3\">https:\/\/oc-media.org\/first-cargo-transit-set-to-reach-armenia-via-azerbaijan\/<\/p><p class=\"p3\">https:\/\/ru.trend.az\/azerbaijan\/business\/4140772.html<\/p><p class=\"p3\">https:\/\/t.me\/s\/SBSLogisticsAsia?before=957<\/p><hr \/><h3 style=\"text-align: center;\">\ud83d\udccc AEB ve dijital giri\u015fimler (Rusya \/ Belarus \/ Kazakistan i\u00e7in ilgili)<\/h3><h4>Navigasyon m\u00fch\u00fcrleri ve AEB ortak g\u00fcmr\u00fck transit sistemi anla\u015fmas\u0131<\/h4><p class=\"p3\"><span class=\"s2\"><b>1 \u015eubat 2026\u2019dan itibaren<\/b><\/span> y\u00fcr\u00fcrl\u00fc\u011fe girmesi beklenen bu anla\u015fma, AEB i\u00e7inde ta\u015f\u0131malar\u0131n dijital olarak izlenmesini sa\u011flayacakt\u0131r. Bu konu lojistik, s\u0131n\u0131r kontrollerinin azalt\u0131lmas\u0131 ve transit h\u0131z\u0131n\u0131n art\u0131r\u0131lmas\u0131 a\u00e7\u0131s\u0131ndan do\u011frudan \u00f6nem ta\u015f\u0131maktad\u0131r.<\/p><p class=\"p3\">https:\/\/ru.wikipedia.org\/wiki<\/p>\t\t\t\t\t\t\t\t<\/div>\n\t\t\t\t\t<\/div>\n\t\t\t\t<\/div>\n\t\t<div class=\"elementor-element elementor-element-0850536 e-flex e-con-boxed e-con e-parent\" data-id=\"0850536\" data-element_type=\"container\" data-e-type=\"container\">\n\t\t\t\t\t<div class=\"e-con-inner\">\n\t\t\t\t<div class=\"elementor-element elementor-element-6471e0b elementor-widget elementor-widget-image\" data-id=\"6471e0b\" data-element_type=\"widget\" data-e-type=\"widget\" data-widget_type=\"image.default\">\n\t\t\t\t\t\t\t\t\t\t\t\t\t\t\t<img decoding=\"async\" width=\"800\" height=\"570\" src=\"https:\/\/betainvest.ee\/wp-content\/uploads\/2025\/08\/photo-1460925895917-afdab827c52f-1024x729.jpeg\" class=\"attachment-large size-large wp-image-994\" alt=\"\" srcset=\"https:\/\/betainvest.ee\/wp-content\/uploads\/2025\/08\/photo-1460925895917-afdab827c52f-1024x729.jpeg 1024w, https:\/\/betainvest.ee\/wp-content\/uploads\/2025\/08\/photo-1460925895917-afdab827c52f-300x214.jpeg 300w, https:\/\/betainvest.ee\/wp-content\/uploads\/2025\/08\/photo-1460925895917-afdab827c52f-768x547.jpeg 768w, https:\/\/betainvest.ee\/wp-content\/uploads\/2025\/08\/photo-1460925895917-afdab827c52f-1536x1094.jpeg 1536w, https:\/\/betainvest.ee\/wp-content\/uploads\/2025\/08\/photo-1460925895917-afdab827c52f-2048x1458.jpeg 2048w\" sizes=\"(max-width: 800px) 100vw, 800px\" \/>\t\t\t\t\t\t\t\t\t\t\t\t\t\t\t<\/div>\n\t\t\t\t\t<\/div>\n\t\t\t\t<\/div>\n\t\t<div class=\"elementor-element elementor-element-5bd2b46 e-flex e-con-boxed e-con e-parent\" data-id=\"5bd2b46\" data-element_type=\"container\" data-e-type=\"container\">\n\t\t\t\t\t<div class=\"e-con-inner\">\n\t\t\t\t<div class=\"elementor-element elementor-element-9f7e02a elementor-widget elementor-widget-text-editor\" data-id=\"9f7e02a\" data-element_type=\"widget\" data-e-type=\"widget\" data-widget_type=\"text-editor.default\">\n\t\t\t\t\t\t\t\t\t<h3 style=\"text-align: center;\">G\u00fcncel mevzuat de\u011fi\u015fiklikleri<\/h3><h4>\u00a01. Ge\u00e7ici depolama depolar\u0131 i\u00e7in yeni gereklilikler<\/h4><h4>&#8211; 26 A\u011fustos 2025 tarihinden itibaren<\/h4><p class=\"p3\">Ge\u00e7ici depolama depolar\u0131n\u0131n (TSW) d\u00fczenlenmesi, donan\u0131m\u0131 ve konumuna ili\u015fkin g\u00fcncellenmi\u015f kurallar y\u00fcr\u00fcrl\u00fc\u011fe girdi. Antrepo sahiplerinin art\u0131k g\u00fcvenlik, teknik ekipman ve prosed\u00fcrlere uyum gereklilikleri de dahil olmak \u00fczere Federal G\u00fcmr\u00fck Servisi&#8217;nin (FCS) kat\u0131 d\u00fczenlemelerine uymalar\u0131 gerekmektedir.<\/p><h4>\u00a0 \u00a0 \u00a02. Y\u00fck ta\u015f\u0131mac\u0131l\u0131\u011f\u0131 \u00fczerindeki kontrollerin s\u0131k\u0131la\u015ft\u0131r\u0131lmas\u0131<\/h4><h4>&#8211; Eyl\u00fcl 2025&#8217;ten itibaren<\/h4><ul><li><p class=\"p1\">1 Eyl\u00fcl 2025 tarihinden itibaren, y\u00fck ta\u015f\u0131mac\u0131l\u0131\u011f\u0131 faaliyetleri \u00fczerindeki kontrol\u00fcn g\u00fc\u00e7lendirilmesine y\u00f6nelik de\u011fi\u015fiklikler y\u00fcr\u00fcrl\u00fc\u011fe girecektir: para cezalar\u0131 art\u0131r\u0131lacak, kat\u0131l\u0131mc\u0131lar\u0131n zorunlu kay\u0131tlar\u0131 ve belgelerin i\u015flenmesine y\u00f6nelik yeni prosed\u00fcrler getirilecektir.<\/p><\/li><li><p class=\"p1\">Ayr\u0131ca, 1 Mart 2026&#8217;dan itibaren nakliyeciler siciline i\u015flerlik kazand\u0131r\u0131lacak ve Eyl\u00fcl 2026&#8217;dan itibaren elektronik belge y\u00f6netimine tam ge\u00e7i\u015f sa\u011flanacakt\u0131r.<\/p><\/li><\/ul><h4>\u00a0 \u00a03. Multimodal sevk irsaliyesi<\/h4><h4>&#8211; Eyl\u00fcl 2025&#8217;ten itibaren<\/h4><p class=\"p3\">Kombine ta\u015f\u0131mac\u0131l\u0131k &#8211; karayolu + demiryolu + deniz\/havayolu &#8211; i\u00e7in kullan\u0131labilecek tek bir ta\u015f\u0131ma belgesinin uygulamaya konulmas\u0131 beklenmektedir. Bu, belge ak\u0131\u015f\u0131n\u0131 kolayla\u015ft\u0131racak ve lojisti\u011fin \u015feffafl\u0131\u011f\u0131n\u0131 art\u0131racakt\u0131r.<\/p><h4>\u00a0 \u00a0 4. Rusya Federasyonu \u0130dari Su\u00e7lar Kanunu&#8217;nda idari su\u00e7lara ili\u015fkin de\u011fi\u015fiklikler<\/h4><p class=\"p3\">CAO&#8217;nun 11.14. Maddesinde yap\u0131lan yenilikler, ta\u015f\u0131ma i\u015fleri komisyoncular\u0131 i\u00e7in ek cezalar getirmektedir. Bu de\u011fi\u015fiklikler 1 Mart 2026 tarihinden itibaren y\u00fcr\u00fcrl\u00fc\u011fe girecek olup, haz\u0131rl\u0131k i\u00e7in zaman tan\u0131nmaktad\u0131r.<\/p><h4>\u00a0 \u00a0 \u00a05. Lojistik bilgilerin gizlili\u011fi kritik hale geliyor<\/h4><p class=\"p3\">Yasa tasar\u0131s\u0131, yapt\u0131r\u0131ma tabi mallar\u0131n veya mali planlar\u0131n tedarikine ili\u015fkin bilgilerin if\u015fa edilmesi halinde 7 y\u0131la kadar hapis cezas\u0131 \u00f6ng\u00f6rmekte ve lojistik faaliyetlerde dikkatli olunmas\u0131 gerekti\u011fini vurgulamaktad\u0131r.<\/p><hr \/><h4 style=\"text-align: center;\">\u00d6neriler Betainvest<\/h4><ul><li><p class=\"p1\"><b>Yeni gerekliliklere uygun bir antrepo se\u00e7in<\/b><span class=\"s1\">cezalardan ve kesinti s\u00fcrelerinden ka\u00e7\u0131nmak i\u00e7in.<\/span><\/p><\/li><li><p class=\"p1\"><b>Elektronik nakliyeci kayd\u0131 ve elektronik sevk irsaliyelerinin ba\u015flat\u0131lmas\u0131 i\u00e7in haz\u0131rl\u0131k yap\u0131lmas\u0131<\/b><span class=\"s1\"> &#8211; \u0130\u00e7 s\u00fcre\u00e7lerinizi \u015fimdi ayarlay\u0131n.<\/span><\/p><\/li><li><p class=\"p1\"><span class=\"s1\"><b>S\u00f6zle\u015fmelerin ve prosed\u00fcrlerin g\u00fcncellenmesi<\/b><\/span>yeni cezalar\u0131 ve idari riskleri dikkate almal\u0131d\u0131r.<\/p><\/li><li><p class=\"p1\"><span class=\"s1\"><b>Lojistik programlar\u0131n\u0131n a\u00e7\u0131klanmas\u0131n\u0131 s\u0131n\u0131rland\u0131r\u0131n<\/b><\/span>\u00f6zellikle de yapt\u0131r\u0131m kontroll\u00fc mallarla ilgili olanlar &#8211; bu bir i\u015f g\u00fcvenli\u011fi meselesidir.<\/p><\/li><li><p class=\"p1\"><span class=\"s1\"><b>Mevzuat de\u011fi\u015fikliklerini takip edin<\/b><\/span>Zorlu bir ortamda bile sorunsuz bir \u015fekilde \u00e7al\u0131\u015fmak i\u00e7in.<\/p><\/li><\/ul><p class=\"p3\">\u00a0<\/p>\t\t\t\t\t\t\t\t<\/div>\n\t\t\t\t\t<\/div>\n\t\t\t\t<\/div>\n\t\t<div class=\"elementor-element elementor-element-fec8e28 e-flex e-con-boxed e-con e-parent\" data-id=\"fec8e28\" data-element_type=\"container\" data-e-type=\"container\">\n\t\t\t\t\t<div class=\"e-con-inner\">\n\t\t\t\t<div class=\"elementor-element elementor-element-d86366d elementor-widget elementor-widget-spacer\" data-id=\"d86366d\" data-element_type=\"widget\" data-e-type=\"widget\" data-widget_type=\"spacer.default\">\n\t\t\t\t\t\t\t<div class=\"elementor-spacer\">\n\t\t\t<div class=\"elementor-spacer-inner\"><\/div>\n\t\t<\/div>\n\t\t\t\t\t\t<\/div>\n\t\t\t\t\t<\/div>\n\t\t\t\t<\/div>\n\t\t\t\t<\/div>\n\t\t","protected":false},"excerpt":{"rendered":"<p>\u00a0T\u00fcrkiye \u00a0 \u00a0 \u00a01) Uluslararas\u0131 y\u00fck ta\u015f\u0131mac\u0131l\u0131\u011f\u0131n\u0131n denetimine ili\u015fkin yeni d\u00fczenleme, Ekim 2025\u2019ten beri y\u00fcr\u00fcrl\u00fckte T\u00fcrkiye, uluslararas\u0131 transit karayolu ta\u015f\u0131mac\u0131l\u0131\u011f\u0131 \u00fczerindeki denetimi s\u0131k\u0131la\u015ft\u0131rd\u0131: Yabanc\u0131 plakal\u0131 kamyonlar\u0131n T\u00fcrkiye topraklar\u0131nda kabotaj yapmas\u0131 yasakt\u0131r. Cezalar art\u0131r\u0131lm\u0131\u015f ve yapt\u0131r\u0131mlar sertle\u015ftirilmi\u015ftir. Kontroller yaln\u0131zca s\u0131n\u0131r kap\u0131lar\u0131nda de\u011fil, i\u00e7 hat g\u00fczergahlar\u0131nda da yap\u0131lmaktad\u0131r. Yabanc\u0131 ta\u015f\u0131mac\u0131lar\u0131n izin\/lisans belgelerinin as\u0131llar\u0131n\u0131 veya do\u011frulanabilir elektronik versiyonlar\u0131n\u0131 [&hellip;]<\/p>\n","protected":false},"author":1,"featured_media":0,"parent":0,"menu_order":0,"comment_status":"closed","ping_status":"closed","template":"","meta":{"footnotes":""},"class_list":["post-3758","page","type-page","status-publish","hentry"],"_links":{"self":[{"href":"https:\/\/betainvest.ee\/tr\/wp-json\/wp\/v2\/pages\/3758","targetHints":{"allow":["GET"]}}],"collection":[{"href":"https:\/\/betainvest.ee\/tr\/wp-json\/wp\/v2\/pages"}],"about":[{"href":"https:\/\/betainvest.ee\/tr\/wp-json\/wp\/v2\/types\/page"}],"author":[{"embeddable":true,"href":"https:\/\/betainvest.ee\/tr\/wp-json\/wp\/v2\/users\/1"}],"replies":[{"embeddable":true,"href":"https:\/\/betainvest.ee\/tr\/wp-json\/wp\/v2\/comments?post=3758"}],"version-history":[{"count":10,"href":"https:\/\/betainvest.ee\/tr\/wp-json\/wp\/v2\/pages\/3758\/revisions"}],"predecessor-version":[{"id":7095,"href":"https:\/\/betainvest.ee\/tr\/wp-json\/wp\/v2\/pages\/3758\/revisions\/7095"}],"wp:attachment":[{"href":"https:\/\/betainvest.ee\/tr\/wp-json\/wp\/v2\/media?parent=3758"}],"curies":[{"name":"wp","href":"https:\/\/api.w.org\/{rel}","templated":true}]}}