{"id":3770,"date":"2025-08-04T06:22:53","date_gmt":"2025-08-04T06:22:53","guid":{"rendered":"https:\/\/betainvest.ee\/yakit-kartlari-seyahat-hizmetleri\/"},"modified":"2025-11-03T13:13:25","modified_gmt":"2025-11-03T13:13:25","slug":"yakit-kartlari-seyahat-hizmetleri","status":"publish","type":"page","link":"https:\/\/betainvest.ee\/tr\/yakit-kartlari-seyahat-hizmetleri\/","title":{"rendered":"Yak\u0131t Kartlar\u0131\/Seyahat Hizmetleri"},"content":{"rendered":"\t\t<div data-elementor-type=\"wp-page\" data-elementor-id=\"3770\" class=\"elementor elementor-3770 elementor-37\" data-elementor-post-type=\"page\">\n\t\t\t\t<div class=\"elementor-element elementor-element-a961383 e-flex e-con-boxed e-con e-parent\" data-id=\"a961383\" data-element_type=\"container\" data-e-type=\"container\">\n\t\t\t\t\t<div class=\"e-con-inner\">\n\t\t\t\t<div class=\"elementor-element elementor-element-063115e elementor-widget elementor-widget-heading\" data-id=\"063115e\" data-element_type=\"widget\" data-e-type=\"widget\" data-widget_type=\"heading.default\">\n\t\t\t\t\t<h2 class=\"elementor-heading-title elementor-size-default\">M\u00fc\u015fterilerimize vadeli \u00f6deme se\u00e7ene\u011fi sunulmamaktad\u0131r.\n<\/h2>\t\t\t\t<\/div>\n\t\t\t\t\t<\/div>\n\t\t\t\t<\/div>\n\t\t<div class=\"elementor-element elementor-element-0a6785b e-flex e-con-boxed e-con e-parent\" data-id=\"0a6785b\" data-element_type=\"container\" data-e-type=\"container\">\n\t\t\t\t\t<div class=\"e-con-inner\">\n\t\t\t\t<div class=\"elementor-element elementor-element-b03cdfe elementor-widget elementor-widget-text-editor\" data-id=\"b03cdfe\" data-element_type=\"widget\" data-e-type=\"widget\" data-widget_type=\"text-editor.default\">\n\t\t\t\t\t\t\t\t\t<h3 data-start=\"317\" data-end=\"358\">Maksimum kazan\u00e7 i\u00e7in en uygun ko\u015fullar.<\/h3><p class=\"p1\"><span class=\"s1\"><b>\u00d6deme:<\/b><\/span> Ayn\u0131 g\u00fcn saat 12:00\u2019ye kadar, T\u00fcrk Liras\u0131 cinsinden, BetaInvest \u015firketinin hesab\u0131na.<\/p><p class=\"p1\"><span class=\"s1\"><b>Yans\u0131tma:<\/b><\/span> Ayn\u0131 g\u00fcn i\u00e7inde, T\u00fcrkiye Merkez Bankas\u0131 d\u00f6viz kuru \u00fczerinden, ruble olarak hesab\u0131n\u0131za.<\/p><p class=\"p3\"><b>\u0130ndirimler:<\/b><\/p><ul><li><p class=\"p1\">Rusya\u2019daki Lukoil ve Teboil akaryak\u0131t istasyonlar\u0131nda ayl\u0131k 15 tona kadar dolumlarda <span class=\"s1\"><b>%2\u2019ye kadar indirim<\/b><\/span><\/p><\/li><li><p class=\"p1\">15 tonun \u00fczerindeki ayl\u0131k dolumlarda <span class=\"s1\"><b>%2\u20133 aras\u0131 indirim<\/b><\/span><\/p><\/li><li><p class=\"p1\">30 tonun \u00fczerindeki ayl\u0131k dolumlarda <span class=\"s1\"><b>%3\u20135 aras\u0131 indirim<\/b><\/span><\/p><\/li><li><p class=\"p1\">60 tonun \u00fczerindeki ayl\u0131k dolumlarda <span class=\"s1\"><b>%5\u20136 aras\u0131 indirim<\/b><\/span><\/p><\/li><li><p class=\"p1\">120 tonun \u00fczerindeki ayl\u0131k dolumlarda <span class=\"s1\"><b>%6\u20137 aras\u0131 indirim<\/b><\/span><\/p><\/li><li><p class=\"p1\">Rusya\u2019daki Lukoil ve Teboil istasyonlar\u0131ndaki t\u00fcm hizmetlerde <span class=\"s1\"><b>%4\u20136 aras\u0131 indirim<\/b><\/span><\/p><\/li><\/ul><p>\u00a0<\/p>\t\t\t\t\t\t\t\t<\/div>\n\t\t\t\t\t<\/div>\n\t\t\t\t<\/div>\n\t\t<div class=\"elementor-element elementor-element-3d5ec0b e-flex e-con-boxed e-con e-parent\" data-id=\"3d5ec0b\" data-element_type=\"container\" data-e-type=\"container\">\n\t\t\t\t\t<div class=\"e-con-inner\">\n\t\t\t\t<div class=\"elementor-element elementor-element-c744c80 elementor-widget elementor-widget-image\" data-id=\"c744c80\" data-element_type=\"widget\" data-e-type=\"widget\" data-widget_type=\"image.default\">\n\t\t\t\t\t\t\t\t\t\t\t\t\t\t\t<img fetchpriority=\"high\" decoding=\"async\" width=\"350\" height=\"236\" src=\"https:\/\/betainvest.ee\/wp-content\/uploads\/2025\/08\/69abf7c930811a7f2f04cf58616265be.png\" class=\"attachment-large size-large wp-image-779\" alt=\"\" srcset=\"https:\/\/betainvest.ee\/wp-content\/uploads\/2025\/08\/69abf7c930811a7f2f04cf58616265be.png 350w, https:\/\/betainvest.ee\/wp-content\/uploads\/2025\/08\/69abf7c930811a7f2f04cf58616265be-300x202.png 300w\" sizes=\"(max-width: 350px) 100vw, 350px\" \/>\t\t\t\t\t\t\t\t\t\t\t\t\t\t\t<\/div>\n\t\t\t\t\t<\/div>\n\t\t\t\t<\/div>\n\t\t<div class=\"elementor-element elementor-element-f18b5c6 e-flex e-con-boxed e-con e-parent\" data-id=\"f18b5c6\" data-element_type=\"container\" data-e-type=\"container\">\n\t\t\t\t\t<div class=\"e-con-inner\">\n\t\t\t\t<div class=\"elementor-element elementor-element-3b184b1 elementor-widget elementor-widget-heading\" data-id=\"3b184b1\" data-element_type=\"widget\" data-e-type=\"widget\" data-widget_type=\"heading.default\">\n\t\t\t\t\t<h2 class=\"elementor-heading-title elementor-size-default\">D\u00fczenli m\u00fc\u015fterilerimiz i\u00e7in \u00f6zel ko\u015fullar.<\/h2>\t\t\t\t<\/div>\n\t\t\t\t\t<\/div>\n\t\t\t\t<\/div>\n\t\t<div class=\"elementor-element elementor-element-c82ac47 e-flex e-con-boxed e-con e-parent\" data-id=\"c82ac47\" data-element_type=\"container\" data-e-type=\"container\">\n\t\t\t\t\t<div class=\"e-con-inner\">\n\t\t\t\t<div class=\"elementor-element elementor-element-11b2c9c elementor-widget elementor-widget-text-editor\" data-id=\"11b2c9c\" data-element_type=\"widget\" data-e-type=\"widget\" data-widget_type=\"text-editor.default\">\n\t\t\t\t\t\t\t\t\t<p class=\"p1\"><span style=\"text-decoration: underline;\"><b>Her m\u00fc\u015fterimize \u00f6zel, esnek i\u015fbirli\u011fi ko\u015fullar\u0131 sunuyoruz.<\/b><\/span><\/p><p class=\"p1\"><strong>Azerbaycan<\/strong> ve <strong>Belarus<\/strong> Cumhuriyeti\u2019nde yap\u0131lacak yak\u0131t al\u0131mlar\u0131 i\u00e7in \u00f6demeler T\u00fcrkiye\u2019de, T\u00fcrk Liras\u0131 cinsinden yap\u0131l\u0131r ve yak\u0131t fiyat\u0131na g\u00f6re komisyon uygulan\u0131r.<\/p>\t\t\t\t\t\t\t\t<\/div>\n\t\t\t\t\t<\/div>\n\t\t\t\t<\/div>\n\t\t<div class=\"elementor-element elementor-element-d077940 e-flex e-con-boxed e-con e-parent\" data-id=\"d077940\" data-element_type=\"container\" data-e-type=\"container\">\n\t\t\t\t\t<div class=\"e-con-inner\">\n\t\t\t\t<div class=\"elementor-element elementor-element-97ed0e9 elementor-widget elementor-widget-spacer\" data-id=\"97ed0e9\" data-element_type=\"widget\" data-e-type=\"widget\" data-widget_type=\"spacer.default\">\n\t\t\t\t\t\t\t<div class=\"elementor-spacer\">\n\t\t\t<div class=\"elementor-spacer-inner\"><\/div>\n\t\t<\/div>\n\t\t\t\t\t\t<\/div>\n\t\t\t\t\t<\/div>\n\t\t\t\t<\/div>\n\t\t\t\t<\/div>\n\t\t","protected":false},"excerpt":{"rendered":"<p>M\u00fc\u015fterilerimize vadeli \u00f6deme se\u00e7ene\u011fi sunulmamaktad\u0131r. Maksimum kazan\u00e7 i\u00e7in en uygun ko\u015fullar. \u00d6deme: Ayn\u0131 g\u00fcn saat 12:00\u2019ye kadar, T\u00fcrk Liras\u0131 cinsinden, BetaInvest \u015firketinin hesab\u0131na. Yans\u0131tma: Ayn\u0131 g\u00fcn i\u00e7inde, T\u00fcrkiye Merkez Bankas\u0131 d\u00f6viz kuru \u00fczerinden, ruble olarak hesab\u0131n\u0131za. \u0130ndirimler: Rusya\u2019daki Lukoil ve Teboil akaryak\u0131t istasyonlar\u0131nda ayl\u0131k 15 tona kadar dolumlarda %2\u2019ye kadar indirim 15 tonun \u00fczerindeki ayl\u0131k [&hellip;]<\/p>\n","protected":false},"author":1,"featured_media":0,"parent":0,"menu_order":0,"comment_status":"closed","ping_status":"closed","template":"","meta":{"footnotes":""},"class_list":["post-3770","page","type-page","status-publish","hentry"],"_links":{"self":[{"href":"https:\/\/betainvest.ee\/tr\/wp-json\/wp\/v2\/pages\/3770","targetHints":{"allow":["GET"]}}],"collection":[{"href":"https:\/\/betainvest.ee\/tr\/wp-json\/wp\/v2\/pages"}],"about":[{"href":"https:\/\/betainvest.ee\/tr\/wp-json\/wp\/v2\/types\/page"}],"author":[{"embeddable":true,"href":"https:\/\/betainvest.ee\/tr\/wp-json\/wp\/v2\/users\/1"}],"replies":[{"embeddable":true,"href":"https:\/\/betainvest.ee\/tr\/wp-json\/wp\/v2\/comments?post=3770"}],"version-history":[{"count":7,"href":"https:\/\/betainvest.ee\/tr\/wp-json\/wp\/v2\/pages\/3770\/revisions"}],"predecessor-version":[{"id":5599,"href":"https:\/\/betainvest.ee\/tr\/wp-json\/wp\/v2\/pages\/3770\/revisions\/5599"}],"wp:attachment":[{"href":"https:\/\/betainvest.ee\/tr\/wp-json\/wp\/v2\/media?parent=3770"}],"curies":[{"name":"wp","href":"https:\/\/api.w.org\/{rel}","templated":true}]}}