{"id":3794,"date":"2025-08-04T06:22:53","date_gmt":"2025-08-04T06:22:53","guid":{"rendered":"https:\/\/betainvest.ee\/dis-ticaret-projeler\/"},"modified":"2026-04-04T13:36:24","modified_gmt":"2026-04-04T13:36:24","slug":"dis-ticaret-projeler","status":"publish","type":"page","link":"https:\/\/betainvest.ee\/tr\/dis-ticaret-projeler\/","title":{"rendered":"D\u0131\u015f Ticaret\/Projeler"},"content":{"rendered":"\t\t<div data-elementor-type=\"wp-page\" data-elementor-id=\"3794\" class=\"elementor elementor-3794 elementor-40\" data-elementor-post-type=\"page\">\n\t\t\t\t<div class=\"elementor-element elementor-element-1f810e9 e-flex e-con-boxed e-con e-parent\" data-id=\"1f810e9\" data-element_type=\"container\" data-e-type=\"container\">\n\t\t\t\t\t<div class=\"e-con-inner\">\n\t\t\t\t<div class=\"elementor-element elementor-element-be45b48 elementor-widget elementor-widget-image\" data-id=\"be45b48\" data-element_type=\"widget\" data-e-type=\"widget\" data-widget_type=\"image.default\">\n\t\t\t\t\t\t\t\t\t\t\t\t\t\t\t<img fetchpriority=\"high\" decoding=\"async\" width=\"768\" height=\"555\" src=\"https:\/\/betainvest.ee\/wp-content\/uploads\/2026\/03\/XXL_height-768x555.webp\" class=\"attachment-medium_large size-medium_large wp-image-6471\" alt=\"\" srcset=\"https:\/\/betainvest.ee\/wp-content\/uploads\/2026\/03\/XXL_height-768x555.webp 768w, https:\/\/betainvest.ee\/wp-content\/uploads\/2026\/03\/XXL_height-300x217.webp 300w, https:\/\/betainvest.ee\/wp-content\/uploads\/2026\/03\/XXL_height.webp 1024w\" sizes=\"(max-width: 768px) 100vw, 768px\" \/>\t\t\t\t\t\t\t\t\t\t\t\t\t\t\t<\/div>\n\t\t\t\t\t<\/div>\n\t\t\t\t<\/div>\n\t\t<div class=\"elementor-element elementor-element-f8be2ca e-flex e-con-boxed e-con e-parent\" data-id=\"f8be2ca\" data-element_type=\"container\" data-e-type=\"container\">\n\t\t\t\t\t<div class=\"e-con-inner\">\n\t\t\t\t<div class=\"elementor-element elementor-element-3bf0025 elementor-widget elementor-widget-heading\" data-id=\"3bf0025\" data-element_type=\"widget\" data-e-type=\"widget\" data-widget_type=\"heading.default\">\n\t\t\t\t\t<h2 class=\"elementor-heading-title elementor-size-default\">D\u0131\u015f ticaret i\u015flemleri<\/h2>\t\t\t\t<\/div>\n\t\t\t\t\t<\/div>\n\t\t\t\t<\/div>\n\t\t<div class=\"elementor-element elementor-element-a5d0d44 e-flex e-con-boxed e-con e-parent\" data-id=\"a5d0d44\" data-element_type=\"container\" data-e-type=\"container\">\n\t\t\t\t\t<div class=\"e-con-inner\">\n\t\t\t\t<div class=\"elementor-element elementor-element-e00b40d elementor-widget elementor-widget-text-editor\" data-id=\"e00b40d\" data-element_type=\"widget\" data-e-type=\"widget\" data-widget_type=\"text-editor.default\">\n\t\t\t\t\t\t\t\t\t<p class=\"p1\">\u00a0 \u00a0 \u00a0G\u00fcn\u00fcm\u00fcz d\u00fcnyas\u0131nda i\u015fletmeler yeni zorluklarla kar\u015f\u0131 kar\u015f\u0131ya kal\u0131yor. Kapal\u0131 s\u0131n\u0131rlar, k\u0131s\u0131tlamalar, ambargolar, \u00f6deme zorluklar\u0131, para transferleri, belirli \u00fcr\u00fcnlerin ta\u015f\u0131nmas\u0131 ve sat\u0131\u015f\u0131yla ilgili yasaklar veya s\u0131n\u0131rlamalar. Bir\u00e7ok \u015firket ekipman, hammadde, malzeme veya yar\u0131 mamul sat\u0131n almak istiyor, ancak bunu do\u011frudan yapman\u0131n m\u00fcmk\u00fcn olmamas\u0131yla kar\u015f\u0131la\u015f\u0131yor.<\/p><p class=\"p1\" style=\"text-align: center;\"><strong>Biz \u00e7\u00f6z\u00fcm sunuyoruz ve m\u00fc\u015fterilerimizin \u00e7\u0131karlar\u0131 do\u011frultusunda d\u0131\u015f ticaret i\u015flemlerinin organizasyonunu \u00fcstleniyoruz.<\/strong><\/p><h2 style=\"text-align: center;\">Ne yap\u0131yoruz<\/h2><ul><li class=\"p4\"><b>D\u0131\u015f ticaret \u00e7\u00f6z\u00fcmleri geli\u015ftiriyoruz &#8211;<\/b>M\u00fc\u015fteriyle birlikte, t\u00fcm k\u0131s\u0131tlamalar\u0131 ve imk\u00e2nlar\u0131 dikkate alarak tedarik projesini planl\u0131yoruz.<\/li><li class=\"p4\"><b>Tedarik\u00e7i buluyoruz &#8211; <\/b>Farkl\u0131 \u00fclkelerde ekipman, hammadde, yar\u0131 mamul ve haz\u0131r malzeme tedariki sa\u011fl\u0131yoruz.<\/li><li class=\"p4\"><b>Ta\u015f\u0131may\u0131 organize ediyoruz &#8211; <\/b>En uygun g\u00fczerg\u00e2hlar\u0131 belirliyor, ta\u015f\u0131ma t\u00fcrlerini birle\u015ftiriyoruz: karayolu, demiryolu, denizyolu ve havayolu.<\/li><li class=\"p4\"><b>\u00d6deme s\u00fcre\u00e7lerini sa\u011fl\u0131yoruz &#8211; <\/b>M\u00fc\u015fterinin k\u0131s\u0131tlamalar\u0131 oldu\u011fu durumlarda \u00f6deme s\u00fcre\u00e7lerine yard\u0131mc\u0131 oluyor ve finansal i\u015flemleri ger\u00e7ekle\u015ftiriyoruz.<\/li><li class=\"p4\"><b>Belgeleri haz\u0131rl\u0131yoruz &#8211; <\/b>D\u0131\u015f ticaret s\u00f6zle\u015fmeleri, faturalar, sertifikalar haz\u0131rl\u0131yor ve g\u00fcmr\u00fck i\u015flemlerini takip ediyoruz.<\/li><li class=\"p4\"><b>Sorumluluk al\u0131yoruz &#8211; <\/b>Teslimat\u0131n ve \u00f6demelerin g\u00fcvencesi olarak s\u00fcreci \u00fcstleniyoruz.<\/li><\/ul><h2 style=\"text-align: center;\">Kimin i\u00e7in uygundur<\/h2><ul><li class=\"p4\" style=\"text-align: left;\"><b>Do\u011frudan sat\u0131n alma yapamayan \u015firketler i\u00e7in &#8211; <\/b>Ekipman veya malzeme sat\u0131n almak isteyen ancak bunu do\u011frudan ger\u00e7ekle\u015ftiremeyen firmalar i\u00e7in.<\/li><li class=\"p4\" style=\"text-align: left;\"><b>T\u00fcrkiye, Rusya ve di\u011fer \u00fclkelerden al\u0131c\u0131lar i\u00e7in &#8211; <\/b>D\u0131\u015f ticarette g\u00fcvenilir bir arac\u0131 arayan al\u0131c\u0131lar i\u00e7in.<\/li><li class=\"p4\" style=\"text-align: left;\"><b>Yeni pazarlara a\u00e7\u0131lmak isteyen \u00fcreticiler i\u00e7in &#8211; <\/b>Ancak \u00e7e\u015fitli engellerle kar\u015f\u0131la\u015fan \u00fcreticiler i\u00e7in.<\/li><\/ul><h2 style=\"text-align: center;\">Betainvest ile \u00e7al\u0131\u015fman\u0131n avantajlar\u0131<\/h2><ul><li class=\"p4\" style=\"text-align: left;\"><b>Yasal \u00e7\u00f6z\u00fcmler &#8211; <\/b>Projeleri uluslararas\u0131 kurallar ve gereklilikleri dikkate alarak geli\u015ftiriyoruz.<\/li><li class=\"p4\" style=\"text-align: left;\"><b>\u015eeffafl\u0131k &#8211; <\/b>M\u00fc\u015fteri t\u00fcm belgeleri ve raporlar\u0131 al\u0131r.<\/li><li class=\"p4\" style=\"text-align: left;\"><b>Esneklik &#8211; <\/b>K\u0131s\u0131tlamalar alt\u0131nda bile en uygun yollar\u0131 ve \u00e7\u00f6z\u00fcmleri buluyoruz.<\/li><li class=\"p4\" style=\"text-align: left;\"><b>G\u00fcvenilirlik &#8211; <\/b>\u00dcr\u00fcn\u00fcn bulunmas\u0131ndan var\u0131\u015f noktas\u0131na teslimine kadar t\u00fcm s\u00fcreci takip ediyoruz.<\/li><\/ul><h2 style=\"text-align: center;\">Sonu\u00e7<\/h2><p style=\"text-align: left;\"><strong>\u00a0 \u00a0 \u00a0Betainvest &#8211; <\/strong>yeni ger\u00e7eklikler alt\u0131nda g\u00fcvenilir i\u015f orta\u011f\u0131n\u0131zd\u0131r. S\u0131n\u0131rlar\u0131n kapal\u0131 oldu\u011fu ve kurallar\u0131n de\u011fi\u015fti\u011fi durumlarda \u00e7\u00f6z\u00fcm bulmay\u0131 biliyoruz.<\/p><p class=\"p1\" style=\"padding-left: 40px;\">D\u0131\u015f ticaret projelerimiz, m\u00fc\u015fterilerimizin ekipman, hammadde, malzeme ve yar\u0131 mamul tedarik etmesine, bunlar\u0131 zaman\u0131nda ve garantili \u015fekilde teslim almas\u0131na yard\u0131mc\u0131 olur.<\/p><p class=\"p4\" style=\"text-align: center;\"><b>Bug\u00fcn bizimle ileti\u015fime ge\u00e7in, i\u015fletmeniz i\u00e7in size \u00f6zel bir \u00e7\u00f6z\u00fcm geli\u015ftirelim.<\/b><\/p>\t\t\t\t\t\t\t\t<\/div>\n\t\t\t\t\t<\/div>\n\t\t\t\t<\/div>\n\t\t<div class=\"elementor-element elementor-element-9b783c6 e-flex e-con-boxed e-con e-parent\" data-id=\"9b783c6\" data-element_type=\"container\" data-e-type=\"container\">\n\t\t\t\t\t<div class=\"e-con-inner\">\n\t\t\t\t<div class=\"elementor-element elementor-element-8ae6558 elementor-button-info elementor-align-center elementor-invisible elementor-widget elementor-widget-button\" data-id=\"8ae6558\" data-element_type=\"widget\" data-e-type=\"widget\" data-settings=\"{&quot;_animation&quot;:&quot;fadeInDown&quot;}\" data-widget_type=\"button.default\">\n\t\t\t\t\t\t\t\t\t\t<a class=\"elementor-button elementor-button-link elementor-size-sm\" href=\"https:\/\/betainvest.ee\/tr\/iletisim\/\">\n\t\t\t\t\t\t<span class=\"elementor-button-content-wrapper\">\n\t\t\t\t\t\t\t\t\t<span class=\"elementor-button-text\">Hemen ba\u015fvurun<\/span>\n\t\t\t\t\t<\/span>\n\t\t\t\t\t<\/a>\n\t\t\t\t\t\t\t\t<\/div>\n\t\t\t\t\t<\/div>\n\t\t\t\t<\/div>\n\t\t<div class=\"elementor-element elementor-element-269bf80 e-flex e-con-boxed e-con e-parent\" data-id=\"269bf80\" data-element_type=\"container\" data-e-type=\"container\">\n\t\t\t\t\t<div class=\"e-con-inner\">\n\t\t\t\t<div class=\"elementor-element elementor-element-e215f3f elementor-widget elementor-widget-image\" data-id=\"e215f3f\" data-element_type=\"widget\" data-e-type=\"widget\" data-widget_type=\"image.default\">\n\t\t\t\t\t\t\t\t\t\t\t\t\t\t\t<img decoding=\"async\" width=\"768\" height=\"461\" src=\"https:\/\/betainvest.ee\/wp-content\/uploads\/2026\/03\/article-2188271-0B3C8E9F00000578-260_1024x615_large-768x461.jpg\" class=\"attachment-medium_large size-medium_large wp-image-6490\" alt=\"\" srcset=\"https:\/\/betainvest.ee\/wp-content\/uploads\/2026\/03\/article-2188271-0B3C8E9F00000578-260_1024x615_large-768x461.jpg 768w, https:\/\/betainvest.ee\/wp-content\/uploads\/2026\/03\/article-2188271-0B3C8E9F00000578-260_1024x615_large-300x180.jpg 300w, https:\/\/betainvest.ee\/wp-content\/uploads\/2026\/03\/article-2188271-0B3C8E9F00000578-260_1024x615_large.jpg 1024w\" sizes=\"(max-width: 768px) 100vw, 768px\" \/>\t\t\t\t\t\t\t\t\t\t\t\t\t\t\t<\/div>\n\t\t\t\t\t<\/div>\n\t\t\t\t<\/div>\n\t\t<div class=\"elementor-element elementor-element-c2a8492 e-flex e-con-boxed e-con e-parent\" data-id=\"c2a8492\" data-element_type=\"container\" data-e-type=\"container\">\n\t\t\t\t\t<div class=\"e-con-inner\">\n\t\t\t\t<div class=\"elementor-element elementor-element-d8efd69 elementor-widget elementor-widget-spacer\" data-id=\"d8efd69\" data-element_type=\"widget\" data-e-type=\"widget\" data-widget_type=\"spacer.default\">\n\t\t\t\t\t\t\t<div class=\"elementor-spacer\">\n\t\t\t<div class=\"elementor-spacer-inner\"><\/div>\n\t\t<\/div>\n\t\t\t\t\t\t<\/div>\n\t\t\t\t\t<\/div>\n\t\t\t\t<\/div>\n\t\t\t\t<\/div>\n\t\t","protected":false},"excerpt":{"rendered":"<p>D\u0131\u015f ticaret i\u015flemleri \u00a0 \u00a0 \u00a0G\u00fcn\u00fcm\u00fcz d\u00fcnyas\u0131nda i\u015fletmeler yeni zorluklarla kar\u015f\u0131 kar\u015f\u0131ya kal\u0131yor. Kapal\u0131 s\u0131n\u0131rlar, k\u0131s\u0131tlamalar, ambargolar, \u00f6deme zorluklar\u0131, para transferleri, belirli \u00fcr\u00fcnlerin ta\u015f\u0131nmas\u0131 ve sat\u0131\u015f\u0131yla ilgili yasaklar veya s\u0131n\u0131rlamalar. Bir\u00e7ok \u015firket ekipman, hammadde, malzeme veya yar\u0131 mamul sat\u0131n almak istiyor, ancak bunu do\u011frudan yapman\u0131n m\u00fcmk\u00fcn olmamas\u0131yla kar\u015f\u0131la\u015f\u0131yor. Biz \u00e7\u00f6z\u00fcm sunuyoruz ve m\u00fc\u015fterilerimizin \u00e7\u0131karlar\u0131 do\u011frultusunda [&hellip;]<\/p>\n","protected":false},"author":1,"featured_media":0,"parent":0,"menu_order":0,"comment_status":"closed","ping_status":"closed","template":"","meta":{"footnotes":""},"class_list":["post-3794","page","type-page","status-publish","hentry"],"_links":{"self":[{"href":"https:\/\/betainvest.ee\/tr\/wp-json\/wp\/v2\/pages\/3794","targetHints":{"allow":["GET"]}}],"collection":[{"href":"https:\/\/betainvest.ee\/tr\/wp-json\/wp\/v2\/pages"}],"about":[{"href":"https:\/\/betainvest.ee\/tr\/wp-json\/wp\/v2\/types\/page"}],"author":[{"embeddable":true,"href":"https:\/\/betainvest.ee\/tr\/wp-json\/wp\/v2\/users\/1"}],"replies":[{"embeddable":true,"href":"https:\/\/betainvest.ee\/tr\/wp-json\/wp\/v2\/comments?post=3794"}],"version-history":[{"count":10,"href":"https:\/\/betainvest.ee\/tr\/wp-json\/wp\/v2\/pages\/3794\/revisions"}],"predecessor-version":[{"id":7248,"href":"https:\/\/betainvest.ee\/tr\/wp-json\/wp\/v2\/pages\/3794\/revisions\/7248"}],"wp:attachment":[{"href":"https:\/\/betainvest.ee\/tr\/wp-json\/wp\/v2\/media?parent=3794"}],"curies":[{"name":"wp","href":"https:\/\/api.w.org\/{rel}","templated":true}]}}