{"id":3816,"date":"2025-08-04T06:22:53","date_gmt":"2025-08-04T06:22:53","guid":{"rendered":"https:\/\/betainvest.ee\/muhendislik-projeleri-yatirimlar\/"},"modified":"2026-04-07T15:03:39","modified_gmt":"2026-04-07T15:03:39","slug":"muhendislik-projeleri-yatirimlar","status":"publish","type":"page","link":"https:\/\/betainvest.ee\/tr\/muhendislik-projeleri-yatirimlar\/","title":{"rendered":"M\u00fchendislik projeleri \/ Yat\u0131r\u0131mlar"},"content":{"rendered":"\t\t<div data-elementor-type=\"wp-page\" data-elementor-id=\"3816\" class=\"elementor elementor-3816 elementor-41\" data-elementor-post-type=\"page\">\n\t\t\t\t<div class=\"elementor-element elementor-element-ebf5af8 e-flex e-con-boxed e-con e-parent\" data-id=\"ebf5af8\" data-element_type=\"container\" data-e-type=\"container\">\n\t\t\t\t\t<div class=\"e-con-inner\">\n\t\t\t\t<div class=\"elementor-element elementor-element-a407cfa elementor-widget elementor-widget-image\" data-id=\"a407cfa\" data-element_type=\"widget\" data-e-type=\"widget\" data-widget_type=\"image.default\">\n\t\t\t\t\t\t\t\t\t\t\t\t\t\t\t<img fetchpriority=\"high\" decoding=\"async\" width=\"768\" height=\"384\" src=\"https:\/\/betainvest.ee\/wp-content\/uploads\/2025\/08\/\u0418\u043d\u0436\u0435\u043d\u0435\u0440\u0438\u043d\u0433-768x384.png\" class=\"attachment-medium_large size-medium_large wp-image-660\" alt=\"\" srcset=\"https:\/\/betainvest.ee\/wp-content\/uploads\/2025\/08\/\u0418\u043d\u0436\u0435\u043d\u0435\u0440\u0438\u043d\u0433-768x384.png 768w, https:\/\/betainvest.ee\/wp-content\/uploads\/2025\/08\/\u0418\u043d\u0436\u0435\u043d\u0435\u0440\u0438\u043d\u0433-300x150.png 300w, https:\/\/betainvest.ee\/wp-content\/uploads\/2025\/08\/\u0418\u043d\u0436\u0435\u043d\u0435\u0440\u0438\u043d\u0433-1024x512.png 1024w, https:\/\/betainvest.ee\/wp-content\/uploads\/2025\/08\/\u0418\u043d\u0436\u0435\u043d\u0435\u0440\u0438\u043d\u0433-1536x768.png 1536w, https:\/\/betainvest.ee\/wp-content\/uploads\/2025\/08\/\u0418\u043d\u0436\u0435\u043d\u0435\u0440\u0438\u043d\u0433-2048x1024.png 2048w\" sizes=\"(max-width: 768px) 100vw, 768px\" \/>\t\t\t\t\t\t\t\t\t\t\t\t\t\t\t<\/div>\n\t\t\t\t\t<\/div>\n\t\t\t\t<\/div>\n\t\t<div class=\"elementor-element elementor-element-91e64cf e-flex e-con-boxed e-con e-parent\" data-id=\"91e64cf\" data-element_type=\"container\" data-e-type=\"container\">\n\t\t\t\t\t<div class=\"e-con-inner\">\n\t\t\t\t<div class=\"elementor-element elementor-element-6298729 elementor-widget elementor-widget-heading\" data-id=\"6298729\" data-element_type=\"widget\" data-e-type=\"widget\" data-widget_type=\"heading.default\">\n\t\t\t\t\t<h2 class=\"elementor-heading-title elementor-size-default\">BetaInvest ile m\u00fchendislik ve yat\u0131r\u0131m<\/h2>\t\t\t\t<\/div>\n\t\t\t\t\t<\/div>\n\t\t\t\t<\/div>\n\t\t<div class=\"elementor-element elementor-element-8afe1a6 e-flex e-con-boxed e-con e-parent\" data-id=\"8afe1a6\" data-element_type=\"container\" data-e-type=\"container\">\n\t\t\t\t\t<div class=\"e-con-inner\">\n\t\t\t\t<div class=\"elementor-element elementor-element-627c3ed elementor-widget elementor-widget-text-editor\" data-id=\"627c3ed\" data-element_type=\"widget\" data-e-type=\"widget\" data-widget_type=\"text-editor.default\">\n\t\t\t\t\t\t\t\t\t<p class=\"p3\">\u00a0 \u00a0 \u00a0Yenilik\u00e7i \u00e7\u00f6z\u00fcmler ve yetkin yat\u0131r\u0131mlar olmadan modern i\u015f d\u00fcnyas\u0131n\u0131 hayal etmek imkans\u0131zd\u0131r.<\/p><p class=\"p3\">\u015eirket <span class=\"s2\"><b>Betainvest<\/b><\/span> m\u00fchendislik ve yat\u0131r\u0131m projelerini faaliyetlerinin temel alanlar\u0131ndan biri olarak g\u00f6rmektedir. Bug\u00fcn i\u015fe yarayan ve yar\u0131n sonu\u00e7 verecek projeler yaratmak i\u00e7in deneyim, teknoloji ve sermayeyi bir araya getiriyoruz.<\/p><h2>\u00a0<\/h2><h2 style=\"text-align: center;\">M\u00fchendislik projeleri<\/h2><p class=\"p3\"><span class=\"s2\"><b>Betainvest\u2019ten M\u00fchendislik<\/b><\/span> \u2013 teknik ve altyap\u0131 \u00e7\u00f6z\u00fcmlerinin tasar\u0131m\u0131, uygulanmas\u0131 ve desteklenmesine y\u00f6nelik bir dizi hizmettir.<\/p><p class=\"p3\">Biz teklif ediyoruz:<\/p><ul><li><p class=\"p1\"><span class=\"s1\">GEL\u0130\u015e\u0130M <\/span><b>loji\u0307sti\u0307k ve \u00fcreti\u0307m projeleri\u0307<\/b><span class=\"s1\">;<\/span><\/p><\/li><li><p class=\"p1\">depo kompleksleri ve terminallerin tasar\u0131m\u0131 ve modernizasyonu;<\/p><\/li><li><p class=\"p1\">Ta\u015f\u0131ma ve depolama s\u00fcre\u00e7lerini optimize etmek i\u00e7in modern teknolojilerin kullan\u0131lmas\u0131;<\/p><\/li><li><p class=\"p1\">teknik denetim ve dan\u0131\u015fmanl\u0131k.<\/p><\/li><\/ul><p class=\"p3\">Profesyonel m\u00fchendisler ve y\u00fcklenicilerle olan ortakl\u0131\u011f\u0131m\u0131z sayesinde, planlamadan i\u015fletmeye almaya kadar her t\u00fcrl\u00fc karma\u015f\u0131kl\u0131ktaki projenin ger\u00e7ekle\u015ftirilmesini sa\u011fl\u0131yoruz.<\/p><h2>\u00a0<\/h2><h2 style=\"text-align: center;\">Yat\u0131r\u0131m projeleri<\/h2><p class=\"p3\">\u015eirket <span class=\"s2\"><b>Betainvest<\/b><\/span> aktif olarak y\u00f6n geli\u015ftirir <span class=\"s2\"><b>yat\u0131r\u0131mlar<\/b><\/span> ve m\u00fc\u015fterilerine sunmaktad\u0131r:<\/p><ul><li><p class=\"p1\">gelecek vaat eden yat\u0131r\u0131m alanlar\u0131n\u0131n se\u00e7imi ve analizi;<\/p><\/li><li><p class=\"p1\">i\u015f planlar\u0131n\u0131n ve finansal modellerin geli\u015ftirilmesi;<\/p><\/li><li><p class=\"p1\">Ortaklar\u0131 ve ortak yat\u0131r\u0131mc\u0131lar\u0131 \u00e7ekmek;<\/p><\/li><li><p class=\"p1\">Yasal ve finansal destek de dahil olmak \u00fczere t\u00fcm a\u015famalarda proje deste\u011fi.<\/p><\/li><\/ul><p class=\"p3\">Yat\u0131r\u0131mlar\u0131 sadece sermaye harcamas\u0131 olarak de\u011fil, ayn\u0131 zamanda i\u015f geli\u015ftirme, pazarlar\u0131 geni\u015fletme ve m\u00fc\u015fterilerimiz i\u00e7in yeni f\u0131rsatlar yaratma arac\u0131 olarak g\u00f6r\u00fcyoruz.<\/p><h2>\u00a0<\/h2><h2 style=\"text-align: center;\">Kimin i\u00e7in ge\u00e7erli oldu\u011fu<\/h2><ul><li><p class=\"p1\"><span class=\"s1\"><b>End\u00fcstriyel \u015firketler<\/b><\/span>Verimlili\u011fi art\u0131rmak i\u00e7in yeni m\u00fchendislik \u00e7\u00f6z\u00fcmlerine ihtiya\u00e7 duyan.<\/p><\/li><li><p class=\"p1\"><span class=\"s1\"><b>Lojistik \u015firketleri<\/b><\/span>depolar ve ula\u015f\u0131m merkezleri in\u015fa etmek veya modernize etmekle ilgileniyor.<\/p><\/li><li><p class=\"p1\"><span class=\"s1\"><b>Yat\u0131r\u0131mc\u0131lar<\/b><\/span>g\u00fcvenilir ve k\u00e2rl\u0131 projeler ar\u0131yor.<\/p><\/li><li><p class=\"p1\"><span class=\"s1\"><b>Uluslararas\u0131 ortaklar<\/b><\/span>Rusya ve Avrasya pazar\u0131na g\u00fcvenilir bir operat\u00f6r arac\u0131l\u0131\u011f\u0131yla eri\u015fim ihtiyac\u0131 duyanlar.<\/p><\/li><li>\u00a0<\/li><\/ul><h2 style=\"text-align: center;\">Betainvest ile \u00e7al\u0131\u015fman\u0131n faydalar\u0131<\/h2><ul><li><p class=\"p1\"><span class=\"s1\"><b>Kapsaml\u0131 yakla\u015f\u0131m<\/b><\/span> \u2013 fikir ve konseptten uygulama ve deste\u011fe kadar.<\/p><\/li><li><p class=\"p1\"><span class=\"s1\"><b>G\u00fcvenilir ortaklar<\/b><\/span> \u2013 Sadece g\u00fcvenilir m\u00fchendisler, m\u00fcteahhitler ve yat\u0131r\u0131mc\u0131larla \u00e7al\u0131\u015f\u0131yoruz.<\/p><\/li><li><p class=\"p1\"><span class=\"s1\"><b>\u015eeffafl\u0131k ve kontrol<\/b><\/span> \u2013 T\u00fcm a\u015famalar belgelenir ve m\u00fc\u015fteri tam hesap verebilirlik al\u0131r.<\/p><\/li><li><p class=\"p1\"><span class=\"s1\"><b>Kalk\u0131nmaya ilgi<\/b><\/span> \u2013 yeni fikirlere ve ortak projelere a\u00e7\u0131\u011f\u0131z.<\/p><\/li><\/ul><p>\u00a0<\/p><h2 style=\"text-align: center;\"><b><img decoding=\"async\" class=\"emoji\" role=\"img\" draggable=\"false\" src=\"https:\/\/s.w.org\/images\/core\/emoji\/17.0.2\/svg\/1f91d.svg\" alt=\"\ud83e\udd1d\" \/><\/b>Sonu\u00e7<\/h2><p class=\"p3\"><span class=\"s2\"><b>Betainvest<\/b><\/span> \u2013 gelece\u011fe bakan bir \u015firkettir. M\u00fchendislik uzmanl\u0131\u011f\u0131 ve yat\u0131r\u0131m potansiyelinin birle\u015fiminin i\u015f d\u00fcnyas\u0131 i\u00e7in yeni ufuklar a\u00e7t\u0131\u011f\u0131na inan\u0131yoruz.<\/p><p class=\"p3\" style=\"text-align: center;\"><img decoding=\"async\" class=\"emoji\" role=\"img\" draggable=\"false\" src=\"https:\/\/s.w.org\/images\/core\/emoji\/17.0.2\/svg\/1f449.svg\" alt=\"\ud83d\udc49\" \/> <strong>M\u00fchendislik veya yat\u0131r\u0131m deste\u011fi gerektiren bir projeniz varsa, ileti\u015fime ge\u00e7in <span class=\"s2\">Betainvest<\/span>. Fikrinizi hayata ge\u00e7irmenize ve ba\u015far\u0131l\u0131 bir \u015fekilde ger\u00e7ekle\u015fmesini sa\u011flaman\u0131za yard\u0131mc\u0131 olaca\u011f\u0131z.<\/strong><\/p>\t\t\t\t\t\t\t\t<\/div>\n\t\t\t\t\t<\/div>\n\t\t\t\t<\/div>\n\t\t<div class=\"elementor-element elementor-element-7116bd0 e-flex e-con-boxed e-con e-parent\" data-id=\"7116bd0\" data-element_type=\"container\" data-e-type=\"container\">\n\t\t\t\t\t<div class=\"e-con-inner\">\n\t\t\t\t<div class=\"elementor-element elementor-element-df73ede elementor-button-info elementor-align-center elementor-invisible elementor-widget elementor-widget-button\" data-id=\"df73ede\" data-element_type=\"widget\" data-e-type=\"widget\" data-settings=\"{&quot;_animation&quot;:&quot;fadeInDown&quot;}\" data-widget_type=\"button.default\">\n\t\t\t\t\t\t\t\t\t\t<a class=\"elementor-button elementor-button-link elementor-size-sm\" href=\"https:\/\/betainvest.ee\/ru\/\u043a\u043e\u043d\u0442\u0430\u043a\u0442\u044b\/\">\n\t\t\t\t\t\t<span class=\"elementor-button-content-wrapper\">\n\t\t\t\t\t\t\t\t\t<span class=\"elementor-button-text\">Hemen Ba\u015fvurun<\/span>\n\t\t\t\t\t<\/span>\n\t\t\t\t\t<\/a>\n\t\t\t\t\t\t\t\t<\/div>\n\t\t\t\t\t<\/div>\n\t\t\t\t<\/div>\n\t\t<div class=\"elementor-element elementor-element-7e05d6a e-flex e-con-boxed e-con e-parent\" data-id=\"7e05d6a\" data-element_type=\"container\" data-e-type=\"container\">\n\t\t\t\t\t<div class=\"e-con-inner\">\n\t\t\t\t<div class=\"elementor-element elementor-element-b932b7a elementor-widget elementor-widget-image\" data-id=\"b932b7a\" data-element_type=\"widget\" data-e-type=\"widget\" data-widget_type=\"image.default\">\n\t\t\t\t\t\t\t\t\t\t\t\t\t\t\t<img decoding=\"async\" width=\"768\" height=\"512\" src=\"https:\/\/betainvest.ee\/wp-content\/uploads\/2026\/04\/100_istanbul-9-1555_1-\u2014-\u043a\u043e\u043f\u0438\u044f-768x512.jpeg\" class=\"attachment-medium_large size-medium_large wp-image-7258\" alt=\"\" srcset=\"https:\/\/betainvest.ee\/wp-content\/uploads\/2026\/04\/100_istanbul-9-1555_1-\u2014-\u043a\u043e\u043f\u0438\u044f-768x512.jpeg 768w, https:\/\/betainvest.ee\/wp-content\/uploads\/2026\/04\/100_istanbul-9-1555_1-\u2014-\u043a\u043e\u043f\u0438\u044f-300x200.jpeg 300w, https:\/\/betainvest.ee\/wp-content\/uploads\/2026\/04\/100_istanbul-9-1555_1-\u2014-\u043a\u043e\u043f\u0438\u044f-1024x683.jpeg 1024w, https:\/\/betainvest.ee\/wp-content\/uploads\/2026\/04\/100_istanbul-9-1555_1-\u2014-\u043a\u043e\u043f\u0438\u044f-1536x1024.jpeg 1536w, https:\/\/betainvest.ee\/wp-content\/uploads\/2026\/04\/100_istanbul-9-1555_1-\u2014-\u043a\u043e\u043f\u0438\u044f.jpeg 1600w\" sizes=\"(max-width: 768px) 100vw, 768px\" \/>\t\t\t\t\t\t\t\t\t\t\t\t\t\t\t<\/div>\n\t\t\t\t\t<\/div>\n\t\t\t\t<\/div>\n\t\t<div class=\"elementor-element elementor-element-36fe67e e-flex e-con-boxed e-con e-parent\" data-id=\"36fe67e\" data-element_type=\"container\" data-e-type=\"container\">\n\t\t\t\t\t<div class=\"e-con-inner\">\n\t\t\t\t<div class=\"elementor-element elementor-element-c4dfdcc elementor-widget elementor-widget-spacer\" data-id=\"c4dfdcc\" data-element_type=\"widget\" data-e-type=\"widget\" data-widget_type=\"spacer.default\">\n\t\t\t\t\t\t\t<div class=\"elementor-spacer\">\n\t\t\t<div class=\"elementor-spacer-inner\"><\/div>\n\t\t<\/div>\n\t\t\t\t\t\t<\/div>\n\t\t\t\t\t<\/div>\n\t\t\t\t<\/div>\n\t\t\t\t<\/div>\n\t\t","protected":false},"excerpt":{"rendered":"<p>BetaInvest ile m\u00fchendislik ve yat\u0131r\u0131m \u00a0 \u00a0 \u00a0Yenilik\u00e7i \u00e7\u00f6z\u00fcmler ve yetkin yat\u0131r\u0131mlar olmadan modern i\u015f d\u00fcnyas\u0131n\u0131 hayal etmek imkans\u0131zd\u0131r. \u015eirket Betainvest m\u00fchendislik ve yat\u0131r\u0131m projelerini faaliyetlerinin temel alanlar\u0131ndan biri olarak g\u00f6rmektedir. Bug\u00fcn i\u015fe yarayan ve yar\u0131n sonu\u00e7 verecek projeler yaratmak i\u00e7in deneyim, teknoloji ve sermayeyi bir araya getiriyoruz. \u00a0 M\u00fchendislik projeleri Betainvest\u2019ten M\u00fchendislik \u2013 teknik [&hellip;]<\/p>\n","protected":false},"author":1,"featured_media":0,"parent":0,"menu_order":0,"comment_status":"closed","ping_status":"closed","template":"","meta":{"footnotes":""},"class_list":["post-3816","page","type-page","status-publish","hentry"],"_links":{"self":[{"href":"https:\/\/betainvest.ee\/tr\/wp-json\/wp\/v2\/pages\/3816","targetHints":{"allow":["GET"]}}],"collection":[{"href":"https:\/\/betainvest.ee\/tr\/wp-json\/wp\/v2\/pages"}],"about":[{"href":"https:\/\/betainvest.ee\/tr\/wp-json\/wp\/v2\/types\/page"}],"author":[{"embeddable":true,"href":"https:\/\/betainvest.ee\/tr\/wp-json\/wp\/v2\/users\/1"}],"replies":[{"embeddable":true,"href":"https:\/\/betainvest.ee\/tr\/wp-json\/wp\/v2\/comments?post=3816"}],"version-history":[{"count":7,"href":"https:\/\/betainvest.ee\/tr\/wp-json\/wp\/v2\/pages\/3816\/revisions"}],"predecessor-version":[{"id":7641,"href":"https:\/\/betainvest.ee\/tr\/wp-json\/wp\/v2\/pages\/3816\/revisions\/7641"}],"wp:attachment":[{"href":"https:\/\/betainvest.ee\/tr\/wp-json\/wp\/v2\/media?parent=3816"}],"curies":[{"name":"wp","href":"https:\/\/api.w.org\/{rel}","templated":true}]}}