{"id":3899,"date":"2025-08-04T06:22:53","date_gmt":"2025-08-04T06:22:53","guid":{"rendered":"https:\/\/betainvest.ee\/anlasmalar-ve-kosullar\/"},"modified":"2026-03-23T17:08:26","modified_gmt":"2026-03-23T17:08:26","slug":"anlasmalar-ve-kosullar","status":"publish","type":"page","link":"https:\/\/betainvest.ee\/tr\/anlasmalar-ve-kosullar\/","title":{"rendered":"Anla\u015fmalar ve ko\u015fullar"},"content":{"rendered":"\t\t<div data-elementor-type=\"wp-page\" data-elementor-id=\"3899\" class=\"elementor elementor-3899 elementor-51\" data-elementor-post-type=\"page\">\n\t\t\t\t<div class=\"elementor-element elementor-element-21c44e6 e-flex e-con-boxed e-con e-parent\" data-id=\"21c44e6\" data-element_type=\"container\" data-e-type=\"container\">\n\t\t\t\t\t<div class=\"e-con-inner\">\n\t\t\t\t<div class=\"elementor-element elementor-element-49698db elementor-widget elementor-widget-image\" data-id=\"49698db\" data-element_type=\"widget\" data-e-type=\"widget\" data-widget_type=\"image.default\">\n\t\t\t\t\t\t\t\t\t\t\t\t\t\t\t<img fetchpriority=\"high\" decoding=\"async\" width=\"768\" height=\"512\" src=\"https:\/\/betainvest.ee\/wp-content\/uploads\/2026\/01\/\u0421\u043e\u0433\u043b\u0430\u0448\u0435\u043d\u0438\u044f-\u0438-\u0443\u0441\u043b\u043e\u0432\u0438\u044f-768x512.png\" class=\"attachment-medium_large size-medium_large wp-image-5968\" alt=\"\" srcset=\"https:\/\/betainvest.ee\/wp-content\/uploads\/2026\/01\/\u0421\u043e\u0433\u043b\u0430\u0448\u0435\u043d\u0438\u044f-\u0438-\u0443\u0441\u043b\u043e\u0432\u0438\u044f-768x512.png 768w, https:\/\/betainvest.ee\/wp-content\/uploads\/2026\/01\/\u0421\u043e\u0433\u043b\u0430\u0448\u0435\u043d\u0438\u044f-\u0438-\u0443\u0441\u043b\u043e\u0432\u0438\u044f-300x200.png 300w, https:\/\/betainvest.ee\/wp-content\/uploads\/2026\/01\/\u0421\u043e\u0433\u043b\u0430\u0448\u0435\u043d\u0438\u044f-\u0438-\u0443\u0441\u043b\u043e\u0432\u0438\u044f-1024x683.png 1024w, https:\/\/betainvest.ee\/wp-content\/uploads\/2026\/01\/\u0421\u043e\u0433\u043b\u0430\u0448\u0435\u043d\u0438\u044f-\u0438-\u0443\u0441\u043b\u043e\u0432\u0438\u044f.png 1536w\" sizes=\"(max-width: 768px) 100vw, 768px\" \/>\t\t\t\t\t\t\t\t\t\t\t\t\t\t\t<\/div>\n\t\t\t\t\t<\/div>\n\t\t\t\t<\/div>\n\t\t<div class=\"elementor-element elementor-element-e37c3f1 e-flex e-con-boxed e-con e-parent\" data-id=\"e37c3f1\" data-element_type=\"container\" data-e-type=\"container\">\n\t\t\t\t\t<div class=\"e-con-inner\">\n\t\t\t\t<div class=\"elementor-element elementor-element-8ef7977 elementor-widget elementor-widget-text-editor\" data-id=\"8ef7977\" data-element_type=\"widget\" data-e-type=\"widget\" data-widget_type=\"text-editor.default\">\n\t\t\t\t\t\t\t\t\t<p class=\"p1\" style=\"text-align: right;\">\u00a0 \u00a0 \u00a0 \u00a0 \u00a0 \u00a0 \u00a0 \u00a0 \u00a0 \u00a0 \u00a0 \u00a0 \u00a0 \u00a0 \u00a0 \u00a0 \u00a0 \u00a0 \u00a0 \u00a0 \u00a0 \u00a0 \u00a0 \u00a0 \u00a0 \u00a0 \u00a0 \u00a0 \u00a0 \u00a0 \u00a0 \u00a0 \u00a0 \u00a0 \u00a0 \u00a0 \u00a0 \u00a0 \u00a0 \u00a0 \u00a0 \u00a0 \u00a0 \u00a0 \u00a0 \u00a0 \u00a0 \u00a0 \u00a0 \u00a0 \u00a0 \u00a0 \u00a0 \u00a0 \u00a0 \u00a0 \u00a0 \u00a0 \u00a0 \u00a0 \u00a0 \u00a0 \u00a0 \u00a0 \u00a0 \u00a0 \u00a0 \u00a0 \u00a0 Son g\u00fcncelleme: [23.03.2026]<\/p><p class=\"p3\">\u00a0 \u00a0 \u00a0Betainvest.ee sitesine ho\u015f geldiniz. \u0130\u015fbu S\u00f6zle\u015fme ve Ko\u015fullar, bu internet sitesinin ve sunulan hizmetlerin kullan\u0131m\u0131n\u0131 d\u00fczenlemektedir. Siteyi kullanarak, bu ko\u015fullar\u0131 kabul etti\u011finizi beyan etmi\u015f olursunuz.<\/p><h4 style=\"text-align: center;\">1. Genel H\u00fck\u00fcmler<\/h4><p class=\"p3\"><span class=\"s2\">1.1.<\/span> Web sitesinin sahibi a\u015fa\u011f\u0131daki adreste kay\u0131tl\u0131 olan <span class=\"s2\">Betainvest<\/span> \u015firketidir:<\/p><p class=\"p3\">34710 Kaferaga Mah. General As\u0131m G\u00fcnd\u00fcz Cad. Bahariye Plaza Kat No:62, Daire No:5, Kad\u0131k\u00f6y, \u0130stanbul.<\/p><p class=\"p3\"><span class=\"s2\">1.2.<\/span> \u0130\u015fbu S\u00f6zle\u015fme, web sitesinin kullan\u0131m kurallar\u0131n\u0131 ve \u015firket taraf\u0131ndan sunulan hizmetleri belirler.<\/p><p class=\"p3\"><span class=\"s2\">1.3.<\/span> Ko\u015fullar tek tarafl\u0131 olarak de\u011fi\u015ftirilebilir. G\u00fcncel versiyon her zaman web sitesinde yay\u0131mlan\u0131r.<\/p><h4 style=\"text-align: center;\">2. \u015eirketin Hizmetleri<\/h4><p class=\"p3\"><span class=\"s2\">2.1.<\/span> Betainvest, lojistik, uluslararas\u0131 ticaret ve ta\u015f\u0131mac\u0131l\u0131k \u00e7\u00f6z\u00fcmleri alanlar\u0131nda hizmet vermektedir.<\/p><p class=\"p3\"><span class=\"s2\">2.2.<\/span> Hizmetlerin sunulmas\u0131na ili\u015fkin \u00f6zel \u015fartlar, bireysel s\u00f6zle\u015fmeler ve ticari teklifler ile belirlenir.<\/p><h4 style=\"text-align: center;\">3. Taraflar\u0131n Hak ve Y\u00fck\u00fcml\u00fcl\u00fckleri<\/h4><p class=\"p3\"><span class=\"s2\">3.1.<\/span> M\u00fc\u015fteri, hizmet talebinde bulunurken do\u011fru ve g\u00fcncel bilgi vermeyi taahh\u00fct eder.<\/p><p class=\"p3\"><span class=\"s2\">3.2.<\/span> \u015eirket, m\u00fccbir sebepler hari\u00e7 olmak \u00fczere, hizmetleri kaliteli \u015fekilde ve kararla\u015ft\u0131r\u0131lan s\u00fcreler i\u00e7inde sunmay\u0131 taahh\u00fct eder.<\/p><p class=\"p3\"><span class=\"s2\">3.3.<\/span> Web sitesinin, T\u00fcrkiye Cumhuriyeti mevzuat\u0131n\u0131, Avrupa Birli\u011fi d\u00fczenlemelerini veya uluslararas\u0131 normlar\u0131 ihlal eden faaliyetler i\u00e7in kullan\u0131lmas\u0131 yasakt\u0131r.<\/p><h4 style=\"text-align: center;\">4. Fiyatlar ve \u00d6deme<\/h4><p class=\"p3\"><span class=\"s2\">4.1.<\/span> Hizmet bedelleri kararla\u015ft\u0131r\u0131lan para biriminde \u00f6denir (<span class=\"s2\">USD, EUR, TRY, RUB, CNY<\/span>).<\/p><p class=\"p3\"><span class=\"s2\">4.2.<\/span> Betainvest, m\u00fc\u015fterilere \u00f6nceden bildirimde bulunmak kayd\u0131yla fiyat tarifelerini de\u011fi\u015ftirme hakk\u0131n\u0131 sakl\u0131 tutar.<\/p><p class=\"p3\"><span class=\"s2\">4.3.<\/span> Pe\u015fin \u00f6deme veya vadeli \u00f6deme ko\u015fullar\u0131, bireysel s\u00f6zle\u015fmelerde ayr\u0131ca d\u00fczenlenir.<\/p><h4 style=\"text-align: center;\">5. Gizlilik ve Veri Koruma<\/h4><p class=\"p3\"><span class=\"s2\">5.1.<\/span> \u015eirket, ki\u015fisel verilerin korunmas\u0131na ili\u015fkin mevzuata (<span class=\"s2\">GDPR<\/span> ve <span class=\"s2\">KVKK<\/span> dahil) uyar.<\/p><p class=\"p3\"><span class=\"s2\">5.2.<\/span> M\u00fc\u015fterilere ait ki\u015fisel veriler yaln\u0131zca hizmet sunumu amac\u0131yla kullan\u0131l\u0131r ve yasal bir dayanak bulunmad\u0131k\u00e7a \u00fc\u00e7\u00fcnc\u00fc ki\u015filere aktar\u0131lmaz.<\/p><h4 style=\"text-align: center;\">6. Sorumlulu\u011fun S\u0131n\u0131rland\u0131r\u0131lmas\u0131<\/h4><p class=\"p3\"><span class=\"s2\">6.1.<\/span> Betainvest, \u00fc\u00e7\u00fcnc\u00fc taraflar\u0131n eylemlerinden veya i\u015flemlerinden (<span class=\"s2\">g\u00fcmr\u00fck idareleri, ta\u015f\u0131y\u0131c\u0131lar, denetleyici kurumlar<\/span>) kaynaklanan gecikmelerden veya zararlardan sorumlu de\u011fildir.<\/p><p class=\"p3\"><span class=\"s2\">6.2.<\/span> \u015eirket, web sitesinin kesintisiz \u00e7al\u0131\u015faca\u011f\u0131n\u0131 garanti etmez ve olas\u0131 teknik aksakl\u0131klardan sorumlu tutulamaz.<\/p><p class=\"p3\"><span class=\"s2\">6.3.<\/span> Web sitesinde yer alan t\u00fcm materyaller yaln\u0131zca bilgilendirme ama\u00e7l\u0131d\u0131r ve kamuya y\u00f6nelik ba\u011flay\u0131c\u0131 teklif niteli\u011fi ta\u015f\u0131maz.<\/p><h4 style=\"text-align: center;\">7. M\u00fccbir Sebep<\/h4><p class=\"p3\">\u015eirket; do\u011fal afetler, sava\u015f, yapt\u0131r\u0131mlar, grevler, ta\u015f\u0131ma altyap\u0131s\u0131ndaki aksakl\u0131klar ve benzeri m\u00fccbir sebepler nedeniyle y\u00fck\u00fcml\u00fcl\u00fcklerini yerine getirememesi halinde sorumluluktan muaft\u0131r.<\/p><h4 style=\"text-align: center;\">8. Uyu\u015fmazl\u0131klar\u0131n \u00c7\u00f6z\u00fcm\u00fc<\/h4><p class=\"p3\"><span class=\"s2\">8.1.<\/span> T\u00fcm uyu\u015fmazl\u0131k ve anla\u015fmazl\u0131klar \u00f6ncelikle m\u00fczakere yoluyla \u00e7\u00f6z\u00fclmeye \u00e7al\u0131\u015f\u0131l\u0131r.<\/p><p class=\"p3\"><span class=\"s2\">8.2.<\/span> Taraflar\u0131n anla\u015famamas\u0131 halinde uyu\u015fmazl\u0131k, \u015firketin kay\u0131tl\u0131 bulundu\u011fu yerdeki yetkili mahkemeye ta\u015f\u0131n\u0131r.<\/p><p class=\"p3\"><span class=\"s2\">8.3.<\/span> Uygulanacak hukuk, T\u00fcrkiye Cumhuriyeti hukukudur.<\/p><h4 style=\"text-align: center;\">9. Ko\u015fullarda De\u011fi\u015fiklikler<\/h4><p class=\"p3\">Betainvest, i\u015fbu S\u00f6zle\u015fme\u2019yi g\u00fcncelleme hakk\u0131n\u0131 sakl\u0131 tutar. Son g\u00fcncelleme tarihi belgenin ba\u015f\u0131nda belirtilir.<\/p><h4 style=\"text-align: center;\">10. \u0130leti\u015fim<\/h4><p class=\"p3\">Web sitesinin kullan\u0131m\u0131 ve \u015firket hizmetleri ile ilgili sorular\u0131n\u0131z i\u00e7in bizimle ileti\u015fime ge\u00e7ebilirsiniz:<\/p><p class=\"p3\">\ud83d\udce7 <span class=\"s2\">Email:<\/span> info@betainvest.ee<\/p><p class=\"p3\">\ud83d\udcde <span class=\"s2\">Telefonlar:<\/span> +90 5431692452, +90 2166297557<\/p><p class=\"p3\">\ud83d\udccd <span class=\"s2\">Adres:<\/span> 34710 Kaferaga Mah. General As\u0131m G\u00fcnd\u00fcz Cad. Bahariye Plaza Kat No:62, Daire No:5, Kad\u0131k\u00f6y, \u0130stanbul, T\u00fcrkiye.<\/p><p class=\"p4\">\u00a0<\/p>\t\t\t\t\t\t\t\t<\/div>\n\t\t\t\t\t<\/div>\n\t\t\t\t<\/div>\n\t\t<div class=\"elementor-element elementor-element-ad31a8d e-flex e-con-boxed e-con e-parent\" data-id=\"ad31a8d\" data-element_type=\"container\" data-e-type=\"container\">\n\t\t\t\t\t<div class=\"e-con-inner\">\n\t\t\t\t<div class=\"elementor-element elementor-element-1349bd0 elementor-widget elementor-widget-spacer\" data-id=\"1349bd0\" data-element_type=\"widget\" data-e-type=\"widget\" data-widget_type=\"spacer.default\">\n\t\t\t\t\t\t\t<div class=\"elementor-spacer\">\n\t\t\t<div class=\"elementor-spacer-inner\"><\/div>\n\t\t<\/div>\n\t\t\t\t\t\t<\/div>\n\t\t\t\t\t<\/div>\n\t\t\t\t<\/div>\n\t\t\t\t<\/div>\n\t\t","protected":false},"excerpt":{"rendered":"<p>\u00a0 \u00a0 \u00a0 \u00a0 \u00a0 \u00a0 \u00a0 \u00a0 \u00a0 \u00a0 \u00a0 \u00a0 \u00a0 \u00a0 \u00a0 \u00a0 \u00a0 \u00a0 \u00a0 \u00a0 \u00a0 \u00a0 \u00a0 \u00a0 \u00a0 \u00a0 \u00a0 \u00a0 \u00a0 \u00a0 \u00a0 \u00a0 \u00a0 \u00a0 \u00a0 \u00a0 \u00a0 \u00a0 \u00a0 \u00a0 \u00a0 \u00a0 \u00a0 \u00a0 \u00a0 \u00a0 \u00a0 \u00a0 \u00a0 \u00a0 \u00a0 \u00a0 \u00a0 \u00a0 \u00a0 [&hellip;]<\/p>\n","protected":false},"author":1,"featured_media":0,"parent":0,"menu_order":0,"comment_status":"closed","ping_status":"closed","template":"","meta":{"footnotes":""},"class_list":["post-3899","page","type-page","status-publish","hentry"],"_links":{"self":[{"href":"https:\/\/betainvest.ee\/tr\/wp-json\/wp\/v2\/pages\/3899","targetHints":{"allow":["GET"]}}],"collection":[{"href":"https:\/\/betainvest.ee\/tr\/wp-json\/wp\/v2\/pages"}],"about":[{"href":"https:\/\/betainvest.ee\/tr\/wp-json\/wp\/v2\/types\/page"}],"author":[{"embeddable":true,"href":"https:\/\/betainvest.ee\/tr\/wp-json\/wp\/v2\/users\/1"}],"replies":[{"embeddable":true,"href":"https:\/\/betainvest.ee\/tr\/wp-json\/wp\/v2\/comments?post=3899"}],"version-history":[{"count":7,"href":"https:\/\/betainvest.ee\/tr\/wp-json\/wp\/v2\/pages\/3899\/revisions"}],"predecessor-version":[{"id":7120,"href":"https:\/\/betainvest.ee\/tr\/wp-json\/wp\/v2\/pages\/3899\/revisions\/7120"}],"wp:attachment":[{"href":"https:\/\/betainvest.ee\/tr\/wp-json\/wp\/v2\/media?parent=3899"}],"curies":[{"name":"wp","href":"https:\/\/api.w.org\/{rel}","templated":true}]}}